{"id":972,"date":"2024-09-21T17:24:57","date_gmt":"2024-09-21T08:24:57","guid":{"rendered":"https:\/\/petair.jp\/?page_id=972"},"modified":"2025-11-19T12:07:04","modified_gmt":"2025-11-19T03:07:04","slug":"company","status":"publish","type":"page","link":"https:\/\/petair.jp\/pt\/company\/","title":{"rendered":"Trazendo o mundo para mais perto. A PetAir ajuda animais de estima\u00e7\u00e3o e fam\u00edlias a viajar de avi\u00e3o."},"content":{"rendered":"<style>\n        \/* \u25bc \u5168\u4f53\u306e\u57fa\u672c\u8a2d\u5b9a \u25bc *\/<br \/>        body {<br \/>            font-family: \"\u30d2\u30e9\u30ae\u30ce\u89d2\u30b4 ProN\", \"Hiragino Kaku Gothic ProN\", \"\u30e1\u30a4\u30ea\u30aa\", Meiryo, sans-serif;<br \/>            margin: 20px;<br \/>            line-height: 1.6;<br \/>            color: #333;<br \/>            background-color: #fafafa;<br \/>        }<br \/>        h1, h2, h3 {<br \/>            margin-bottom: 10px;<br \/>        }<br \/>        \/* \u25bc \u4f1a\u793e\u6982\u8981\u306e\u30c6\u30fc\u30d6\u30eb \u25bc *\/<br \/>        .company-info {<br \/>            width: 100%;<br \/>            border-collapse: collapse;<br \/>            margin: 20px 0;<br \/>            background-color: #fff;<br \/>            font-size: 14px;<br \/>        }<br \/>        .company-info th,<br \/>        .company-info td {<br \/>            padding: 15px;<br \/>            border: 1px solid #ddd;<br \/>            vertical-align: top;<br \/>        }<br \/>        .company-info th {<br \/>            width: 20%;<br \/>            background-color: #f9f9f9;<br \/>            font-weight: bold;<br \/>            white-space: nowrap;<br \/>        }<br \/>        .company-info ul {<br \/>            margin: 0;<br \/>            padding-left: 20px;<br \/>        }<br \/>        .company-info li {<br \/>            margin-bottom: 5px;<br \/>        }<br \/>        \/* \u30a4\u30f3\u30c9\u652f\u5e97\u60c5\u5831\u306e\u30b9\u30bf\u30a4\u30eb *\/<br \/>        .india-office {<br \/>            background-color: #f0f8ff;<br \/>            border-left: 4px solid #007bff;<br \/>            padding: 10px;<br \/>            margin: 10px 0;<br \/>        }<br \/>        .contact-links {<br \/>            margin-top: 10px;<br \/>        }<br \/>        .contact-links a {<br \/>            display: inline-block;<br \/>            margin-right: 15px;<br \/>            padding: 8px 16px;<br \/>            background-color: #007bff;<br \/>            color: white;<br \/>            text-decoration: none;<br \/>            border-radius: 4px;<br \/>            font-size: 13px;<br \/>        }<br \/>        .contact-links a:hover {<br \/>            background-color: #0056b3;<br \/>        }<br \/>        .whatsapp-link {<br \/>            background-color: #25d366 !important;<br \/>        }<br \/>        .whatsapp-link:hover {<br \/>            background-color: #1eb855 !important;<br \/>        }<br \/>        \/* \u25bc \u30bb\u30af\u30b7\u30e7\u30f3\u306e\u898b\u51fa\u3057\u3084\u30ec\u30a4\u30a2\u30a6\u30c8 \u25bc *\/<br \/>        .section {<br \/>            margin: 40px 0;<br \/>            padding: 20px;<br \/>            background-color: #fff;<br \/>            border-radius: 5px;<br \/>            border: 1px solid #ddd;<br \/>        }<br \/>        .section h2 {<br \/>            font-size: 1.2em;<br \/>            margin-bottom: 15px;<br \/>            border-left: 5px solid #007bff;<br \/>            padding-left: 10px;<br \/>            line-height: 1.4em;<br \/>        }<br \/>        .section p {<br \/>            margin-bottom: 10px;<br \/>        }<br \/>        .section ul {<br \/>            list-style: disc;<br \/>            margin-left: 20px;<br \/>        }<br \/>        \/* \u25bc \u5f37\u8abf\u8868\u793a \u25bc *\/<br \/>        .highlight {<br \/>            background-color: #ffffcc;<br \/>            padding: 2px 4px;<br \/>        }<br \/>        \/* \u25bc \u30ec\u30b9\u30dd\u30f3\u30b7\u30d6\u30c7\u30b6\u30a4\u30f3\uff08\u7c21\u6613\u5bfe\u5fdc\uff09 \u25bc *\/<br \/>        @media screen and (max-width: 600px) {<br \/>            body {<br \/>                margin: 10px;<br \/>            }<br \/>            .company-info th,<br \/>            .company-info td {<br \/>                display: block;<br \/>                width: 100%;<br \/>            }<br \/>            .company-info th {<br \/>                border-bottom: none;<br \/>            }<br \/>            .company-info td {<br \/>                border-top: none;<br \/>                padding-top: 0;<br \/>            }<br \/>            .company-info tr {<br \/>                margin-bottom: 15px;<br \/>            }<br \/>            .contact-links a {<br \/>                display: block;<br \/>                margin-bottom: 10px;<br \/>                text-align: center;<br \/>            }<br \/>        }<br \/>    <\/style>\n<div class=\"s_table\"><table class=\"company-info\">\n<tbody>\n<tr>\n<th>Nome da empresa<\/th>\n<td>PetAir Inc.<\/td>\n<\/tr>\n<tr>\n<th>Localiza\u00e7\u00e3o.<\/th>\n<td><strong>Sede social:<\/strong>2-45-2-3605 Minami Ikebukuro, Toshima-ku, T\u00f3quio 171-0022, Jap\u00e3o<\/p>\n<div class=\"india-office\"><strong>\ud83c\uddee\ud83c\uddf3 Filial da \u00cdndia (Goa)<\/strong><br \/>\nVidhyanagar Colony, Dabolim, Sancoale, Goa 403726, \u00cdndia<br \/>\n<small>*Fornece suporte ao transporte de animais de estima\u00e7\u00e3o de\/para a \u00cdndia, procedimentos de quarentena local em nome do animal e servi\u00e7os de suporte p\u00f3s-chegada.<\/small><\/div>\n<\/td>\n<\/tr>\n<tr>\n<th>Atividades comerciais<\/th>\n<td>\n<ul>\n<li>Servi\u00e7o de suporte ao transporte internacional de animais de estima\u00e7\u00e3o<\/li>\n<li>Informa\u00e7\u00f5es e assist\u00eancia na prepara\u00e7\u00e3o para os procedimentos de quarentena na partida e na entrada no pa\u00eds.<\/li>\n<li>Informa\u00e7\u00f5es e consultas sobre regulamentos de importa\u00e7\u00e3o e exporta\u00e7\u00e3o em v\u00e1rios pa\u00edses.<\/li>\n<li>Assist\u00eancia na prepara\u00e7\u00e3o e no apoio \u00e0 prepara\u00e7\u00e3o dos documentos necess\u00e1rios para a viagem<\/li>\n<li>Provid\u00eancias para microchipagem, vacina\u00e7\u00e3o, etc.<\/li>\n<li>Procedimentos de solicita\u00e7\u00e3o em nome da esta\u00e7\u00e3o de quarentena de animais.<\/li>\n<li>Agendamento e organiza\u00e7\u00e3o de inspe\u00e7\u00f5es de importa\u00e7\u00e3o\/exporta\u00e7\u00e3o<\/li>\n<li>Suporte de gerenciamento de seguran\u00e7a para transporte internacional.<\/li>\n<li>Suporte p\u00f3s-chegada em colabora\u00e7\u00e3o com agentes locais.<\/li>\n<li>Servi\u00e7os de aconselhamento antes da partida<\/li>\n<\/ul>\n<\/td>\n<\/tr>\n<tr>\n<th>representante<\/th>\n<td>Kohei Shingu<\/td>\n<\/tr>\n<tr>\n<th>N\u00famero de telefone<\/th>\n<td><span style=\"color: #0000ff;\"><a style=\"color: #0000ff;\" href=\"tel:0345005308\">03-4500-5308<\/a><\/span><\/td>\n<\/tr>\n<tr>\n<th>Principais clientes<\/th>\n<td>Banco SBI Sumishin Net, Banco GMO Aozora Net, ANA Cargo, SoVa<\/td>\n<\/tr>\n<\/tbody>\n<\/table><\/div>\n<p><!-- \u25c6 2. \u4f01\u696d\u7406\u5ff5\u3084\u5f37\u307f \u25c6 --><\/p>\n<div class=\"section\">\n<h2>Filosofia corporativa: criar jornadas felizes para animais de estima\u00e7\u00e3o e seus donos<\/h2>\n<p>A PetAir Inc. tem a miss\u00e3o de criar \"viagens confort\u00e1veis e seguras para animais de estima\u00e7\u00e3o e seus donos\",<br \/>\nPor meio de amplo conhecimento e experi\u00eancia em transporte internacional,<span class=\"highlight\">Aten\u00e7\u00e3o aos detalhes e suporte<\/span>oferece o seguinte.<br \/>\nA empresa tem uma equipe especializada em quarentena de animais, incluindo a prepara\u00e7\u00e3o de regulamentos e documenta\u00e7\u00e3o de importa\u00e7\u00e3o, que variam de pa\u00eds para pa\u00eds e de regi\u00e3o para regi\u00e3o,<br \/>\nAjudamos nossos clientes a facilitar os preparativos necess\u00e1rios para seus pr\u00f3prios processos judiciais.<\/p>\n<p>Utilizando o conhecimento adquirido com o apoio a v\u00e1rios animais de estima\u00e7\u00e3o e seus donos at\u00e9 o momento,<br \/>\nOferecemos o melhor plano para atender a todos os clientes que o solicitarem.<br \/>\nO estabelecimento da filial na \u00cdndia fortalece o sistema de suporte na regi\u00e3o do sul da \u00c1sia,<br data-start=\"1244\" data-end=\"1247\" \/>Agora \u00e9 poss\u00edvel obter uma resposta r\u00e1pida e confi\u00e1vel, incluindo orienta\u00e7\u00e3o e provid\u00eancias de reserva para quarentena local.<\/p>\n<\/div>\n<p><!-- \u25c6 3. \u4fe1\u983c\u3068\u5c02\u9580\u529b\u3092\u5f37\u5316\u3059\u308b\u53d6\u308a\u7d44\u307f\uff08\u8868\u73fe\u3092\u5909\u66f4\uff09\u25c6 --><\/p>\n<div class=\"section\">\n<h2>Iniciativas para aprimorar ainda mais nossa experi\u00eancia e credibilidade<\/h2>\n<ul>\n<li><strong>Atualiza\u00e7\u00e3o constante das informa\u00e7\u00f5es mais recentes:<\/strong><br \/>\nEle monitora constantemente as leis e regulamentos de quarentena e transporte de animais em cada pa\u00eds, fornecendo informa\u00e7\u00f5es precisas e suporte preparat\u00f3rio adequado.<\/li>\n<li><strong>Coopera\u00e7\u00e3o com especialistas em veterin\u00e1ria e carga a\u00e9rea:<\/strong><br \/>\nTemos um sistema para garantir que possamos tomar a melhor a\u00e7\u00e3o poss\u00edvel, mesmo em caso de emerg\u00eancia, com a opini\u00e3o de especialistas.<\/li>\n<li><strong>Gerenciamento de seguran\u00e7a:<\/strong><br \/>\nPara minimizar o estresse durante o transporte, s\u00e3o implementadas medidas de seguran\u00e7a completas, incluindo a sele\u00e7\u00e3o de caixas e verifica\u00e7\u00f5es de sa\u00fade.<\/li>\n<li><strong>Um sistema de suporte bem desenvolvido:<\/strong><br \/>\nAjudamos consistentemente com todo o suporte que pode ser fornecido dentro do escopo da legisla\u00e7\u00e3o, desde o aconselhamento antes da partida at\u00e9 o contato com agentes locais ap\u00f3s a chegada.<\/li>\n<li><strong>Suporte local por escrit\u00f3rios no exterior:<\/strong><br \/>\nA filial indiana oferece um servi\u00e7o de alta qualidade, incluindo resposta local r\u00e1pida e sensibilidade cultural.<\/li>\n<\/ul>\n<p>N\u00f3s somos,<strong>hist\u00f3rico<\/strong>e<strong>O que nossos clientes dizem.<\/strong>A empresa construiu um alto n\u00edvel de confiabilidade por meio de<br \/>\nContinuaremos a fortalecer ainda mais nossa experi\u00eancia e autoridade profissional e nos esfor\u00e7aremos para criar um ambiente em que os propriet\u00e1rios e seus animais de estima\u00e7\u00e3o possam viajar pelo mundo com seguran\u00e7a e conforto.<\/p>\n<\/div>\n<p><!-- \u25c6 4. \u304a\u554f\u3044\u5408\u308f\u305b\u5148 \u25c6 --><\/p>\n<div class=\"section\">\n<h2>consulta<\/h2>\n<p>Se tiver alguma preocupa\u00e7\u00e3o ou d\u00favida sobre viajar para o exterior com seu animal de estima\u00e7\u00e3o, n\u00e3o hesite em entrar em contato conosco.<br \/>\nUma equipe experiente fornece suporte atencioso e oferece as melhores solu\u00e7\u00f5es para a situa\u00e7\u00e3o individual de cada cliente.<\/p>\n<div class=\"contact-links\"><span style=\"color: #0000ff;\"><a style=\"color: #0000ff;\" href=\"https:\/\/page.line.me\/petairjpn?openQrModal=true\">Linha oficial.<\/a><\/span><br \/>\n<span style=\"color: #0000ff;\"><a class=\"whatsapp-link\" style=\"color: #0000ff;\" href=\"http:\/\/wa.me\/81345005308\">\ud83d\udcac WhatsApp.<\/a><\/span><\/div>\n<p style=\"margin-top: 20px;\"><strong>Localiza\u00e7\u00e3o da sede:<\/strong>2-45-2-3605 Minami Ikebukuro, Toshima-ku, T\u00f3quio 171-0022, Jap\u00e3o<br \/>\n<strong>Filial da \u00cdndia:<\/strong>Vidhyanagar Colony, Dabolim, Sancoale, Goa 403726, \u00cdndia<\/p>\n<\/div>","protected":false},"excerpt":{"rendered":"\u4f1a\u793e\u540d \u682a\u5f0f\u4f1a\u793ePetAir \u6240\u5728\u5730 \u672c\u793e\uff1a\u3012171-0022 \u6771\u4eac\u90fd\u8c4a\u5cf6\u533a\u5357\u6c60\u888b 2-45-2-3605 &#x1f1ee;&#x1f1f3; \u30a4\u30f3\u30c9\u652f\u5e97\uff08\u30b4\u30a2\u5dde\uff09 Vidhyanagar Colony, Daboli [&hellip;]","protected":false},"author":3,"featured_media":0,"parent":0,"menu_order":0,"comment_status":"closed","ping_status":"closed","template":"","meta":{"om_disable_all_campaigns":false,"_monsterinsights_skip_tracking":false,"_monsterinsights_sitenote_active":false,"_monsterinsights_sitenote_note":"","_monsterinsights_sitenote_category":0,"_uf_show_specific_survey":0,"_uf_disable_surveys":false,"footnotes":""},"class_list":["post-972","page","type-page","status-publish","hentry"],"aioseo_notices":[],"_links":{"self":[{"href":"https:\/\/petair.jp\/pt\/wp-json\/wp\/v2\/pages\/972","targetHints":{"allow":["GET"]}}],"collection":[{"href":"https:\/\/petair.jp\/pt\/wp-json\/wp\/v2\/pages"}],"about":[{"href":"https:\/\/petair.jp\/pt\/wp-json\/wp\/v2\/types\/page"}],"author":[{"embeddable":true,"href":"https:\/\/petair.jp\/pt\/wp-json\/wp\/v2\/users\/3"}],"replies":[{"embeddable":true,"href":"https:\/\/petair.jp\/pt\/wp-json\/wp\/v2\/comments?post=972"}],"version-history":[{"count":0,"href":"https:\/\/petair.jp\/pt\/wp-json\/wp\/v2\/pages\/972\/revisions"}],"wp:attachment":[{"href":"https:\/\/petair.jp\/pt\/wp-json\/wp\/v2\/media?parent=972"}],"curies":[{"name":"wp","href":"https:\/\/api.w.org\/{rel}","templated":true}]}}