{"id":55,"date":"2024-08-28T13:42:27","date_gmt":"2024-08-28T04:42:27","guid":{"rendered":"https:\/\/petair.jp\/?page_id=55"},"modified":"2025-08-05T20:45:32","modified_gmt":"2025-08-05T11:45:32","slug":"price","status":"publish","type":"page","link":"https:\/\/petair.jp\/pt\/price\/","title":{"rendered":"Lista de taxas para transporte internacional de animais de estima\u00e7\u00e3o e procedimentos de quarentena [funcion\u00e1rio da PetAirJPN]."},"content":{"rendered":"<div class=\"heading\">\n<h2><\/h2>\n<\/div>\n<div class=\"pricing-notice\">\n<div class=\"notice-header\">\n<h3>Taxas.<\/h3>\n<\/div>\n<div class=\"notice-content\">\n<p><strong>Os pre\u00e7os mostrados s\u00e3o taxas de servi\u00e7o aproximadas.<\/strong>O valor total real pago varia de acordo com os seguintes fatores<\/p>\n<ul class=\"notice-list\">\n<li><strong>Diferen\u00e7as nas regulamenta\u00e7\u00f5es dependendo do pa\u00eds de destino:<\/strong>Os procedimentos e documentos exigidos em diferentes pa\u00edses variam muito.<\/li>\n<li><strong>Complexidade processual:<\/strong>Cobran\u00e7as adicionais s\u00e3o aplicadas em pa\u00edses onde s\u00e3o necess\u00e1rios pedidos de exporta\u00e7\u00e3o antecipados (permiss\u00f5es) ou inspe\u00e7\u00f5es especiais.<\/li>\n<\/ul>\n<p class=\"notice-highlight\"><strong>Uma cota\u00e7\u00e3o precisa para o seu destino ser\u00e1 fornecida individualmente em uma consulta gratuita.<\/strong><\/p>\n<\/div>\n<\/div>\n<div class=\"pricing-container\">\n<p><!-- A\u30b3\u30fc\u30b9\uff08\u51fa\u56fd\u306e\u307f\uff09 --><\/p>\n<div class=\"pricing-card\">\n<div class=\"card-header\">\n<h3>Curso A<\/h3>\n<p>(Somente partidas)<\/p>\n<\/div>\n<div class=\"direction\">Jap\u00e3o \u2192 Exterior \/ Exterior \u2192 Exterior<\/div>\n<div class=\"price\">\n<p class=\"amount\">130,000<span class=\"unit\">De ienes<\/span><\/p>\n<p class=\"price-note\">*Varia de acordo com o pa\u00eds.<\/p>\n<\/div>\n<div class=\"content\">\n<h3 class=\"content-heading\">Conte\u00fado<\/h3>\n<p class=\"service-category\">[Servi\u00e7os b\u00e1sicos].<\/p>\n<div class=\"service-item\"><span class=\"service-check\">\u2713<\/span> <span class=\"service-text\">Aconselhamento profissional<\/span><\/div>\n<div class=\"service-item\"><span class=\"service-check\">\u2713<\/span> <span class=\"service-text\">Verifique os regulamentos e as condi\u00e7\u00f5es do destino.<\/span><\/div>\n<div class=\"service-item\"><span class=\"service-check\">\u2713<\/span> <span class=\"service-text\">Desenvolvimento de um cronograma de viagem<\/span><\/div>\n<p class=\"service-category\">[Agente de procedimento].<\/p>\n<div class=\"service-item\"><span class=\"service-check\">\u2713<\/span> <span class=\"service-text\">Suporte na obten\u00e7\u00e3o e prepara\u00e7\u00e3o dos documentos necess\u00e1rios<\/span><\/div>\n<div class=\"service-item\"><span class=\"service-check\">\u2713<\/span> <span class=\"service-text\">Aplicativo em nome do escrit\u00f3rio de quarentena de animais.<\/span><\/div>\n<div class=\"service-item\"><span class=\"service-check\">\u2713<\/span> <span class=\"service-text\">Agendamento e organiza\u00e7\u00e3o de inspe\u00e7\u00f5es de exporta\u00e7\u00e3o.<\/span><\/div>\n<div class=\"service-item\"><span class=\"service-check\">\u2713<\/span> <span class=\"service-text\">Pedido de autoriza\u00e7\u00e3o pr\u00e9via de exporta\u00e7\u00e3o (se necess\u00e1rio)<\/span><\/div>\n<\/div>\n<div class=\"cta\"><a class=\"cta-button\" href=\"https:\/\/page.line.me\/petairjpn\">consulta<\/a><\/div>\n<\/div>\n<p><!-- B\u30b3\u30fc\u30b9\uff08\u5f80\u5fa9\uff09 --><\/p>\n<div class=\"pricing-card\">\n<div class=\"card-header\">\n<h3>Curso B<\/h3>\n<p>(ida e volta)<\/p>\n<\/div>\n<div class=\"direction\">Jap\u00e3o \u2192 Overseas \u2192 Jap\u00e3o<\/div>\n<div class=\"price\">\n<p class=\"amount\">200,000<span class=\"unit\">De ienes<\/span><\/p>\n<p class=\"price-note\">*Varia de acordo com o pa\u00eds.<\/p>\n<\/div>\n<div class=\"content\">\n<h3 class=\"content-heading\">Conte\u00fado<\/h3>\n<p class=\"service-category\">[Servi\u00e7os b\u00e1sicos].<\/p>\n<div class=\"service-item\"><span class=\"service-check\">\u2713<\/span> <span class=\"service-text\">Aconselhamento profissional<\/span><\/div>\n<div class=\"service-item\"><span class=\"service-check\">\u2713<\/span> <span class=\"service-text\">Verifique os regulamentos e as condi\u00e7\u00f5es do destino.<\/span><\/div>\n<div class=\"service-item\"><span class=\"service-check\">\u2713<\/span> <span class=\"service-text\">Confirma\u00e7\u00e3o do suporte e das condi\u00e7\u00f5es de importa\u00e7\u00e3o para o Jap\u00e3o.<\/span><\/div>\n<div class=\"service-item\"><span class=\"service-check\">\u2713<\/span> <span class=\"service-text\">Desenvolvimento de um cronograma de viagem<\/span><\/div>\n<p class=\"service-category\">[Agente de procedimento].<\/p>\n<div class=\"service-item\"><span class=\"service-check\">\u2713<\/span> <span class=\"service-text\">Suporte na obten\u00e7\u00e3o e prepara\u00e7\u00e3o dos documentos necess\u00e1rios<\/span><\/div>\n<div class=\"service-item\"><span class=\"service-check\">\u2713<\/span> <span class=\"service-text\">Aplicativo em nome do escrit\u00f3rio de quarentena de animais.<\/span><\/div>\n<div class=\"service-item\"><span class=\"service-check\">\u2713<\/span> <span class=\"service-text\">Agendamento e organiza\u00e7\u00e3o de inspe\u00e7\u00f5es de exporta\u00e7\u00e3o.<\/span><\/div>\n<div class=\"service-item\"><span class=\"service-check\">\u2713<\/span> <span class=\"service-text\">Agendamento e organiza\u00e7\u00e3o de inspe\u00e7\u00f5es de importa\u00e7\u00e3o.<\/span><\/div>\n<div class=\"service-item\"><span class=\"service-check\">\u2713<\/span> <span class=\"service-text\">Pedido de autoriza\u00e7\u00e3o pr\u00e9via de exporta\u00e7\u00e3o (se necess\u00e1rio)<\/span><\/div>\n<\/div>\n<div class=\"cta\"><a class=\"cta-button\" href=\"https:\/\/page.line.me\/petairjpn\">consulta<\/a><\/div>\n<\/div>\n<p><!-- C\u30b3\u30fc\u30b9\uff08\u5165\u56fd\u306e\u307f\uff09 --><\/p>\n<div class=\"pricing-card\">\n<div class=\"card-header\">\n<h3>Curso C<\/h3>\n<p>(somente entrada)<\/p>\n<\/div>\n<div class=\"direction\">No exterior \u2192 Jap\u00e3o<\/div>\n<div class=\"price\">\n<p class=\"amount\">130,000<span class=\"unit\">De ienes<\/span><\/p>\n<p class=\"price-note\">*Varia de acordo com o pa\u00eds.<\/p>\n<\/div>\n<div class=\"content\">\n<h3 class=\"content-heading\">Conte\u00fado<\/h3>\n<p class=\"service-category\">[Servi\u00e7os b\u00e1sicos].<\/p>\n<div class=\"service-item\"><span class=\"service-check\">\u2713<\/span> <span class=\"service-text\">Aconselhamento profissional<\/span><\/div>\n<div class=\"service-item\"><span class=\"service-check\">\u2713<\/span> <span class=\"service-text\">Confirma\u00e7\u00e3o do suporte e das condi\u00e7\u00f5es de importa\u00e7\u00e3o para o Jap\u00e3o.<\/span><\/div>\n<div class=\"service-item\"><span class=\"service-check\">\u2713<\/span> <span class=\"service-text\">Desenvolvimento de um cronograma de viagem<\/span><\/div>\n<p class=\"service-category\">[Agente de procedimento].<\/p>\n<div class=\"service-item\"><span class=\"service-check\">\u2713<\/span> <span class=\"service-text\">Suporte na obten\u00e7\u00e3o e prepara\u00e7\u00e3o dos documentos necess\u00e1rios<\/span><\/div>\n<div class=\"service-item\"><span class=\"service-check\">\u2713<\/span> <span class=\"service-text\">Aplicativo em nome do escrit\u00f3rio de quarentena de animais.<\/span><\/div>\n<div class=\"service-item\"><span class=\"service-check\">\u2713<\/span> <span class=\"service-text\">Agendamento e organiza\u00e7\u00e3o de inspe\u00e7\u00f5es de importa\u00e7\u00e3o.<\/span><\/div>\n<\/div>\n<div class=\"cta\"><a class=\"cta-button\" href=\"https:\/\/page.line.me\/petairjpn\">consulta<\/a><\/div>\n<\/div>\n<\/div>\n<div class=\"benefits\">\n<div class=\"ttl\"><img decoding=\"async\" src=\"https:\/\/petair.jp\/wp-content\/uploads\/2024\/11\/star.png\" alt=\"\u00cdcones de benef\u00edcios\" \/> Descontos Privilege<\/div>\n<div class=\"benefits-grid\">\n<div class=\"benefit-item\">\n<h4 class=\"benefit-title\">Desconto para reservas antecipadas<\/h4>\n<p class=\"benefit-description\">10% de desconto (reservas feitas at\u00e9 6 meses antes da partida)<\/p>\n<\/div>\n<div class=\"benefit-item\">\n<h4 class=\"benefit-title\">Desconto multiuso<\/h4>\n<p class=\"benefit-description\">10% desligado para uso secund\u00e1rio e subsequente<\/p>\n<\/div>\n<div class=\"benefit-item\">\n<h4 class=\"benefit-title\">desconto no n\u00famero de funcion\u00e1rios<\/h4>\n<p class=\"benefit-description\">4 de desconto para a segunda vaca e as seguintes (exceto em alguns pa\u00edses)<\/p>\n<\/div>\n<\/div>\n<\/div>\n<p><!-- \u3088\u304f\u3042\u308b\u8cea\u554f\u30bb\u30af\u30b7\u30e7\u30f3 --><\/p>\n<div class=\"pricing-faq\">\n<div class=\"faq-header\">\n<h3>Perguntas frequentes.<\/h3>\n<\/div>\n<div class=\"faq-list\">\n<div class=\"faq-item\">\n<h4>P. Por que as taxas variam de pa\u00eds para pa\u00eds?<\/h4>\n<p>R. Isso ocorre porque as regulamenta\u00e7\u00f5es de quarentena de animais e as exig\u00eancias de entrada em diferentes pa\u00edses s\u00e3o muito diferentes. Por exemplo, os pa\u00edses que exigem um pedido antecipado de exporta\u00e7\u00e3o (permiss\u00e3o), inspe\u00e7\u00f5es especiais ou longos per\u00edodos de espera exigir\u00e3o procedimentos adicionais e as taxas variam.<\/p>\n<\/div>\n<div class=\"faq-item\">\n<h4>P. Quando s\u00e3o incorridas cobran\u00e7as adicionais?<\/h4>\n<p>A. Se o pa\u00eds de destino exigir um pedido antecipado de permiss\u00e3o de exporta\u00e7\u00e3o (permiss\u00e3o), exames de sangue especiais, certifica\u00e7\u00e3o de apostila, etc., o pa\u00eds de destino poder\u00e1 solicitar uma licen\u00e7a de exporta\u00e7\u00e3o. Isso \u00e9 determinado pelas regulamenta\u00e7\u00f5es nacionais e ser\u00e1 explicado em detalhes no momento da cota\u00e7\u00e3o.<\/p>\n<\/div>\n<div class=\"faq-item\">\n<h4>P. H\u00e1 algum pa\u00eds que pode ser coberto pelas tarifas apresentadas?<\/h4>\n<p>R. Sim, em alguns pa\u00edses com procedimentos relativamente simples, como os pa\u00edses asi\u00e1ticos, pode ser poss\u00edvel prestar servi\u00e7os por um pre\u00e7o pr\u00f3ximo \u00e0 taxa indicada. Para obter mais informa\u00e7\u00f5es, entre em contato conosco para uma consulta gratuita.<\/p>\n<\/div>\n<div class=\"faq-item\">\n<h4>P. O or\u00e7amento \u00e9 realmente gratuito?<\/h4>\n<p>R. Sim, totalmente gratuito. Basta nos fornecer informa\u00e7\u00f5es sobre o seu destino, seu animal de estima\u00e7\u00e3o e a programa\u00e7\u00e3o desejada e n\u00f3s lhe forneceremos uma cota\u00e7\u00e3o detalhada e gratuita.<\/p>\n<\/div>\n<\/div>\n<\/div>\n<p><!-- CTA\u30bb\u30af\u30b7\u30e7\u30f3 --><\/p>\n<div class=\"pricing-cta\">\n<div class=\"cta-content\">\n<div class=\"cta-header\">\n<p><span class=\"cta-icon\">\ud83c\udf1f<\/span><\/p>\n<h3>Comece com uma consulta gratuita<\/h3>\n<\/div>\n<p>Forneceremos a voc\u00ea uma cota\u00e7\u00e3o detalhada e personalizada para o seu destino, gratuitamente.<br \/>\nEntre em contato conosco para obter uma explica\u00e7\u00e3o detalhada sobre as diferen\u00e7as nas regulamenta\u00e7\u00f5es e complexidades processuais em diferentes pa\u00edses.<\/p>\n<div class=\"cta-buttons\"><a class=\"cta-button primary\" href=\"https:\/\/page.line.me\/petairjpn\">Consulta de cota\u00e7\u00e3o gratuita<\/a><br \/>\n<a class=\"cta-button secondary\" href=\"\/pt\/contact\/\">Formul\u00e1rio de consulta.<\/a><\/div>\n<\/div>\n<\/div>","protected":false},"excerpt":{"rendered":"\u6599\u91d1\u306b\u3064\u3044\u3066 \u8868\u793a\u6599\u91d1\u306f\u30b5\u30fc\u30d3\u30b9\u6599\u306e\u76ee\u5b89\u3067\u3059\u3002\u5b9f\u969b\u306e\u304a\u652f\u6255\u3044\u7dcf\u984d\u306f\u4ee5\u4e0b\u306e\u8981\u7d20\u306b\u3088\u308a\u5909\u52d5\u3044\u305f\u3057\u307e\u3059\uff1a \u6e21\u822a\u5148\u306e\u56fd\u306b\u3088\u308b\u898f\u5236\u306e\u9055\u3044\uff1a\u56fd\u3054\u3068\u306b\u5fc5\u8981\u306a\u624b\u7d9a\u304d\u3084\u66f8\u985e\u304c\u5927\u304d\u304f\u7570\u306a\u308a\u307e\u3059 \u624b\u7d9a\u304d\u306e\u8907\u96d1\u6027\uff1a\u4e8b\u524d\u8f38\u51fa\u7533\u8acb\uff08\u30d1\u30fc\u30df\u30c3\u30c8\uff09\u3084\u7279 [&hellip;]","protected":false},"author":3,"featured_media":0,"parent":0,"menu_order":0,"comment_status":"closed","ping_status":"closed","template":"","meta":{"om_disable_all_campaigns":false,"_monsterinsights_skip_tracking":false,"_monsterinsights_sitenote_active":false,"_monsterinsights_sitenote_note":"","_monsterinsights_sitenote_category":0,"_uf_show_specific_survey":0,"_uf_disable_surveys":false,"footnotes":""},"class_list":["post-55","page","type-page","status-publish","hentry"],"aioseo_notices":[],"_links":{"self":[{"href":"https:\/\/petair.jp\/pt\/wp-json\/wp\/v2\/pages\/55","targetHints":{"allow":["GET"]}}],"collection":[{"href":"https:\/\/petair.jp\/pt\/wp-json\/wp\/v2\/pages"}],"about":[{"href":"https:\/\/petair.jp\/pt\/wp-json\/wp\/v2\/types\/page"}],"author":[{"embeddable":true,"href":"https:\/\/petair.jp\/pt\/wp-json\/wp\/v2\/users\/3"}],"replies":[{"embeddable":true,"href":"https:\/\/petair.jp\/pt\/wp-json\/wp\/v2\/comments?post=55"}],"version-history":[{"count":0,"href":"https:\/\/petair.jp\/pt\/wp-json\/wp\/v2\/pages\/55\/revisions"}],"wp:attachment":[{"href":"https:\/\/petair.jp\/pt\/wp-json\/wp\/v2\/media?parent=55"}],"curies":[{"name":"wp","href":"https:\/\/api.w.org\/{rel}","templated":true}]}}