{"id":3254,"date":"2026-04-02T11:28:55","date_gmt":"2026-04-02T02:28:55","guid":{"rendered":"https:\/\/petair.jp\/?page_id=3254"},"modified":"2026-04-02T12:07:26","modified_gmt":"2026-04-02T03:07:26","slug":"recruit-ai","status":"publish","type":"page","link":"https:\/\/petair.jp\/pt\/recruit-ai\/","title":{"rendered":"[Vaga de emprego] Engenheiro de IA (IA generativa e automa\u00e7\u00e3o comercial) | PetAirJPN"},"content":{"rendered":"<h2>A IA elimina as fronteiras entre os animais de estima\u00e7\u00e3o e suas fam\u00edlias.<\/h2>\n<p>A PetAir \u00e9 uma equipe especializada em transporte internacional de animais de estima\u00e7\u00e3o que d\u00e1 suporte \u00e0s regulamenta\u00e7\u00f5es de quarentena e importa\u00e7\u00e3o\/exporta\u00e7\u00e3o espec\u00edficas de cada pa\u00eds, \u00e0 extensa documenta\u00e7\u00e3o e \u00e0 comunica\u00e7\u00e3o com os propriet\u00e1rios.<\/p>\n<p>Queremos usar a IA generativa n\u00e3o para substituir as pessoas. \u00c9 para aumentar ainda mais nossa experi\u00eancia e reduzir a ansiedade dos propriet\u00e1rios com mais uma coisa.<\/p>\n<p>O recrutamento deste ano \u00e9 para,<strong>A primeira equipe de IA da PetAir.<\/strong>O que fazer. Voc\u00ea ser\u00e1 respons\u00e1vel por entender as opera\u00e7\u00f5es de campo, organizar o trabalho, a PoC, a implementa\u00e7\u00e3o e a opera\u00e7\u00e3o durante todo o processo.<\/p>\n<h2>Por que a PetAir est\u00e1 recrutando pessoal de IA<\/h2>\n<p>As opera\u00e7\u00f5es da PetAir s\u00e3o compostas por \u00e1reas altamente compat\u00edveis com a IA. Pesquisar regulamenta\u00e7\u00f5es espec\u00edficas de cada pa\u00eds, verificar a documenta\u00e7\u00e3o necess\u00e1ria, gerenciar cronogramas de quarentena e lidar com briefings de clientes - todas essas tarefas t\u00eam como n\u00facleo a organiza\u00e7\u00e3o de informa\u00e7\u00f5es e a comunica\u00e7\u00e3o precisa.<\/p>\n<p>Com uma IA adequadamente projetada, a qualidade da experi\u00eancia do cliente pode ser aprimorada e, ao mesmo tempo, reduzir significativamente a carga de trabalho. Nossa miss\u00e3o \u00e9 solucionar a \"complexidade das informa\u00e7\u00f5es e o alto n\u00edvel de ansiedade\" que nosso fundador sentia ao viajar para o exterior com seus animais de estima\u00e7\u00e3o. Queremos avan\u00e7ar ainda mais nessa miss\u00e3o com o poder da IA - esse \u00e9 o ponto de partida para esse recrutamento.<\/p>\n<h2>As tr\u00eas primeiras tarefas a serem resolvidas.<\/h2>\n<p><strong>(i) Organizar e atualizar informa\u00e7\u00f5es.<\/strong><br \/>As normas de quarentena espec\u00edficas de cada pa\u00eds e os documentos exigidos mudam com frequ\u00eancia. \u00c9 necess\u00e1rio um sistema para garantir que as informa\u00e7\u00f5es mais recentes sejam organizadas com precis\u00e3o e mantidas como conhecimento que possa ser usado por qualquer pessoa.<\/p>\n<p><strong>(ii) Melhoria da qualidade do atendimento ao cliente.<\/strong><br \/>Muitas consultas t\u00eam origem em preocupa\u00e7\u00f5es semelhantes, e queremos aumentar a precis\u00e3o da resposta inicial com a assist\u00eancia da IA, criando um estado de esp\u00edrito mais r\u00e1pido e mais tranquilizador para os clientes.<\/p>\n<p><strong>(iii) Simplifica\u00e7\u00e3o dos fluxos de documenta\u00e7\u00e3o e aplicativos.<\/strong><br \/>Atualmente, a documenta\u00e7\u00e3o que combina o destino, as informa\u00e7\u00f5es sobre o animal de estima\u00e7\u00e3o e os requisitos da companhia a\u00e9rea \u00e9 uma quantidade consider\u00e1vel de trabalho manual. Se a IA puder economizar m\u00e3o de obra nesse aspecto, isso levar\u00e1 diretamente \u00e0 expans\u00e3o dos neg\u00f3cios.<\/p>\n<h2>Tarefas que deixamos para voc\u00ea.<\/h2>\n<ul>\n<li>Organiza\u00e7\u00e3o e IA de fluxos de trabalho para pesquisa regulat\u00f3ria espec\u00edfica do pa\u00eds, documenta\u00e7\u00e3o, atualiza\u00e7\u00f5es de perguntas frequentes, atendimento ao cliente, etc.<\/li>\n<li>Projeto e implementa\u00e7\u00e3o de ferramentas de IA, incluindo pesquisa de conhecimento interno, verifica\u00e7\u00e3o de documentos e suporte a consultas<\/li>\n<li>Cria\u00e7\u00e3o de aplicativos de IA para artigos de SEO, perguntas frequentes, materiais de vendas e opera\u00e7\u00f5es de publicidade<\/li>\n<li>Automa\u00e7\u00e3o e visualiza\u00e7\u00e3o de KPIs em fluxos de CRM, consultas e aplicativos<\/li>\n<li>Estabelecimento de regras de utiliza\u00e7\u00e3o de IA, controle de qualidade e fluxos operacionais<\/li>\n<li>Promo\u00e7\u00e3o da PoC para a opera\u00e7\u00e3o completa em colabora\u00e7\u00e3o com membros da \u00e1rea<\/li>\n<\/ul>\n<h2>Habilidades essenciais e bem-vindas<\/h2>\n<p><strong>[Obrigat\u00f3rio].<\/strong><\/p>\n<ul>\n<li>Experi\u00eancia em melhoria de neg\u00f3cios, desenvolvimento de produtos ou implementa\u00e7\u00e3o interna usando IA generativa \/ LLM<\/li>\n<li>Experi\u00eancia de implementa\u00e7\u00e3o usando Python, JavaScript, SQL ou ferramentas de automa\u00e7\u00e3o<\/li>\n<li>Experi\u00eancia na organiza\u00e7\u00e3o de fluxos de trabalho, na elabora\u00e7\u00e3o de requisitos e na realiza\u00e7\u00e3o de melhorias.<\/li>\n<li>Capacidade de se comunicar facilmente com pessoas que n\u00e3o s\u00e3o da \u00e1rea de engenharia<\/li>\n<\/ul>\n<p><strong>[Bem-vindo].<\/strong><\/p>\n<ul>\n<li>Experi\u00eancia na implementa\u00e7\u00e3o de RAGs, pesquisa de conhecimento, agentes de IA e integra\u00e7\u00e3o de APIs<\/li>\n<li>Experi\u00eancia em \u00e1reas que n\u00e3o sejam de engenharia IA, como FAQs, artigos de SEO, suporte ao cliente, etc.<\/li>\n<li>Leitura e escrita em ingl\u00eas<\/li>\n<li>Experi\u00eancia de 0 a 1 em uma start-up e em uma equipe pequena<\/li>\n<li>Interesse em viagens, log\u00edstica, fronteiras, \u00e1reas jur\u00eddicas e relacionadas a animais de estima\u00e7\u00e3o<\/li>\n<\/ul>\n<p>*N\u00e3o s\u00e3o necess\u00e1rias qualifica\u00e7\u00f5es acad\u00eamicas, idade e experi\u00eancia no setor. A motiva\u00e7\u00e3o \u00e9 bem-vinda, mesmo que voc\u00ea n\u00e3o tenha experi\u00eancia no setor de animais de estima\u00e7\u00e3o.<\/p>\n<h2>Formas de trabalho e remunera\u00e7\u00e3o<\/h2>\n<div class=\"s_table\"><table>\n<tbody>\n<tr>\n<th>status de emprego<\/th>\n<td>Permanente \/ Terceirizado (negoci\u00e1vel)<\/td>\n<\/tr>\n<tr>\n<th>sal\u00e1rio<\/th>\n<td>Sal\u00e1rio mensal de \u00a5300.000 - \u00a5400.000 (funcion\u00e1rios em tempo integral) \/ a terceiriza\u00e7\u00e3o \u00e9 negoci\u00e1vel.<\/td>\n<\/tr>\n<tr>\n<th>local de trabalho<\/th>\n<td>Toshima-ku, T\u00f3quio (possibilidade de trabalho remoto)<\/td>\n<\/tr>\n<tr>\n<th>hor\u00e1rio de expediente (comercial, de trabalho)<\/th>\n<td>sistema de hor\u00e1rio flex\u00edvel<\/td>\n<\/tr>\n<tr>\n<th>f\u00e9rias<\/th>\n<td>2 dias de folga por semana (s\u00e1bado e domingo), feriados, f\u00e9rias remuneradas.<\/td>\n<\/tr>\n<tr>\n<th>programa de bem-estar<\/th>\n<td>Seguro social, ambiente de trabalho fornecido, integra\u00e7\u00e3o dispon\u00edvel<\/td>\n<\/tr>\n<\/tbody>\n<\/table><\/div>\n<h2>Fluxo de sele\u00e7\u00e3o<\/h2>\n<ol>\n<li><strong>triagem de documentos<\/strong> - CV\/curr\u00edculo + links para realiza\u00e7\u00f5es ou breve descri\u00e7\u00e3o de casos de uso de IA<\/li>\n<li><strong>entrevista informal<\/strong>(Online) - Vamos conversar primeiro. \u00c9 mais um di\u00e1logo do que um processo de sele\u00e7\u00e3o.<\/li>\n<li><strong>Discuss\u00e3o pr\u00e1tica<\/strong> - Trabalharemos juntos em quest\u00f5es reais de neg\u00f3cios.<\/li>\n<li><strong>entrevista final<\/strong> - Reuni\u00e3o com representantes para discutir a dire\u00e7\u00e3o e as condi\u00e7\u00f5es.<\/li>\n<\/ol>\n<h2>Perguntas frequentes.<\/h2>\n<p><strong>P. \u00c9 necess\u00e1rio ter conhecimento do setor de animais de estima\u00e7\u00e3o?<\/strong><br \/>R. N\u00e3o \u00e9 necess\u00e1rio. O conhecimento do setor \u00e9 apoiado pela integra\u00e7\u00e3o. O importante \u00e9 a capacidade de entrar em campo, organizar os problemas, transform\u00e1-los em um formul\u00e1rio que possa ser usado pela IA e concluir o processo.<\/p>\n<p><strong>P. Posso ter um controle remoto completo?<\/strong><br \/>R. Basicamente, o suporte remoto \u00e9 poss\u00edvel. Voc\u00ea pode ser solicitado a ir ao trabalho e realizar reuni\u00f5es uma ou duas vezes por m\u00eas.<\/p>\n<p><strong>P. Posso participar em uma base terceirizada?<\/strong><br \/>A. Poss\u00edvel. O contrato inicial de 3 meses come\u00e7ar\u00e1 com um per\u00edodo inicial de 8 a 24 horas de opera\u00e7\u00e3o por semana. A continua\u00e7\u00e3o e a convers\u00e3o permanente tamb\u00e9m s\u00e3o bem-vindas.<\/p>\n<p><strong>P. Qual \u00e9 o estado atual da utiliza\u00e7\u00e3o de IA?<\/strong><br \/>R. Ainda n\u00e3o temos uma estrutura de IA como organiza\u00e7\u00e3o. \u00c9 por isso que, como primeira pessoa, voc\u00ea tem a liberdade de \"projetar do zero\". Esperamos que voc\u00ea o implemente em sua empresa e n\u00e3o se limite \u00e0 experimenta\u00e7\u00e3o.<\/p>\n<p><strong>P. O que devo enviar quando me inscrever?<\/strong><br \/>A. CV\/curr\u00edculo e LinkedIn, GitHub ou portf\u00f3lio. Al\u00e9m disso, anexe uma descri\u00e7\u00e3o de 200 palavras do \"trabalho ou iniciativas que voc\u00ea aprimorou com IA at\u00e9 o momento\" para facilitar o processo de sele\u00e7\u00e3o.<\/p>\n<h2>Para se candidatar, clique aqui.<\/h2>\n<p>Um futuro em que voc\u00ea pode ir a qualquer lugar do mundo com seus entes queridos.<br \/>Por que n\u00e3o trabalharmos juntos para criar esse futuro com o poder da IA?<\/p>\n<p><strong>\ud83d\udce9 Inscreva-se por e-mail:<a href=\"mailto:info@petair.jp\">info@petair.jp<\/a><\/strong><br \/><strong>Entre em contato conosco on-line para obter mais informa\u00e7\u00f5es e orienta\u00e7\u00f5es.<\/strong><\/p>","protected":false},"excerpt":{"rendered":"AI\u3067\u3001\u30da\u30c3\u30c8\u3068\u5bb6\u65cf\u306e\u56fd\u5883\u3092\u306a\u304f\u3059\u3002 PetAir\u306f\u3001\u56fd\u3054\u3068\u306b\u7570\u306a\u308b\u691c\u75ab\u30fb\u8f38\u51fa\u5165\u898f\u5236\u3001\u81a8\u5927\u306a\u66f8\u985e\u4f5c\u6210\u3001\u98fc\u3044\u4e3b\u3055\u307e\u3068\u306e\u30b3\u30df\u30e5\u30cb\u30b1\u30fc\u30b7\u30e7\u30f3\u3092\u652f\u3048\u308b\u56fd\u969b\u30da\u30c3\u30c8\u8f38\u9001\u306e\u5c02\u9580\u30c1\u30fc\u30e0\u3067\u3059\u3002 \u79c1\u305f\u3061\u304c\u751f\u6210AI\u3092\u4f7f\u3044\u305f\u3044\u306e\u306f\u3001\u4eba\u3092\u7f6e\u304d\u63db\u3048 [&hellip;]","protected":false},"author":1,"featured_media":0,"parent":0,"menu_order":0,"comment_status":"closed","ping_status":"closed","template":"","meta":{"om_disable_all_campaigns":false,"_monsterinsights_skip_tracking":false,"_monsterinsights_sitenote_active":false,"_monsterinsights_sitenote_note":"","_monsterinsights_sitenote_category":0,"_uf_show_specific_survey":0,"_uf_disable_surveys":false,"footnotes":""},"class_list":["post-3254","page","type-page","status-publish","hentry"],"aioseo_notices":[],"_links":{"self":[{"href":"https:\/\/petair.jp\/pt\/wp-json\/wp\/v2\/pages\/3254","targetHints":{"allow":["GET"]}}],"collection":[{"href":"https:\/\/petair.jp\/pt\/wp-json\/wp\/v2\/pages"}],"about":[{"href":"https:\/\/petair.jp\/pt\/wp-json\/wp\/v2\/types\/page"}],"author":[{"embeddable":true,"href":"https:\/\/petair.jp\/pt\/wp-json\/wp\/v2\/users\/1"}],"replies":[{"embeddable":true,"href":"https:\/\/petair.jp\/pt\/wp-json\/wp\/v2\/comments?post=3254"}],"version-history":[{"count":0,"href":"https:\/\/petair.jp\/pt\/wp-json\/wp\/v2\/pages\/3254\/revisions"}],"wp:attachment":[{"href":"https:\/\/petair.jp\/pt\/wp-json\/wp\/v2\/media?parent=3254"}],"curies":[{"name":"wp","href":"https:\/\/api.w.org\/{rel}","templated":true}]}}