{"id":3,"date":"2024-09-07T00:17:50","date_gmt":"2024-09-06T15:17:50","guid":{"rendered":"http:\/\/petair.jp"},"modified":"2026-05-08T20:28:31","modified_gmt":"2026-05-08T11:28:31","slug":"privacy-policy","status":"publish","type":"page","link":"https:\/\/petair.jp\/pt\/privacy-policy\/","title":{"rendered":"Pol\u00edtica de privacidade."},"content":{"rendered":"<p>A PetAir Inc. A PetAir Inc. (\"PetAir\") considera as informa\u00e7\u00f5es pessoais que recebe de seus clientes como um importante sinal de confian\u00e7a para a entrega segura de seus clientes e de seus animais de estima\u00e7\u00e3o. A empresa est\u00e1 em conformidade com a Lei de Prote\u00e7\u00e3o de Informa\u00e7\u00f5es Pessoais (doravante denominada \"Lei de Prote\u00e7\u00e3o de Informa\u00e7\u00f5es Pessoais\") Outras leis, regulamentos e diretrizes relevantes, bem como esta Pol\u00edtica de Privacidade (doravante denominada \"Pol\u00edtica\"). A Empresa tratar\u00e1 as informa\u00e7\u00f5es pessoais de forma adequada, de acordo com esta Pol\u00edtica de Privacidade (doravante denominada \"Pol\u00edtica\"), para que os clientes possam usar o Site com tranquilidade.<\/p>\n<h2>1. itens de dados pessoais a serem obtidos<\/h2>\n<p>Para fornecer os Servi\u00e7os e realizar tarefas relacionadas, a Empresa obt\u00e9m as seguintes informa\u00e7\u00f5es pessoais diretamente do cliente ou de terceiros com o consentimento do cliente<\/p>\n<div class=\"s_table\"><table>\n<thead>\n<tr>\n<th>categoria<\/th>\n<th>exemplo concreto<\/th>\n<\/tr>\n<\/thead>\n<tbody>\n<tr>\n<td>Informa\u00e7\u00f5es b\u00e1sicas sobre o cliente<\/td>\n<td>Nome, furigana, data de nascimento, endere\u00e7o, n\u00famero de telefone, endere\u00e7o de e-mail, identificador de rede social (por exemplo, LINE ID, n\u00famero do WhatsApp)<\/td>\n<\/tr>\n<tr>\n<td>Informa\u00e7\u00f5es de identifica\u00e7\u00e3o<\/td>\n<td>Imagens e descri\u00e7\u00f5es de passaportes, carteiras de motorista, cart\u00f5es de resid\u00eancia, etc.<\/td>\n<\/tr>\n<tr>\n<td>Informa\u00e7\u00f5es relacionadas a pagamentos<\/td>\n<td>Resultados da liquida\u00e7\u00e3o (data da liquida\u00e7\u00e3o, valor, ID da transa\u00e7\u00e3o, status da liquida\u00e7\u00e3o, etc.), informa\u00e7\u00f5es de origem e faturamento no caso de transfer\u00eancias banc\u00e1rias<br \/>\n<small>*As informa\u00e7\u00f5es do cart\u00e3o de cr\u00e9dito em si (n\u00famero do cart\u00e3o, data de validade, c\u00f3digo de seguran\u00e7a etc.) s\u00e3o obtidas e processadas diretamente pelo agente de pagamento Square e n\u00e3o s\u00e3o obtidas ou armazenadas pela Empresa.<\/small><\/td>\n<\/tr>\n<tr>\n<td>Informa\u00e7\u00f5es sobre animais de estima\u00e7\u00e3o<\/td>\n<td>Nome do animal, ra\u00e7a, ra\u00e7a do c\u00e3o ou gato, data de nascimento, peso, n\u00famero do microchip, resultados de vacina\u00e7\u00e3o e sorologia, fotografia.<\/td>\n<\/tr>\n<tr>\n<td>Informa\u00e7\u00f5es relacionadas ao transporte<\/td>\n<td>Pontos de partida e chegada, informa\u00e7\u00f5es de voo, endere\u00e7o do pa\u00eds de destino, data prevista de entrada, informa\u00e7\u00f5es do agente.<\/td>\n<\/tr>\n<tr>\n<td>Consultas etc.<\/td>\n<td>Mensagens e anexos via LINE\/WhatsApp\/email\/telefone\/formul\u00e1rios<\/td>\n<\/tr>\n<tr>\n<td>Informa\u00e7\u00f5es de uso do site<\/td>\n<td>Cookies, endere\u00e7os IP, registros de acesso, hist\u00f3rico de navega\u00e7\u00e3o, informa\u00e7\u00f5es do dispositivo<\/td>\n<\/tr>\n<\/tbody>\n<\/table><\/div>\n<h2>2. finalidade do uso dos dados pessoais<\/h2>\n<p>A Empresa somente usar\u00e1 as informa\u00e7\u00f5es pessoais obtidas para as seguintes finalidades<\/p>\n<div class=\"s_table\"><table>\n<thead>\n<tr>\n<th>finalidade de uso<\/th>\n<th>Principais informa\u00e7\u00f5es abordadas.<\/th>\n<\/tr>\n<\/thead>\n<tbody>\n<tr>\n<td>Presta\u00e7\u00e3o de servi\u00e7os de suporte \u00e0 importa\u00e7\u00e3o\/exporta\u00e7\u00e3o de animais de estima\u00e7\u00e3o (o Servi\u00e7o), cota\u00e7\u00f5es, celebra\u00e7\u00e3o de contratos, identifica\u00e7\u00e3o<\/td>\n<td>Nome, endere\u00e7o, detalhes de contato, documentos de identidade, informa\u00e7\u00f5es sobre resultados de liquida\u00e7\u00e3o, informa\u00e7\u00f5es sobre animais de estima\u00e7\u00e3o<\/td>\n<\/tr>\n<tr>\n<td>Suporte para a prepara\u00e7\u00e3o de documentos e v\u00e1rios procedimentos com base nos requisitos de importa\u00e7\u00e3o do pa\u00eds parceiro<\/td>\n<td>Nome, detalhes do passaporte, endere\u00e7o, detalhes do animal de estima\u00e7\u00e3o, informa\u00e7\u00f5es sobre vacinas\/testes<\/td>\n<\/tr>\n<tr>\n<td>Contato e coordena\u00e7\u00e3o com escrit\u00f3rios administrativos parceiros, escrit\u00f3rios de quarentena de animais, companhias a\u00e9reas, autoridades hom\u00f3logas e agentes no exterior.<\/td>\n<td>Nome, endere\u00e7o, detalhes de contato, informa\u00e7\u00f5es sobre animais de estima\u00e7\u00e3o e imagens de documentos.<\/td>\n<\/tr>\n<tr>\n<td>Responder a consultas de clientes, servi\u00e7o p\u00f3s-venda, contato via SNS\/Line\/WhatsApp etc.<\/td>\n<td>Nome, detalhes de contato, identificador de rede social, natureza da consulta<\/td>\n<\/tr>\n<tr>\n<td>Entrada em ferramentas de IA para realizar tarefas (reda\u00e7\u00e3o, tradu\u00e7\u00e3o, organiza\u00e7\u00e3o de documentos, pesquisa, etc.)<\/td>\n<td>Nome, endere\u00e7o, detalhes de contato, informa\u00e7\u00f5es sobre animais de estima\u00e7\u00e3o, imagens de documentos (podem conter dados pessoais)<\/td>\n<\/tr>\n<tr>\n<td>Uso interno de depoimentos de clientes, depoimentos e fotografias, e uso de publicidade dentro do escopo do consentimento<\/td>\n<td>Nome (incluindo iniciais), imagem, voz<\/td>\n<\/tr>\n<tr>\n<td>An\u00e1lise para marketing, pesquisas e aprimoramento de servi\u00e7os<\/td>\n<td>Nome, detalhes de contato, hist\u00f3rico de uso, cookies, etc.<\/td>\n<\/tr>\n<tr>\n<td>atividades de recrutamento<\/td>\n<td>Informa\u00e7\u00f5es do candidato<\/td>\n<\/tr>\n<tr>\n<td>Conformidade com leis e regulamentos, exerc\u00edcio de nossos direitos e preven\u00e7\u00e3o de uso n\u00e3o autorizado, etc.<\/td>\n<td>geral<\/td>\n<\/tr>\n<\/tbody>\n<\/table><\/div>\n<p>Se a finalidade de uso for alterada, isso ser\u00e1 feito na medida em que for razoavelmente considerado relevante para a finalidade antes da altera\u00e7\u00e3o e, se necess\u00e1rio, ser\u00e1 tornado p\u00fablico por meio de publica\u00e7\u00e3o no site da Empresa ou por outros meios.<\/p>\n<h2>3. fornecimento a terceiros<\/h2>\n<p>A Empresa n\u00e3o fornecer\u00e1 dados pessoais a terceiros sem o consentimento pr\u00e9vio do cliente. No entanto, isso n\u00e3o se aplica nos seguintes casos.<\/p>\n<ol>\n<li>Quando exigido por lei<\/li>\n<li>Quando for necess\u00e1rio para a prote\u00e7\u00e3o da vida, do corpo ou da propriedade de uma pessoa e for dif\u00edcil obter o consentimento do cliente.<\/li>\n<li>Quando for particularmente necess\u00e1rio para a melhoria da sa\u00fade p\u00fablica ou para a promo\u00e7\u00e3o do bom desenvolvimento das crian\u00e7as.<\/li>\n<li>Quando uma autoridade nacional, autoridade local ou seu delegado realiza atividades prescritas por lei.<\/li>\n<\/ol>\n<h3>3.1 Terceiros que devem receber consentimento<\/h3>\n<p>Devido \u00e0 natureza desse servi\u00e7o, os dados pessoais ser\u00e3o fornecidos aos seguintes terceiros na medida necess\u00e1ria para garantir uma viagem tranquila para o cliente. O cliente deve concordar com isso antecipadamente ao solicitar o servi\u00e7o.<\/p>\n<ul>\n<li>Escritur\u00e1rio administrativo afiliado ou empresa de escritur\u00e1rio administrativo (para aceitar inscri\u00e7\u00f5es no NACCS, etc.)<\/li>\n<li>Esta\u00e7\u00f5es de quarentena de animais e outros \u00f3rg\u00e3os administrativos japoneses (para inspe\u00e7\u00f5es de exporta\u00e7\u00e3o e v\u00e1rias aplica\u00e7\u00f5es)<\/li>\n<li>Companhias a\u00e9reas e operadores relacionados a aeroportos (para procedimentos de reserva e carregamento de voos)<\/li>\n<li>Autoridades de quarentena, alf\u00e2ndega e outras autoridades administrativas do outro pa\u00eds (para procedimentos de entrada e libera\u00e7\u00e3o alfandeg\u00e1ria)<\/li>\n<li>Agentes vinculados no exterior (para suporte p\u00f3s-chegada e procedimentos locais)<\/li>\n<li>Agente de pagamento 'Square' e institui\u00e7\u00f5es financeiras (para pagamento de taxas). As informa\u00e7\u00f5es do cart\u00e3o de cr\u00e9dito em si (n\u00famero do cart\u00e3o, data de validade, c\u00f3digo de seguran\u00e7a etc.) devem ser inseridas diretamente pelo cliente na tela de pagamento do Square, e n\u00e3o adquirimos nem armazenamos as informa\u00e7\u00f5es do cart\u00e3o de cr\u00e9dito em si.<\/li>\n<\/ul>\n<h2>4. terceiriza\u00e7\u00e3o (uso de operadores externos)<\/h2>\n<p>A Empresa pode terceirizar todo ou parte do manuseio de informa\u00e7\u00f5es pessoais para operadores externos, na medida necess\u00e1ria para atingir a finalidade de uso. Ao selecionar os contratados, garantimos que eles tenham padr\u00f5es adequados de seguran\u00e7a de informa\u00e7\u00f5es e prote\u00e7\u00e3o de informa\u00e7\u00f5es pessoais e os supervisionamos adequadamente por meio de contratos ou outros meios.<\/p>\n<p>As principais categorias de empreiteiras s\u00e3o as seguintes.<\/p>\n<ul>\n<li>Fornecedores de sistemas de neg\u00f3cios, armazenamento em nuvem e groupware<\/li>\n<li>Fornecedores de ferramentas de gerenciamento de clientes, gerenciamento de tarefas e comunica\u00e7\u00e3o<\/li>\n<li>An\u00e1lise de dados e fornecedores de ferramentas de marketing<\/li>\n<li>Fornecedores de ferramentas de IA (incluindo IA gerada) (consulte a se\u00e7\u00e3o 5 para obter detalhes)<\/li>\n<li>Operadores de entrega e postais<\/li>\n<\/ul>\n<h2>5. o uso de ferramentas de IA, incluindo IA generativa<\/h2>\n<p>Para oferecer servi\u00e7os mais precisos e r\u00e1pidos aos nossos clientes, usamos ferramentas de IA, inclusive IA (intelig\u00eancia artificial) gerada (\"Ferramentas de IA\") ) para fins de suporte de reda\u00e7\u00e3o, tradu\u00e7\u00e3o, organiza\u00e7\u00e3o de documentos, pesquisa de informa\u00e7\u00f5es, elabora\u00e7\u00e3o de correspond\u00eancias de clientes e outros tipos de suporte comercial.<\/p>\n<h3>5.1 As principais ferramentas de IA que usamos<\/h3>\n<p>As principais ferramentas de IA usadas pela Empresa no momento da formula\u00e7\u00e3o desta pol\u00edtica est\u00e3o listadas abaixo. As ferramentas de IA usadas ser\u00e3o revisadas periodicamente para melhorar a qualidade do servi\u00e7o e os padr\u00f5es de gerenciamento de seguran\u00e7a, e quaisquer altera\u00e7\u00f5es ser\u00e3o refletidas nesta Pol\u00edtica.<\/p>\n<div class=\"s_table\"><table>\n<thead>\n<tr>\n<th>Ferramenta de IA (nome do servi\u00e7o)<\/th>\n<th>provedor<\/th>\n<th>pa\u00eds de resid\u00eancia<\/th>\n<th>Uso para aprendizado<\/th>\n<\/tr>\n<\/thead>\n<tbody>\n<tr>\n<td>Claude (API e vers\u00e3o para uso comercial)<\/td>\n<td>Antr\u00f3pico, PBC<\/td>\n<td>Estados Unidos da Am\u00e9rica<\/td>\n<td>Os dados de entrada s\u00e3o operados em condi\u00e7\u00f5es em que n\u00e3o s\u00e3o usados para o treinamento do modelo.<\/td>\n<\/tr>\n<tr>\n<td>Google Workspace.<\/td>\n<td>Google LLC<\/td>\n<td>Estados Unidos da Am\u00e9rica<\/td>\n<td>Os dados de entrada s\u00e3o operados em condi\u00e7\u00f5es em que n\u00e3o s\u00e3o usados para o treinamento do modelo.<\/td>\n<\/tr>\n<tr>\n<td>Gemini (vers\u00e3o para uso comercial)<\/td>\n<td>Google LLC<\/td>\n<td>Estados Unidos da Am\u00e9rica<\/td>\n<td>Os dados de entrada s\u00e3o operados em condi\u00e7\u00f5es em que n\u00e3o s\u00e3o usados para o treinamento do modelo.<\/td>\n<\/tr>\n<\/tbody>\n<\/table><\/div>\n<h3>5.2 Medidas de seguran\u00e7a para o uso de ferramentas de IA<\/h3>\n<p>Usamos ferramentas de IA nos sistemas a seguir para garantir que nossos clientes possam us\u00e1-las com tranquilidade.<\/p>\n<ul>\n<li>Selecione apenas servi\u00e7os para os quais as condi\u00e7\u00f5es ou configura\u00e7\u00f5es contratuais possam confirmar que os dados de entrada n\u00e3o ser\u00e3o usados para treinamento e retreinamento de modelos pelo fornecedor da ferramenta de IA em quest\u00e3o.<\/li>\n<li>Certifique-se de que os padr\u00f5es adequados de seguran\u00e7a da informa\u00e7\u00e3o e de prote\u00e7\u00e3o de dados pessoais estejam em vigor, concluindo termos de uso, contratos de processamento de dados (DPA: Data Processing Addendum) etc. com o fornecedor da ferramenta de IA.<\/li>\n<li>Os resultados da produ\u00e7\u00e3o da Ferramenta de IA devem sempre ser verificados por nossa equipe ou pelo funcion\u00e1rio administrativo afiliado antes de serem fornecidos ao cliente, e a Ferramenta de IA n\u00e3o deve ter permiss\u00e3o para tomar a decis\u00e3o final ou realizar qualquer trabalho nos termos da Lei de Procedimento Administrativo.<\/li>\n<li>Os dados pessoais inseridos na ferramenta de IA devem ser limitados \u00e0 extens\u00e3o necess\u00e1ria para o desempenho das tarefas relevantes.<\/li>\n<li>Informar e educar os funcion\u00e1rios sobre as diretrizes internas para o uso de ferramentas de IA.<\/li>\n<\/ul>\n<h2>6. fornecimento a terceiros localizados no exterior (transfer\u00eancias internacionais)<\/h2>\n<p>A Empresa poder\u00e1 fornecer informa\u00e7\u00f5es pessoais a terceiros em pa\u00edses estrangeiros com a finalidade de fornecer os Servi\u00e7os e realizar seus neg\u00f3cios da seguinte forma. Ao solicitar os Servi\u00e7os e concordar com esta Pol\u00edtica, o Cliente concorda com isso antecipadamente.<\/p>\n<h3>6.1 Pa\u00edses de fornecimento e localiza\u00e7\u00e3o<\/h3>\n<ul>\n<li>Autoridades de quarentena, alf\u00e2ndega e outras autoridades administrativas no pa\u00eds parceiro: o pa\u00eds para o qual os animais de estima\u00e7\u00e3o do cliente s\u00e3o transportados (varia de acordo com cada caso individual)<\/li>\n<li>Agentes vinculados no exterior: pa\u00edses para os quais os animais de estima\u00e7\u00e3o dos clientes s\u00e3o transportados (varia de acordo com cada caso individual).<\/li>\n<li>Fornecedor de ferramentas de IA: Estados Unidos da Am\u00e9rica (Anthropic, PBC \/ Google LLC)<\/li>\n<\/ul>\n<h3>6.2 Vis\u00e3o geral dos sistemas de prote\u00e7\u00e3o de dados pessoais no pa\u00eds doador<\/h3>\n<p>Os Estados Unidos da Am\u00e9rica n\u00e3o se enquadram na categoria de \"pa\u00eds estrangeiro que possui um sistema de prote\u00e7\u00e3o de informa\u00e7\u00f5es pessoais reconhecido como estando no mesmo n\u00edvel que o do Jap\u00e3o\", conforme estipulado no Artigo 28 da Lei de Prote\u00e7\u00e3o de Dados Pessoais, portanto, as medidas necess\u00e1rias ser\u00e3o tomadas ao fornecer as informa\u00e7\u00f5es. Para obter uma vis\u00e3o geral do sistema de prote\u00e7\u00e3o de dados pessoais nos Estados Unidos da Am\u00e9rica, consulte o seguinte site publicado pela Comiss\u00e3o de Prote\u00e7\u00e3o de Dados Pessoais.<a href=\"https:\/\/www.ppc.go.jp\/personalinfo\/legal\/kaiseihogohou\/#gaikoku\" target=\"_blank\" rel=\"noopener\">Pesquisa de sistemas para a prote\u00e7\u00e3o de dados pessoais em pa\u00edses estrangeiros.<\/a>para obter mais informa\u00e7\u00f5es.<\/p>\n<p>O fornecimento \u00e0s autoridades administrativas do pa\u00eds parceiro e aos agentes no exterior \u00e9 feito caso a caso, dependendo do pa\u00eds de destino do transporte do animal de estima\u00e7\u00e3o do cliente, de modo que o sistema de prote\u00e7\u00e3o de dados do pa\u00eds depender\u00e1 do sistema do pa\u00eds para o qual o cliente est\u00e1 viajando. A Empresa fornecer\u00e1 ao cliente uma vis\u00e3o geral dos destinos para os quais as informa\u00e7\u00f5es s\u00e3o fornecidas no momento da solicita\u00e7\u00e3o.<\/p>\n<h3>6.3 Medidas tomadas pelo destinat\u00e1rio<\/h3>\n<ul>\n<li>Para os fornecedores de ferramentas de IA, os termos de uso e os acordos de processamento de dados (DPAs) confirmam que os dados de entrada n\u00e3o s\u00e3o usados para aprendizado e que um sistema adequado de gerenciamento de seguran\u00e7a da informa\u00e7\u00e3o est\u00e1 em vigor.<\/li>\n<li>Os agentes de coopera\u00e7\u00e3o no exterior s\u00e3o obrigados a tratar os dados pessoais adequadamente, de acordo com os contratos de terceiriza\u00e7\u00e3o e outros acordos.<\/li>\n<li>As informa\u00e7\u00f5es fornecidas \u00e0s autoridades administrativas do pa\u00eds parceiro limitam-se \u00e0s informa\u00e7\u00f5es necess\u00e1rias para os procedimentos de importa\u00e7\u00e3o.<\/li>\n<\/ul>\n<h2>7. medidas de controle de seguran\u00e7a<\/h2>\n<p>A Empresa toma as seguintes medidas para evitar vazamento, perda ou dano de suas informa\u00e7\u00f5es pessoais e para gerenciar suas informa\u00e7\u00f5es pessoais de forma segura.<\/p>\n<ul>\n<li>Medidas de controle de seguran\u00e7a organizacional: estabelecimento de uma pessoa respons\u00e1vel pelo tratamento de dados pessoais, desenvolvimento de regulamentos internos, revis\u00e3o peri\u00f3dica e inspe\u00e7\u00e3o da situa\u00e7\u00e3o do tratamento.<\/li>\n<li>Medidas de controle de seguran\u00e7a do pessoal: educa\u00e7\u00e3o e treinamento para funcion\u00e1rios sobre a prote\u00e7\u00e3o de dados pessoais e a obriga\u00e7\u00e3o de manter a confidencialidade.<\/li>\n<li>Medidas de controle de seguran\u00e7a f\u00edsica: controle de acesso \u00e0s \u00e1reas de escrit\u00f3rio, armazenamento trancado de documentos e m\u00eddias de grava\u00e7\u00e3o, preven\u00e7\u00e3o de roubo de equipamentos e m\u00eddias.<\/li>\n<li>Medidas t\u00e9cnicas de controle de seguran\u00e7a: controle de acesso, grava\u00e7\u00e3o e an\u00e1lise de registros de acesso, medidas contra acesso n\u00e3o autorizado, comunica\u00e7\u00f5es criptografadas, atualiza\u00e7\u00f5es regulares de software.<\/li>\n<li>Compreens\u00e3o do ambiente externo: pa\u00edses estrangeiros (inclusive os Estados Unidos da Am\u00e9rica). Quando os dados s\u00e3o tratados em um pa\u00eds estrangeiro, o sistema de prote\u00e7\u00e3o de dados desse pa\u00eds \u00e9 compreendido e medidas de controle de seguran\u00e7a apropriadas s\u00e3o tomadas, por exemplo, por meio de contratos.<\/li>\n<\/ul>\n<h2>8. manuseio de informa\u00e7\u00f5es pessoais, cookies, etc.<\/h2>\n<p>Nosso site pode coletar cookies, endere\u00e7os IP, registros de acesso e outras informa\u00e7\u00f5es de identifica\u00e7\u00e3o pessoal para melhorar a usabilidade do site, analisar o uso e otimizar a entrega de an\u00fancios. Essas informa\u00e7\u00f5es, por si s\u00f3, n\u00e3o identificam clientes individuais, mas se forem combinadas com outras informa\u00e7\u00f5es para identificar clientes individuais, elas ser\u00e3o tratadas de acordo com esta Pol\u00edtica. Voc\u00ea pode se recusar a aceitar cookies por meio das configura\u00e7\u00f5es do seu navegador e, nesse caso, talvez n\u00e3o consiga usar determinadas fun\u00e7\u00f5es do nosso site.<\/p>\n<h2>9. solicita\u00e7\u00f5es de divulga\u00e7\u00e3o, corre\u00e7\u00e3o, suspens\u00e3o de uso, etc.<\/h2>\n<p>Voc\u00ea ou seu representante pode solicitar que a Empresa o notifique sobre a finalidade do uso, divulgue, corrija, adicione, exclua, pare de usar, pare de fornecer a terceiros ou divulgue registros de fornecimento a terceiros de dados pessoais mantidos pela Empresa, de acordo com a Lei de Prote\u00e7\u00e3o de Dados Pessoais.<\/p>\n<h3>9.1 Como fazer uma solicita\u00e7\u00e3o<\/h3>\n<p>As solicita\u00e7\u00f5es devem ser feitas por um dos m\u00e9todos a seguir. A Empresa responder\u00e1 \u00e0 solicita\u00e7\u00e3o em um per\u00edodo de tempo razo\u00e1vel ap\u00f3s verificar se a solicita\u00e7\u00e3o foi feita pela pessoa em quest\u00e3o ou por seu representante. Observe que uma taxa prescrita pode ser cobrada, a menos que seja exigido de outra forma por lei.<\/p>\n<ul>\n<li>E-mail: para o endere\u00e7o de contato fornecido no par\u00e1grafo 11.<\/li>\n<li>Nosso formul\u00e1rio de consulta prescrito:<a href=\"https:\/\/petair.jp\/pt\/contact\/\">https:\/\/petair.jp\/contact\/<\/a><\/li>\n<li>Por correio: para o endere\u00e7o de correspond\u00eancia indicado no par\u00e1grafo 11.<\/li>\n<\/ul>\n<p>Responderemos \u00e0 sua solicita\u00e7\u00e3o da maneira que preferir (por exemplo, por escrito, por e-mail ou nos dados eletr\u00f4nicos prescritos por n\u00f3s). Para melhorar a conveni\u00eancia da resposta \u00e0s solicita\u00e7\u00f5es, recomendamos que, em princ\u00edpio, as solicita\u00e7\u00f5es e respostas sejam feitas e respondidas por meios eletr\u00f4nicos.<\/p>\n<h2>10. o que fazer em caso de vazamento, etc.<\/h2>\n<p>Em caso de vazamento, perda, dano ou outra ocorr\u00eancia de dados pessoais tratados pela Empresa (doravante denominados \"vazamento, etc.\") Em caso de vazamento, perda, dano ou outro incidente com dados pessoais tratados pela Empresa (doravante denominados \"vazamento, etc.\"), a Empresa examinar\u00e1 imediatamente os fatos e tomar\u00e1 as medidas necess\u00e1rias para evitar a recorr\u00eancia, de acordo com a Lei de Prote\u00e7\u00e3o de Dados Pessoais e outras leis relevantes.<\/p>\n<p>Em particular, se houver risco de vazamento, etc., que se enquadre em qualquer uma das categorias a seguir, ser\u00e1 feito um relat\u00f3rio para a Comiss\u00e3o de Prote\u00e7\u00e3o de Dados Pessoais e o cliente ser\u00e1 notificado, de acordo com o Artigo 26 da Lei de Prote\u00e7\u00e3o de Dados Pessoais e seus regulamentos relacionados.<\/p>\n<ul>\n<li>Situa\u00e7\u00f5es que envolvem dados pessoais confidenciais.<\/li>\n<li>Situa\u00e7\u00e3o em que \u00e9 prov\u00e1vel que ocorram danos \u00e0 propriedade.<\/li>\n<li>Circunst\u00e2ncias em que h\u00e1 uma probabilidade de que o ato tenha sido realizado com um prop\u00f3sito fraudulento.<\/li>\n<li>O n\u00famero de clientes sujeitos a um vazamento, etc., excede 1.000.<\/li>\n<\/ul>\n<h2>11. detalhes de contato<\/h2>\n<p>Se tiver alguma d\u00favida sobre esta Pol\u00edtica ou sobre o tratamento que damos aos seus dados pessoais, ou se desejar fazer uma solicita\u00e7\u00e3o nos termos do par\u00e1grafo 9 acima, entre em contato conosco<\/p>\n<p>Gerente de Prote\u00e7\u00e3o de Dados Pessoais da PetAir Corporation<br \/>\nEndere\u00e7o: 2-45-2-3605 Minami Ikebukuro, Toshima-ku, T\u00f3quio 171-0022, Jap\u00e3o<br \/>\nTel: 03-4500-5308<br \/>\nFormul\u00e1rio de contato:<a href=\"https:\/\/petair.jp\/pt\/contact\/\">https:\/\/petair.jp\/contact\/<\/a><\/p>\n<h2>12. revis\u00f5es desta pol\u00edtica.<\/h2>\n<p>A Empresa poder\u00e1 revisar esta Pol\u00edtica em resposta a altera\u00e7\u00f5es de leis e regulamentos, mudan\u00e7as nas condi\u00e7\u00f5es sociais ou mudan\u00e7as no conte\u00fado de seus servi\u00e7os. A Pol\u00edtica revisada entrar\u00e1 em vigor a partir do momento em que for publicada no site da Empresa. Se fizermos quaisquer altera\u00e7\u00f5es que sejam importantes para voc\u00ea, n\u00f3s o notificaremos com anteced\u00eancia ou anunciaremos os detalhes e a data de vig\u00eancia das altera\u00e7\u00f5es de maneira razo\u00e1vel.<\/p>\n<p style=\"text-align: right;\">PetAir Inc.<\/p>","protected":false},"excerpt":{"rendered":"\u682a\u5f0f\u4f1a\u793ePetAir\uff08\u4ee5\u4e0b\u300c\u5f53\u793e\u300d\u3068\u3044\u3044\u307e\u3059\u3002\uff09\u306f\u3001\u304a\u5ba2\u69d8\u304b\u3089\u304a\u9810\u304b\u308a\u3059\u308b\u500b\u4eba\u60c5\u5831\u3092\u3001\u304a\u5ba2\u69d8\u3068\u305d\u306e\u3054\u5bb6\u65cf\u3067\u3042\u308b\u30da\u30c3\u30c8\u3092\u5b89\u5168\u306b\u304a\u5c4a\u3051\u3059\u308b\u305f\u3081\u306e\u5927\u5207\u306a\u4fe1\u983c\u306e\u8a3c\u3068\u8003\u3048\u3066\u3044\u307e\u3059\u3002\u5f53\u793e\u306f\u3001\u500b\u4eba\u60c5\u5831\u306e\u4fdd\u8b77\u306b\u95a2\u3059\u308b\u6cd5\u5f8b\uff08\u4ee5\u4e0b\u300c\u500b\u4eba\u60c5\u5831 [&hellip;]","protected":false},"author":1,"featured_media":0,"parent":0,"menu_order":0,"comment_status":"closed","ping_status":"open","template":"","meta":{"om_disable_all_campaigns":false,"_monsterinsights_skip_tracking":false,"_monsterinsights_sitenote_active":false,"_monsterinsights_sitenote_note":"","_monsterinsights_sitenote_category":0,"_uf_show_specific_survey":0,"_uf_disable_surveys":false,"footnotes":""},"class_list":["post-3","page","type-page","status-publish","hentry"],"aioseo_notices":[],"_links":{"self":[{"href":"https:\/\/petair.jp\/pt\/wp-json\/wp\/v2\/pages\/3","targetHints":{"allow":["GET"]}}],"collection":[{"href":"https:\/\/petair.jp\/pt\/wp-json\/wp\/v2\/pages"}],"about":[{"href":"https:\/\/petair.jp\/pt\/wp-json\/wp\/v2\/types\/page"}],"author":[{"embeddable":true,"href":"https:\/\/petair.jp\/pt\/wp-json\/wp\/v2\/users\/1"}],"replies":[{"embeddable":true,"href":"https:\/\/petair.jp\/pt\/wp-json\/wp\/v2\/comments?post=3"}],"version-history":[{"count":0,"href":"https:\/\/petair.jp\/pt\/wp-json\/wp\/v2\/pages\/3\/revisions"}],"wp:attachment":[{"href":"https:\/\/petair.jp\/pt\/wp-json\/wp\/v2\/media?parent=3"}],"curies":[{"name":"wp","href":"https:\/\/api.w.org\/{rel}","templated":true}]}}