{"id":2545,"date":"2025-06-19T20:01:04","date_gmt":"2025-06-19T11:01:04","guid":{"rendered":"https:\/\/petair.jp\/?page_id=2545"},"modified":"2025-06-19T20:01:04","modified_gmt":"2025-06-19T11:01:04","slug":"%e4%b8%96%e7%95%8c%e3%81%a8%e6%97%a5%e6%9c%ac%e3%82%92%e3%80%81%e6%84%9b%e3%81%99%e3%82%8b%e5%ae%b6%e6%97%8f%e3%81%a8%e5%85%b1%e3%81%ab%e3%81%a4%e3%81%aa%e3%81%90%e3%80%82","status":"publish","type":"page","link":"https:\/\/petair.jp\/pt\/%e4%b8%96%e7%95%8c%e3%81%a8%e6%97%a5%e6%9c%ac%e3%82%92%e3%80%81%e6%84%9b%e3%81%99%e3%82%8b%e5%ae%b6%e6%97%8f%e3%81%a8%e5%85%b1%e3%81%ab%e3%81%a4%e3%81%aa%e3%81%90%e3%80%82\/","title":{"rendered":"Conectando o mundo e o Jap\u00e3o com as fam\u00edlias que eles amam."},"content":{"rendered":"<p><!DOCTYPE html><br \/>\n<html lang=\"ja\"><br \/>\n<head><br \/>\n    <meta charset=\"UTF-8\"><br \/>\n    <meta name=\"viewport\" content=\"width=device-width, initial-scale=1.0\"><br \/>\n    <title>Sobre n\u00f3s<\/title>\n    <link rel=\"stylesheet\" href=\"style.css\">\n    <link rel=\"preconnect\" href=\"https:\/\/fonts.googleapis.com\">\n    <link rel=\"preconnect\" href=\"https:\/\/fonts.gstatic.com\" crossorigin>\n    <link href=\"https:\/\/fonts.googleapis.com\/css2?family=Cormorant+Garamond:wght@400;500;600;700&#038;family=Inter:wght@400;500&#038;display=swap\" rel=\"stylesheet\">\n<\/head><br \/>\n<body><\/p>\n<div class=\"main-container\">\n<p>        <main class=\"content-wrapper\"><\/p>\n<section class=\"lead-section\">\n<p>Aqueles que buscam um novo lugar no exterior. Para aqueles que est\u00e3o come\u00e7ando uma nova vida no Jap\u00e3o. E para aqueles que retornam \u00e0 sua amada terra natal.<\/p>\n<p>Atravessar fronteiras com seu amado animal de estima\u00e7\u00e3o. \u00c9 um passo cheio de grandes esperan\u00e7as para o futuro de sua fam\u00edlia. Ao mesmo tempo, por\u00e9m, \u00e9 acompanhado de uma imensa ansiedade.<\/p>\n<p>N\u00f3s, da PetAir Inc., somos uma empresa de servi\u00e7os de sa\u00fade,<strong>\"Do Jap\u00e3o para o mundo (exporta\u00e7\u00f5es)<\/strong>e<strong>'Do mundo para o Jap\u00e3o (importado)'<\/strong>e uma equipe de profissionais especializados em ambas as dire\u00e7\u00f5es.<\/p>\n<p>No centro de nossos servi\u00e7os est\u00e1 uma empresa reconhecida mundialmente<strong>Qualidade do Jap\u00e3o\".<\/strong>. \u00c9 mais do que apenas uma ag\u00eancia de procedimentos, \u00e9 uma aten\u00e7\u00e3o meticulosa aos detalhes, um gerenciamento completo da seguran\u00e7a e um profundo compromisso com o pr\u00f3prio cliente.<\/p>\n<\/section>\n<section class=\"strength-section\">\n<h2>Nossa for\u00e7a<\/h2>\n<p class=\"section-subtitle\">Por que escolher a PetAir?<\/p>\n<div class=\"strength-grid\">\n<div class=\"strength-item\">\n                        <span class=\"strength-number\">01<\/span><\/p>\n<h3>'Especialistas japoneses' familiarizados com as regulamenta\u00e7\u00f5es sobre importa\u00e7\u00f5es e exporta\u00e7\u00f5es.<\/h3>\n<p>As regras para o transporte internacional s\u00e3o muito diferentes de um pa\u00eds para outro. Como especialistas baseados no Jap\u00e3o, estamos familiarizados com ambos os conjuntos de regras. Se voc\u00ea estiver exportando do Jap\u00e3o ou importando para o Jap\u00e3o, podemos ajud\u00e1-lo em ambas as jornadas com o conhecimento certo.<\/p>\n<\/p><\/div>\n<div class=\"strength-item\">\n                        <span class=\"strength-number\">02<\/span><\/p>\n<h3>Um sistema completo de gerenciamento de seguran\u00e7a que incorpora a \"Qualidade do Jap\u00e3o\".<\/h3>\n<p>O pr\u00f3prio gerenciamento de processos \u00e9 considerado como \"qualidade\", e foi estabelecido um sistema de gerenciamento de seguran\u00e7a que tamb\u00e9m est\u00e1 de acordo com o esp\u00edrito japon\u00eas de fabrica\u00e7\u00e3o. Buscamos cientificamente a dupla verifica\u00e7\u00e3o de documentos, o gerenciamento de riscos e o bem-estar dos animais de estima\u00e7\u00e3o.<\/p>\n<\/p><\/div>\n<div class=\"strength-item\">\n                        <span class=\"strength-number\">03<\/span><\/p>\n<h3>Uma parceria bem ajustada que conecta cora\u00e7\u00f5es e mentes<\/h3>\n<p>Mesmo um sistema excelente n\u00e3o tem sentido sem um relacionamento sincero com o cliente. Com transpar\u00eancia para compartilhar o progresso de perto e um esp\u00edrito de hospitalidade que \u00e9 exclusivamente japon\u00eas, continuamos a ser um parceiro pr\u00f3ximo de nossos clientes.<\/p>\n<\/p><\/div>\n<\/p><\/div>\n<\/section>\n<section class=\"philosophy-section\">\n<div class=\"philosophy-content\">\n<div class=\"philosophy-text-wrapper\">\n<h2>Nossa filosofia<\/h2>\n<p class=\"section-subtitle\">Nosso ponto de partida<\/p>\n<p>'Os animais de estima\u00e7\u00e3o s\u00e3o membros preciosos da fam\u00edlia e o tempo que passam conosco \u00e9 insubstitu\u00edvel'. Valorizamos esse pensamento natural acima de tudo.<\/p>\n<p>Isso porque nosso neg\u00f3cio PetAir come\u00e7ou com um arrependimento doloroso que nosso pr\u00f3prio CEO havia experimentado no passado. Essa sensa\u00e7\u00e3o de impot\u00eancia e arrependimento \u00e9 nossa for\u00e7a motriz inabal\u00e1vel.<\/p>\n<p class=\"highlight-quote\">Entretanto, n\u00e3o somos uma empresa que se baseia apenas em seus \"sentimentos\" e \"paix\u00e3o\".<\/p>\n<p>Fomos al\u00e9m de nossas regras pessoais para garantir que ningu\u00e9m se sinta da mesma forma novamente,<span class=\"highlight\">Um \"mecanismo\" que \u00e9 objetivo, reproduz\u00edvel e n\u00e3o pode ser copiado por ningu\u00e9m.<\/span>criado.<\/p>\n<p>\u00c9 disso que nos orgulhamos: um sistema de gerenciamento de seguran\u00e7a completo que incorpora a Qualidade do Jap\u00e3o e o \"conhecimento especializado japon\u00eas\" que atende perfeitamente \u00e0s complexas regulamenta\u00e7\u00f5es de importa\u00e7\u00e3o e exporta\u00e7\u00e3o.<\/p>\n<p>isto (algo ou algu\u00e9m pr\u00f3ximo ao falante (incluindo o falante), ou ideias expressas pelo falante)<strong>\"Pensamentos apaixonados\" e \"mecanismos calmos<\/strong>Esse \u00e9 o cora\u00e7\u00e3o da PetAir e o motivo pelo qual estamos convencidos de que podemos ser seu \"primeiro e \u00fanico\" parceiro.<\/p>\n<\/p><\/div>\n<div class=\"philosophy-image-wrapper\">\n<div class=\"philosophy-image-bg\"><\/div>\n<p>                         <img decoding=\"async\" src=\"https:\/\/images.unsplash.com\/photo-1529429617124-95b109e86bb8?q=80&#038;w=2574&#038;auto=format&#038;fit=crop\" alt=\"Imagem que simboliza os pensamentos dos representantes.\">\n                    <\/div>\n<\/p><\/div>\n<\/section>\n<p>        <\/main><\/p>\n<footer class=\"site-footer\">\n<p>Que sua nova hist\u00f3ria com seu amado animal de estima\u00e7\u00e3o comece com o maior sorriso.<\/p>\n<p class=\"footer-brand\">PetAir Inc.<\/p>\n<\/footer><\/div>\n<p><\/body><br \/>\n<\/html><\/p>","protected":false},"excerpt":{"rendered":"About Us \u6d77\u5916\u3078\u65b0\u5929\u5730\u3092\u6c42\u3081\u308b\u65b9\u3002\u65b0\u3057\u304f\u65e5\u672c\u3067\u306e\u751f\u6d3b\u3092\u59cb\u3081\u308b\u65b9\u3002\u305d\u3057\u3066\u3001\u611b\u3059\u308b\u6545\u90f7\u3078\u623b\u3089\u308c\u308b\u65b9\u3078\u3002 \u611b\u3059\u308b\u30da\u30c3\u30c8\u3068\u5171\u306b\u56fd\u5883\u3092\u8d8a\u3048\u308b\u3002\u305d\u308c\u306f\u3001\u3054\u5bb6\u65cf\u306e\u672a\u6765\u306b\u3068\u3063\u3066\u3001\u5927\u304d\u306a\u5e0c\u671b\u306b\u6e80\u3061\u305f\u4e00\u6b69\u3067\u3059\u3002\u3057\u304b\u3057\u540c\u6642\u306b\u3001\u8a08\u308a\u77e5\u308c [&hellip;]","protected":false},"author":1,"featured_media":0,"parent":0,"menu_order":0,"comment_status":"closed","ping_status":"closed","template":"","meta":{"om_disable_all_campaigns":false,"_monsterinsights_skip_tracking":false,"_monsterinsights_sitenote_active":false,"_monsterinsights_sitenote_note":"","_monsterinsights_sitenote_category":0,"_uf_show_specific_survey":0,"_uf_disable_surveys":false,"footnotes":""},"class_list":["post-2545","page","type-page","status-publish","hentry"],"aioseo_notices":[],"_links":{"self":[{"href":"https:\/\/petair.jp\/pt\/wp-json\/wp\/v2\/pages\/2545","targetHints":{"allow":["GET"]}}],"collection":[{"href":"https:\/\/petair.jp\/pt\/wp-json\/wp\/v2\/pages"}],"about":[{"href":"https:\/\/petair.jp\/pt\/wp-json\/wp\/v2\/types\/page"}],"author":[{"embeddable":true,"href":"https:\/\/petair.jp\/pt\/wp-json\/wp\/v2\/users\/1"}],"replies":[{"embeddable":true,"href":"https:\/\/petair.jp\/pt\/wp-json\/wp\/v2\/comments?post=2545"}],"version-history":[{"count":0,"href":"https:\/\/petair.jp\/pt\/wp-json\/wp\/v2\/pages\/2545\/revisions"}],"wp:attachment":[{"href":"https:\/\/petair.jp\/pt\/wp-json\/wp\/v2\/media?parent=2545"}],"curies":[{"name":"wp","href":"https:\/\/api.w.org\/{rel}","templated":true}]}}