{"id":2119,"date":"2025-04-16T15:01:32","date_gmt":"2025-04-16T06:01:32","guid":{"rendered":"https:\/\/petair.jp\/?page_id=2119"},"modified":"2025-04-16T15:19:52","modified_gmt":"2025-04-16T06:19:52","slug":"japan-pet-agent","status":"publish","type":"page","link":"https:\/\/petair.jp\/pt\/japan-pet-agent\/","title":{"rendered":"Importa\u00e7\u00e3o\/Exporta\u00e7\u00e3o de animais de estima\u00e7\u00e3o do Jap\u00e3o para estrangeiros | PetAirJPN"},"content":{"rendered":"<p>&nbsp;<\/p>\n<header>\n<div class=\"container\">\n<h1>Bem-vindo ao PetAirJPN<\/h1>\n<p class=\"subtitle\">Seu parceiro confi\u00e1vel de transporte de animais de estima\u00e7\u00e3o &amp;. <strong>Agente de animais de estima\u00e7\u00e3o do Jap\u00e3o<\/strong><\/p>\n<\/div>\n<\/header>\n<p>&nbsp;<\/p>\n<section id=\"intro\">\n<h2>Mudan\u00e7a de seu animal de estima\u00e7\u00e3o para ou do Jap\u00e3o?<\/h2>\n<p>Voc\u00ea est\u00e1 planejando trazer seu amado c\u00e3o ou gato para o Jap\u00e3o? Ou talvez se mudando do Jap\u00e3o para outro pa\u00eds com seu companheiro peludo?<\/p>\n<p>A viagem internacional de animais de estima\u00e7\u00e3o envolve procedimentos complexos espec\u00edficos de cada pa\u00eds, incluindo os regulamentos exclusivos do Servi\u00e7o de Quarentena Animal do Jap\u00e3o. Navegar pelas informa\u00e7\u00f5es e preparar documentos em um idioma estrangeiro pode ser um fardo significativo para muitos donos de animais de estima\u00e7\u00e3o. Talvez voc\u00ea esteja procurando uma empresa confi\u00e1vel \"<strong>Agente de animais de estima\u00e7\u00e3o do Jap\u00e3o<\/strong>.\u201d<\/p>\n<p><strong>A PetAirJPN Co., Ltd. est\u00e1 aqui para ajudar.<\/strong> Somos uma ag\u00eancia especializada dedicada a aliviar suas preocupa\u00e7\u00f5es e fornecer suporte total para uma mudan\u00e7a internacional tranquila para seu animal de estima\u00e7\u00e3o.<\/p>\n<p><strong>Quer esteja se mudando permanentemente para o Jap\u00e3o com seu animal de estima\u00e7\u00e3o ou planejando uma visita, confie o processo \u00e0 PetAirJPN. Somos especializados em lidar com as complexidades para proporcionar uma viagem tranquila e sem preocupa\u00e7\u00f5es ao Jap\u00e3o para o membro peludo de sua fam\u00edlia.<\/strong><\/p>\n<\/section>\n<section id=\"why-petair\">\n<h2>Por que escolher a PetAirJPN?<\/h2>\n<p>Como l\u00edder <strong>Agente de animais de estima\u00e7\u00e3o do Jap\u00e3o<\/strong>A PetAirJPN \u00e9 especializada no transporte internacional de animais de estima\u00e7\u00e3o, possuindo ampla experi\u00eancia e conhecimento, especialmente no que diz respeito \u00e0 importa\u00e7\u00e3o\/exporta\u00e7\u00e3o. Entendemos os desafios e estamos preparados para ser seu parceiro confi\u00e1vel.<\/p>\n<p><strong>Com sede aqui mesmo no Jap\u00e3o, a PetAirJPN oferece uma experi\u00eancia inigual\u00e1vel.<\/strong> Nosso profundo conhecimento local das regulamenta\u00e7\u00f5es japonesas de quarentena, das complexidades da documenta\u00e7\u00e3o e dos procedimentos das companhias a\u00e9reas nos torna a melhor op\u00e7\u00e3o para garantir a realoca\u00e7\u00e3o segura e em conformidade de seu animal de estima\u00e7\u00e3o para o Jap\u00e3o. para garantir a realoca\u00e7\u00e3o segura e em conformidade de seu animal de estima\u00e7\u00e3o no Jap\u00e3o.<\/p>\n<ul>\n<li><strong>Conhecimento especializado e experi\u00eancia:.<\/strong> Conhecemos bem os requisitos do Servi\u00e7o de Quarentena de Animais do Jap\u00e3o (microchipagem, vacina\u00e7\u00e3o contra a raiva, testes de t\u00edtulo de anticorpos, per\u00edodos de espera, solicita\u00e7\u00f5es de quarentena de importa\u00e7\u00e3o, etc.), os requisitos do pa\u00eds de destino e os regulamentos das companhias a\u00e9reas. (microchipagem, vacinas antirr\u00e1bicas, testes de t\u00edtulo de anticorpos, per\u00edodos de espera, pedidos de quarentena de importa\u00e7\u00e3o, etc.), requisitos do pa\u00eds de destino e regulamentos das companhias a\u00e9reas.<\/li>\n<li><strong>Processo sem complica\u00e7\u00f5es:.<\/strong> Lidamos com tarefas complexas e demoradas, como prepara\u00e7\u00e3o de documentos, comunica\u00e7\u00e3o com as autoridades relevantes (Servi\u00e7o de Quarentena Animal, veterin\u00e1rios e veterin\u00e1rios) e procedimentos de solicita\u00e7\u00e3o, reduzindo significativamente sua carga de trabalho e estresse.<\/li>\n<li><strong>Seguran\u00e7a do animal de estima\u00e7\u00e3o em primeiro lugar:.<\/strong> A sa\u00fade e a seguran\u00e7a de seu animal de estima\u00e7\u00e3o s\u00e3o nossas principais prioridades. Propomos planos de transporte seguros que seguem rigorosamente as normas da IATA (Associa\u00e7\u00e3o Internacional de Transporte A\u00e9reo) e as leis japonesas. Propomos planos de transporte seguros que seguem rigorosamente as normas da IATA (Associa\u00e7\u00e3o Internacional de Transporte A\u00e9reo) e as leis japonesas.<\/li>\n<li><strong>Suporte personalizado:.<\/strong> Oferecemos planos personalizados com base em suas circunst\u00e2ncias individuais (objetivo da viagem, tempo, tipo e idade do animal de estima\u00e7\u00e3o, or\u00e7amento, etc.). Sinta-se \u00e0 vontade para nos consultar a qualquer momento com suas d\u00favidas.<\/li>\n<li><strong>(Opcional) Suporte em ingl\u00eas:.<\/strong> Podemos oferecer suporte em ingl\u00eas para preencher eventuais lacunas de comunica\u00e7\u00e3o.<\/li>\n<\/ul>\n<\/section>\n<section id=\"services\">\n<h2>Nossos servi\u00e7os abrangentes de realoca\u00e7\u00e3o de animais de estima\u00e7\u00e3o<\/h2>\n<p>Como seu dedicado <strong>Agente de animais de estima\u00e7\u00e3o do Jap\u00e3o<\/strong>Oferecemos os seguintes servi\u00e7os:.<\/p>\n<div class=\"service-category\">\n<h3>Suporte \u00e0 importa\u00e7\u00e3o de animais de estima\u00e7\u00e3o (no exterior \u2192 Jap\u00e3o)<\/h3>\n<ul>\n<li>Orienta\u00e7\u00e3o detalhada sobre as exig\u00eancias de importa\u00e7\u00e3o do Jap\u00e3o (microchip, vacinas antirr\u00e1bicas, teste de t\u00edtulo, per\u00edodo de espera, etc.).<\/li>\n<li>Prepara\u00e7\u00e3o e envio de um pedido de notifica\u00e7\u00e3o antecipada ao Servi\u00e7o de Quarentena Animal do Jap\u00e3o.<\/li>\n<li>Orienta\u00e7\u00e3o sobre os documentos necess\u00e1rios do pa\u00eds exportador (por exemplo, certificados de sa\u00fade).<\/li>\n<li>Suporte para a inspe\u00e7\u00e3o de importa\u00e7\u00e3o na chegada ao Jap\u00e3o.<\/li>\n<\/ul>\n<\/div>\n<div class=\"service-category\">\n<h3>Suporte \u00e0 exporta\u00e7\u00e3o de animais de estima\u00e7\u00e3o (Jap\u00e3o \u2192 Exterior)<\/h3>\n<ul>\n<li>Pesquisa e orienta\u00e7\u00e3o sobre os requisitos de importa\u00e7\u00e3o do pa\u00eds de destino.<\/li>\n<li>Assist\u00eancia na marca\u00e7\u00e3o de consultas veterin\u00e1rias para os tratamentos necess\u00e1rios (vacinas, microchip, etc.).<\/li>\n<li>Agendar a inspe\u00e7\u00e3o de exporta\u00e7\u00e3o com o Servi\u00e7o de Quarentena Animal e obter o certificado de quarentena de exporta\u00e7\u00e3o.<\/li>\n<li>Suporte com reservas de passagens a\u00e9reas e orienta\u00e7\u00e3o sobre requisitos de caixas de transporte.<\/li>\n<\/ul>\n<\/div>\n<div class=\"service-category\">\n<h3>Outro suporte<\/h3>\n<ul>\n<li>Assist\u00eancia na solicita\u00e7\u00e3o de licen\u00e7as de importa\u00e7\u00e3o para regi\u00f5es livres de raiva (por exemplo, Hava\u00ed, Guam).<\/li>\n<li>Coordena\u00e7\u00e3o com agentes de confian\u00e7a no exterior para suporte local.<\/li>\n<li>Organiza\u00e7\u00e3o de t\u00e1xis para animais dom\u00e9sticos ou instala\u00e7\u00f5es de embarque tempor\u00e1rio (servi\u00e7o opcional).<\/li>\n<\/ul>\n<\/div>\n<\/section>\n<section id=\"pricing\">\n<h2>Planos de pre\u00e7os<\/h2>\n<p>A PetAirJPN oferece tr\u00eas planos de servi\u00e7os b\u00e1sicos adaptados \u00e0s suas necessidades como l\u00edder <strong>Agente de animais de estima\u00e7\u00e3o do Jap\u00e3o<\/strong>. Nossos especialistas experientes o ajudar\u00e3o a escolher o melhor plano para voc\u00ea e seu precioso animal de estima\u00e7\u00e3o.<\/p>\n<p><strong>Entre em contato conosco hoje mesmo para uma consulta e or\u00e7amento gratuitos!<\/strong><\/p>\n<div class=\"pricing-container\">\n<div class=\"pricing-plan\">\n<h3>Plano A: Apoio \u00e0 exporta\u00e7\u00e3o (Jap\u00e3o \u2192 Exterior)<\/h3>\n<p class=\"price\">A partir de aprox. <strong>$870 USD<\/strong>*<\/p>\n<p class=\"plan-description\"><em>Ideal para clientes que est\u00e3o transferindo seus animais de estima\u00e7\u00e3o do Jap\u00e3o para outro pa\u00eds.<\/em><\/p>\n<h4>Principais servi\u00e7os inclu\u00eddos:.<\/h4>\n<ul>\n<li>Consulta a especialistas<\/li>\n<li>Verifica\u00e7\u00e3o da regulamenta\u00e7\u00e3o do pa\u00eds de destino<\/li>\n<li>Suporte ao planejamento do cronograma de viagens<\/li>\n<li>Prepara\u00e7\u00e3o e suporte de documentos<\/li>\n<li>Aplicativo de exporta\u00e7\u00e3o do Servi\u00e7o de Quarentena Animal<\/li>\n<li>Reserva e provid\u00eancias para inspe\u00e7\u00e3o de exporta\u00e7\u00e3o<\/li>\n<li>Solicita\u00e7\u00e3o de licen\u00e7a de pr\u00e9-exporta\u00e7\u00e3o (se necess\u00e1rio)<\/li>\n<\/ul>\n<\/div>\n<div class=\"pricing-plan\">\n<h3>Plano B: Suporte de ida e volta (Jap\u00e3o \u2194 Exterior)<\/h3>\n<p class=\"price\">A partir de aprox. <strong>$1.350 USD<\/strong>*<\/p>\n<p class=\"plan-description\"><em>Projetado para clientes que viajam com animais de estima\u00e7\u00e3o de\/para o Jap\u00e3o (por exemplo, estadias curtas, retornos tempor\u00e1rios).<\/em><\/p>\n<h4>Principais servi\u00e7os inclu\u00eddos:.<\/h4>\n<ul>\n<li>Consulta a especialistas<\/li>\n<li>Verifica\u00e7\u00e3o do regulamento do destino e do Jap\u00e3o<\/li>\n<li>Planejamento de viagens de ida e volta<\/li>\n<li>Prepara\u00e7\u00e3o e suporte de documentos (em ambos os sentidos)<\/li>\n<li>Aplicativos de exporta\u00e7\u00e3o e importa\u00e7\u00e3o do Servi\u00e7o de Quarentena Animal<\/li>\n<li>Registro de inspe\u00e7\u00e3o de exporta\u00e7\u00e3o e importa\u00e7\u00e3o<\/li>\n<li>Solicita\u00e7\u00e3o de licen\u00e7a de pr\u00e9-exporta\u00e7\u00e3o (se necess\u00e1rio)<\/li>\n<\/ul>\n<\/div>\n<div class=\"pricing-plan\">\n<h3>Plano C: Suporte \u00e0 importa\u00e7\u00e3o (no exterior \u2192 Jap\u00e3o)<\/h3>\n<p class=\"price\">A partir de aprox. <strong>$870 USD<\/strong>*<\/p>\n<p class=\"plan-description\"><em>Perfeito para clientes que trazem seus animais de estima\u00e7\u00e3o do exterior para o Jap\u00e3o.<\/em><\/p>\n<h4>Principais servi\u00e7os inclu\u00eddos:.<\/h4>\n<ul>\n<li>Consulta a especialistas<\/li>\n<li>Verifica\u00e7\u00e3o da regulamenta\u00e7\u00e3o de importa\u00e7\u00e3o do Jap\u00e3o<\/li>\n<li>Suporte ao planejamento do cronograma de viagens<\/li>\n<li>Prepara\u00e7\u00e3o e suporte de documentos (incluindo verifica\u00e7\u00e3o de documentos do pa\u00eds de origem)<\/li>\n<li>Solicita\u00e7\u00e3o de importa\u00e7\u00e3o do Servi\u00e7o de Quarentena Animal (notifica\u00e7\u00e3o antecipada)<\/li>\n<li>Reserva e provid\u00eancias para inspe\u00e7\u00e3o de importa\u00e7\u00e3o<\/li>\n<\/ul>\n<\/div>\n<\/div>\n<p class=\"price-note\">*Os pre\u00e7os em USD s\u00e3o estimativas baseadas em uma taxa de c\u00e2mbio aproximada (por exemplo, 1 USD \u2248 150 JPY) e est\u00e3o sujeitos a altera\u00e7\u00f5es sem aviso pr\u00e9vio. O faturamento final pode ser em JPY. Os pre\u00e7os n\u00e3o incluem impostos.<\/p>\n<\/section>\n<section id=\"discounts\">\n<h2>Descontos dispon\u00edveis<\/h2>\n<p>Aproveite nossas ofertas especiais (detalhes dispon\u00edveis mediante solicita\u00e7\u00e3o):.<\/p>\n<ul>\n<li><strong>Desconto para reservas antecipadas:.<\/strong> <strong>10% OFF<\/strong> a taxa b\u00e1sica para reservas feitas pelo menos 6 meses antes da data de partida programada.<\/li>\n<li><strong>Desconto para clientes recorrentes:.<\/strong> <strong>10% OFF<\/strong> a taxa b\u00e1sica para seu segundo uso e usos subsequentes de nossos servi\u00e7os.<\/li>\n<li><strong>Desconto para v\u00e1rios animais de estima\u00e7\u00e3o:.<\/strong> <strong>40% OFF<\/strong> a taxa b\u00e1sica para o segundo animal de estima\u00e7\u00e3o e os subsequentes que viajarem juntos (aplicam-se algumas exce\u00e7\u00f5es de pa\u00edses\/condi\u00e7\u00f5es).<\/li>\n<\/ul>\n<\/section>\n<section id=\"important-notes\">\n<h2>Informa\u00e7\u00f5es importantes sobre taxas<\/h2>\n<ul>\n<li>Os pre\u00e7os listados acima s\u00e3o **taxas iniciais** e podem variar de acordo com o pa\u00eds de destino, tipo\/ra\u00e7a do animal de estima\u00e7\u00e3o, n\u00famero de animais, complexidade dos procedimentos, etc. Todos os pre\u00e7os s\u00e3o **exclusivos de impostos**.<\/li>\n<li>As taxas **n\u00e3o incluem**: passagem a\u00e9rea (para animais de estima\u00e7\u00e3o e humanos), custos veterin\u00e1rios (exames, tratamentos, vacinas, microchipagem), custos reais de (por exemplo, selos\/taxas governamentais), custos de caixas de transporte, taxas\/impostos de importa\u00e7\u00e3o no pa\u00eds de destino ou servi\u00e7os opcionais da PetAirJPN (por exemplo, t\u00e1xi para animais de estima\u00e7\u00e3o).<\/li>\n<li>As taxas de servi\u00e7o geralmente s\u00e3o exigidas **pag\u00e1veis antecipadamente**.<\/li>\n<li>Os clientes geralmente s\u00e3o respons\u00e1veis pela reserva e compra de suas pr\u00f3prias passagens a\u00e9reas (consulte-nos se precisar de assist\u00eancia).<\/li>\n<li>Alguns pa\u00edses de destino podem exigir a legaliza\u00e7\u00e3o de documentos (por exemplo, Apostila ou autentica\u00e7\u00e3o pelo Minist\u00e9rio das Rela\u00e7\u00f5es Exteriores do Jap\u00e3o), o que pode incorrer em taxas adicionais e tempo de processamento. Alguns pa\u00edses de destino podem exigir a legaliza\u00e7\u00e3o do documento (por exemplo, Apostila ou autentica\u00e7\u00e3o pelo Minist\u00e9rio das Rela\u00e7\u00f5es Exteriores do Jap\u00e3o), o que pode incorrer em taxas adicionais e tempo de processamento.<\/li>\n<li><strong>[Crucial].<\/strong> As regulamenta\u00e7\u00f5es e os documentos exigidos para quarentena de animais e importa\u00e7\u00e3o\/exporta\u00e7\u00e3o podem mudar com frequ\u00eancia e sem aviso pr\u00e9vio. Sempre confirme as informa\u00e7\u00f5es mais recentes com as autoridades relevantes (Servi\u00e7o de Quarentena de Animais do Jap\u00e3o e as autoridades de seu pa\u00eds de origem\/destino). Sempre confirme as informa\u00e7\u00f5es mais recentes com as autoridades competentes (Servi\u00e7o de Quarentena de Animais do Jap\u00e3o e as autoridades do seu pa\u00eds de origem\/destino) e planeje com bastante anteced\u00eancia.<\/li>\n<\/ul>\n<\/section>\n<section id=\"cta\">\n<section id=\"cta\">\n<h2>Deixe a PetAirJPN cuidar da mudan\u00e7a de seu animal de estima\u00e7\u00e3o<\/h2>\n<p>N\u00e3o deixe que as barreiras lingu\u00edsticas ou os procedimentos complexos o deixem desanimado. Confie no PetAirJPN, seu profissional <strong>Agente de animais de estima\u00e7\u00e3o do Jap\u00e3o<\/strong>Estamos empenhados em garantir que seu amado animal de estima\u00e7\u00e3o se junte a voc\u00ea com seguran\u00e7a e tranquilidade em seu novo local.<\/p>\n<p><strong>Entre em contato conosco hoje mesmo para obter uma consulta gratuita e uma cota\u00e7\u00e3o personalizada!<\/strong><\/p>\n<div class=\"cta-buttons-container\"><a class=\"cta-button email-button\" href=\"mailto:estimate@petair.jp\"><span class=\"button-icon\">\ud83d\udce7<\/span> Solicite uma consulta por e-mail<br \/>\n<\/a><br \/>\n<a class=\"cta-button line-button\" href=\"https:\/\/page.line.me\/petairjpn\" target=\"_blank\" rel=\"noopener noreferrer\"><span class=\"button-icon\">\ud83d\udcf1<\/span> Solicita\u00e7\u00e3o de consulta via LINE<\/a><span style=\"font-size: 14px;\">\u00a0<\/span><\/div>\n<\/section>\n<\/section>","protected":false},"excerpt":{"rendered":"&nbsp; Welcome to PetAirJPN Your Trusted Pet Shipping Partner &amp; Japan Pet Agent &nbsp; Moving Your Pet To  [&hellip;]","protected":false},"author":1,"featured_media":0,"parent":0,"menu_order":0,"comment_status":"closed","ping_status":"closed","template":"","meta":{"om_disable_all_campaigns":false,"_monsterinsights_skip_tracking":false,"_monsterinsights_sitenote_active":false,"_monsterinsights_sitenote_note":"","_monsterinsights_sitenote_category":0,"_uf_show_specific_survey":0,"_uf_disable_surveys":false,"footnotes":""},"class_list":["post-2119","page","type-page","status-publish","hentry"],"aioseo_notices":[],"_links":{"self":[{"href":"https:\/\/petair.jp\/pt\/wp-json\/wp\/v2\/pages\/2119","targetHints":{"allow":["GET"]}}],"collection":[{"href":"https:\/\/petair.jp\/pt\/wp-json\/wp\/v2\/pages"}],"about":[{"href":"https:\/\/petair.jp\/pt\/wp-json\/wp\/v2\/types\/page"}],"author":[{"embeddable":true,"href":"https:\/\/petair.jp\/pt\/wp-json\/wp\/v2\/users\/1"}],"replies":[{"embeddable":true,"href":"https:\/\/petair.jp\/pt\/wp-json\/wp\/v2\/comments?post=2119"}],"version-history":[{"count":0,"href":"https:\/\/petair.jp\/pt\/wp-json\/wp\/v2\/pages\/2119\/revisions"}],"wp:attachment":[{"href":"https:\/\/petair.jp\/pt\/wp-json\/wp\/v2\/media?parent=2119"}],"curies":[{"name":"wp","href":"https:\/\/api.w.org\/{rel}","templated":true}]}}