{"id":1603,"date":"2024-12-17T19:03:24","date_gmt":"2024-12-17T10:03:24","guid":{"rendered":"https:\/\/petair.jp\/?page_id=1603"},"modified":"2025-11-25T12:13:45","modified_gmt":"2025-11-25T03:13:45","slug":"partner","status":"publish","type":"page","link":"https:\/\/petair.jp\/pt\/partner\/","title":{"rendered":"Procura-se parceiros de alian\u00e7a"},"content":{"rendered":"<p style=\"text-align: center;\"><span style=\"font-size: 19.6px; font-weight: 600;\">Para proporcionar aos animais de estima\u00e7\u00e3o e suas fam\u00edlias a \"melhor experi\u00eancia de viagem poss\u00edvel<\/span><\/p>\n<div class=\"partner-recruitment\">\n<div class=\"hero-section\">\n<p>A PetAir JPN est\u00e1 procurando parceiros comerciais que possam crescer junto conosco para criar um futuro em que os animais de estima\u00e7\u00e3o e suas fam\u00edlias possam \"passar tempo juntos com seguran\u00e7a em qualquer lugar do mundo\".<\/p>\n<p>Estamos ansiosos para receber empresas e empreendedores individuais que compartilham nossos objetivos e est\u00e3o dispostos a expandir novas possibilidades junto conosco.<\/p>\n<\/div>\n<div class=\"content-section\">\n<h3 class=\"sub-title\" style=\"text-align: center;\">Objetivos da parceria<\/h3>\n<div class=\"text-block\">\n<p>Nossa miss\u00e3o \u00e9 fornecer solu\u00e7\u00f5es flex\u00edveis e abrangentes para os diversos desafios e necessidades relacionados ao transporte de animais de estima\u00e7\u00e3o.<\/p>\n<p>Ao trabalhar com nossos parceiros comerciais, podemos oferecer um servi\u00e7o de qualidade ainda maior e ajudar os animais de estima\u00e7\u00e3o e suas fam\u00edlias a dar um novo passo \u00e0 frente com tranquilidade.<\/p>\n<\/div>\n<\/div>\n<div class=\"content-section bg-light\">\n<h3 class=\"sub-title\" style=\"text-align: center;\">Opini\u00f5es da PetAir JPN<\/h3>\n<blockquote class=\"mission-statement\"><p>Seu animal de estima\u00e7\u00e3o \u00e9 um membro importante de sua fam\u00edlia.\"<\/p><\/blockquote>\n<div class=\"text-block\">\n<p>Com isso em mente, apoiamos o transporte internacional seguro e confort\u00e1vel de animais de estima\u00e7\u00e3o. Nosso papel \u00e9 proporcionar tranquilidade e confiabilidade, mesmo diante de procedimentos complexos de transporte e requisitos de quarentena.<\/p>\n<p>Para isso, s\u00e3o essenciais parcerias s\u00f3lidas que nos permitam crescer juntos.<\/p>\n<\/div>\n<\/div>\n<div class=\"content-section\">\n<h3 class=\"sub-title\" style=\"text-align: center;\">Estamos buscando parceiros como<\/h3>\n<ul class=\"feature-list\">\n<li>Pessoas que podem trabalhar juntas para crescer e criar novos valores.<\/li>\n<li>Aqueles que buscam novas oportunidades de neg\u00f3cios em transporte de animais de estima\u00e7\u00e3o e log\u00edstica internacional.<\/li>\n<li>Empresas e neg\u00f3cios que podem nos ajudar a melhorar a satisfa\u00e7\u00e3o do cliente.<\/li>\n<\/ul>\n<p class=\"note\">Qualquer setor ou tipo de neg\u00f3cio \u00e9 bem-vindo. Estamos ansiosos para ouvir todos que queiram trabalhar conosco para expandir e desenvolver nossos neg\u00f3cios para o benef\u00edcio de seus amados animais de estima\u00e7\u00e3o e suas fam\u00edlias.<\/p>\n<\/div>\n<div class=\"benefits-section bg-light\">\n<h3 class=\"sub-title\" style=\"text-align: center;\">Benef\u00edcios das parcerias<\/h3>\n<div class=\"benefits-container\">\n<div class=\"benefit-card\">\n<h4 class=\"benefit-title\">Cria\u00e7\u00e3o de novas oportunidades de neg\u00f3cios<\/h4>\n<p>Por meio da parceria, ambas as partes podem utilizar os pontos fortes uma da outra para alcan\u00e7ar a expans\u00e3o dos neg\u00f3cios.<\/p>\n<\/div>\n<div class=\"benefit-card\">\n<h4 class=\"benefit-title\">Compartilhamento de conhecimento especializado<\/h4>\n<p>O conhecimento e a experi\u00eancia da PetAir JPN em transporte internacional e quarentena s\u00e3o compartilhados para apoiar a efici\u00eancia operacional.<\/p>\n<\/div>\n<div class=\"benefit-card\">\n<h4 class=\"benefit-title\">Fornecimento de valor agregado aos clientes<\/h4>\n<p>Juntos, nosso objetivo \u00e9 aumentar o valor da marca, fornecendo servi\u00e7os seguros e protegidos aos nossos clientes.<\/p>\n<\/div>\n<\/div>\n<\/div>\n<div class=\"content-section\">\n<h3 class=\"sub-title\" style=\"text-align: center;\">Prezados agentes no exterior.<\/h3>\n<div class=\"text-block\">\n<p>A PetAir JPN est\u00e1 buscando ativamente parcerias com agentes estrangeiros de todo o mundo.<\/p>\n<p>Ao trabalhar com agentes no exterior que est\u00e3o familiarizados com as regulamenta\u00e7\u00f5es e os procedimentos de cada pa\u00eds, \u00e9 poss\u00edvel fornecer um servi\u00e7o de transporte internacional de animais de estima\u00e7\u00e3o de alta qualidade e sem interrup\u00e7\u00f5es.<\/p>\n<p>Juntos, podemos alcan\u00e7ar a seguran\u00e7a e a satisfa\u00e7\u00e3o de nossos clientes, criando relacionamentos de confian\u00e7a que transcendem as fronteiras nacionais.<\/p>\n<\/div>\n<\/div>\n<div class=\"process-section bg-light\">\n<h3 class=\"sub-title\">O processo de parceria<\/h3>\n<ol class=\"process-steps\">\n<li><span class=\"step-number\">01<\/span> Consultas e solicita\u00e7\u00f5es<\/li>\n<li><span class=\"step-number\">02<\/span> Reuni\u00f5es (presenciais\/on-line)<\/li>\n<li><span class=\"step-number\">03<\/span> Considera\u00e7\u00e3o do conte\u00fado da parceria<\/li>\n<li><span class=\"step-number\">04<\/span> celebra\u00e7\u00e3o de um contrato<\/li>\n<li><span class=\"step-number\">05<\/span> Treinamento e suporte<\/li>\n<li><span class=\"step-number\">06<\/span> In\u00edcio das opera\u00e7\u00f5es<\/li>\n<\/ol>\n<\/div>\n<div class=\"cta-section\">\n<p>Estamos ansiosos por uma nova parceria com voc\u00ea. N\u00e3o hesite em entrar em contato conosco.<\/p>\n<\/div>\n<div class=\"form-container\"><script type=\"text\/javascript\" src=\"https:\/\/form.jotform.com\/jsform\/251701915086456\"><\/script><\/div>\n<\/section>\n<\/div>\n<\/div>","protected":false},"excerpt":{"rendered":"\u30da\u30c3\u30c8\u3068\u305d\u306e\u5bb6\u65cf\u306b\u300c\u6700\u9ad8\u306e\u79fb\u52d5\u4f53\u9a13\u300d\u3092\u63d0\u4f9b\u3059\u308b\u305f\u3081\u306b PetAir JPN\u306f\u3001\u30da\u30c3\u30c8\u3068\u305d\u306e\u3054\u5bb6\u65cf\u304c\u300c\u4e16\u754c\u4e2d\u3069\u3053\u3078\u3067\u3082\u5b89\u5fc3\u3057\u3066\u4e00\u7dd2\u306b\u904e\u3054\u305b\u308b\u300d\u672a\u6765\u3092\u5275\u308b\u305f\u3081\u3001\u5171\u306b\u6210\u9577\u3057\u3066\u3044\u305f\u3060\u3051\u308b\u30d3\u30b8\u30cd\u30b9\u30d1\u30fc\u30c8\u30ca\u30fc\u3092\u52df\u96c6\u3057\u3066\u3044\u307e\u3059\u3002 \u79c1\u305f [&hellip;]","protected":false},"author":1,"featured_media":0,"parent":0,"menu_order":0,"comment_status":"closed","ping_status":"closed","template":"","meta":{"om_disable_all_campaigns":false,"_monsterinsights_skip_tracking":false,"_monsterinsights_sitenote_active":false,"_monsterinsights_sitenote_note":"","_monsterinsights_sitenote_category":0,"_uf_show_specific_survey":0,"_uf_disable_surveys":false,"footnotes":""},"class_list":["post-1603","page","type-page","status-publish","hentry"],"aioseo_notices":[],"_links":{"self":[{"href":"https:\/\/petair.jp\/pt\/wp-json\/wp\/v2\/pages\/1603","targetHints":{"allow":["GET"]}}],"collection":[{"href":"https:\/\/petair.jp\/pt\/wp-json\/wp\/v2\/pages"}],"about":[{"href":"https:\/\/petair.jp\/pt\/wp-json\/wp\/v2\/types\/page"}],"author":[{"embeddable":true,"href":"https:\/\/petair.jp\/pt\/wp-json\/wp\/v2\/users\/1"}],"replies":[{"embeddable":true,"href":"https:\/\/petair.jp\/pt\/wp-json\/wp\/v2\/comments?post=1603"}],"version-history":[{"count":0,"href":"https:\/\/petair.jp\/pt\/wp-json\/wp\/v2\/pages\/1603\/revisions"}],"wp:attachment":[{"href":"https:\/\/petair.jp\/pt\/wp-json\/wp\/v2\/media?parent=1603"}],"curies":[{"name":"wp","href":"https:\/\/api.w.org\/{rel}","templated":true}]}}