{"id":151,"date":"2024-08-29T10:15:42","date_gmt":"2024-08-29T01:15:42","guid":{"rendered":"https:\/\/petair.jp\/?page_id=151"},"modified":"2025-06-19T20:28:49","modified_gmt":"2025-06-19T11:28:49","slug":"about","status":"publish","type":"page","link":"https:\/\/petair.jp\/pt\/about\/","title":{"rendered":"Sobre a PetAir JPN"},"content":{"rendered":"<section class=\"pa-lead\">Aqueles que buscam um novo lugar no exterior. Para aqueles que est\u00e3o come\u00e7ando uma nova vida no Jap\u00e3o. E para aqueles que retornam \u00e0 sua amada terra natal.<\/p>\n<p>Atravessar fronteiras com seu amado animal de estima\u00e7\u00e3o. \u00c9 um passo cheio de grandes esperan\u00e7as para o futuro de sua fam\u00edlia. Ao mesmo tempo, por\u00e9m, \u00e9 acompanhado de uma imensa ansiedade.<\/p>\n<p>N\u00f3s, da PetAir Inc., somos uma empresa de servi\u00e7os de sa\u00fade,<strong>\"Do Jap\u00e3o para o mundo (exporta\u00e7\u00f5es)<\/strong>e<strong>'Do mundo para o Jap\u00e3o (importado)'<\/strong>e uma equipe de profissionais especializados em ambas as dire\u00e7\u00f5es.<\/p>\n<p>No centro de nossos servi\u00e7os est\u00e1 uma empresa reconhecida mundialmente<strong>Qualidade do Jap\u00e3o\".<\/strong>. \u00c9 mais do que apenas uma ag\u00eancia de procedimentos, \u00e9 uma aten\u00e7\u00e3o meticulosa aos detalhes, um gerenciamento completo da seguran\u00e7a e um profundo compromisso com o pr\u00f3prio cliente.<\/p>\n<\/section>\n<section class=\"pa-strength\">\n<h2 class=\"pa-section-title\">Nossa for\u00e7a<\/h2>\n<p class=\"pa-section-subtitle\">Por que escolher a PetAir?<\/p>\n<div class=\"pa-strength-grid\">\n<div class=\"pa-strength-card\"><span class=\"pa-strength-number\">01<\/span><\/p>\n<h3>'Especialistas japoneses' familiarizados com as regulamenta\u00e7\u00f5es sobre importa\u00e7\u00f5es e exporta\u00e7\u00f5es.<\/h3>\n<p>Um entendimento completo das regras complexas que variam de destino para destino. Especialistas familiarizados com o rigoroso sistema de quarentena do Jap\u00e3o e com as diversas exig\u00eancias de cada pa\u00eds podem lhe fornecer um plano confi\u00e1vel.<\/p>\n<\/div>\n<div class=\"pa-strength-card\"><span class=\"pa-strength-number\">02<\/span><\/p>\n<h3>Processos completos de gerenciamento de riscos e conformidade legal<\/h3>\n<p>Desde um sistema de dupla verifica\u00e7\u00e3o de documentos para evitar erros humanos at\u00e9 protocolos de resposta para eventos imprevistos. O sistema foi projetado para garantir a conformidade com leis e regulamentos e eliminar poss\u00edveis riscos.<\/p>\n<\/div>\n<div class=\"pa-strength-card\"><span class=\"pa-strength-number\">03<\/span><\/p>\n<h3>O bem-estar dos animais de estima\u00e7\u00e3o \u00e9 prioridade m\u00e1xima<\/h3>\n<p>Somos profissionais de transporte e especialistas em bem-estar animal. Com base no conhecimento veterin\u00e1rio, damos prioridade m\u00e1xima \u00e0 individualidade e \u00e0 sa\u00fade de cada animal e \u00e0 minimiza\u00e7\u00e3o do estresse f\u00edsico e mental.<\/p>\n<\/div>\n<div class=\"pa-strength-card\"><span class=\"pa-strength-number\">04<\/span><\/p>\n<h3>Uma parceria bem ajustada que conecta cora\u00e7\u00f5es e mentes<\/h3>\n<p>N\u00e3o somos apenas uma ag\u00eancia, mas um parceiro que acompanha as preocupa\u00e7\u00f5es dos clientes. N\u00f3s o acompanhamos at\u00e9 o momento da reuni\u00e3o com transpar\u00eancia para compartilhar o progresso de perto e com um esp\u00edrito de hospitalidade que \u00e9 exclusivamente japon\u00eas.<\/p>\n<\/div>\n<\/div>\n<\/section>\n<section class=\"pa-philosophy\">\n<div class=\"pa-philosophy-content\">\n<div class=\"pa-philosophy-image\"><img decoding=\"async\" src=\"https:\/\/petair.jp\/wp-content\/uploads\/2024\/12\/352097-702x1024.jpg\" alt=\"Imagem que simboliza os pensamentos dos representantes.\" \/><\/div>\n<div class=\"pa-philosophy-text\">\n<h2 class=\"pa-section-title left-align\">Nossa filosofia<\/h2>\n<p class=\"pa-section-subtitle left-align\">Nosso ponto de partida<\/p>\n<p>'Os animais de estima\u00e7\u00e3o s\u00e3o membros preciosos da fam\u00edlia e o tempo que passam conosco \u00e9 insubstitu\u00edvel'. Valorizamos esse pensamento natural acima de tudo.<\/p>\n<p>Isso porque nosso neg\u00f3cio PetAir come\u00e7ou com um arrependimento doloroso que nosso pr\u00f3prio CEO havia experimentado no passado. Essa sensa\u00e7\u00e3o de impot\u00eancia e arrependimento \u00e9 nossa for\u00e7a motriz inabal\u00e1vel.<\/p>\n<p class=\"pa-highlight-quote\">Entretanto, n\u00e3o somos uma empresa que se baseia apenas em seus \"sentimentos\" e \"paix\u00e3o\".<\/p>\n<p>Fomos al\u00e9m de nossas regras pessoais para garantir que ningu\u00e9m se sinta da mesma forma novamente,<span class=\"pa-highlight-text\">\"Mecanismo\" objetivo e confi\u00e1vel.<\/span>criado.<\/p>\n<p>\u00c9 disso que nos orgulhamos: um sistema de gerenciamento de seguran\u00e7a completo que incorpora a Qualidade do Jap\u00e3o e o \"conhecimento especializado japon\u00eas\" que atende perfeitamente \u00e0s complexas regulamenta\u00e7\u00f5es de importa\u00e7\u00e3o e exporta\u00e7\u00e3o.<\/p>\n<p>isto (algo ou algu\u00e9m pr\u00f3ximo ao falante (incluindo o falante), ou ideias expressas pelo falante)<strong>\"Pensamentos apaixonados\" e \"mecanismos calmos<\/strong>Esse \u00e9 o cora\u00e7\u00e3o da PetAir e o motivo pelo qual estamos convencidos de que podemos ser seu \"primeiro e \u00fanico\" parceiro.<\/p>\n<\/div>\n<\/div>\n<\/section>\n<section class=\"pa-cta\">\n<div class=\"pa-cta-content\">\n<h2 class=\"pa-cta-title\">Viajar para o exterior com animais de estima\u00e7\u00e3o,<br class=\"sp-only\" \/>Est\u00e1 se perguntando por onde come\u00e7ar?<\/h2>\n<p class=\"pa-cta-subtitle\" style=\"text-align: center;\">Por que n\u00e3o come\u00e7ar discutindo suas preocupa\u00e7\u00f5es com a equipe de especialistas da PetAir JPN on-line?<br \/>\nAt\u00e9 mesmo as perguntas mais triviais ser\u00e3o respondidas em detalhes.<\/p>\n<div class=\"pa-cta-body-center\">\n<p class=\"pa-cta-merit-title\">O que voc\u00ea pode fazer quando adiciona um amigo<\/p>\n<ul>\n<li>Consulta gratuita (bate-papo) com a equipe de especialistas<\/li>\n<li>Consulta on-line gratuita<\/li>\n<li>Prepara\u00e7\u00e3o gratuita de cota\u00e7\u00f5es<\/li>\n<\/ul>\n<p><a class=\"pa-cta-button\" href=\"https:\/\/page.line.me\/petairjpn\" target=\"_blank\" rel=\"noopener noreferrer\">Clique aqui para uma consulta r\u00e1pida e gratuita de um minuto<br \/>\n<\/a><\/p>\n<p class=\"pa-cta-notice\">*N\u00e3o h\u00e1 vendedores insistentes. Fique \u00e0 vontade para entrar em contato conosco com confian\u00e7a.<\/p>\n<\/div>\n<\/div>\n<\/section>\n<footer class=\"pa-footer\">Que sua nova hist\u00f3ria com seu amado animal de estima\u00e7\u00e3o comece com o maior sorriso.<\/p>\n<p class=\"pa-footer-brand\">PetAir JPN<\/p>\n<\/footer>","protected":false},"excerpt":{"rendered":"\u6d77\u5916\u3078\u65b0\u5929\u5730\u3092\u6c42\u3081\u308b\u65b9\u3002\u65b0\u3057\u304f\u65e5\u672c\u3067\u306e\u751f\u6d3b\u3092\u59cb\u3081\u308b\u65b9\u3002\u305d\u3057\u3066\u3001\u611b\u3059\u308b\u6545\u90f7\u3078\u623b\u3089\u308c\u308b\u65b9\u3078\u3002 \u611b\u3059\u308b\u30da\u30c3\u30c8\u3068\u5171\u306b\u56fd\u5883\u3092\u8d8a\u3048\u308b\u3002\u305d\u308c\u306f\u3001\u3054\u5bb6\u65cf\u306e\u672a\u6765\u306b\u3068\u3063\u3066\u3001\u5927\u304d\u306a\u5e0c\u671b\u306b\u6e80\u3061\u305f\u4e00\u6b69\u3067\u3059\u3002\u3057\u304b\u3057\u540c\u6642\u306b\u3001\u8a08\u308a\u77e5\u308c\u306a\u3044\u3054\u4e0d\u5b89\u304c\u4f34\u3044\u307e [&hellip;]","protected":false},"author":3,"featured_media":0,"parent":0,"menu_order":0,"comment_status":"closed","ping_status":"closed","template":"","meta":{"om_disable_all_campaigns":false,"_monsterinsights_skip_tracking":false,"_monsterinsights_sitenote_active":false,"_monsterinsights_sitenote_note":"","_monsterinsights_sitenote_category":0,"_uf_show_specific_survey":0,"_uf_disable_surveys":false,"footnotes":""},"class_list":["post-151","page","type-page","status-publish","hentry"],"aioseo_notices":[],"_links":{"self":[{"href":"https:\/\/petair.jp\/pt\/wp-json\/wp\/v2\/pages\/151","targetHints":{"allow":["GET"]}}],"collection":[{"href":"https:\/\/petair.jp\/pt\/wp-json\/wp\/v2\/pages"}],"about":[{"href":"https:\/\/petair.jp\/pt\/wp-json\/wp\/v2\/types\/page"}],"author":[{"embeddable":true,"href":"https:\/\/petair.jp\/pt\/wp-json\/wp\/v2\/users\/3"}],"replies":[{"embeddable":true,"href":"https:\/\/petair.jp\/pt\/wp-json\/wp\/v2\/comments?post=151"}],"version-history":[{"count":0,"href":"https:\/\/petair.jp\/pt\/wp-json\/wp\/v2\/pages\/151\/revisions"}],"wp:attachment":[{"href":"https:\/\/petair.jp\/pt\/wp-json\/wp\/v2\/media?parent=151"}],"curies":[{"name":"wp","href":"https:\/\/api.w.org\/{rel}","templated":true}]}}