{"id":1178,"date":"2024-10-03T15:18:24","date_gmt":"2024-10-03T06:18:24","guid":{"rendered":"https:\/\/petair.jp\/?page_id=1178"},"modified":"2026-04-02T12:09:00","modified_gmt":"2026-04-02T03:09:00","slug":"recruit","status":"publish","type":"page","link":"https:\/\/petair.jp\/pt\/recruit\/","title":{"rendered":"RECRUTAMENTO"},"content":{"rendered":"<div class=\"recruit-section\">\n<h1>Procura-se equipe terceirizada e em tempo integral!<\/h1>\n<p>Voc\u00ea tem interesse em trabalhar com animais de estima\u00e7\u00e3o e suas fam\u00edlias, enviando-os para o mundo e apoiando-os em suas novas vidas?<br \/>\nNossa empresa oferece suporte abrangente para importa\u00e7\u00f5es e exporta\u00e7\u00f5es de animais de estima\u00e7\u00e3o para aqueles que viajam com seus animais de estima\u00e7\u00e3o, seja para emigra\u00e7\u00e3o ou viagens de neg\u00f3cios de longo prazo no exterior.<br \/>\nCriar um sistema de suporte mais abrangente diante de muitas solicita\u00e7\u00f5es<strong>equipe permanente<\/strong>e<br \/>\n<strong>equipe terceirizada<\/strong>O novo processo de recrutamento est\u00e1 aberto para as seguintes pessoas.<\/p>\n<div class=\"highlight\">\n<p>\"Quero usar minhas habilidades em ingl\u00eas\", \"Quero trabalhar com animais de estima\u00e7\u00e3o\", \"Quero crescer e abrir uma nova carreira<br \/>\nNosso ambiente \u00e9 perfeito para essas pessoas.<strong>Sistema de suporte, mesmo que voc\u00ea n\u00e3o tenha experi\u00eancia no neg\u00f3cio<\/strong>s\u00e3o bem-vindos se estiverem dispostos e puderem trabalhar nisso.<br \/>\nJuntos, podemos ser uma ponte entre o mundo e os animais de estima\u00e7\u00e3o.<\/p>\n<\/div>\n<h2>[Descri\u00e7\u00e3o do neg\u00f3cio.<\/h2>\n<ul>\n<li>Documenta\u00e7\u00e3o e pesquisa relacionadas a importa\u00e7\u00f5es e exporta\u00e7\u00f5es de animais de estima\u00e7\u00e3o<\/li>\n<li>Diversos registros de dados e suporte por e-mail<\/li>\n<li>Correspond\u00eancia com escrit\u00f3rios de quarentena de animais e autoridades relevantes<\/li>\n<li>Documentos internacionais e correspond\u00eancia com clientes (em ingl\u00eas)<\/li>\n<\/ul>\n<p>Principalmente trabalho em mesa com PCs,<strong>Suporte ao trabalho remoto<\/strong>Tamb\u00e9m dispon\u00edvel. Voc\u00ea pode usar seus conhecimentos de ingl\u00eas enquanto incentiva os sonhos de pessoas que vivem com animais de estima\u00e7\u00e3o.<br \/>\n\u00c9 uma posi\u00e7\u00e3o desafiadora.<\/p>\n<h2>[Atra\u00e7\u00e3o para trabalhar para n\u00f3s.<\/h2>\n<ul>\n<li>Discri\u00e7\u00e3o desde o in\u00edcio,<strong>aprimoramento da carreira<\/strong>ambiente prop\u00edcio para<\/li>\n<li>Trabalho internacional gratificante para amantes de animais de estima\u00e7\u00e3o<\/li>\n<li><strong>Trabalho remoto e sistemas de trabalho flex\u00edveis<\/strong>Como trabalhar de acordo com seu estilo de vida em<\/li>\n<li>H\u00e1 tamb\u00e9m um sistema de comiss\u00e3o baseado no desempenho,<strong>aumento da renda<\/strong>(ter) olhos em<\/li>\n<\/ul>\n<h2>[Requisitos para candidatura a emprego permanente.<\/h2>\n<ul>\n<li><strong>Capacidade de se comunicar em ingl\u00eas.<\/strong>(n\u00edvel de leitura, escrita e conversa\u00e7\u00e3o di\u00e1ria ou superior)<\/li>\n<li>Conhecimento e experi\u00eancia em importa\u00e7\u00e3o\/exporta\u00e7\u00e3o de animais de estima\u00e7\u00e3o s\u00e3o bem-vindos.<\/li>\n<li>Conhecimentos b\u00e1sicos de inform\u00e1tica (por exemplo, e-mail, Word\/Excel)<\/li>\n<li>S\u00e3o especialmente bem-vindas as pessoas que moram nos 23 distritos de T\u00f3quio (inscri\u00e7\u00f5es de todo o pa\u00eds s\u00e3o bem-vindas).<\/li>\n<\/ul>\n<p>Os agentes de animais de estima\u00e7\u00e3o experientes e aqueles que trabalharam em esta\u00e7\u00f5es de quarentena de animais podem trabalhar imediatamente.<br \/>\nFaremos o poss\u00edvel para apoi\u00e1-lo, mesmo que voc\u00ea n\u00e3o tenha experi\u00eancia, desde que esteja disposto a enfrentar desafios de forma positiva.<\/p>\n<h2>[Requisitos de aplica\u00e7\u00e3o da equipe terceirizada.<\/h2>\n<p>Se quiser trabalhar como membro de uma equipe terceirizada, voc\u00ea \u00e9 bem-vindo a<\/p>\n<ul>\n<li>Experi\u00eancia de trabalho com importa\u00e7\u00e3o e exporta\u00e7\u00e3o de animais de estima\u00e7\u00e3o e conhecimento de quest\u00f5es relacionadas a animais.<\/li>\n<li>Capacidade de ler, escrever e falar ingl\u00eas.<\/li>\n<li>Aqueles que desejam trabalhar em seu pr\u00f3prio ritmo e ajustar sua carga de trabalho.<\/li>\n<\/ul>\n<p>O trabalho \u00e9 baseado em projetos, e o escopo do trabalho que pode ser realizado e a estrutura de remunera\u00e7\u00e3o desejada podem ser discutidos com flexibilidade na entrevista.<\/p>\n<h2>[Benef\u00edcios \/ Sal\u00e1rio \/ Remunera\u00e7\u00e3o].<\/h2>\n<p>&lt;Para funcion\u00e1rios permanentes.<br \/>\n<strong>A partir de \u00a5200.000\/m\u00eas<\/strong>(Tratamento preferencial em considera\u00e7\u00e3o \u00e0 capacidade e \u00e0 experi\u00eancia) + Sistema de comiss\u00f5es dispon\u00edvel<br \/>\nSeguro social, custos de transporte pagos, f\u00e9rias pagas, etc,<strong>Posso trabalhar com tranquilidade.<\/strong>Meio ambiente.<\/p>\n<p>&lt;Para equipe terceirizada.<br \/>\nA remunera\u00e7\u00e3o \u00e9 paga por projeto e depende do n\u00famero de pedidos recebidos e do volume de trabalho atribu\u00eddo.<br \/>\n*A estrutura detalhada de remunera\u00e7\u00e3o ser\u00e1 explicada na entrevista.<\/p>\n<h2>[Como se inscrever.<\/h2>\n<p>Inscreva-se por meio da linha oficial abaixo.<br \/>\n<strong>1.<\/strong> Enviar documentos, incluindo apresenta\u00e7\u00e3o pessoal e realiza\u00e7\u00f5es anteriores<br \/>\n<strong>2.<\/strong> Audi\u00eancias em entrevistas on-line<br \/>\n<strong>3.<\/strong> Ajuste dos termos e condi\u00e7\u00f5es e data de in\u00edcio (contrato).<\/p>\n<p>Esse trabalho ajuda a levar tranquilidade e sorrisos aos animais de estima\u00e7\u00e3o e suas fam\u00edlias enquanto eles viajam pelo mundo.<br \/>\nPor que n\u00e3o colocar suas habilidades em pr\u00e1tica conosco?<br \/>\nJunte-se a n\u00f3s no cen\u00e1rio global!<\/p>\n<p>&nbsp;<\/p>\n<p><!-- \u516c\u5f0fLINE\u3078\u306e\u30dc\u30bf\u30f3\u306a\u3069 --><\/p>\n<p class=\"center\"><a class=\"btn\" href=\"https:\/\/page.line.me\/petairjpn\" target=\"_blank\" rel=\"noopener\">Inscreva-se por meio da linha oficial<\/a><\/p>\n<p>&nbsp;<\/p>\n<\/div>\n<p><!-- \u25b2\u25b2\u25b2 \u30c6\u30ad\u30b9\u30c8\u30c7\u30b6\u30a4\u30f3\u3092\u9069\u7528\u3057\u305f\u3044\u7b87\u6240\u3060\u3051 \u25b2\u25b2\u25b2 --><\/p>\n<hr>\n<div class=\"recruit-ai-section\" style=\"background:#f0f7ff;border:2px solid #1a73e8;border-radius:8px;padding:32px;margin:40px 0;text-align:center;\">\n<h2 style=\"color:#1a73e8;font-size:1.4em;margin-bottom:12px;\">\ud83e\udd16 [NOVO] Engenheiros de IA (IA generativa e automa\u00e7\u00e3o comercial) tamb\u00e9m s\u00e3o procurados!<\/h2>\n<p style=\"margin-bottom:16px;\">Esse \u00e9 o primeiro cargo dedicado \u00e0 IA da PetAir, implementando a IA no transporte internacional de animais de estima\u00e7\u00e3o.<br \/>Se voc\u00ea estiver interessado em IA generativa, automa\u00e7\u00e3o comercial e design de conhecimento, leia mais.<\/p>\n<p><a href=\"https:\/\/petair.jp\/pt\/recruit-ai\/\" style=\"display:inline-block;background:#1a73e8;color:#fff;padding:14px 36px;border-radius:4px;text-decoration:none;font-weight:bold;font-size:1em;\">Consulte a p\u00e1gina de recrutamento da AI (oportunidades de emprego).<\/a>\n<\/div>","protected":false},"excerpt":{"rendered":"\u6b63\u793e\u54e1\uff06\u696d\u52d9\u59d4\u8a17\u30b9\u30bf\u30c3\u30d5\u5927\u52df\u96c6\uff01 \u30da\u30c3\u30c8\u3068\u305d\u306e\u5bb6\u65cf\u3092\u4e16\u754c\u3078\u9001\u308a\u51fa\u3057\u3001\u65b0\u3057\u3044\u751f\u6d3b\u3092\u30b5\u30dd\u30fc\u30c8\u3059\u308b\u4ed5\u4e8b\u306b\u8208\u5473\u306f\u3042\u308a\u307e\u305b\u3093\u304b\uff1f \u5f53\u793e\u306f\u3001\u6d77\u5916\u79fb\u4f4f\u3084\u9577\u671f\u51fa\u5f35\u306a\u3069\u3067\u30da\u30c3\u30c8\u3068\u4e00\u7dd2\u306b\u6e21\u822a\u3059\u308b\u65b9\u306e\u305f\u3081\u306b\u3001\u30da\u30c3\u30c8\u306e\u8f38\u51fa\u5165\u3092\u7dcf\u5408\u7684\u306b\u652f\u63f4\u3057\u3066\u3044 [&hellip;]","protected":false},"author":1,"featured_media":0,"parent":0,"menu_order":0,"comment_status":"closed","ping_status":"closed","template":"","meta":{"om_disable_all_campaigns":false,"_monsterinsights_skip_tracking":false,"_monsterinsights_sitenote_active":false,"_monsterinsights_sitenote_note":"","_monsterinsights_sitenote_category":0,"_uf_show_specific_survey":0,"_uf_disable_surveys":false,"footnotes":""},"class_list":["post-1178","page","type-page","status-publish","hentry"],"aioseo_notices":[],"_links":{"self":[{"href":"https:\/\/petair.jp\/pt\/wp-json\/wp\/v2\/pages\/1178","targetHints":{"allow":["GET"]}}],"collection":[{"href":"https:\/\/petair.jp\/pt\/wp-json\/wp\/v2\/pages"}],"about":[{"href":"https:\/\/petair.jp\/pt\/wp-json\/wp\/v2\/types\/page"}],"author":[{"embeddable":true,"href":"https:\/\/petair.jp\/pt\/wp-json\/wp\/v2\/users\/1"}],"replies":[{"embeddable":true,"href":"https:\/\/petair.jp\/pt\/wp-json\/wp\/v2\/comments?post=1178"}],"version-history":[{"count":0,"href":"https:\/\/petair.jp\/pt\/wp-json\/wp\/v2\/pages\/1178\/revisions"}],"wp:attachment":[{"href":"https:\/\/petair.jp\/pt\/wp-json\/wp\/v2\/media?parent=1178"}],"curies":[{"name":"wp","href":"https:\/\/api.w.org\/{rel}","templated":true}]}}