{"id":972,"date":"2024-09-21T17:24:57","date_gmt":"2024-09-21T08:24:57","guid":{"rendered":"https:\/\/petair.jp\/?page_id=972"},"modified":"2025-11-19T12:07:04","modified_gmt":"2025-11-19T03:07:04","slug":"company","status":"publish","type":"page","link":"https:\/\/petair.jp\/es\/company\/","title":{"rendered":"Acercando el mundo. PetAir ayuda a mascotas y familias a viajar en avi\u00f3n."},"content":{"rendered":"<style>\n        \/* \u25bc \u5168\u4f53\u306e\u57fa\u672c\u8a2d\u5b9a \u25bc *\/<br \/>        body {<br \/>            font-family: \"\u30d2\u30e9\u30ae\u30ce\u89d2\u30b4 ProN\", \"Hiragino Kaku Gothic ProN\", \"\u30e1\u30a4\u30ea\u30aa\", Meiryo, sans-serif;<br \/>            margin: 20px;<br \/>            line-height: 1.6;<br \/>            color: #333;<br \/>            background-color: #fafafa;<br \/>        }<br \/>        h1, h2, h3 {<br \/>            margin-bottom: 10px;<br \/>        }<br \/>        \/* \u25bc \u4f1a\u793e\u6982\u8981\u306e\u30c6\u30fc\u30d6\u30eb \u25bc *\/<br \/>        .company-info {<br \/>            width: 100%;<br \/>            border-collapse: collapse;<br \/>            margin: 20px 0;<br \/>            background-color: #fff;<br \/>            font-size: 14px;<br \/>        }<br \/>        .company-info th,<br \/>        .company-info td {<br \/>            padding: 15px;<br \/>            border: 1px solid #ddd;<br \/>            vertical-align: top;<br \/>        }<br \/>        .company-info th {<br \/>            width: 20%;<br \/>            background-color: #f9f9f9;<br \/>            font-weight: bold;<br \/>            white-space: nowrap;<br \/>        }<br \/>        .company-info ul {<br \/>            margin: 0;<br \/>            padding-left: 20px;<br \/>        }<br \/>        .company-info li {<br \/>            margin-bottom: 5px;<br \/>        }<br \/>        \/* \u30a4\u30f3\u30c9\u652f\u5e97\u60c5\u5831\u306e\u30b9\u30bf\u30a4\u30eb *\/<br \/>        .india-office {<br \/>            background-color: #f0f8ff;<br \/>            border-left: 4px solid #007bff;<br \/>            padding: 10px;<br \/>            margin: 10px 0;<br \/>        }<br \/>        .contact-links {<br \/>            margin-top: 10px;<br \/>        }<br \/>        .contact-links a {<br \/>            display: inline-block;<br \/>            margin-right: 15px;<br \/>            padding: 8px 16px;<br \/>            background-color: #007bff;<br \/>            color: white;<br \/>            text-decoration: none;<br \/>            border-radius: 4px;<br \/>            font-size: 13px;<br \/>        }<br \/>        .contact-links a:hover {<br \/>            background-color: #0056b3;<br \/>        }<br \/>        .whatsapp-link {<br \/>            background-color: #25d366 !important;<br \/>        }<br \/>        .whatsapp-link:hover {<br \/>            background-color: #1eb855 !important;<br \/>        }<br \/>        \/* \u25bc \u30bb\u30af\u30b7\u30e7\u30f3\u306e\u898b\u51fa\u3057\u3084\u30ec\u30a4\u30a2\u30a6\u30c8 \u25bc *\/<br \/>        .section {<br \/>            margin: 40px 0;<br \/>            padding: 20px;<br \/>            background-color: #fff;<br \/>            border-radius: 5px;<br \/>            border: 1px solid #ddd;<br \/>        }<br \/>        .section h2 {<br \/>            font-size: 1.2em;<br \/>            margin-bottom: 15px;<br \/>            border-left: 5px solid #007bff;<br \/>            padding-left: 10px;<br \/>            line-height: 1.4em;<br \/>        }<br \/>        .section p {<br \/>            margin-bottom: 10px;<br \/>        }<br \/>        .section ul {<br \/>            list-style: disc;<br \/>            margin-left: 20px;<br \/>        }<br \/>        \/* \u25bc \u5f37\u8abf\u8868\u793a \u25bc *\/<br \/>        .highlight {<br \/>            background-color: #ffffcc;<br \/>            padding: 2px 4px;<br \/>        }<br \/>        \/* \u25bc \u30ec\u30b9\u30dd\u30f3\u30b7\u30d6\u30c7\u30b6\u30a4\u30f3\uff08\u7c21\u6613\u5bfe\u5fdc\uff09 \u25bc *\/<br \/>        @media screen and (max-width: 600px) {<br \/>            body {<br \/>                margin: 10px;<br \/>            }<br \/>            .company-info th,<br \/>            .company-info td {<br \/>                display: block;<br \/>                width: 100%;<br \/>            }<br \/>            .company-info th {<br \/>                border-bottom: none;<br \/>            }<br \/>            .company-info td {<br \/>                border-top: none;<br \/>                padding-top: 0;<br \/>            }<br \/>            .company-info tr {<br \/>                margin-bottom: 15px;<br \/>            }<br \/>            .contact-links a {<br \/>                display: block;<br \/>                margin-bottom: 10px;<br \/>                text-align: center;<br \/>            }<br \/>        }<br \/>    <\/style>\n<div class=\"s_table\"><table class=\"company-info\">\n<tbody>\n<tr>\n<th>Nombre de la empresa<\/th>\n<td>PetAir Inc.<\/td>\n<\/tr>\n<tr>\n<th>Ubicaci\u00f3n.<\/th>\n<td><strong>Sede social:<\/strong>2-45-2-3605 Minami Ikebukuro, Toshima-ku, Tokio 171-0022, Jap\u00f3n<\/p>\n<div class=\"india-office\"><strong>\ud83c\uddee\ud83c\uddf3 Sucursal de la India (Goa)<\/strong><br \/>\nVidhyanagar Colony, Dabolim, Sancoale, Goa 403726, India<br \/>\n<small>*Proporciona apoyo para el transporte de mascotas a\/desde la India, procedimientos locales de cuarentena en nombre de la mascota y servicios de apoyo tras la llegada.<\/small><\/div>\n<\/td>\n<\/tr>\n<tr>\n<th>Actividades comerciales<\/th>\n<td>\n<ul>\n<li>Servicio de apoyo al transporte internacional de mascotas<\/li>\n<li>Informaci\u00f3n y asistencia para preparar los procedimientos de cuarentena a la salida y a la entrada en el pa\u00eds.<\/li>\n<li>Informaci\u00f3n y consulta sobre la normativa de importaci\u00f3n y exportaci\u00f3n en varios pa\u00edses.<\/li>\n<li>Asistencia en la preparaci\u00f3n y apoyo en la preparaci\u00f3n de los documentos necesarios para el viaje<\/li>\n<li>Gesti\u00f3n de microchips, vacunas, etc.<\/li>\n<li>Procedimientos de solicitud en nombre de la estaci\u00f3n de cuarentena animal.<\/li>\n<li>Reserva y organizaci\u00f3n de inspecciones de importaci\u00f3n y exportaci\u00f3n.<\/li>\n<li>Apoyo a la gesti\u00f3n de la seguridad en el transporte internacional.<\/li>\n<li>Apoyo posterior a la llegada en colaboraci\u00f3n con los agentes locales.<\/li>\n<li>Servicios de asesoramiento previos a la partida<\/li>\n<\/ul>\n<\/td>\n<\/tr>\n<tr>\n<th>representante<\/th>\n<td>Kohei Shingu<\/td>\n<\/tr>\n<tr>\n<th>N\u00famero de tel\u00e9fono<\/th>\n<td><span style=\"color: #0000ff;\"><a style=\"color: #0000ff;\" href=\"tel:0345005308\">03-4500-5308<\/a><\/span><\/td>\n<\/tr>\n<tr>\n<th>Principales clientes<\/th>\n<td>SBI Sumishin Net Bank, GMO Aozora Net Bank, ANA Cargo, SoVa<\/td>\n<\/tr>\n<\/tbody>\n<\/table><\/div>\n<p><!-- \u25c6 2. \u4f01\u696d\u7406\u5ff5\u3084\u5f37\u307f \u25c6 --><\/p>\n<div class=\"section\">\n<h2>Filosof\u00eda de la empresa: crear viajes felices para las mascotas y sus due\u00f1os<\/h2>\n<p>PetAir Inc. tiene la misi\u00f3n de crear \"viajes c\u00f3modos y seguros para las mascotas y sus due\u00f1os\",<br \/>\nGracias a sus amplios conocimientos y experiencia en transporte internacional,<span class=\"highlight\">Atenci\u00f3n al detalle y apoyo<\/span>ofrece lo siguiente.<br \/>\nLa empresa cuenta con personal experto en cuarentena animal, incluida la preparaci\u00f3n de la normativa y la documentaci\u00f3n de importaci\u00f3n, que var\u00eda de un pa\u00eds a otro y de una regi\u00f3n a otra,<br \/>\nAyudamos a nuestros clientes a facilitar los preparativos necesarios para sus propios procedimientos judiciales.<\/p>\n<p>Utilizando los conocimientos adquiridos tras haber ayudado a numerosas mascotas y a sus due\u00f1os hasta la fecha,<br \/>\nOfrecemos el mejor plan para todos los clientes que lo soliciten.<br \/>\nLa creaci\u00f3n de la sucursal india refuerza el sistema de apoyo en la regi\u00f3n del sur de Asia,<br data-start=\"1244\" data-end=\"1247\" \/>Ahora es posible dar una respuesta r\u00e1pida y fiable, que incluya orientaci\u00f3n y acuerdos de reserva para la cuarentena local.<\/p>\n<\/div>\n<p><!-- \u25c6 3. \u4fe1\u983c\u3068\u5c02\u9580\u529b\u3092\u5f37\u5316\u3059\u308b\u53d6\u308a\u7d44\u307f\uff08\u8868\u73fe\u3092\u5909\u66f4\uff09\u25c6 --><\/p>\n<div class=\"section\">\n<h2>Iniciativas para mejorar nuestra experiencia y credibilidad<\/h2>\n<ul>\n<li><strong>Actualizaci\u00f3n constante de la informaci\u00f3n m\u00e1s reciente:<\/strong><br \/>\nSupervisa constantemente las leyes y normativas sobre cuarentena y transporte de animales en cada pa\u00eds, proporcionando informaci\u00f3n precisa y apoyo preparatorio adecuado.<\/li>\n<li><strong>Cooperaci\u00f3n con expertos en veterinaria y carga a\u00e9rea:<\/strong><br \/>\nDisponemos de un sistema que nos permite actuar de la mejor manera posible, incluso en caso de emergencia, con la opini\u00f3n de expertos.<\/li>\n<li><strong>Gesti\u00f3n de la seguridad:<\/strong><br \/>\nPara minimizar el estr\u00e9s durante el transporte, se aplican todas las medidas de seguridad, incluida la selecci\u00f3n de jaulas y los controles sanitarios.<\/li>\n<li><strong>Un sistema de apoyo bien desarrollado:<\/strong><br \/>\nAsistimos sistem\u00e1ticamente con todo el apoyo que puede prestarse dentro del \u00e1mbito de la legislaci\u00f3n, desde el asesoramiento previo a la partida hasta el enlace con los agentes locales despu\u00e9s de la llegada.<\/li>\n<li><strong>Apoyo local de las oficinas en el extranjero:<\/strong><br \/>\nLa sucursal india presta un servicio de alta calidad, que incluye una respuesta local r\u00e1pida y sensibilidad cultural.<\/li>\n<\/ul>\n<p>Lo somos,<strong>historial<\/strong>y<strong>Lo que dicen nuestros clientes.<\/strong>La empresa ha adquirido un alto nivel de fiabilidad gracias a<br \/>\nSeguiremos reforzando nuestra experiencia y autoridad profesionales y nos esforzaremos por crear un entorno en el que los propietarios y sus mascotas puedan viajar por el mundo con seguridad y comodidad.<\/p>\n<\/div>\n<p><!-- \u25c6 4. \u304a\u554f\u3044\u5408\u308f\u305b\u5148 \u25c6 --><\/p>\n<div class=\"section\">\n<h2>consulta<\/h2>\n<p>Si tiene alguna duda o pregunta sobre viajar al extranjero con su mascota, no dude en ponerse en contacto con nosotros.<br \/>\nEl personal experimentado presta un apoyo atento y ofrece las mejores soluciones para la situaci\u00f3n individual de cada cliente.<\/p>\n<div class=\"contact-links\"><span style=\"color: #0000ff;\"><a style=\"color: #0000ff;\" href=\"https:\/\/page.line.me\/petairjpn?openQrModal=true\">\ud83d\udcf1 L\u00ednea oficial.<\/a><\/span><br \/>\n<span style=\"color: #0000ff;\"><a class=\"whatsapp-link\" style=\"color: #0000ff;\" href=\"http:\/\/wa.me\/81345005308\">\ud83d\udcac WhatsApp.<\/a><\/span><\/div>\n<p style=\"margin-top: 20px;\"><strong>Ubicaci\u00f3n de la sede central:<\/strong>2-45-2-3605 Minami Ikebukuro, Toshima-ku, Tokio 171-0022, Jap\u00f3n<br \/>\n<strong>Sucursal de la India:<\/strong>Vidhyanagar Colony, Dabolim, Sancoale, Goa 403726, India<\/p>\n<\/div>","protected":false},"excerpt":{"rendered":"\u4f1a\u793e\u540d \u682a\u5f0f\u4f1a\u793ePetAir \u6240\u5728\u5730 \u672c\u793e\uff1a\u3012171-0022 \u6771\u4eac\u90fd\u8c4a\u5cf6\u533a\u5357\u6c60\u888b 2-45-2-3605 &#x1f1ee;&#x1f1f3; \u30a4\u30f3\u30c9\u652f\u5e97\uff08\u30b4\u30a2\u5dde\uff09 Vidhyanagar Colony, Daboli [&hellip;]","protected":false},"author":3,"featured_media":0,"parent":0,"menu_order":0,"comment_status":"closed","ping_status":"closed","template":"","meta":{"om_disable_all_campaigns":false,"_monsterinsights_skip_tracking":false,"_monsterinsights_sitenote_active":false,"_monsterinsights_sitenote_note":"","_monsterinsights_sitenote_category":0,"_uf_show_specific_survey":0,"_uf_disable_surveys":false,"footnotes":""},"class_list":["post-972","page","type-page","status-publish","hentry"],"aioseo_notices":[],"_links":{"self":[{"href":"https:\/\/petair.jp\/es\/wp-json\/wp\/v2\/pages\/972","targetHints":{"allow":["GET"]}}],"collection":[{"href":"https:\/\/petair.jp\/es\/wp-json\/wp\/v2\/pages"}],"about":[{"href":"https:\/\/petair.jp\/es\/wp-json\/wp\/v2\/types\/page"}],"author":[{"embeddable":true,"href":"https:\/\/petair.jp\/es\/wp-json\/wp\/v2\/users\/3"}],"replies":[{"embeddable":true,"href":"https:\/\/petair.jp\/es\/wp-json\/wp\/v2\/comments?post=972"}],"version-history":[{"count":0,"href":"https:\/\/petair.jp\/es\/wp-json\/wp\/v2\/pages\/972\/revisions"}],"wp:attachment":[{"href":"https:\/\/petair.jp\/es\/wp-json\/wp\/v2\/media?parent=972"}],"curies":[{"name":"wp","href":"https:\/\/api.w.org\/{rel}","templated":true}]}}