{"id":55,"date":"2024-08-28T13:42:27","date_gmt":"2024-08-28T04:42:27","guid":{"rendered":"https:\/\/petair.jp\/?page_id=55"},"modified":"2025-08-05T20:45:32","modified_gmt":"2025-08-05T11:45:32","slug":"price","status":"publish","type":"page","link":"https:\/\/petair.jp\/es\/price\/","title":{"rendered":"Lista de tarifas de transporte internacional de animales de compa\u00f1\u00eda y procedimientos de cuarentena [funcionario de PetAirJPN]."},"content":{"rendered":"<div class=\"heading\">\n<h2><\/h2>\n<\/div>\n<div class=\"pricing-notice\">\n<div class=\"notice-header\">\n<h3>Tasas.<\/h3>\n<\/div>\n<div class=\"notice-content\">\n<p><strong>Los precios indicados son aproximados.<\/strong>El importe total abonado variar\u00e1 en funci\u00f3n de los siguientes factores<\/p>\n<ul class=\"notice-list\">\n<li><strong>Diferencias en la normativa seg\u00fan el pa\u00eds de destino:<\/strong>Los tr\u00e1mites y documentos exigidos en los distintos pa\u00edses var\u00edan mucho.<\/li>\n<li><strong>Complejidad procesal:<\/strong>Se aplican gastos adicionales en los pa\u00edses en los que se exigen solicitudes previas de exportaci\u00f3n (permisos) o inspecciones especiales.<\/li>\n<\/ul>\n<p class=\"notice-highlight\"><strong>Se le proporcionar\u00e1 un presupuesto exacto para su destino de forma individual en una consulta gratuita.<\/strong><\/p>\n<\/div>\n<\/div>\n<div class=\"pricing-container\">\n<p><!-- A\u30b3\u30fc\u30b9\uff08\u51fa\u56fd\u306e\u307f\uff09 --><\/p>\n<div class=\"pricing-card\">\n<div class=\"card-header\">\n<h3>Curso A<\/h3>\n<p>(S\u00f3lo salidas)<\/p>\n<\/div>\n<div class=\"direction\">Jap\u00f3n \u2192 Ultramar \/ Ultramar \u2192 Ultramar<\/div>\n<div class=\"price\">\n<p class=\"amount\">130,000<span class=\"unit\">Del yen<\/span><\/p>\n<p class=\"price-note\">*Var\u00eda seg\u00fan el pa\u00eds.<\/p>\n<\/div>\n<div class=\"content\">\n<h3 class=\"content-heading\">Contenido<\/h3>\n<p class=\"service-category\">[Servicios b\u00e1sicos].<\/p>\n<div class=\"service-item\"><span class=\"service-check\">\u2713<\/span> <span class=\"service-text\">Asesoramiento profesional<\/span><\/div>\n<div class=\"service-item\"><span class=\"service-check\">\u2713<\/span> <span class=\"service-text\">Compruebe la normativa y las condiciones del destino.<\/span><\/div>\n<div class=\"service-item\"><span class=\"service-check\">\u2713<\/span> <span class=\"service-text\">Elaborar un plan de viaje<\/span><\/div>\n<p class=\"service-category\">[Agente de procedimiento].<\/p>\n<div class=\"service-item\"><span class=\"service-check\">\u2713<\/span> <span class=\"service-text\">Apoyo en la obtenci\u00f3n y preparaci\u00f3n de los documentos necesarios<\/span><\/div>\n<div class=\"service-item\"><span class=\"service-check\">\u2713<\/span> <span class=\"service-text\">Solicitud a las oficinas de cuarentena animal en nombre del solicitante.<\/span><\/div>\n<div class=\"service-item\"><span class=\"service-check\">\u2713<\/span> <span class=\"service-text\">Reserva y organizaci\u00f3n de inspecciones de exportaci\u00f3n.<\/span><\/div>\n<div class=\"service-item\"><span class=\"service-check\">\u2713<\/span> <span class=\"service-text\">Solicitud anticipada del permiso de exportaci\u00f3n (si es necesario)<\/span><\/div>\n<\/div>\n<div class=\"cta\"><a class=\"cta-button\" href=\"https:\/\/page.line.me\/petairjpn\">consulta<\/a><\/div>\n<\/div>\n<p><!-- B\u30b3\u30fc\u30b9\uff08\u5f80\u5fa9\uff09 --><\/p>\n<div class=\"pricing-card\">\n<div class=\"card-header\">\n<h3>Curso B<\/h3>\n<p>(ida y vuelta)<\/p>\n<\/div>\n<div class=\"direction\">Jap\u00f3n \u2192 Ultramar \u2192 Jap\u00f3n<\/div>\n<div class=\"price\">\n<p class=\"amount\">200,000<span class=\"unit\">Del yen<\/span><\/p>\n<p class=\"price-note\">*Var\u00eda seg\u00fan el pa\u00eds.<\/p>\n<\/div>\n<div class=\"content\">\n<h3 class=\"content-heading\">Contenido<\/h3>\n<p class=\"service-category\">[Servicios b\u00e1sicos].<\/p>\n<div class=\"service-item\"><span class=\"service-check\">\u2713<\/span> <span class=\"service-text\">Asesoramiento profesional<\/span><\/div>\n<div class=\"service-item\"><span class=\"service-check\">\u2713<\/span> <span class=\"service-text\">Compruebe la normativa y las condiciones del destino.<\/span><\/div>\n<div class=\"service-item\"><span class=\"service-check\">\u2713<\/span> <span class=\"service-text\">Confirmaci\u00f3n de las ayudas y condiciones de importaci\u00f3n a Jap\u00f3n.<\/span><\/div>\n<div class=\"service-item\"><span class=\"service-check\">\u2713<\/span> <span class=\"service-text\">Elaborar un plan de viaje<\/span><\/div>\n<p class=\"service-category\">[Agente de procedimiento].<\/p>\n<div class=\"service-item\"><span class=\"service-check\">\u2713<\/span> <span class=\"service-text\">Apoyo en la obtenci\u00f3n y preparaci\u00f3n de los documentos necesarios<\/span><\/div>\n<div class=\"service-item\"><span class=\"service-check\">\u2713<\/span> <span class=\"service-text\">Solicitud a las oficinas de cuarentena animal en nombre del solicitante.<\/span><\/div>\n<div class=\"service-item\"><span class=\"service-check\">\u2713<\/span> <span class=\"service-text\">Reserva y organizaci\u00f3n de inspecciones de exportaci\u00f3n.<\/span><\/div>\n<div class=\"service-item\"><span class=\"service-check\">\u2713<\/span> <span class=\"service-text\">Reserva y organizaci\u00f3n de inspecciones de importaci\u00f3n.<\/span><\/div>\n<div class=\"service-item\"><span class=\"service-check\">\u2713<\/span> <span class=\"service-text\">Solicitud anticipada del permiso de exportaci\u00f3n (si es necesario)<\/span><\/div>\n<\/div>\n<div class=\"cta\"><a class=\"cta-button\" href=\"https:\/\/page.line.me\/petairjpn\">consulta<\/a><\/div>\n<\/div>\n<p><!-- C\u30b3\u30fc\u30b9\uff08\u5165\u56fd\u306e\u307f\uff09 --><\/p>\n<div class=\"pricing-card\">\n<div class=\"card-header\">\n<h3>Curso C<\/h3>\n<p>(s\u00f3lo entrada)<\/p>\n<\/div>\n<div class=\"direction\">Ultramar \u2192 Jap\u00f3n<\/div>\n<div class=\"price\">\n<p class=\"amount\">130,000<span class=\"unit\">Del yen<\/span><\/p>\n<p class=\"price-note\">*Var\u00eda seg\u00fan el pa\u00eds.<\/p>\n<\/div>\n<div class=\"content\">\n<h3 class=\"content-heading\">Contenido<\/h3>\n<p class=\"service-category\">[Servicios b\u00e1sicos].<\/p>\n<div class=\"service-item\"><span class=\"service-check\">\u2713<\/span> <span class=\"service-text\">Asesoramiento profesional<\/span><\/div>\n<div class=\"service-item\"><span class=\"service-check\">\u2713<\/span> <span class=\"service-text\">Confirmaci\u00f3n de las ayudas y condiciones de importaci\u00f3n a Jap\u00f3n.<\/span><\/div>\n<div class=\"service-item\"><span class=\"service-check\">\u2713<\/span> <span class=\"service-text\">Elaborar un plan de viaje<\/span><\/div>\n<p class=\"service-category\">[Agente de procedimiento].<\/p>\n<div class=\"service-item\"><span class=\"service-check\">\u2713<\/span> <span class=\"service-text\">Apoyo en la obtenci\u00f3n y preparaci\u00f3n de los documentos necesarios<\/span><\/div>\n<div class=\"service-item\"><span class=\"service-check\">\u2713<\/span> <span class=\"service-text\">Solicitud a las oficinas de cuarentena animal en nombre del solicitante.<\/span><\/div>\n<div class=\"service-item\"><span class=\"service-check\">\u2713<\/span> <span class=\"service-text\">Reserva y organizaci\u00f3n de inspecciones de importaci\u00f3n.<\/span><\/div>\n<\/div>\n<div class=\"cta\"><a class=\"cta-button\" href=\"https:\/\/page.line.me\/petairjpn\">consulta<\/a><\/div>\n<\/div>\n<\/div>\n<div class=\"benefits\">\n<div class=\"ttl\"><img decoding=\"async\" src=\"https:\/\/petair.jp\/wp-content\/uploads\/2024\/11\/star.png\" alt=\"Iconos de beneficios\" \/> Descuentos Privilege<\/div>\n<div class=\"benefits-grid\">\n<div class=\"benefit-item\">\n<h4 class=\"benefit-title\">Descuento por reserva anticipada<\/h4>\n<p class=\"benefit-description\">10% de descuento (reserva hasta 6 meses antes de la salida).<\/p>\n<\/div>\n<div class=\"benefit-item\">\n<h4 class=\"benefit-title\">Descuento multiuso<\/h4>\n<p class=\"benefit-description\">10% apagado para el segundo uso y siguientes<\/p>\n<\/div>\n<div class=\"benefit-item\">\n<h4 class=\"benefit-title\">descuento por n\u00famero de personas<\/h4>\n<p class=\"benefit-description\">4 de descuento para la segunda vaca y siguientes (excepto en algunos pa\u00edses)<\/p>\n<\/div>\n<\/div>\n<\/div>\n<p><!-- \u3088\u304f\u3042\u308b\u8cea\u554f\u30bb\u30af\u30b7\u30e7\u30f3 --><\/p>\n<div class=\"pricing-faq\">\n<div class=\"faq-header\">\n<h3>Preguntas m\u00e1s frecuentes.<\/h3>\n<\/div>\n<div class=\"faq-list\">\n<div class=\"faq-item\">\n<h4>P. \u00bfPor qu\u00e9 var\u00edan las tasas de un pa\u00eds a otro?<\/h4>\n<p>R. Esto se debe a que la normativa sobre cuarentena animal y los requisitos de entrada en los distintos pa\u00edses difieren enormemente. Por ejemplo, los pa\u00edses que exigen una solicitud previa de exportaci\u00f3n (permiso), inspecciones especiales o largos periodos de espera requerir\u00e1n procedimientos adicionales y las tasas variar\u00e1n.<\/p>\n<\/div>\n<div class=\"faq-item\">\n<h4>P. \u00bfEn qu\u00e9 casos se cobrar\u00e1n tasas adicionales?<\/h4>\n<p>A. Si el pa\u00eds de destino exige una solicitud anticipada de permiso de exportaci\u00f3n (permiso), an\u00e1lisis de sangre especiales, certificaci\u00f3n de apostilla, etc. Estos requisitos vienen determinados por la normativa nacional y se explicar\u00e1n detalladamente en el momento de la cotizaci\u00f3n.<\/p>\n<\/div>\n<div class=\"faq-item\">\n<h4>P. \u00bfHay pa\u00edses a los que se puedan aplicar las tarifas indicadas?<\/h4>\n<p>R. S\u00ed, en algunos pa\u00edses con procedimientos relativamente sencillos, como los asi\u00e1ticos, puede ser posible prestar servicios a un precio cercano a la tarifa indicada. Para m\u00e1s informaci\u00f3n, p\u00f3ngase en contacto con nosotros para una consulta gratuita.<\/p>\n<\/div>\n<div class=\"faq-item\">\n<h4>P. \u00bfEl presupuesto es realmente gratuito?<\/h4>\n<p>R. S\u00ed, completamente gratis. Simplemente facil\u00edtenos informaci\u00f3n sobre su destino, su mascota y el horario deseado y le proporcionaremos un presupuesto detallado sin coste alguno.<\/p>\n<\/div>\n<\/div>\n<\/div>\n<p><!-- CTA\u30bb\u30af\u30b7\u30e7\u30f3 --><\/p>\n<div class=\"pricing-cta\">\n<div class=\"cta-content\">\n<div class=\"cta-header\">\n<p><span class=\"cta-icon\">\ud83c\udf1f<\/span><\/p>\n<h3>Comience con una consulta gratuita<\/h3>\n<\/div>\n<p>Le facilitaremos gratuitamente un presupuesto detallado y adaptado a su destino.<br \/>\nNo dude en ponerse en contacto con nosotros para obtener una explicaci\u00f3n detallada de las diferencias en la normativa y la complejidad de los procedimientos en los distintos pa\u00edses.<\/p>\n<div class=\"cta-buttons\"><a class=\"cta-button primary\" href=\"https:\/\/page.line.me\/petairjpn\">Consulta de presupuesto gratuita<\/a><br \/>\n<a class=\"cta-button secondary\" href=\"\/es\/contact\/\">Formulario de consulta.<\/a><\/div>\n<\/div>\n<\/div>","protected":false},"excerpt":{"rendered":"\u6599\u91d1\u306b\u3064\u3044\u3066 \u8868\u793a\u6599\u91d1\u306f\u30b5\u30fc\u30d3\u30b9\u6599\u306e\u76ee\u5b89\u3067\u3059\u3002\u5b9f\u969b\u306e\u304a\u652f\u6255\u3044\u7dcf\u984d\u306f\u4ee5\u4e0b\u306e\u8981\u7d20\u306b\u3088\u308a\u5909\u52d5\u3044\u305f\u3057\u307e\u3059\uff1a \u6e21\u822a\u5148\u306e\u56fd\u306b\u3088\u308b\u898f\u5236\u306e\u9055\u3044\uff1a\u56fd\u3054\u3068\u306b\u5fc5\u8981\u306a\u624b\u7d9a\u304d\u3084\u66f8\u985e\u304c\u5927\u304d\u304f\u7570\u306a\u308a\u307e\u3059 \u624b\u7d9a\u304d\u306e\u8907\u96d1\u6027\uff1a\u4e8b\u524d\u8f38\u51fa\u7533\u8acb\uff08\u30d1\u30fc\u30df\u30c3\u30c8\uff09\u3084\u7279 [&hellip;]","protected":false},"author":3,"featured_media":0,"parent":0,"menu_order":0,"comment_status":"closed","ping_status":"closed","template":"","meta":{"om_disable_all_campaigns":false,"_monsterinsights_skip_tracking":false,"_monsterinsights_sitenote_active":false,"_monsterinsights_sitenote_note":"","_monsterinsights_sitenote_category":0,"_uf_show_specific_survey":0,"_uf_disable_surveys":false,"footnotes":""},"class_list":["post-55","page","type-page","status-publish","hentry"],"aioseo_notices":[],"_links":{"self":[{"href":"https:\/\/petair.jp\/es\/wp-json\/wp\/v2\/pages\/55","targetHints":{"allow":["GET"]}}],"collection":[{"href":"https:\/\/petair.jp\/es\/wp-json\/wp\/v2\/pages"}],"about":[{"href":"https:\/\/petair.jp\/es\/wp-json\/wp\/v2\/types\/page"}],"author":[{"embeddable":true,"href":"https:\/\/petair.jp\/es\/wp-json\/wp\/v2\/users\/3"}],"replies":[{"embeddable":true,"href":"https:\/\/petair.jp\/es\/wp-json\/wp\/v2\/comments?post=55"}],"version-history":[{"count":0,"href":"https:\/\/petair.jp\/es\/wp-json\/wp\/v2\/pages\/55\/revisions"}],"wp:attachment":[{"href":"https:\/\/petair.jp\/es\/wp-json\/wp\/v2\/media?parent=55"}],"curies":[{"name":"wp","href":"https:\/\/api.w.org\/{rel}","templated":true}]}}