{"id":3254,"date":"2026-04-02T11:28:55","date_gmt":"2026-04-02T02:28:55","guid":{"rendered":"https:\/\/petair.jp\/?page_id=3254"},"modified":"2026-04-02T12:07:26","modified_gmt":"2026-04-02T03:07:26","slug":"recruit-ai","status":"publish","type":"page","link":"https:\/\/petair.jp\/es\/recruit-ai\/","title":{"rendered":"[Oferta de empleo] Ingeniero de IA (IA Generativa y Automatizaci\u00f3n Empresarial) | PetAirJPN"},"content":{"rendered":"<h2>La IA elimina las fronteras entre las mascotas y sus familias.<\/h2>\n<p>PetAir es un equipo especializado en el transporte internacional de mascotas que se ocupa de la cuarentena espec\u00edfica de cada pa\u00eds y de las normativas de importaci\u00f3n y exportaci\u00f3n, as\u00ed como del extenso papeleo y la comunicaci\u00f3n con los propietarios.<\/p>\n<p>Queremos utilizar la IA generativa no para sustituir a las personas. Es para seguir aumentando nuestra experiencia y reducir la ansiedad de los propietarios con una cosa m\u00e1s.<\/p>\n<p>El reclutamiento de este a\u00f1o es para,<strong>El primer personal de IA de PetAir.<\/strong>El. Ser\u00e1 responsable de la comprensi\u00f3n de las operaciones sobre el terreno, la organizaci\u00f3n del trabajo, la PdC, la ejecuci\u00f3n y el funcionamiento hasta el final.<\/p>\n<h2>Por qu\u00e9 PetAir busca talentos en IA<\/h2>\n<p>Las operaciones de PetAir constan de \u00e1reas altamente compatibles con la IA. Investigar las normativas espec\u00edficas de cada pa\u00eds, comprobar la documentaci\u00f3n requerida, gestionar los horarios de cuarentena y gestionar las reuniones informativas con los clientes: todas estas tareas tienen como n\u00facleo la organizaci\u00f3n de la informaci\u00f3n y la comunicaci\u00f3n precisa.<\/p>\n<p>Con una IA correctamente dise\u00f1ada, se puede mejorar la calidad de la experiencia del cliente al tiempo que se reduce significativamente la carga de trabajo. Nuestra misi\u00f3n es resolver la \"complejidad de la informaci\u00f3n y el alto nivel de ansiedad\" que nuestro propio fundador sent\u00eda profundamente cuando viajaba al extranjero con sus mascotas. Queremos seguir avanzando en esa misi\u00f3n con el poder de la IA: ese es el punto de partida de esta contrataci\u00f3n.<\/p>\n<h2>Las tres primeras tareas por resolver.<\/h2>\n<p><strong>(i) Organizar y actualizar la informaci\u00f3n.<\/strong><br \/>Las normativas de cuarentena espec\u00edficas de cada pa\u00eds y los documentos exigidos cambian con frecuencia. Se necesita un sistema que garantice que la informaci\u00f3n m\u00e1s reciente se organiza con precisi\u00f3n y se mantiene como conocimiento que puede ser utilizado por cualquiera.<\/p>\n<p><strong>(ii) Mejora de la calidad del servicio al cliente.<\/strong><br \/>Muchas consultas surgen de preocupaciones similares, y queremos aumentar la precisi\u00f3n de la respuesta inicial con la ayuda de la IA, creando una situaci\u00f3n m\u00e1s r\u00e1pida y segura para nuestros clientes.<\/p>\n<p><strong>(iii) Racionalizaci\u00f3n de los flujos de documentaci\u00f3n y solicitudes.<\/strong><br \/>Actualmente, la documentaci\u00f3n que combina el destino, la informaci\u00f3n sobre las mascotas y los requisitos de las aerol\u00edneas supone una cantidad considerable de trabajo manual. Si la IA puede ahorrar mano de obra en este aspecto, aumentar\u00e1 directamente la escala del negocio.<\/p>\n<h2>Tareas que te dejamos a ti.<\/h2>\n<ul>\n<li>Organizaci\u00f3n y AI de los flujos de trabajo para la investigaci\u00f3n normativa espec\u00edfica de cada pa\u00eds, documentaci\u00f3n, actualizaci\u00f3n de las FAQ y atenci\u00f3n al cliente.<\/li>\n<li>Dise\u00f1o y aplicaci\u00f3n de herramientas de IA, incluida la b\u00fasqueda interna de conocimientos, la comprobaci\u00f3n de documentos y el apoyo a las consultas.<\/li>\n<li>Dise\u00f1o de aplicaciones de IA para art\u00edculos SEO, preguntas frecuentes, material de ventas y operaciones publicitarias<\/li>\n<li>Automatizaci\u00f3n y visualizaci\u00f3n de KPI en torno a los flujos de CRM, consultas y solicitudes<\/li>\n<li>Establecimiento de normas de utilizaci\u00f3n de la IA, control de calidad y flujos operativos<\/li>\n<li>Promoci\u00f3n del PdC a la plena operatividad en colaboraci\u00f3n con los miembros del terreno<\/li>\n<\/ul>\n<h2>Competencias esenciales y bienvenidas<\/h2>\n<p><strong>[Obligatorio].<\/strong><\/p>\n<ul>\n<li>Experiencia en mejora de negocio, desarrollo de producto o implementaci\u00f3n interna utilizando IA generativa \/ LLM<\/li>\n<li>Experiencia de implementaci\u00f3n utilizando Python, JavaScript, SQL o herramientas de automatizaci\u00f3n<\/li>\n<li>Experiencia en la organizaci\u00f3n de flujos de trabajo, la formulaci\u00f3n de requisitos y la consecuci\u00f3n de mejoras.<\/li>\n<li>Capacidad para comunicarse sin problemas con personal no ingeniero.<\/li>\n<\/ul>\n<p><strong>[Bienvenido].<\/strong><\/p>\n<ul>\n<li>Experiencia en la implantaci\u00f3n de GAR, b\u00fasqueda de conocimientos, agentes de IA e integraci\u00f3n de API<\/li>\n<li>Experiencia en \u00e1reas no relacionadas con la ingenier\u00eda AI, como preguntas frecuentes, art\u00edculos SEO, atenci\u00f3n al cliente, etc.<\/li>\n<li>Leer y escribir en ingl\u00e9s<\/li>\n<li>Experiencia de 0 a 1 en una start-up y en un equipo peque\u00f1o<\/li>\n<li>Inter\u00e9s por las \u00e1reas de viajes, log\u00edstica, transfronterizas, jur\u00eddicas y relacionadas con los animales de compa\u00f1\u00eda.<\/li>\n<\/ul>\n<p>*No se requieren titulaciones acad\u00e9micas, edad ni experiencia en el sector. Se agradece la motivaci\u00f3n, aunque no se tenga experiencia en el sector de los animales de compa\u00f1\u00eda.<\/p>\n<h2>Modalidades de trabajo y remuneraci\u00f3n<\/h2>\n<div class=\"s_table\"><table>\n<tbody>\n<tr>\n<th>situaci\u00f3n laboral<\/th>\n<td>Permanente \/ Subcontratado (negociable)<\/td>\n<\/tr>\n<tr>\n<th>salario<\/th>\n<td>Salario mensual de \u00a5300.000 - \u00a5400.000 (empleados a tiempo completo)\/El asesoramiento para trabajos subcontratados se realiza caso por caso.<\/td>\n<\/tr>\n<tr>\n<th>lugar de trabajo<\/th>\n<td>Toshima-ku, Tokio (posibilidad de trabajo a distancia)<\/td>\n<\/tr>\n<tr>\n<th>horario de oficina (comercial, laboral)<\/th>\n<td>sistema de horario flexible<\/td>\n<\/tr>\n<tr>\n<th>vacaciones<\/th>\n<td>2 d\u00edas libres a la semana (s\u00e1bado y domingo), d\u00edas festivos, vacaciones pagadas.<\/td>\n<\/tr>\n<tr>\n<th>programa de bienestar<\/th>\n<td>Seguridad social, entorno de trabajo facilitado, incorporaci\u00f3n disponible<\/td>\n<\/tr>\n<\/tbody>\n<\/table><\/div>\n<h2>Flujo de selecci\u00f3n<\/h2>\n<ol>\n<li><strong>control de documentos<\/strong> - CV + enlaces a logros o breve descripci\u00f3n de casos de uso de IA<\/li>\n<li><strong>entrevista informal<\/strong>(En l\u00ednea) - Primero hablemos. Es m\u00e1s un di\u00e1logo que un proceso de selecci\u00f3n.<\/li>\n<li><strong>Debate pr\u00e1ctico<\/strong> - Trabajaremos juntos sobre cuestiones empresariales reales.<\/li>\n<li><strong>entrevista final<\/strong> - Reuni\u00f3n con los representantes para discutir la direcci\u00f3n y las condiciones.<\/li>\n<\/ol>\n<h2>Preguntas m\u00e1s frecuentes.<\/h2>\n<p><strong>P. \u00bfNecesito tener conocimientos del sector de los animales de compa\u00f1\u00eda?<\/strong><br \/>R. No es necesario. El conocimiento del sector se apoya en el onboarding. Lo importante es la capacidad de entrar en el terreno, organizar los problemas, convertirlos en un formulario que pueda utilizar la IA y finalizar el proceso.<\/p>\n<p><strong>P. \u00bfPuedo tener un mando a distancia completo?<\/strong><br \/>R. B\u00e1sicamente, el apoyo a distancia es posible. Es posible que se le pida que acuda al trabajo y celebre reuniones una o dos veces al mes.<\/p>\n<p><strong>P. \u00bfPuedo participar en r\u00e9gimen de externalizaci\u00f3n?<\/strong><br \/>A. Posible. El contrato inicial de 3 meses comenzar\u00e1 con un periodo inicial de 8-24 horas de funcionamiento a la semana. La continuaci\u00f3n y la conversi\u00f3n permanente tambi\u00e9n son bienvenidas.<\/p>\n<p><strong>P. \u00bfCu\u00e1l es el estado actual de utilizaci\u00f3n de la IA?<\/strong><br \/>R. Todav\u00eda no tenemos una estructura de IA como organizaci\u00f3n. Por eso, como primera persona, tienes la discreci\u00f3n de \"dise\u00f1ar desde cero\". Esperamos que lo implementes en tu negocio y no te detengas en la experimentaci\u00f3n.<\/p>\n<p><strong>P. \u00bfQu\u00e9 debo enviar cuando presente la solicitud?<\/strong><br \/>A. CV y LinkedIn, GitHub o portfolio. Adem\u00e1s, adjunta una descripci\u00f3n de 200 palabras de \"trabajos o iniciativas que hayas mejorado con IA hasta la fecha\" para facilitar el proceso de selecci\u00f3n.<\/p>\n<h2>Para presentar su candidatura, haga clic aqu\u00ed.<\/h2>\n<p>Un futuro en el que puedas ir a cualquier parte del mundo con tus seres queridos.<br \/>\u00bfPor qu\u00e9 no trabajar juntos para crear ese futuro con el poder de la IA?<\/p>\n<p><strong>Solicitud por correo electr\u00f3nico:<a href=\"mailto:info@petair.jp\">info@petair.jp<\/a><\/strong><br \/><strong>\ud83d\udcac P\u00f3ngase en contacto con nosotros en l\u00ednea para obtener m\u00e1s informaci\u00f3n y asesoramiento.<\/strong><\/p>","protected":false},"excerpt":{"rendered":"AI\u3067\u3001\u30da\u30c3\u30c8\u3068\u5bb6\u65cf\u306e\u56fd\u5883\u3092\u306a\u304f\u3059\u3002 PetAir\u306f\u3001\u56fd\u3054\u3068\u306b\u7570\u306a\u308b\u691c\u75ab\u30fb\u8f38\u51fa\u5165\u898f\u5236\u3001\u81a8\u5927\u306a\u66f8\u985e\u4f5c\u6210\u3001\u98fc\u3044\u4e3b\u3055\u307e\u3068\u306e\u30b3\u30df\u30e5\u30cb\u30b1\u30fc\u30b7\u30e7\u30f3\u3092\u652f\u3048\u308b\u56fd\u969b\u30da\u30c3\u30c8\u8f38\u9001\u306e\u5c02\u9580\u30c1\u30fc\u30e0\u3067\u3059\u3002 \u79c1\u305f\u3061\u304c\u751f\u6210AI\u3092\u4f7f\u3044\u305f\u3044\u306e\u306f\u3001\u4eba\u3092\u7f6e\u304d\u63db\u3048 [&hellip;]","protected":false},"author":1,"featured_media":0,"parent":0,"menu_order":0,"comment_status":"closed","ping_status":"closed","template":"","meta":{"om_disable_all_campaigns":false,"_monsterinsights_skip_tracking":false,"_monsterinsights_sitenote_active":false,"_monsterinsights_sitenote_note":"","_monsterinsights_sitenote_category":0,"_uf_show_specific_survey":0,"_uf_disable_surveys":false,"footnotes":""},"class_list":["post-3254","page","type-page","status-publish","hentry"],"aioseo_notices":[],"_links":{"self":[{"href":"https:\/\/petair.jp\/es\/wp-json\/wp\/v2\/pages\/3254","targetHints":{"allow":["GET"]}}],"collection":[{"href":"https:\/\/petair.jp\/es\/wp-json\/wp\/v2\/pages"}],"about":[{"href":"https:\/\/petair.jp\/es\/wp-json\/wp\/v2\/types\/page"}],"author":[{"embeddable":true,"href":"https:\/\/petair.jp\/es\/wp-json\/wp\/v2\/users\/1"}],"replies":[{"embeddable":true,"href":"https:\/\/petair.jp\/es\/wp-json\/wp\/v2\/comments?post=3254"}],"version-history":[{"count":0,"href":"https:\/\/petair.jp\/es\/wp-json\/wp\/v2\/pages\/3254\/revisions"}],"wp:attachment":[{"href":"https:\/\/petair.jp\/es\/wp-json\/wp\/v2\/media?parent=3254"}],"curies":[{"name":"wp","href":"https:\/\/api.w.org\/{rel}","templated":true}]}}