{"id":315,"date":"2024-08-29T16:28:54","date_gmt":"2024-08-29T07:28:54","guid":{"rendered":"https:\/\/petair.jp\/?page_id=315"},"modified":"2026-04-02T18:16:10","modified_gmt":"2026-04-02T09:16:10","slug":"works","status":"publish","type":"page","link":"https:\/\/petair.jp\/es\/works\/","title":{"rendered":"El trabajo de PetAirJPN"},"content":{"rendered":"<div class=\"petair-service-main\">\n<p><!-- \u30d2\u30fc\u30ed\u30fc\u30bb\u30af\u30b7\u30e7\u30f3 --><\/p>\n<section class=\"petair-hero-main\">\n<div class=\"petair-container-main\">\n<h2>Servicio de transporte de mascotas de Pet Air JPN.<\/h2>\n<p class=\"petair-hero-subtitle-main\">Servicio especializado para transportar con seguridad a sus seres queridos por todo el mundo.<\/p>\n<div class=\"petair-hero-description-main\">\n  No tiene por qu\u00e9 preocuparse de separarse de su mascota cuando se desplace al extranjero o realice un largo viaje de negocios. PetAir JPN es,<strong>Servicios de apoyo especializados en el transporte internacional de mascotas desde y hacia Jap\u00f3n.<\/strong>As\u00ed es. El servicio ofrece asistencia en todos los tediosos preparativos, desde los complejos procedimientos de cuarentena hasta la preparaci\u00f3n del transporte a\u00e9reo.\n<\/div>\n<div style=\"text-align: center; margin-top: 3rem; position: relative; z-index: 100;\">\n  <a style=\"display: inline-block !important; background: rgba(135, 206, 235, 0.3) !important; color: #ffffff !important; padding: 1.5rem 3.5rem !important; border-radius: 100px !important; text-decoration: none !important; font-weight: 700 !important; font-size: 1.2rem !important; box-shadow: 0 8px 30px rgba(0, 0, 0, 0.15) !important; border: 2px solid rgba(255, 255, 255, 0.4) !important; cursor: pointer !important; transition: all 0.3s ease !important; position: relative !important; z-index: 1000 !important; backdrop-filter: blur(10px) !important; -webkit-backdrop-filter: blur(10px) !important; white-space: nowrap !important;\" href=\"https:\/\/page.line.me\/petairjpn\" target=\"_blank\" rel=\"noopener noreferrer\">Inicie ahora su consulta gratuita<\/a>\n<\/div>\n<\/div>\n<\/section>\n<section class=\"petair-section-main petair-reasons-main\">\n<div class=\"petair-container-main\">\n<h2 class=\"petair-section-title-main\">\u00bfPor qu\u00e9 elegir PetAir JPN?<\/h2>\n<div class=\"petair-reasons-grid-main\">\n<div class=\"petair-reason-card-main petair-animate-on-scroll-main\">\n<div class=\"petair-reason-icon-main\">\ud83d\udd50<\/div>\n<h3 class=\"petair-reason-title-main\">Reducir la carga de procedimientos en al menos 901 TP3T.<\/h3>\n<div class=\"petair-highlight-number-main\">90-125 horas \u2192 8-11 horas<\/div>\n<p class=\"petair-reason-description-main\">\n  El servicio presta apoyo en todas estas tediosas tareas, desde la investigaci\u00f3n de la normativa de importaci\u00f3n y exportaci\u00f3n de cada pa\u00eds hasta la asistencia en la preparaci\u00f3n de los documentos necesarios, el enlace con la oficina de cuarentena de animales y la concertaci\u00f3n de citas. Los clientes pueden seguir adelante con los preparativos para viajar con sus mascotas con un tiempo m\u00ednimo (aproximadamente de 8 a 11 horas) y tranquilidad.\n<\/p>\n<\/div>\n<div class=\"petair-reason-card-main petair-animate-on-scroll-main\">\n<div class=\"petair-reason-icon-main\">\ud83d\udccb<\/div>\n<h3 class=\"petair-reason-title-main\">Historial de cero documentaci\u00f3n incompleta<\/h3>\n<div class=\"petair-highlight-number-main\">Entrada denegada en el pa\u00eds 0<\/div>\n<p class=\"petair-reason-description-main\">\n  El personal especializado, familiarizado con las complejas normativas que var\u00edan de un pa\u00eds a otro, le ayuda a preparar una documentaci\u00f3n precisa basada en la informaci\u00f3n m\u00e1s reciente. Tambi\u00e9n responden inmediatamente a los cambios normativos para garantizar una entrada fiable.\n<\/p>\n<\/div>\n<div class=\"petair-reason-card-main petair-animate-on-scroll-main\">\n<div class=\"petair-reason-icon-main\">\u2708\ufe0f<\/div>\n<h3 class=\"petair-reason-title-main\">Transporte seguro en plena conformidad con las normas internacionales<\/h3>\n<div class=\"petair-highlight-number-main\">Acreditaci\u00f3n IATA e IPATA<\/div>\n<p class=\"petair-reason-description-main\">\n  El pleno cumplimiento de la normativa sobre transporte de animales de la Asociaci\u00f3n Internacional de Transporte A\u00e9reo (IATA) y la colaboraci\u00f3n con empresas miembros de la Asociaci\u00f3n Internacional de Transporte de Animales de Compa\u00f1\u00eda (IPATA) garantizan las normas m\u00e1s estrictas del mundo en materia de transporte seguro.\n<\/p>\n<\/div>\n<div class=\"petair-reason-card-main petair-animate-on-scroll-main\">\n<div class=\"petair-reason-icon-main\">\ud83c\udf0d<\/div>\n<h3 class=\"petair-reason-title-main\">Amplia experiencia en el transporte a m\u00e1s de 40 pa\u00edses<\/h3>\n<div class=\"petair-highlight-number-main\">M\u00e1s de 150 casos al a\u00f1o<\/div>\n<div class=\"petair-progress-bar-main\">\n<div class=\"petair-progress-fill-main\"><\/div>\n<\/div>\n<p class=\"petair-reason-description-main\">\n  Satisfacci\u00f3n del cliente 98% - Tenemos experiencia en una amplia gama de destinos, incluidos Asia, Norteam\u00e9rica, Europa y Ocean\u00eda. Equipo experimentado y profesional para todos los casos, incluidos perros grandes, razas cortas, mascotas mayores y hogares con varias mascotas.\n<\/p>\n<\/div>\n<\/div>\n<\/div>\n<\/section>\n<p><!-- \u30b5\u30fc\u30d3\u30b9\u5185\u5bb9 --><\/p>\n<section class=\"petair-section-main petair-services-main\">\n<div class=\"petair-container-main\">\n<h2 class=\"petair-section-title-main\">Descripci\u00f3n del servicio<\/h2>\n<div class=\"petair-services-grid-main\">\n<div class=\"petair-service-item-main petair-animate-on-scroll-main\">\n<h3 class=\"petair-service-item-title-main\">Apoyo personal de personal experto<\/h3>\n<ul class=\"petair-service-list-main\">\n<li>Consultas gratuitas con asesores experimentados (n\u00famero ilimitado de consultas)<\/li>\n<li>Propuesta del mejor plan seg\u00fan el tipo, edad y salud de la mascota.<\/li>\n<li>Explicaci\u00f3n detallada de la normativa m\u00e1s reciente y de la documentaci\u00f3n exigida en el pa\u00eds de destino.<\/li>\n<\/ul>\n<\/div>\n<div class=\"petair-service-item-main petair-animate-on-scroll-main\">\n<h3 class=\"petair-service-item-title-main\">Asistencia procesal integral<\/h3>\n<ul class=\"petair-service-list-main\">\n<li>Asistencia en la preparaci\u00f3n y obtenci\u00f3n de los documentos necesarios (por ejemplo, certificados sanitarios, permisos de importaci\u00f3n\/exportaci\u00f3n)<\/li>\n<li>Apoyo para la introducci\u00f3n de datos de solicitud y acuerdos de reserva con las oficinas de cuarentena animal<\/li>\n<li>Apoyo en la organizaci\u00f3n de vacunaciones y controles sanitarios en colaboraci\u00f3n con veterinarios<\/li>\n<li>Organizar y programar pruebas de titulaci\u00f3n de anticuerpos antirr\u00e1bicos, etc.<\/li>\n<\/ul>\n<\/div>\n<div class=\"petair-service-item-main petair-animate-on-scroll-main\">\n<h3 class=\"petair-service-item-title-main\">Transporte seguro.<\/h3>\n<ul class=\"petair-service-list-main\">\n<li>Coordinaci\u00f3n con las compa\u00f1\u00edas a\u00e9reas y selecci\u00f3n de los mejores vuelos para el transporte de mascotas<\/li>\n<li>Asesoramiento sobre cajas de transporte conformes a las normas IATA.<\/li>\n<li>Seguimiento de la situaci\u00f3n durante el transporte e informes peri\u00f3dicos de situaci\u00f3n<\/li>\n<li>Asistencia 24 horas en caso de emergencia<\/li>\n<\/ul>\n<\/div>\n<div class=\"petair-service-item-main petair-animate-on-scroll-main\">\n<h3 class=\"petair-service-item-title-main\">Seguimiento a la llegada<\/h3>\n<ul class=\"petair-service-list-main\">\n<li>Apoyo a los procedimientos locales de cuarentena y despacho de aduanas<\/li>\n<li>Enlace con los agentes locales en caso necesario<\/li>\n<li>Consejos para adaptar a las mascotas a su nuevo entorno.<\/li>\n<li>Asistencia de consulta gratuita durante 30 d\u00edas tras la llegada<\/li>\n<\/ul>\n<\/div>\n<\/div>\n<div style=\"text-align: center; margin-top: 4rem;\">\n<p style=\"font-size: 1.1rem; margin-bottom: 2rem; color: #666666;\">\n  Entre los servicios adicionales adaptados a sus necesidades se incluyen la organizaci\u00f3n de alojamientos que admitan mascotas, la organizaci\u00f3n de taxis nacionales e internacionales para mascotas, la reserva de cl\u00ednicas veterinarias locales, servicios de emergencia con planes expr\u00e9s y asistencia con los tr\u00e1mites de cuarentena y aduanas.\n<\/p>\n<p><a class=\"petair-cta-button-secondary-main\" href=\"https:\/\/petair.jp\/es\/works\/\">Consulte las descripciones detalladas de los servicios y las opciones.<\/a>\n<\/div>\n<\/div>\n<\/section>\n<p><!-- \u30b5\u30fc\u30d3\u30b9\u306e\u6d41\u308c --><\/p>\n<section class=\"petair-section-main petair-process-main\">\n<div class=\"petair-container-main\">\n<h2 class=\"petair-section-title-main\">flujo de servicios<\/h2>\n<div class=\"petair-process-container-main\">\n<div class=\"petair-process-line-main\"><\/div>\n<div class=\"petair-process-steps-main\">\n<div class=\"petair-process-step-main petair-animate-on-scroll-main\">\n<div class=\"petair-process-number-main\">1<\/div>\n<div class=\"petair-process-content-main\">\n<h3 class=\"petair-process-title-main\">consulta gratuita<\/h3>\n<p class=\"petair-process-subtitle-main\">Duraci\u00f3n: 30 minutos aproximadamente.<\/p>\n<p class=\"petair-process-description-main\">\n  <strong>M\u00e9todo.<\/strong>Elija entre: entrevistas en l\u00ednea, por tel\u00e9fono, por correo electr\u00f3nico o en l\u00ednea.<br \/>\n  <strong>Contenido<\/strong>: discutiremos en detalle la informaci\u00f3n de su mascota, el destino y el momento deseado y le propondremos el mejor plan.\n<\/p>\n<\/div>\n<\/div>\n<div class=\"petair-process-step-main petair-animate-on-scroll-main\">\n<div class=\"petair-process-number-main\">2<\/div>\n<div class=\"petair-process-content-main\">\n<h3 class=\"petair-process-title-main\">Presentaci\u00f3n de ofertas<\/h3>\n<p class=\"petair-process-subtitle-main\">Responda en un plazo de 24 horas.<\/p>\n<p class=\"petair-process-description-main\">\n  <strong>Presupuesto detallado.<\/strong>: especifique los gastos de servicio, los costes reales y los costes opcionales.<br \/>\n  <strong>horario<\/strong>: presenta el proceso de preparaci\u00f3n hasta la salida en un orden cronol\u00f3gico f\u00e1cil de seguir.\n<\/p>\n<\/div>\n<\/div>\n<div class=\"petair-process-step-main petair-animate-on-scroll-main\">\n<div class=\"petair-process-number-main\">3<\/div>\n<div class=\"petair-process-content-main\">\n<h3 class=\"petair-process-title-main\">Solicitud formal e inicio de los preparativos<\/h3>\n<p class=\"petair-process-subtitle-main\">Tiempo de preparaci\u00f3n: normalmente 1-3 meses.<\/p>\n<p class=\"petair-process-description-main\">\n  <strong>Forma de pago<\/strong>Se aceptan transferencias bancarias y tarjetas de cr\u00e9dito.<br \/>\n  <strong>periodo preparatorio<\/strong>Normalmente entre 1 y 3 meses (los planes expr\u00e9s pueden tramitarse en tan solo 2 semanas).\n<\/p>\n<\/div>\n<\/div>\n<div class=\"petair-process-step-main petair-animate-on-scroll-main\">\n<div class=\"petair-process-number-main\">4<\/div>\n<div class=\"petair-process-content-main\">\n<h3 class=\"petair-process-title-main\">Apoyo procesal e informes de situaci\u00f3n<\/h3>\n<p class=\"petair-process-subtitle-main\">Los informes peri\u00f3dicos sobre los progresos realizados aportan tranquilidad.<\/p>\n<p class=\"petair-process-description-main\">\n  La ayuda para organizar las pruebas y procedimientos necesarios (microchips, vacunas, etc.), la asistencia para obtener y preparar diversos certificados, la ayuda para introducir los datos de la solicitud y concertar citas con las oficinas de cuarentena de animales, y los informes peri\u00f3dicos sobre los progresos realizados aportan tranquilidad.\n<\/p>\n<\/div>\n<\/div>\n<div class=\"petair-process-step-main petair-animate-on-scroll-main\">\n<div class=\"petair-process-number-main\">5<\/div>\n<div class=\"petair-process-content-main\">\n<h3 class=\"petair-process-title-main\">Salida y aplicaci\u00f3n del transporte<\/h3>\n<p class=\"petair-process-subtitle-main\">Apoyo por todos los medios<\/p>\n<p class=\"petair-process-description-main\">\n  Llevan a cabo controles finales de documentos y sanitarios, ayudan con las formalidades aeroportuarias y supervisan e informan sobre la situaci\u00f3n durante el tr\u00e1nsito.\n<\/p>\n<\/div>\n<\/div>\n<div class=\"petair-process-step-main petair-animate-on-scroll-main\">\n<div class=\"petair-process-number-main\">6<\/div>\n<div class=\"petair-process-content-main\">\n<h3 class=\"petair-process-title-main\">Llegada y seguimiento<\/h3>\n<p class=\"petair-process-subtitle-main\">La asistencia contin\u00faa durante 30 d\u00edas despu\u00e9s de la llegada<\/p>\n<p class=\"petair-process-description-main\">\n  Ofrece asistencia de recepci\u00f3n local, asistencia en tr\u00e1mites de inmigraci\u00f3n y aduanas y continuidad de la consulta gratuita durante 30 d\u00edas.\n<\/p>\n<\/div>\n<\/div>\n<\/div>\n<\/div>\n<\/div>\n<\/section>\n<p><!-- \u6599\u91d1\u30d7\u30e9\u30f3 --><\/p>\n<section class=\"petair-section-main petair-pricing-main\">\n<div class=\"petair-container-main\">\n<h2 class=\"petair-section-title-main\">Planes de tarifas<\/h2>\n<div class=\"petair-pricing-notice-box\">\n<div class=\"petair-pricing-notice-icon\">\ud83d\udca1<\/div>\n<div class=\"petair-pricing-notice-content\">\n<h3>Tasas.<\/h3>\n<p><strong>Los precios indicados son aproximados.<\/strong>El importe total abonado variar\u00e1 en funci\u00f3n de los siguientes factores<\/p>\n<ul>\n<li><strong>Diferencias normativas seg\u00fan el pa\u00eds de destino<\/strong>Los tr\u00e1mites y documentos exigidos en cada pa\u00eds son muy diferentes.<\/li>\n<li><strong>Complejidad de los procedimientos<\/strong>: se aplican gastos adicionales en los pa\u00edses que exigen solicitudes previas de exportaci\u00f3n (permisos) o inspecciones especiales.<\/li>\n<\/ul>\n<p class=\"petair-pricing-notice-highlight\">Se le proporcionar\u00e1 un presupuesto exacto para su destino de forma individual en una consulta gratuita.<\/p>\n<\/div>\n<\/div>\n<div class=\"petair-pricing-cards-grid\">\n<!-- A\u30b3\u30fc\u30b9 --><\/p>\n<div class=\"petair-pricing-plan-card petair-animate-on-scroll-main\">\n<div class=\"petair-plan-badge\">especialista en salidas<\/div>\n<div class=\"petair-plan-header\">\n<h3>Curso A<\/h3>\n<p class=\"petair-plan-subtitle\">Jap\u00f3n \u2192 Ultramar \/ Ultramar \u2192 Ultramar<\/p>\n<\/div>\n<div class=\"petair-plan-price\"><span class=\"petair-price-amount\">130,000<\/span><span class=\"petair-price-currency\">Del yen<\/span><\/div>\n<p class=\"petair-price-note\">*Var\u00eda seg\u00fan el pa\u00eds.<\/p>\n<div class=\"petair-plan-features\">\n<div class=\"petair-feature-category\">servicio b\u00e1sico<\/div>\n<ul>\n<li>Asesoramiento profesional<\/li>\n<li>Compruebe la normativa y las condiciones del destino.<\/li>\n<li>Elaborar un plan de viaje<\/li>\n<\/ul>\n<div class=\"petair-feature-category\">Apoyo al procedimiento<\/div>\n<ul>\n<li>Asistencia en la obtenci\u00f3n y preparaci\u00f3n de los documentos necesarios<\/li>\n<li>Apoyo a la introducci\u00f3n de los datos de la solicitud en las oficinas de cuarentena animal.<\/li>\n<li>Reserva y organizaci\u00f3n de inspecciones de exportaci\u00f3n.<\/li>\n<li>Asistencia en la preparaci\u00f3n de solicitudes de licencias anticipadas de exportaci\u00f3n (en caso necesario)<\/li>\n<\/ul>\n<\/div>\n<\/div>\n<p><!-- B\u30b3\u30fc\u30b9 --><\/p>\n<div class=\"petair-pricing-plan-card petair-plan-featured petair-animate-on-scroll-main\">\n<div class=\"petair-plan-badge petair-badge-featured\">recomendaci\u00f3n<\/div>\n<div class=\"petair-plan-header\">\n<h3>Curso B<\/h3>\n<p class=\"petair-plan-subtitle\">Jap\u00f3n \u2192 Ultramar \u2192 Jap\u00f3n (ida y vuelta)<\/p>\n<\/div>\n<div class=\"petair-plan-price\"><span class=\"petair-price-amount\">200,000<\/span><span class=\"petair-price-currency\">Del yen<\/span><\/div>\n<p class=\"petair-price-note\">*Var\u00eda seg\u00fan el pa\u00eds.<\/p>\n<div class=\"petair-plan-features\">\n<div class \"petair-feature-category\">servicio b\u00e1sico<\/div>\n<ul>\n<li>Asesoramiento profesional<\/li>\n<li>Compruebe la normativa y las condiciones del destino.<\/li>\n<li>Confirmaci\u00f3n de las condiciones de importaci\u00f3n en Jap\u00f3n.<\/li>\n<li>Elaborar un plan de viaje<\/li>\n<\/ul>\n<div class=\"petair-feature-category\">Apoyo al procedimiento<\/div>\n<ul>\n<li>Asistencia en la obtenci\u00f3n y preparaci\u00f3n de los documentos necesarios<\/li>\n<li>Apoyo a la introducci\u00f3n de los datos de la solicitud en las oficinas de cuarentena animal.<\/li>\n<li>Reserva y organizaci\u00f3n de inspecciones de exportaci\u00f3n.<\/li>\n<li>Reserva y organizaci\u00f3n de inspecciones de importaci\u00f3n.<\/li>\n<li>Asistencia en la preparaci\u00f3n de solicitudes de licencias anticipadas de exportaci\u00f3n (en caso necesario)<\/li>\n<\/ul>\n<\/div>\n<\/div>\n<p><!-- C\u30b3\u30fc\u30b9 --><\/p>\n<div class=\"petair-pricing-plan-card petair-animate-on-scroll-main\">\n<div class=\"petair-plan-badge\">especialista de entrada<\/div>\n<div class=\"petair-plan-header\">\n<h3>Curso C<\/h3>\n<p class=\"petair-plan-subtitle\">Ultramar \u2192 Jap\u00f3n<\/p>\n<\/div>\n<div class=\"petair-plan-price\"><span class=\"petair-price-amount\">130,000<\/span><span class=\"petair-price-currency\">Del yen<\/span><\/div>\n<p class=\"petair-price-note\">*Var\u00eda seg\u00fan el pa\u00eds.<\/p>\n<div class=\"petair-plan-features\">\n<div class=\"petair-feature-category\">servicio b\u00e1sico<\/div>\n<ul>\n<li>Asesoramiento profesional<\/li>\n<li>Confirmaci\u00f3n de las condiciones de importaci\u00f3n en Jap\u00f3n.<\/li>\n<li>Elaborar un plan de viaje<\/li>\n<\/ul>\n<div class \"petair-feature-category\">Apoyo al procedimiento<\/div>\n<ul>\n<li>Asistencia en la obtenci\u00f3n y preparaci\u00f3n de los documentos necesarios<\/li>\n<li>Apoyo a la introducci\u00f3n de los datos de la solicitud en las oficinas de cuarentena animal.<\/li>\n<li>Reserva y organizaci\u00f3n de inspecciones de importaci\u00f3n.<\/li>\n<\/ul>\n<\/div>\n<\/div>\n<\/div>\n<div class=\"petair-benefits-section\">\n<div class=\"petair-benefits-header\">\n<h3>Descuentos Privilege<\/h3>\n<\/div>\n<div class=\"petair-benefits-grid\">\n<div class=\"petair-benefit-card\">\n<div class=\"petair-benefit-icon\">\ud83d\udcc5<\/div>\n<h4>Descuento por reserva anticipada<\/h4>\n<p class=\"petair-benefit-discount\">10% off<\/p>\n<p class=\"petair-benefit-condition\">Reserve hasta 6 meses antes de la salida.<\/p>\n<\/div>\n<div class=\"petair-benefit-card\">\n<div class=\"petair-benefit-icon\">\ud83d\udd04<\/div>\n<h4>Descuento multiuso<\/h4>\n<p class=\"petair-benefit-discount\">10% off<\/p>\n<p class=\"petair-benefit-condition\">Segundo y siguientes usos<\/p>\n<\/div>\n<div class=\"petair-benefit-card\">\n<div class=\"petair-benefit-icon\">\ud83d\udc3e<\/div>\n<h4>descuento por n\u00famero de personas<\/h4>\n<p class=\"petair-benefit-discount\">40% off<\/p>\n<p class=\"petair-benefit-condition\">A partir de la segunda cabeza (excepto en algunos pa\u00edses)<\/p>\n<\/div>\n<\/div>\n<\/div>\n<div style=\"text-align: center; margin-top: 4rem;\">\n<p style=\"font-size: 1.2rem; margin-bottom: 2rem; color: #2c5f8b; font-weight: 600;\">No dude en ponerse en contacto con nosotros para obtener tarifas m\u00e1s detalladas.<\/p>\n<p><a class=\"petair-cta-button-main\" href=\"https:\/\/page.line.me\/petairjpn\">Solicite un presupuesto gratuito<\/a>\n<\/div>\n<\/div>\n<\/section>\n<p><!-- \u3088\u304f\u3042\u308b\u3054\u8cea\u554f --><\/p>\n<section class=\"petair-section-main\">\n<div class=\"petair-container-main\">\n<h2 class=\"petair-section-title-main\">PREGUNTAS FRECUENTES<\/h2>\n<div class=\"petair-faq-item-main petair-animate-on-scroll-main\">\n<div class=\"petair-faq-question-main\">P: \u00bfCu\u00e1nto cuesta?<\/div>\n<div class=\"petair-faq-answer-main\">La tasa de servicio b\u00e1sica es de 130.000 yenes. Var\u00eda seg\u00fan el destino y los tr\u00e1mites necesarios. Se requieren costes reales adicionales, como tarifas a\u00e9reas, tasas de cuarentena y honorarios veterinarios. Los detalles se facilitan en el presupuesto gratuito.<\/div>\n<\/div>\n<div class=\"petair-faq-item-main petair-animate-on-scroll-main\">\n<div class=\"petair-faq-question-main\">P: \u00bfCon cu\u00e1nta antelaci\u00f3n debo prepararme?<\/div>\n<div class=\"petair-faq-answer-main\">Se recomienda prepararse con 1-3 meses de antelaci\u00f3n, dependiendo del pa\u00eds. Algunos pa\u00edses exigen la prueba del t\u00edtulo de anticuerpos de la rabia y un periodo de espera de 180 d\u00edas. Para casos urgentes, existe un plan expr\u00e9s de tan solo dos semanas.<\/div>\n<\/div>\n<div class=\"petair-faq-item-main petair-animate-on-scroll-main\">\n<div class=\"petair-faq-question-main\">P: \u00bfQu\u00e9 pa\u00edses son compatibles?<\/div>\n<div class=\"petair-faq-answer-main\">Abarca m\u00e1s de 40 pa\u00edses de Asia, Norteam\u00e9rica, Europa y Ocean\u00eda. Tambi\u00e9n se pueden gestionar regiones espec\u00edficas, como Hawai y Guam, y normativas complejas de la UE. Algunos pa\u00edses tienen restricciones, as\u00ed que cons\u00faltenos antes.<\/div>\n<\/div>\n<div class=\"petair-faq-item-main petair-animate-on-scroll-main\">\n<div class=\"petair-faq-question-main\">P: \u00bfSabr\u00e9 c\u00f3mo est\u00e1 mi mascota durante el transporte?<\/div>\n<div class=\"petair-faq-answer-main\">S\u00ed. Informamos de la situaci\u00f3n en cada etapa de salida, llegada en tr\u00e1nsito y llegada final. En colaboraci\u00f3n con nuestras empresas de transporte asociadas, supervisamos constantemente la seguridad de su mascota.<\/div>\n<\/div>\n<div class=\"petair-faq-item-main petair-animate-on-scroll-main\">\n<div class=\"petair-faq-question-main\">P: \u00bfDe verdad puedo dej\u00e1rtelo todo a ti?<\/div>\n<div class=\"petair-faq-answer-main\">Nuestro personal se encarga de todo el papeleo necesario, desde ayudar a preparar los documentos hasta introducir los datos de la solicitud y organizar la reserva. Como la solicitud debe hacerse en nombre del cliente, s\u00f3lo pedimos los \u00faltimos tr\u00e1mites, como la firma y la confirmaci\u00f3n del contenido. Tenga en cuenta que el trabajo m\u00e9dico y preparatorio propiamente dicho en el hospital veterinario, como los procedimientos (por ejemplo, vacunaciones), la asistencia a los ex\u00e1menes y la preparaci\u00f3n de la jaula, es responsabilidad del cliente.<\/div>\n<\/div>\n<div style=\"text-align: center; margin-top: 3rem;\">\n<p style=\"font-size: 1.1rem; color: #2c5f8b; font-weight: 600;\">Otros.<a style=\"color: #4a90e2; text-decoration: underline; font-weight: bold;\" href=\"https:\/\/petair.jp\/es\/faq\/\">Preguntas m\u00e1s frecuentes.<\/a>aqu\u00ed.<\/p>\n<\/div>\n<\/div>\n<\/section>\n<p><!-- \u6700\u7d42CTA --><\/p>\n<section class=\"petair-final-cta-main\">\n<div class=\"petair-container-main\">\n<h2>Servicio de transporte de mascotas de Pet Air JPN.<\/h2>\n<p>Servicio especializado para transportar con seguridad a sus seres queridos por todo el mundo.<\/p>\n<p style=\"font-size: 1.1rem; margin: 2rem 0; opacity: 0.95; max-width: 900px; margin-left: auto; margin-right: auto;\">\n  No se preocupe por separarse de su mascota cuando se traslade al extranjero o en un largo viaje de negocios. PetAir JPN es un servicio de asistencia especializado en el transporte internacional de mascotas desde y hacia Jap\u00f3n. Le ayudamos en todos los tediosos preparativos, desde la preparaci\u00f3n para los complejos procedimientos de cuarentena hasta el transporte a\u00e9reo.\n<\/p>\n<div style=\"text-align: center; margin-top: 3rem;\">\n<a class=\"petair-cta-button-main\" style=\"background: rgba(255,255,255,0.9) !important; color: #4a90e2 !important; font-size: 1.2rem !important; padding: 1.5rem 3rem !important; box-shadow: 0 8px 30px rgba(0,0,0,0.2) !important;\" href=\"https:\/\/page.line.me\/petairjpn\">Inicie ahora su consulta gratuita<\/a>\n<\/div>\n<\/div>\n<\/section>\n<p><!-- FAQ\u52d5\u4f5c\u7528\u30b9\u30af\u30ea\u30d7\u30c8 --><br \/>\n<script>\ndocument.addEventListener('DOMContentLoaded', () => {\n  const questions = document.querySelectorAll('.petair-faq-question-main');\n  questions.forEach(question => {\n    question.addEventListener('click', () => {\n      const answer = question.nextElementSibling;\n      const isActive = question.classList.contains('petair-active');\n      question.classList.toggle('petair-active', !isActive);\n      if (answer) {\n        answer.classList.toggle('petair-show', !isActive);\n      }\n    });\n  });\n});\n<\/script>\n<\/div>","protected":false},"excerpt":{"rendered":"\u30da\u30c3\u30c8\u30a8\u30a2\u30fcJPN\u306e\u30da\u30c3\u30c8\u8f38\u9001\u30b5\u30fc\u30d3\u30b9 \u5927\u5207\u306a\u5bb6\u65cf\u3092\u4e16\u754c\u4e2d\u3078\u5b89\u5168\u306b\u304a\u9001\u308a\u3059\u308b\u5c02\u9580\u30b5\u30fc\u30d3\u30b9 \u6d77\u5916\u79fb\u4f4f\u3084\u9577\u671f\u51fa\u5f35\u3067\u30da\u30c3\u30c8\u3068\u96e2\u308c\u96e2\u308c\u306b\u306a\u308b\u5fc3\u914d\u306f\u3042\u308a\u307e\u305b\u3093\u3002\u30da\u30c3\u30c8\u30a8\u30a2\u30fcJPN\u306f\u3001\u65e5\u672c\u767a\u7740\u306e\u56fd\u969b\u30da\u30c3\u30c8\u8f38\u9001\u3092\u5c02\u9580\u3068\u3059\u308b\u652f\u63f4\u30b5\u30fc\u30d3\u30b9 [&hellip;]","protected":false},"author":3,"featured_media":0,"parent":0,"menu_order":0,"comment_status":"closed","ping_status":"closed","template":"","meta":{"om_disable_all_campaigns":false,"_monsterinsights_skip_tracking":false,"_monsterinsights_sitenote_active":false,"_monsterinsights_sitenote_note":"","_monsterinsights_sitenote_category":0,"_uf_show_specific_survey":0,"_uf_disable_surveys":false,"footnotes":""},"class_list":["post-315","page","type-page","status-publish","hentry"],"aioseo_notices":[],"_links":{"self":[{"href":"https:\/\/petair.jp\/es\/wp-json\/wp\/v2\/pages\/315","targetHints":{"allow":["GET"]}}],"collection":[{"href":"https:\/\/petair.jp\/es\/wp-json\/wp\/v2\/pages"}],"about":[{"href":"https:\/\/petair.jp\/es\/wp-json\/wp\/v2\/types\/page"}],"author":[{"embeddable":true,"href":"https:\/\/petair.jp\/es\/wp-json\/wp\/v2\/users\/3"}],"replies":[{"embeddable":true,"href":"https:\/\/petair.jp\/es\/wp-json\/wp\/v2\/comments?post=315"}],"version-history":[{"count":0,"href":"https:\/\/petair.jp\/es\/wp-json\/wp\/v2\/pages\/315\/revisions"}],"wp:attachment":[{"href":"https:\/\/petair.jp\/es\/wp-json\/wp\/v2\/media?parent=315"}],"curies":[{"name":"wp","href":"https:\/\/api.w.org\/{rel}","templated":true}]}}