{"id":3,"date":"2024-09-07T00:17:50","date_gmt":"2024-09-06T15:17:50","guid":{"rendered":"http:\/\/petair.jp"},"modified":"2024-09-18T15:05:10","modified_gmt":"2024-09-18T06:05:10","slug":"privacy-policy","status":"publish","type":"page","link":"https:\/\/petair.jp\/es\/privacy-policy\/","title":{"rendered":"Pol\u00edtica de privacidad."},"content":{"rendered":"<h2 class=\"wp-block-heading has-text-align-center policy-ttl\">Pol\u00edtica de privacidad.<\/h2>\n\n\n\n<p class=\"policy-txt\">PetAir Inc. (en lo sucesivo denominada \"la Empresa\") reconoce que la protecci\u00f3n de los datos personales es la base de las actividades comerciales de la Empresa y es tambi\u00e9n la responsabilidad social de la Empresa.<br>Manejamos una gran variedad de informaci\u00f3n, incluida informaci\u00f3n sobre nuestros productos y servicios, as\u00ed como informaci\u00f3n personal proporcionada por nuestros clientes.<br>Adem\u00e1s de establecer la normativa pertinente y un sistema de gesti\u00f3n para la protecci\u00f3n de los datos personales, la empresa ha establecido la siguiente pol\u00edtica de privacidad, que debe darse a conocer a todos los directivos y empleados de la empresa,<br>Los datos personales se utilizar\u00e1n, gestionar\u00e1n y proteger\u00e1n adecuadamente de acuerdo con esta pol\u00edtica.<\/p>\n\n\n\n<p class=\"policy-txt\"><span style=\"color: #60a3d6\" class=\"sme-text-color\">1. recogida, uso y suministro de informaci\u00f3n personal<\/span><br>En el curso de nuestras actividades empresariales, hemos establecido un sistema de gesti\u00f3n de la informaci\u00f3n para proteger la informaci\u00f3n personal de acuerdo con cada realidad empresarial, teniendo en cuenta el hecho de que nuestros clientes nos proporcionan su informaci\u00f3n importante,<br>Los datos personales se tratar\u00e1n adecuadamente de acuerdo con las normas prescritas para la recogida, uso y suministro de datos personales.<\/p>\n\n\n\n<p class=\"policy-txt\"><span style=\"color: #60a3d6\" class=\"sme-text-color\">2. cumplimiento de la legislaci\u00f3n y la normativa<\/span><br>Cumplimos todas las leyes y normativas relativas al tratamiento de datos personales.<\/p>\n\n\n\n<p class=\"policy-txt\"><span style=\"color: #60a3d6\" class=\"sme-text-color\">3. medidas de seguridad<\/span><br>Con el fin de proteger la informaci\u00f3n personal, la Empresa, de acuerdo con su normativa sobre seguridad de la informaci\u00f3n, gestiona dicha informaci\u00f3n personal, especifica c\u00f3mo se saca la informaci\u00f3n personal de los locales de la Empresa e impide el acceso no autorizado a terceros.<br>y otras medidas para evitar la filtraci\u00f3n, p\u00e9rdida, alteraci\u00f3n o destrucci\u00f3n de informaci\u00f3n personal.<\/p>\n\n\n\n<p class=\"policy-txt\"><span style=\"color: #60a3d6\" class=\"sme-text-color\">4. a petici\u00f3n de la persona<\/span><br>Si recibimos alguna solicitud suya en relaci\u00f3n con su informaci\u00f3n personal para que la divulguemos, corrijamos, eliminemos, utilicemos o proporcionemos, responderemos de buena fe.<\/p>\n\n\n\n<p class=\"policy-txt\"><span style=\"color: #60a3d6\" class=\"sme-text-color\">5. normas de gesti\u00f3n de datos personales.<\/span><br>La empresa ha establecido normas de gesti\u00f3n de la informaci\u00f3n personal para promover la comprensi\u00f3n de la importancia y la necesidad de proteger la informaci\u00f3n personal entre sus directivos y empleados y para garantizar la gesti\u00f3n adecuada de la informaci\u00f3n personal,<br>Se respetar\u00e1 la normativa pertinente.<\/p>\n\n\n\n<hr class=\"wp-block-separator has-alpha-channel-opacity policy-line\"\/>\n\n\n\n<h2 class=\"wp-block-heading has-text-align-center policy-ttl\">Finalidad del uso de los datos personales.<\/h2>\n\n\n\n<p class=\"policy-txt\">Con respecto a los datos personales que recibimos (o hemos recibido) en relaci\u00f3n con nuestras actividades empresariales, s\u00f3lo los utilizaremos para los siguientes fines<\/p>\n\n\n\n<p class=\"policy-txt\"><span style=\"color: #60a3d6\" class=\"sme-text-color\">1. sus datos personales<\/span><br>Proporcionar informaci\u00f3n sobre nuestros productos y servicios.<br>Para ponernos en contacto con usted en respuesta a sus consultas sobre nuestros productos y servicios.<br>Para realizar transacciones como el servicio posventa de nuestros productos e informaci\u00f3n de servicio.<br>Para confirmar su identidad con el fin de venderle o proporcionarle nuestros productos y servicios.<br>Para realizar cuestionarios y encuestas de seguimiento sobre nuestros productos e informaci\u00f3n de servicio, etc.<br>Para actividades de marketing relativas a nuestros productos e informaci\u00f3n sobre servicios, etc.<br>Cuando sea necesario para proporcionar otra informaci\u00f3n sobre nuestros productos y servicios.<\/p>\n\n\n\n<p class=\"policy-txt\"><span style=\"color: #60a3d6\" class=\"sme-text-color\">2. datos personales de accionistas e inversores<\/span><br>Ejercer derechos y cumplir obligaciones de conformidad con las leyes y reglamentos<br>Gestionar a los accionistas de conformidad con las leyes y reglamentos.<br>Proporcionar informaci\u00f3n e investigaci\u00f3n sobre las actividades de RRII a accionistas e inversores.<\/p>\n\n\n\n<p class=\"policy-txt\"><span style=\"color: #60a3d6\" class=\"sme-text-color\">3. datos personales de las empresas con las que mantenemos relaciones comerciales<\/span><br>Comunicar y llevar a cabo las negociaciones comerciales necesarias en el curso de las operaciones comerciales.<br>Gestionar la informaci\u00f3n y procesar los ingresos y gastos<\/p>\n\n\n\n<p class=\"policy-txt\"><span style=\"color: #60a3d6\" class=\"sme-text-color\">4. datos personales de los solicitantes de empleo<\/span><br>Comunicar, facilitar informaci\u00f3n y realizar investigaciones sobre las actividades de contrataci\u00f3n.<\/p>\n\n\n\n<p class=\"policy-txt\"><span style=\"color: #60a3d6\" class=\"sme-text-color\">5. datos personales en actividades de relaciones p\u00fablicas<\/span><br>Facilitar informaci\u00f3n como actividad de relaciones p\u00fablicas.<\/p>\n\n\n\n<p class=\"policy-txt\"><span style=\"color: #60a3d6\" class=\"sme-text-color\">6. informaci\u00f3n personal en actividades de conservaci\u00f3n del medio ambiente<\/span><br>Facilitar informaci\u00f3n y realizar encuestas sobre actividades de RSE y protecci\u00f3n del medio ambiente.<\/p>\n\n\n\n<hr class=\"wp-block-separator has-alpha-channel-opacity policy-line\"\/>\n\n\n\n<h2 class=\"wp-block-heading has-text-align-center policy-ttl\">Persona de contacto para consultas.<\/h2>\n\n\n\n<p class=\"policy-txt\">Las solicitudes de divulgaci\u00f3n de informaci\u00f3n personal que actualmente obra en poder de la Empresa y las preguntas sobre el tratamiento de informaci\u00f3n personal por parte de la Empresa pueden formularse mediante el siguiente procedimiento.<br>Tenga en cuenta que es posible que no podamos responder a solicitudes que no se ajusten a este procedimiento.<\/p>\n\n\n\n<p class=\"policy-txt\"><span style=\"color: #60a3d6\" class=\"sme-text-color\">1. Procedimientos para la divulgaci\u00f3n de informaci\u00f3n personal<\/span><br>Env\u00edelo por correo a la direcci\u00f3n que figura a continuaci\u00f3n.<br>Confirmaremos que somos la persona en cuesti\u00f3n o su representante,<br>Tan pronto como hayamos recibido la confirmaci\u00f3n, le responderemos envi\u00e1ndole una carta o mediante un m\u00e9todo acordado entre usted y nosotros.<br>Tenga en cuenta que los gastos de env\u00edo correr\u00e1n a su cargo y que tardaremos alg\u00fan tiempo en responder.<\/p>\n\n\n\n<p class=\"policy-txt\">destinatario<br>\u3012171-0022<br>2-45-2-3605, Minami Ikebukuro, Toshima-ku, Tokio<br>PetAir Inc.<br>Tel\u00e9fono: 03-4500-5308<\/p>","protected":false},"excerpt":{"rendered":"\u30d7\u30e9\u30a4\u30d0\u30b7\u30fc\u30dd\u30ea\u30b7\u30fc \u682a\u5f0f\u4f1a\u793ePetAir\uff08\u4ee5\u4e0b\u3001\u5f0a\u793e\u3068\u3044\u3044\u307e\u3059\u3002\uff09\u306f\u3001\u500b\u4eba\u60c5\u5831\u306e\u4fdd\u8b77\u306f\u5f0a\u793e\u304c\u4e8b\u696d\u6d3b\u52d5\u3092\u884c\u3046\u306b\u3042\u305f\u3063\u3066\u306e\u57fa\u790e\u3067\u3042\u308b\u3068\u3068\u3082\u306b\u3001\u5f0a\u793e\u306e\u793e\u4f1a\u7684\u8cac\u4efb\u3067\u3042\u308b\u3068\u8a8d\u8b58\u3057\u3066\u304a\u308a\u307e\u3059\u3002\u5f0a\u793e\u306f\u3001\u5f0a\u793e\u306e\u88fd\u54c1\u3084\u30b5\u30fc\u30d3\u30b9\u306b\u95a2\u3059\u308b\u60c5 [&hellip;]","protected":false},"author":1,"featured_media":0,"parent":0,"menu_order":0,"comment_status":"closed","ping_status":"open","template":"","meta":{"om_disable_all_campaigns":false,"_monsterinsights_skip_tracking":false,"_monsterinsights_sitenote_active":false,"_monsterinsights_sitenote_note":"","_monsterinsights_sitenote_category":0,"_uf_show_specific_survey":0,"_uf_disable_surveys":false,"footnotes":""},"class_list":["post-3","page","type-page","status-publish","hentry"],"aioseo_notices":[],"_links":{"self":[{"href":"https:\/\/petair.jp\/es\/wp-json\/wp\/v2\/pages\/3","targetHints":{"allow":["GET"]}}],"collection":[{"href":"https:\/\/petair.jp\/es\/wp-json\/wp\/v2\/pages"}],"about":[{"href":"https:\/\/petair.jp\/es\/wp-json\/wp\/v2\/types\/page"}],"author":[{"embeddable":true,"href":"https:\/\/petair.jp\/es\/wp-json\/wp\/v2\/users\/1"}],"replies":[{"embeddable":true,"href":"https:\/\/petair.jp\/es\/wp-json\/wp\/v2\/comments?post=3"}],"version-history":[{"count":0,"href":"https:\/\/petair.jp\/es\/wp-json\/wp\/v2\/pages\/3\/revisions"}],"wp:attachment":[{"href":"https:\/\/petair.jp\/es\/wp-json\/wp\/v2\/media?parent=3"}],"curies":[{"name":"wp","href":"https:\/\/api.w.org\/{rel}","templated":true}]}}