{"id":2545,"date":"2025-06-19T20:01:04","date_gmt":"2025-06-19T11:01:04","guid":{"rendered":"https:\/\/petair.jp\/?page_id=2545"},"modified":"2025-06-19T20:01:04","modified_gmt":"2025-06-19T11:01:04","slug":"%e4%b8%96%e7%95%8c%e3%81%a8%e6%97%a5%e6%9c%ac%e3%82%92%e3%80%81%e6%84%9b%e3%81%99%e3%82%8b%e5%ae%b6%e6%97%8f%e3%81%a8%e5%85%b1%e3%81%ab%e3%81%a4%e3%81%aa%e3%81%90%e3%80%82","status":"publish","type":"page","link":"https:\/\/petair.jp\/es\/%e4%b8%96%e7%95%8c%e3%81%a8%e6%97%a5%e6%9c%ac%e3%82%92%e3%80%81%e6%84%9b%e3%81%99%e3%82%8b%e5%ae%b6%e6%97%8f%e3%81%a8%e5%85%b1%e3%81%ab%e3%81%a4%e3%81%aa%e3%81%90%e3%80%82\/","title":{"rendered":"Conectando el mundo y Jap\u00f3n con las familias que aman."},"content":{"rendered":"<p><!DOCTYPE html><br \/>\n<html lang=\"ja\"><br \/>\n<head><br \/>\n    <meta charset=\"UTF-8\"><br \/>\n    <meta name=\"viewport\" content=\"width=device-width, initial-scale=1.0\"><br \/>\n    <title>Qui\u00e9nes somos<\/title>\n    <link rel=\"stylesheet\" href=\"style.css\">\n    <link rel=\"preconnect\" href=\"https:\/\/fonts.googleapis.com\">\n    <link rel=\"preconnect\" href=\"https:\/\/fonts.gstatic.com\" crossorigin>\n    <link href=\"https:\/\/fonts.googleapis.com\/css2?family=Cormorant+Garamond:wght@400;500;600;700&#038;family=Inter:wght@400;500&#038;display=swap\" rel=\"stylesheet\">\n<\/head><br \/>\n<body><\/p>\n<div class=\"main-container\">\n<p>        <main class=\"content-wrapper\"><\/p>\n<section class=\"lead-section\">\n<p>Para quienes buscan un nuevo lugar en el extranjero. Para los que empiezan una nueva vida en Jap\u00f3n. Y para los que regresan a su querida patria.<\/p>\n<p>Cruzar fronteras con su querida mascota. Es un paso lleno de grandes esperanzas para el futuro de su familia. Pero al mismo tiempo va acompa\u00f1ado de una inmensa ansiedad.<\/p>\n<p>Nosotros, PetAir Inc,<strong>De Jap\u00f3n al mundo (exportaciones)\".<\/strong>y<strong>Del mundo a Jap\u00f3n (importado)<\/strong>y un equipo de profesionales especializados en ambas direcciones.<\/p>\n<p>En el centro de nuestros servicios se encuentra un<strong>Jap\u00f3n Calidad\".<\/strong>. Es m\u00e1s que una agencia de procedimientos, es una atenci\u00f3n meticulosa a los detalles, una gesti\u00f3n exhaustiva de la seguridad y un profundo compromiso con el propio cliente.<\/p>\n<\/section>\n<section class=\"strength-section\">\n<h2>Nuestra fuerza<\/h2>\n<p class=\"section-subtitle\">\u00bfPor qu\u00e9 elegir PetAir?<\/p>\n<div class=\"strength-grid\">\n<div class=\"strength-item\">\n                        <span class=\"strength-number\">01<\/span><\/p>\n<h3>La familiaridad de los expertos japoneses con la normativa sobre importaciones y exportaciones.<\/h3>\n<p>Las normas del transporte internacional son muy diferentes de un pa\u00eds a otro. Como expertos radicados en Jap\u00f3n, estamos familiarizados con ambas normativas. Tanto si exporta desde Jap\u00f3n como si importa a Jap\u00f3n, podemos ayudarle en ambos trayectos con los conocimientos adecuados.<\/p>\n<\/p><\/div>\n<div class=\"strength-item\">\n                        <span class=\"strength-number\">02<\/span><\/p>\n<h3>Un minucioso sistema de gesti\u00f3n de la seguridad que encarna la \"Calidad Jap\u00f3n\".<\/h3>\n<p>La propia gesti\u00f3n del proceso se considera \"calidad\", y se ha establecido un sistema de gesti\u00f3n de la seguridad que tambi\u00e9n est\u00e1 en consonancia con el esp\u00edritu japon\u00e9s de fabricaci\u00f3n. Perseguimos cient\u00edficamente la doble comprobaci\u00f3n de documentos, la gesti\u00f3n de riesgos y el bienestar de las mascotas.<\/p>\n<\/p><\/div>\n<div class=\"strength-item\">\n                        <span class=\"strength-number\">03<\/span><\/p>\n<h3>Una asociaci\u00f3n bien afinada que conecta corazones y mentes<\/h3>\n<p>Incluso un sistema excelente carece de sentido sin una relaci\u00f3n de coraz\u00f3n a coraz\u00f3n con el cliente. Con transparencia para compartir de cerca los avances y un esp\u00edritu de hospitalidad propio de Jap\u00f3n, seguimos siendo un socio cercano a nuestros clientes.<\/p>\n<\/p><\/div>\n<\/p><\/div>\n<\/section>\n<section class=\"philosophy-section\">\n<div class=\"philosophy-content\">\n<div class=\"philosophy-text-wrapper\">\n<h2>Nuestra filosof\u00eda<\/h2>\n<p class=\"section-subtitle\">Nuestro punto de partida<\/p>\n<p>'Las mascotas son miembros preciosos de la familia y el tiempo que pasan con nosotros es irremplazable'. Valoramos este pensamiento natural por encima de todo.<\/p>\n<p>Esto se debe a que nuestro negocio PetAir comenz\u00f3 con un doloroso remordimiento que nuestro propio CEO hab\u00eda experimentado en el pasado. Ese sentimiento de impotencia y arrepentimiento es nuestra fuerza motriz inquebrantable.<\/p>\n<p class=\"highlight-quote\">Sin embargo, no somos una empresa que se base \u00fanicamente en sus \"sentimientos\" y su \"pasi\u00f3n\".<\/p>\n<p>Hemos ido m\u00e1s all\u00e1 de nuestras normas personales para asegurarnos de que nadie vuelva a sentir lo mismo,<span class=\"highlight\">Un \"mecanismo\" objetivo, reproducible y que nadie pueda copiar.<\/span>creado.<\/p>\n<p>Esto es lo que nos enorgullece: un minucioso sistema de gesti\u00f3n de la seguridad que encarna la Calidad Jap\u00f3n, y el \"conocimiento experto japon\u00e9s\" que cumple a la perfecci\u00f3n las complejas normativas tanto de importaci\u00f3n como de exportaci\u00f3n.<\/p>\n<p>esto (algo o alguien cercano al hablante (incluido el hablante), o ideas expresadas por el hablante)<strong>Pensamientos apasionados y mecanismos de calma<\/strong>Este es el coraz\u00f3n de PetAir y la raz\u00f3n por la que estamos convencidos de que podemos ser su \"\u00fanico\" socio.<\/p>\n<\/p><\/div>\n<div class=\"philosophy-image-wrapper\">\n<div class=\"philosophy-image-bg\"><\/div>\n<p>                         <img decoding=\"async\" src=\"https:\/\/images.unsplash.com\/photo-1529429617124-95b109e86bb8?q=80&#038;w=2574&#038;auto=format&#038;fit=crop\" alt=\"Imagen que simboliza los pensamientos de los representantes.\">\n                    <\/div>\n<\/p><\/div>\n<\/section>\n<p>        <\/main><\/p>\n<footer class=\"site-footer\">\n<p>Que tu nueva historia con tu querida mascota comience con la mayor de las sonrisas.<\/p>\n<p class=\"footer-brand\">PetAir Inc.<\/p>\n<\/footer><\/div>\n<p><\/body><br \/>\n<\/html><\/p>","protected":false},"excerpt":{"rendered":"About Us \u6d77\u5916\u3078\u65b0\u5929\u5730\u3092\u6c42\u3081\u308b\u65b9\u3002\u65b0\u3057\u304f\u65e5\u672c\u3067\u306e\u751f\u6d3b\u3092\u59cb\u3081\u308b\u65b9\u3002\u305d\u3057\u3066\u3001\u611b\u3059\u308b\u6545\u90f7\u3078\u623b\u3089\u308c\u308b\u65b9\u3078\u3002 \u611b\u3059\u308b\u30da\u30c3\u30c8\u3068\u5171\u306b\u56fd\u5883\u3092\u8d8a\u3048\u308b\u3002\u305d\u308c\u306f\u3001\u3054\u5bb6\u65cf\u306e\u672a\u6765\u306b\u3068\u3063\u3066\u3001\u5927\u304d\u306a\u5e0c\u671b\u306b\u6e80\u3061\u305f\u4e00\u6b69\u3067\u3059\u3002\u3057\u304b\u3057\u540c\u6642\u306b\u3001\u8a08\u308a\u77e5\u308c [&hellip;]","protected":false},"author":1,"featured_media":0,"parent":0,"menu_order":0,"comment_status":"closed","ping_status":"closed","template":"","meta":{"om_disable_all_campaigns":false,"_monsterinsights_skip_tracking":false,"_monsterinsights_sitenote_active":false,"_monsterinsights_sitenote_note":"","_monsterinsights_sitenote_category":0,"_uf_show_specific_survey":0,"_uf_disable_surveys":false,"footnotes":""},"class_list":["post-2545","page","type-page","status-publish","hentry"],"aioseo_notices":[],"_links":{"self":[{"href":"https:\/\/petair.jp\/es\/wp-json\/wp\/v2\/pages\/2545","targetHints":{"allow":["GET"]}}],"collection":[{"href":"https:\/\/petair.jp\/es\/wp-json\/wp\/v2\/pages"}],"about":[{"href":"https:\/\/petair.jp\/es\/wp-json\/wp\/v2\/types\/page"}],"author":[{"embeddable":true,"href":"https:\/\/petair.jp\/es\/wp-json\/wp\/v2\/users\/1"}],"replies":[{"embeddable":true,"href":"https:\/\/petair.jp\/es\/wp-json\/wp\/v2\/comments?post=2545"}],"version-history":[{"count":0,"href":"https:\/\/petair.jp\/es\/wp-json\/wp\/v2\/pages\/2545\/revisions"}],"wp:attachment":[{"href":"https:\/\/petair.jp\/es\/wp-json\/wp\/v2\/media?parent=2545"}],"curies":[{"name":"wp","href":"https:\/\/api.w.org\/{rel}","templated":true}]}}