{"id":2119,"date":"2025-04-16T15:01:32","date_gmt":"2025-04-16T06:01:32","guid":{"rendered":"https:\/\/petair.jp\/?page_id=2119"},"modified":"2025-04-16T15:19:52","modified_gmt":"2025-04-16T06:19:52","slug":"japan-pet-agent","status":"publish","type":"page","link":"https:\/\/petair.jp\/es\/japan-pet-agent\/","title":{"rendered":"Importaci\u00f3n\/exportaci\u00f3n de mascotas de Jap\u00f3n para extranjeros | PetAirJPN"},"content":{"rendered":"<p>&nbsp;<\/p>\n<header>\n<div class=\"container\">\n<h1>Bienvenido a PetAirJPN<\/h1>\n<p class=\"subtitle\">Su socio de confianza para el env\u00edo de mascotas &amp;. <strong>Agente de mascotas de Jap\u00f3n<\/strong><\/p>\n<\/div>\n<\/header>\n<p>&nbsp;<\/p>\n<section id=\"intro\">\n<h2>\u00bfTrasladar a su mascota desde o hacia Jap\u00f3n?<\/h2>\n<p>\u00bfEst\u00e1 pensando en traer a su querido perro o gato a Jap\u00f3n? \u00bfO tal vez en trasladarse de Jap\u00f3n a otro pa\u00eds con su peludo compa\u00f1ero?<\/p>\n<p>Los viajes internacionales con animales de compa\u00f1\u00eda implican procedimientos complejos espec\u00edficos de cada pa\u00eds, incluida la normativa espec\u00edfica del Servicio de Cuarentena Animal de Jap\u00f3n. Navegar por la informaci\u00f3n y preparar documentos en un idioma extranjero puede ser una carga importante para muchos propietarios de mascotas. Es posible que est\u00e9 buscando un \"<strong>Agente de animales de compa\u00f1\u00eda en Jap\u00f3n<\/strong>.\u201d<\/p>\n<p><strong>PetAirJPN Co., Ltd. est\u00e1 aqu\u00ed para ayudarle.<\/strong> Somos una agencia especializada dedicada a aliviar sus preocupaciones y proporcionarle todo el apoyo necesario para que el traslado internacional de su mascota se desarrolle sin contratiempos.<\/p>\n<p><strong>Tanto si se traslada permanentemente a Jap\u00f3n con su mascota como si planea una visita, conf\u00ede el proceso a PetAirJPN. Somos especialistas en sortear las complejidades para que su peludo miembro de la familia viaje a Jap\u00f3n sin problemas ni preocupaciones.<\/strong><\/p>\n<\/section>\n<section id=\"why-petair\">\n<h2>\u00bfPor qu\u00e9 elegir PetAirJPN?<\/h2>\n<p>Como l\u00edder <strong>Agente de animales de compa\u00f1\u00eda en Jap\u00f3n<\/strong>PetAirJPN se especializa en el transporte internacional de animales de compa\u00f1\u00eda, y posee una amplia experiencia y conocimientos, especialmente en materia de importaci\u00f3n y exportaci\u00f3n. Entendemos los retos y estamos preparados para ser su socio de confianza.<\/p>\n<p><strong>Con sede en Jap\u00f3n, PetAirJPN ofrece una experiencia inigualable.<\/strong> Nuestro profundo conocimiento local de la normativa japonesa en materia de cuarentena, las complejidades de la documentaci\u00f3n y los procedimientos de las compa\u00f1\u00edas a\u00e9reas nos convierte en la opci\u00f3n m\u00e1s s\u00f3lida para garantizar el traslado seguro y conforme de su mascota a Jap\u00f3n.<\/p>\n<ul>\n<li><strong>Conocimientos especializados y experiencia:.<\/strong> Conocemos bien los requisitos del Servicio de Cuarentena Animal de Jap\u00f3n (microchips, vacunaci\u00f3n antirr\u00e1bica, pruebas de titulaci\u00f3n de anticuerpos, periodos de espera, solicitudes de cuarentena de importaci\u00f3n, etc.), los requisitos del pa\u00eds de destino y la normativa de las compa\u00f1\u00edas a\u00e9reas. (microchips, vacunas antirr\u00e1bicas, pruebas de anticuerpos, periodos de espera, solicitudes de cuarentena de importaci\u00f3n, etc.), requisitos del pa\u00eds de destino y normativa de las compa\u00f1\u00edas a\u00e9reas.<\/li>\n<li><strong>Proceso sin complicaciones:.<\/strong> Nos encargamos de tareas complejas y que requieren mucho tiempo, como la preparaci\u00f3n de documentos, la comunicaci\u00f3n con las autoridades pertinentes (Servicio de Cuarentena de Animales, veterinarios y veterinarios), y los procedimientos de solicitud, reduciendo significativamente su carga de trabajo y estr\u00e9s.<\/li>\n<li><strong>La seguridad de las mascotas es lo primero:.<\/strong> La salud y la seguridad de su mascota son nuestra m\u00e1xima prioridad. Proponemos planes de transporte seguros que cumplen estrictamente la normativa de la IATA (Asociaci\u00f3n Internacional de Transporte A\u00e9reo) y la legislaci\u00f3n japonesa. Proponemos planes de transporte seguros que cumplen estrictamente la normativa de la IATA (Asociaci\u00f3n de Transporte A\u00e9reo Internacional) y las leyes japonesas.<\/li>\n<li><strong>Apoyo personalizado:.<\/strong> Ofrecemos planes a medida basados en sus circunstancias individuales (motivo del viaje, calendario, tipo y edad de la mascota, presupuesto, etc.). No dude en consultarnos sus dudas en cualquier momento.<\/li>\n<li><strong>(Opcional) Soporte en ingl\u00e9s:.<\/strong> Podemos ofrecer apoyo en ingl\u00e9s para salvar cualquier brecha comunicativa.<\/li>\n<\/ul>\n<\/section>\n<section id=\"services\">\n<h2>Nuestros completos servicios de traslado de mascotas<\/h2>\n<p>Como su dedicado <strong>Agente de animales de compa\u00f1\u00eda en Jap\u00f3n<\/strong>Ofrecemos los siguientes servicios:.<\/p>\n<div class=\"service-category\">\n<h3>Apoyo a la importaci\u00f3n de mascotas (Ultramar \u2192 Jap\u00f3n)<\/h3>\n<ul>\n<li>Orientaci\u00f3n detallada sobre los requisitos de importaci\u00f3n de Jap\u00f3n (microchip, vacunas antirr\u00e1bicas, prueba de titulaci\u00f3n, periodo de espera, etc.).<\/li>\n<li>Preparaci\u00f3n y presentaci\u00f3n de una solicitud de notificaci\u00f3n previa al Servicio de Cuarentena Animal de Jap\u00f3n.<\/li>\n<li>Asesoramiento sobre los documentos necesarios del pa\u00eds exportador (por ejemplo, certificados sanitarios).<\/li>\n<li>Apoyo a la inspecci\u00f3n de importaci\u00f3n a la llegada a Jap\u00f3n.<\/li>\n<\/ul>\n<\/div>\n<div class=\"service-category\">\n<h3>Ayuda a la exportaci\u00f3n de animales de compa\u00f1\u00eda (Jap\u00f3n \u2192 Ultramar)<\/h3>\n<ul>\n<li>Investigaci\u00f3n y asesoramiento sobre los requisitos de importaci\u00f3n del pa\u00eds de destino.<\/li>\n<li>Ayuda para concertar citas con el veterinario para los tratamientos necesarios (vacunas, microchip, etc.).<\/li>\n<li>Reservar la inspecci\u00f3n de exportaci\u00f3n con el Servicio de Cuarentena Animal y obtener el certificado de cuarentena de exportaci\u00f3n.<\/li>\n<li>Ayuda con las reservas a\u00e9reas y asesoramiento sobre los requisitos de las cajas de transporte.<\/li>\n<\/ul>\n<\/div>\n<div class=\"service-category\">\n<h3>Otras ayudas<\/h3>\n<ul>\n<li>Asistencia en la solicitud de permisos de importaci\u00f3n para las regiones libres de rabia (por ejemplo, Hawai, Guam).<\/li>\n<li>Coordinaci\u00f3n con agentes de confianza en el extranjero para obtener apoyo local.<\/li>\n<li>Disposici\u00f3n de taxis para mascotas dom\u00e9sticas o instalaciones de alojamiento temporal (Servicio opcional).<\/li>\n<\/ul>\n<\/div>\n<\/section>\n<section id=\"pricing\">\n<h2>Planes de precios<\/h2>\n<p>PetAirJPN ofrece tres planes de servicio b\u00e1sicos adaptados a sus necesidades como l\u00edder <strong>Agente de animales de compa\u00f1\u00eda en Jap\u00f3n<\/strong>. Nuestros experimentados especialistas le ayudar\u00e1n a elegir el mejor plan para usted y su preciada mascota.<\/p>\n<p><strong>P\u00f3ngase en contacto con nosotros hoy mismo para una consulta y un presupuesto gratuitos.<\/strong><\/p>\n<div class=\"pricing-container\">\n<div class=\"pricing-plan\">\n<h3>Plan A: Apoyo a la exportaci\u00f3n (Jap\u00f3n \u2192 Ultramar)<\/h3>\n<p class=\"price\">A partir de aprox. <strong>$870 USD<\/strong>*<\/p>\n<p class=\"plan-description\"><em>Ideal para clientes que trasladan a sus mascotas de Jap\u00f3n a otro pa\u00eds.<\/em><\/p>\n<h4>Servicios clave incluidos:.<\/h4>\n<ul>\n<li>Consulta de expertos<\/li>\n<li>Comprobaci\u00f3n de la normativa del pa\u00eds de destino<\/li>\n<li>Apoyo a la planificaci\u00f3n del calendario de viajes<\/li>\n<li>Preparaci\u00f3n de documentos y asistencia<\/li>\n<li>Solicitud de exportaci\u00f3n del Servicio de Cuarentena de Animales<\/li>\n<li>Reserva y gesti\u00f3n de inspecciones de exportaci\u00f3n<\/li>\n<li>Solicitud de permiso previo a la exportaci\u00f3n (si es necesario)<\/li>\n<\/ul>\n<\/div>\n<div class=\"pricing-plan\">\n<h3>Plan B: Ayuda de ida y vuelta (Jap\u00f3n \u2194 Ultramar)<\/h3>\n<p class=\"price\">A partir de aprox. <strong>$1,350 USD<\/strong>*<\/p>\n<p class=\"plan-description\"><em>Dise\u00f1ado para clientes que viajan con mascotas a\/desde Jap\u00f3n (por ejemplo, estancias cortas, retornos temporales).<\/em><\/p>\n<h4>Servicios clave incluidos:.<\/h4>\n<ul>\n<li>Consulta de expertos<\/li>\n<li>Comprobaci\u00f3n de la normativa sobre destinos y Jap\u00f3n<\/li>\n<li>Planificaci\u00f3n de viajes de ida y vuelta<\/li>\n<li>Preparaci\u00f3n de documentos y asistencia (en ambos sentidos)<\/li>\n<li>Servicio de Cuarentena Animal Solicitudes de exportaci\u00f3n e importaci\u00f3n<\/li>\n<li>Reserva de inspecci\u00f3n de exportaciones e importaciones<\/li>\n<li>Solicitud de permiso previo a la exportaci\u00f3n (si es necesario)<\/li>\n<\/ul>\n<\/div>\n<div class=\"pricing-plan\">\n<h3>Plan C: Ayuda a la importaci\u00f3n (Ultramar \u2192 Jap\u00f3n)<\/h3>\n<p class=\"price\">A partir de aprox. <strong>$870 USD<\/strong>*<\/p>\n<p class=\"plan-description\"><em>Perfecto para los clientes que traen a sus mascotas a Jap\u00f3n desde el extranjero.<\/em><\/p>\n<h4>Servicios clave incluidos:.<\/h4>\n<ul>\n<li>Consulta de expertos<\/li>\n<li>Comprobaci\u00f3n del Reglamento de importaci\u00f3n de Jap\u00f3n<\/li>\n<li>Apoyo a la planificaci\u00f3n del calendario de viajes<\/li>\n<li>Preparaci\u00f3n de documentos y asistencia (incluida la comprobaci\u00f3n de los documentos del pa\u00eds de origen)<\/li>\n<li>Solicitud de importaci\u00f3n del Servicio de Cuarentena Animal (Notificaci\u00f3n previa)<\/li>\n<li>Reserva y gesti\u00f3n de inspecciones de importaci\u00f3n<\/li>\n<\/ul>\n<\/div>\n<\/div>\n<p class=\"price-note\">*Los precios en USD son estimaciones basadas en un tipo de cambio aproximado (por ejemplo, 1 USD \u2248 150 JPY) y est\u00e1n sujetos a cambios sin previo aviso. La facturaci\u00f3n final puede ser en JPY. Los precios no incluyen impuestos.<\/p>\n<\/section>\n<section id=\"discounts\">\n<h2>Descuentos disponibles<\/h2>\n<p>Aproveche nuestras ofertas especiales (detalles disponibles previa solicitud):.<\/p>\n<ul>\n<li><strong>Descuento por reserva anticipada:.<\/strong> <strong>10% OFF<\/strong> la tarifa b\u00e1sica para las reservas efectuadas al menos 6 meses antes de la fecha de salida prevista.<\/li>\n<li><strong>Descuento para clientes que repiten:.<\/strong> <strong>10% OFF<\/strong> la tarifa b\u00e1sica para su segundo y posteriores usos de nuestros servicios.<\/li>\n<li><strong>Descuento para varias mascotas:.<\/strong> <strong>40% OFF<\/strong> la tarifa b\u00e1sica para la segunda mascota y las siguientes que viajen juntas (se aplican algunas excepciones por pa\u00eds\/condici\u00f3n).<\/li>\n<\/ul>\n<\/section>\n<section id=\"important-notes\">\n<h2>Informaci\u00f3n importante sobre las tasas<\/h2>\n<ul>\n<li>Los precios indicados son **tarifas iniciales** y pueden variar en funci\u00f3n del pa\u00eds de destino, el tipo de mascota\/raza, el n\u00famero de mascotas, la complejidad de los procedimientos, etc. Todos los precios son **sin impuestos**.<\/li>\n<li>Las tarifas **no incluyen**: billetes de avi\u00f3n (para mascotas y personas), costes veterinarios (ex\u00e1menes, tratamientos, vacunas, microchips), costes reales de las solicitudes (por ejemplo, sellos\/tasas gubernamentales, costes de la caja de transporte, tasas\/impuestos de importaci\u00f3n en el pa\u00eds de destino o servicios opcionales de PetAirJPN. de transporte, derechos\/impuestos de importaci\u00f3n en el pa\u00eds de destino o servicios opcionales de PetAirJPN (por ejemplo, taxi para mascotas). (por ejemplo, taxi para mascotas).<\/li>\n<li>Por lo general, se exigen tasas de servicio **pagaderas por adelantado**.<\/li>\n<li>Normalmente, los clientes son responsables de reservar y comprar sus propios billetes de avi\u00f3n (cons\u00faltenos si necesita ayuda).<\/li>\n<li>Algunos pa\u00edses de destino pueden exigir la legalizaci\u00f3n de los documentos (por ejemplo, Apostilla o autenticaci\u00f3n por el Ministerio de Asuntos Exteriores de Jap\u00f3n). Algunos pa\u00edses de destino pueden exigir la legalizaci\u00f3n de los documentos (por ejemplo, Apostilla o autenticaci\u00f3n por el Ministerio de Asuntos Exteriores de Jap\u00f3n), lo que puede suponer tasas y tiempo de tramitaci\u00f3n adicionales.<\/li>\n<li><strong>[Crucial].<\/strong> La normativa y los documentos necesarios para la cuarentena animal y la importaci\u00f3n\/exportaci\u00f3n pueden cambiar con frecuencia y sin previo aviso. Confirme siempre la informaci\u00f3n m\u00e1s reciente con las autoridades pertinentes (el Servicio de Cuarentena Animal de Jap\u00f3n y las autoridades de su pa\u00eds de origen\/destino). Confirme siempre la informaci\u00f3n m\u00e1s reciente con las autoridades pertinentes (el Servicio de Cuarentena Animal de Jap\u00f3n y las autoridades de su pa\u00eds de origen\/destino) y planifique con suficiente antelaci\u00f3n.<\/li>\n<\/ul>\n<\/section>\n<section id=\"cta\">\n<section id=\"cta\">\n<h2>Deje que PetAirJPN se encargue del traslado de su mascota<\/h2>\n<p>No deje que las barreras ling\u00fc\u00edsticas o los procedimientos complejos le abrumen. conf\u00ede en PetAirJPN, su profesional <strong>Agente de animales de compa\u00f1\u00eda en Jap\u00f3n<\/strong>Nos comprometemos a garantizar que su querida mascota se re\u00fana con usted de forma segura y sin contratiempos en su nueva ubicaci\u00f3n.<\/p>\n<p><strong>P\u00f3ngase en contacto con nosotros hoy mismo para recibir asesoramiento gratuito y un presupuesto personalizado.<\/strong><\/p>\n<div class=\"cta-buttons-container\"><a class=\"cta-button email-button\" href=\"mailto:estimate@petair.jp\"><span class=\"button-icon\">\ud83d\udce7<\/span> Solicitar consulta por correo electr\u00f3nico<br \/>\n<\/a><br \/>\n<a class=\"cta-button line-button\" href=\"https:\/\/page.line.me\/petairjpn\" target=\"_blank\" rel=\"noopener noreferrer\"><span class=\"button-icon\">\ud83d\udcf1<\/span> Solicitar consulta a trav\u00e9s de LINE<\/a><span style=\"font-size: 14px;\">\u00a0<\/span><\/div>\n<\/section>\n<\/section>","protected":false},"excerpt":{"rendered":"&nbsp; Welcome to PetAirJPN Your Trusted Pet Shipping Partner &amp; Japan Pet Agent &nbsp; Moving Your Pet To  [&hellip;]","protected":false},"author":1,"featured_media":0,"parent":0,"menu_order":0,"comment_status":"closed","ping_status":"closed","template":"","meta":{"om_disable_all_campaigns":false,"_monsterinsights_skip_tracking":false,"_monsterinsights_sitenote_active":false,"_monsterinsights_sitenote_note":"","_monsterinsights_sitenote_category":0,"_uf_show_specific_survey":0,"_uf_disable_surveys":false,"footnotes":""},"class_list":["post-2119","page","type-page","status-publish","hentry"],"aioseo_notices":[],"_links":{"self":[{"href":"https:\/\/petair.jp\/es\/wp-json\/wp\/v2\/pages\/2119","targetHints":{"allow":["GET"]}}],"collection":[{"href":"https:\/\/petair.jp\/es\/wp-json\/wp\/v2\/pages"}],"about":[{"href":"https:\/\/petair.jp\/es\/wp-json\/wp\/v2\/types\/page"}],"author":[{"embeddable":true,"href":"https:\/\/petair.jp\/es\/wp-json\/wp\/v2\/users\/1"}],"replies":[{"embeddable":true,"href":"https:\/\/petair.jp\/es\/wp-json\/wp\/v2\/comments?post=2119"}],"version-history":[{"count":0,"href":"https:\/\/petair.jp\/es\/wp-json\/wp\/v2\/pages\/2119\/revisions"}],"wp:attachment":[{"href":"https:\/\/petair.jp\/es\/wp-json\/wp\/v2\/media?parent=2119"}],"curies":[{"name":"wp","href":"https:\/\/api.w.org\/{rel}","templated":true}]}}