{"id":1614,"date":"2024-12-17T18:44:52","date_gmt":"2024-12-17T09:44:52","guid":{"rendered":"https:\/\/petair.jp\/?page_id=1614"},"modified":"2026-04-02T18:17:18","modified_gmt":"2026-04-02T09:17:18","slug":"contact","status":"publish","type":"page","link":"https:\/\/petair.jp\/es\/contact\/","title":{"rendered":"consulta"},"content":{"rendered":"<div class=\"contact-container\">\n<section class=\"hero-section\">\n<div class=\"hero-content\">\n<h2 class=\"hero-title\">en este momento<span class=\"brand-name\">PetAirJPN<\/span>a los servicios de<br \/>\nMuchas gracias por su inter\u00e9s.<\/h2>\n<p class=\"hero-description\">No dude en ponerse en contacto con nosotros si tiene alguna duda sobre c\u00f3mo viajar al extranjero con su mascota, un valioso miembro de la familia.<br \/>\nNuestro personal especializado en transporte de mascotas trabajar\u00e1 con usted y su mascota para encontrar el mejor plan para usted y su mascota.<\/p>\n<\/div>\n<\/section>\n<p><!-- \u76f8\u8ac7\u5185\u5bb9\u30bb\u30af\u30b7\u30e7\u30f3 --><\/p>\n<section class=\"services-section\">\n<div class=\"section-header\">\n<h2 class=\"section-title\"><span class=\"title-icon\">\ud83d\udccb<\/span><br \/>\nOfrecemos las siguientes consultas<\/h2>\n<\/div>\n<div class=\"services-grid\">\n<div class=\"service-card\">\n<div class=\"service-icon\">\ud83c\udf0d<\/div>\n<h3 class=\"service-title\">Comprobar las condiciones de entrada<\/h3>\n<p class=\"service-description\">Condiciones de entrada y procedimientos necesarios para el pa\u00eds de destino.<\/p>\n<\/div>\n<div class=\"service-card\">\n<div class=\"service-icon\">\ud83d\udcb0<\/div>\n<h3 class=\"service-title\">Presupuesto inicial gratuito<\/h3>\n<p class=\"service-description\">Solicite un presupuesto inicial gratuito<\/p>\n<\/div>\n<div class=\"service-card\">\n<div class=\"service-icon\">\ud83d\udcbb<\/div>\n<h3 class=\"service-title\">Consulta en l\u00ednea<\/h3>\n<p class=\"service-description\">Reserve una consulta gratuita en l\u00ednea<\/p>\n<\/div>\n<div class=\"service-card\">\n<div class=\"service-icon\">\ud83c\udfe5<\/div>\n<h3 class=\"service-title\">asesoramiento sanitario<\/h3>\n<p class=\"service-description\">Consultas sobre la salud de los animales de compa\u00f1\u00eda y casos especiales<\/p>\n<\/div>\n<div class=\"service-card\">\n<div class=\"service-icon\">\ud83d\udcc5<\/div>\n<h3 class=\"service-title\">optimizaci\u00f3n de horarios<\/h3>\n<p class=\"service-description\">Optimizar el calendario de viajes<\/p>\n<\/div>\n<div class=\"service-card\">\n<div class=\"service-icon\">\ud83d\udcc4<\/div>\n<h3 class=\"service-title\">Soporte documental<\/h3>\n<p class=\"service-description\">En nombre de la documentaci\u00f3n y los procedimientos de cuarentena<\/p>\n<\/div>\n<\/div>\n<\/section>\n<p><!-- \u304a\u554f\u3044\u5408\u308f\u305b\u65b9\u6cd5\u30bb\u30af\u30b7\u30e7\u30f3 --><\/p>\n<section class=\"contact-section\">\n<div class=\"section-header\">\n<h2 class=\"section-title\"><span class=\"title-icon\">\ud83d\udcac<\/span><br \/>\nC\u00f3mo ponerse en contacto con nosotros.<\/h2>\n<\/div>\n<p><!-- \u63a8\u5968\u9023\u7d61\u65b9\u6cd5 --><\/p>\n<div class=\"primary-contact\">\n<div class=\"contact-card featured\">\n<div class=\"card-header\">\n<div class=\"contact-title-area\">\n<h3 class=\"contact-method-title\">Chat oficial de LINE<\/h3>\n<div class=\"contact-badges\"><span class=\"badge recommended\">recomendaci\u00f3n<\/span><br \/>\n<span class=\"badge always-open\">Recepci\u00f3n 24 horas<\/span><\/div>\n<\/div>\n<p class=\"contact-description\">Tras a\u00f1adir a un amigo, puedes chatear con \u00e9l inmediatamente para una consulta gratuita. Tambi\u00e9n puedes enviarnos fotos y podremos ofrecerte sugerencias m\u00e1s detalladas.<\/p>\n<\/div>\n<p><!-- QR\u30b3\u30fc\u30c9\u30a8\u30ea\u30a2 --><\/p>\n<div class=\"qr-section\">\n<div class=\"qr-wrapper\">\n<div class=\"qr-item\">\n<div class=\"qr-label\"><span class=\"qr-label-icon\">\ud83d\udcf1<\/span><br \/>\n<span class=\"qr-label-text\">C\u00f3digo QR de LINE.<\/span><\/div>\n<div class=\"qr-code-area\">\n<p><!-- \u3053\u3053\u306bLINE QR\u30b3\u30fc\u30c9\u3092\u914d\u7f6e --><\/p>\n<div class=\"qr-placeholder\"><img decoding=\"async\" class=\"alignnone size-medium wp-image-2733\" src=\"https:\/\/petair.jp\/wp-content\/uploads\/2025\/07\/L_gainfriends_2dbarcodes_GW-300x300.png\" alt=\"\" width=\"300\" height=\"300\" srcset=\"https:\/\/petair.jp\/wp-content\/uploads\/2025\/07\/L_gainfriends_2dbarcodes_GW-300x300.png 300w, https:\/\/petair.jp\/wp-content\/uploads\/2025\/07\/L_gainfriends_2dbarcodes_GW-150x150.png 150w, https:\/\/petair.jp\/wp-content\/uploads\/2025\/07\/L_gainfriends_2dbarcodes_GW-12x12.png 12w, https:\/\/petair.jp\/wp-content\/uploads\/2025\/07\/L_gainfriends_2dbarcodes_GW-520x520.png 520w, https:\/\/petair.jp\/wp-content\/uploads\/2025\/07\/L_gainfriends_2dbarcodes_GW-250x250.png 250w, https:\/\/petair.jp\/wp-content\/uploads\/2025\/07\/L_gainfriends_2dbarcodes_GW.png 540w\" sizes=\"(max-width: 300px) 100vw, 300px\" \/><\/div>\n<\/div>\n<\/div>\n<div class=\"qr-item\">\n<div class=\"qr-label\"><span class=\"qr-label-icon\">\ud83d\udcac<\/span><br \/>\n<span class=\"qr-label-text\">C\u00f3digo QR de WhatsApp<\/span><\/div>\n<div class=\"qr-code-area\">\n<p><!-- \u3053\u3053\u306bWhatsApp QR\u30b3\u30fc\u30c9\u3092\u914d\u7f6e --><\/p>\n<div class=\"qr-placeholder\"><img decoding=\"async\" class=\"alignnone size-medium wp-image-2732\" src=\"https:\/\/petair.jp\/wp-content\/uploads\/2025\/07\/c73b3c44-aa11-43a9-a4d5-99a9a24305a3-300x300.png\" alt=\"\" width=\"300\" height=\"300\" srcset=\"https:\/\/petair.jp\/wp-content\/uploads\/2025\/07\/c73b3c44-aa11-43a9-a4d5-99a9a24305a3-300x300.png 300w, https:\/\/petair.jp\/wp-content\/uploads\/2025\/07\/c73b3c44-aa11-43a9-a4d5-99a9a24305a3-150x150.png 150w, https:\/\/petair.jp\/wp-content\/uploads\/2025\/07\/c73b3c44-aa11-43a9-a4d5-99a9a24305a3-12x12.png 12w, https:\/\/petair.jp\/wp-content\/uploads\/2025\/07\/c73b3c44-aa11-43a9-a4d5-99a9a24305a3-250x250.png 250w, https:\/\/petair.jp\/wp-content\/uploads\/2025\/07\/c73b3c44-aa11-43a9-a4d5-99a9a24305a3.png 333w\" sizes=\"(max-width: 300px) 100vw, 300px\" \/><\/div>\n<\/div>\n<\/div>\n<\/div>\n<\/div>\n<div class=\"contact-buttons\"><a class=\"contact-btn line-btn\" href=\"https:\/\/page.line.me\/petairjpn\" target=\"_blank\" rel=\"noopener\"><br \/>\n<span class=\"btn-icon\">\ud83d\udcf1<\/span>L\u00cdNEA oficial<br \/>\n<\/a><br \/>\n<a class=\"contact-btn whatsapp-btn\" href=\"http:\/\/wa.me\/81345005308\" target=\"_blank\" rel=\"noopener\"><br \/>\n<span class=\"btn-icon\">\ud83d\udcac<\/span>WhatsApp<br \/>\n<\/a><\/div>\n<\/div>\n<\/div>\n<p><!-- \u305d\u306e\u4ed6\u306e\u9023\u7d61\u65b9\u6cd5 --><\/p>\n<div class=\"other-contacts\">\n<div class=\"contact-card\">\n<div class=\"contact-icon\">\ud83d\udcdd<\/div>\n<div class=\"contact-info\">\n<h3 class=\"contact-method-title\">Formulario de consulta web<\/h3>\n<p class=\"contact-description\">Si tiene m\u00e1s preguntas o necesita adjuntar documentos, utilice el formulario que figura al final de esta p\u00e1gina.<\/p>\n<\/div>\n<\/div>\n<div class=\"contact-card\">\n<div class=\"contact-icon\">\ud83d\udcde<\/div>\n<div class=\"contact-info\">\n<h3 class=\"contact-method-title\">P\u00f3ngase en contacto con nosotros por tel\u00e9fono<\/h3>\n<p class=\"phone-number\"><span style=\"color: #0000ff;\"><a style=\"color: #0000ff;\" href=\"tel:03-4500-5308\">03-4500-5308<\/a><\/span><\/p>\n<p class=\"business-hours\">Laborables, fines de semana y festivos 9:00-20:00<\/p>\n<p class=\"contact-description\">Para urgencias o casos complejos, tambi\u00e9n podemos asesorarle por tel\u00e9fono.<\/p>\n<\/div>\n<\/div>\n<\/div>\n<\/section>\n<p><!-- \u8fd4\u4fe1\u6642\u9593\u30bb\u30af\u30b7\u30e7\u30f3 --><\/p>\n<section class=\"response-section\">\n<div class=\"section-header\">\n<h2 class=\"section-title\"><span class=\"title-icon\">\u23f0<\/span><br \/>\nAcerca de la respuesta<\/h2>\n<\/div>\n<div class=\"response-info\">\n<div class=\"response-item\">\n<div class=\"response-icon\">\ud83d\udcf1<\/div>\n<h4 class=\"response-method\">L\u00cdNEA oficial<\/h4>\n<p class=\"response-time\">Por regla general, responda en un plazo de 24 horas<\/p>\n<\/div>\n<div class=\"response-item\">\n<div class=\"response-icon\">\ud83d\udce7<\/div>\n<h4 class=\"response-method\">Formulario web y tel\u00e9fono<\/h4>\n<p class=\"response-time\">Normalmente responde en dos d\u00edas laborables<\/p>\n<\/div>\n<\/div>\n<div class=\"response-note\">\n<p>*Si hay retraso en la respuesta, se lo haremos saber con antelaci\u00f3n; si no ha recibido respuesta pasadas 24 horas, compruebe la configuraci\u00f3n de recepci\u00f3n de su correo electr\u00f3nico y vuelva a ponerse en contacto con nosotros.<\/p>\n<\/div>\n<\/section>\n<p><!-- \u30d5\u30a9\u30fc\u30e0\u30bb\u30af\u30b7\u30e7\u30f3 --><\/p>\n<section class=\"form-section\">\n<div class=\"form-header\">\n<h3 class=\"form-title\">Formulario de consulta.<\/h3>\n<p class=\"form-subtitle\">Para una consulta detallada, utilice el siguiente formulario<\/p>\n<\/div>\n<div class=\"form-container\"><script type=\"text\/javascript\" src=\"https:\/\/form.jotform.com\/jsform\/251701915086456\"><\/script><\/div>\n<\/section>\n<p><!-- \u6700\u7d42\u30e1\u30c3\u30bb\u30fc\u30b8\u30bb\u30af\u30b7\u30e7\u30f3 --><\/p>\n<section class=\"final-message\">\n<div class=\"message-content\">\n<div class=\"message-badge\"><span class=\"message-icon\">\ud83c\udf1f<\/span><br \/>\n<span class=\"message-text\">Consulta inicial totalmente gratuita<\/span><\/div>\n<h2 class=\"message-title\">No dude en ponerse en contacto con nosotros.<\/h2>\n<p class=\"message-description\">Juntos elaboraremos el mejor plan de viaje para usted y su mascota.<\/p>\n<div class=\"brand-vision\">\n<p class=\"vision-text\">\"Juntos, en cualquier pa\u00eds, todo el tiempo\".<\/p>\n<p class=\"company-statement\">PetAirJPN se compromete a apoyarle a usted y a su mascota en su nueva aventura.<\/p>\n<\/div>\n<\/div>\n<\/section>\n<\/div>","protected":false},"excerpt":{"rendered":"\u3053\u306e\u5ea6\u306fPetAirJPN\u306e\u30b5\u30fc\u30d3\u30b9\u306b \u3054\u95a2\u5fc3\u3092\u304a\u5bc4\u305b\u3044\u305f\u3060\u304d\u3001\u8aa0\u306b\u3042\u308a\u304c\u3068\u3046\u3054\u3056\u3044\u307e\u3059 \u5927\u5207\u306a\u5bb6\u65cf\u306e\u4e00\u54e1\u3067\u3042\u308b\u30da\u30c3\u30c8\u3068\u306e\u6d77\u5916\u6e21\u822a\u306b\u3064\u3044\u3066\u3001\u3069\u3093\u306a\u4e9b\u7d30\u306a\u3054\u8cea\u554f\u3067\u3082\u304a\u6c17\u8efd\u306b\u304a\u554f\u3044\u5408\u308f\u305b\u304f\u3060\u3055\u3044\u3002 \u30da\u30c3\u30c8\u8f38\u9001\u306e\u5c02\u9580\u30b9\u30bf\u30c3\u30d5\u304c [&hellip;]","protected":false},"author":1,"featured_media":0,"parent":0,"menu_order":0,"comment_status":"closed","ping_status":"closed","template":"","meta":{"om_disable_all_campaigns":false,"_monsterinsights_skip_tracking":false,"_monsterinsights_sitenote_active":false,"_monsterinsights_sitenote_note":"","_monsterinsights_sitenote_category":0,"_uf_show_specific_survey":0,"_uf_disable_surveys":false,"footnotes":""},"class_list":["post-1614","page","type-page","status-publish","hentry"],"aioseo_notices":[],"_links":{"self":[{"href":"https:\/\/petair.jp\/es\/wp-json\/wp\/v2\/pages\/1614","targetHints":{"allow":["GET"]}}],"collection":[{"href":"https:\/\/petair.jp\/es\/wp-json\/wp\/v2\/pages"}],"about":[{"href":"https:\/\/petair.jp\/es\/wp-json\/wp\/v2\/types\/page"}],"author":[{"embeddable":true,"href":"https:\/\/petair.jp\/es\/wp-json\/wp\/v2\/users\/1"}],"replies":[{"embeddable":true,"href":"https:\/\/petair.jp\/es\/wp-json\/wp\/v2\/comments?post=1614"}],"version-history":[{"count":0,"href":"https:\/\/petair.jp\/es\/wp-json\/wp\/v2\/pages\/1614\/revisions"}],"wp:attachment":[{"href":"https:\/\/petair.jp\/es\/wp-json\/wp\/v2\/media?parent=1614"}],"curies":[{"name":"wp","href":"https:\/\/api.w.org\/{rel}","templated":true}]}}