{"id":1603,"date":"2024-12-17T19:03:24","date_gmt":"2024-12-17T10:03:24","guid":{"rendered":"https:\/\/petair.jp\/?page_id=1603"},"modified":"2025-11-25T12:13:45","modified_gmt":"2025-11-25T03:13:45","slug":"partner","status":"publish","type":"page","link":"https:\/\/petair.jp\/es\/partner\/","title":{"rendered":"Se buscan socios para la Alianza"},"content":{"rendered":"<p style=\"text-align: center;\"><span style=\"font-size: 19.6px; font-weight: 600;\">Proporcionar a las mascotas y sus familias \"la mejor experiencia de viaje posible\".<\/span><\/p>\n<div class=\"partner-recruitment\">\n<div class=\"hero-section\">\n<p>PetAir JPN busca socios comerciales que puedan crecer junto a nosotros para crear un futuro en el que las mascotas y sus familias puedan \"pasar tiempo juntos de forma segura en cualquier lugar del mundo\".<\/p>\n<p>Estamos deseando dar la bienvenida a empresas y empresarios individuales que compartan nuestros objetivos y est\u00e9n dispuestos a ampliar nuevas posibilidades junto con nosotros.<\/p>\n<\/div>\n<div class=\"content-section\">\n<h3 class=\"sub-title\" style=\"text-align: center;\">Objetivos de la asociaci\u00f3n<\/h3>\n<div class=\"text-block\">\n<p>Nuestra misi\u00f3n es ofrecer soluciones flexibles y completas a los diversos retos y necesidades que rodean al transporte de mascotas.<\/p>\n<p>Trabajando con nuestros socios comerciales, podemos ofrecer un servicio de mayor calidad y ayudar a las mascotas y a sus familias a dar un nuevo paso adelante con tranquilidad.<\/p>\n<\/div>\n<\/div>\n<div class=\"content-section bg-light\">\n<h3 class=\"sub-title\" style=\"text-align: center;\">La opini\u00f3n de PetAir JPN<\/h3>\n<blockquote class=\"mission-statement\"><p>Su mascota es un miembro importante de su familia\".<\/p><\/blockquote>\n<div class=\"text-block\">\n<p>Con esto en mente, apoyamos el transporte internacional seguro y c\u00f3modo de animales de compa\u00f1\u00eda. Nuestro papel es proporcionar tranquilidad y fiabilidad, incluso ante complejos procedimientos de transporte y requisitos de cuarentena.<\/p>\n<p>Para ello son esenciales asociaciones s\u00f3lidas que nos permitan crecer juntos.<\/p>\n<\/div>\n<\/div>\n<div class=\"content-section\">\n<h3 class=\"sub-title\" style=\"text-align: center;\">Buscamos socios como<\/h3>\n<ul class=\"feature-list\">\n<li>Personas que pueden trabajar juntas para crecer y crear nuevo valor.<\/li>\n<li>Quienes buscan nuevas oportunidades de negocio en el transporte de mascotas y la log\u00edstica internacional.<\/li>\n<li>Empresas y negocios que pueden ayudarnos a mejorar la satisfacci\u00f3n del cliente.<\/li>\n<\/ul>\n<p class=\"note\">Cualquier industria o tipo de negocio es bienvenido. Estamos deseando escuchar a todos los que quieran trabajar mano a mano con nosotros para ampliar y desarrollar nuestro negocio en beneficio de sus queridas mascotas y sus familias.<\/p>\n<\/div>\n<div class=\"benefits-section bg-light\">\n<h3 class=\"sub-title\" style=\"text-align: center;\">Ventajas de las asociaciones<\/h3>\n<div class=\"benefits-container\">\n<div class=\"benefit-card\">\n<h4 class=\"benefit-title\">Creaci\u00f3n de nuevas oportunidades de negocio<\/h4>\n<p>A trav\u00e9s de la asociaci\u00f3n, ambas partes pueden aprovechar los puntos fuertes de la otra para lograr la expansi\u00f3n del negocio.<\/p>\n<\/div>\n<div class=\"benefit-card\">\n<h4 class=\"benefit-title\">Compartir conocimientos<\/h4>\n<p>Los conocimientos y la experiencia de PetAir JPN en transporte internacional y cuarentena se comparten para apoyar la eficacia operativa.<\/p>\n<\/div>\n<div class=\"benefit-card\">\n<h4 class=\"benefit-title\">Aportar valor a\u00f1adido a los clientes<\/h4>\n<p>Juntos, aspiramos a mejorar el valor de la marca ofreciendo servicios seguros a nuestros clientes.<\/p>\n<\/div>\n<\/div>\n<\/div>\n<div class=\"content-section\">\n<h3 class=\"sub-title\" style=\"text-align: center;\">Estimados agentes en el extranjero.<\/h3>\n<div class=\"text-block\">\n<p>PetAir JPN busca activamente alianzas con agentes extranjeros de todo el mundo.<\/p>\n<p>Al trabajar con agentes extranjeros que conocen la normativa y los procedimientos de cada pa\u00eds, es posible prestar un servicio de transporte internacional de animales de compa\u00f1\u00eda de alta calidad y sin contratiempos.<\/p>\n<p>Juntos, podemos lograr la seguridad y la satisfacci\u00f3n de nuestros clientes estableciendo relaciones de confianza que trasciendan las fronteras nacionales.<\/p>\n<\/div>\n<\/div>\n<div class=\"process-section bg-light\">\n<h3 class=\"sub-title\">El proceso de asociaci\u00f3n<\/h3>\n<ol class=\"process-steps\">\n<li><span class=\"step-number\">01<\/span> Preguntas y consultas<\/li>\n<li><span class=\"step-number\">02<\/span> Reuniones (presenciales\/en l\u00ednea)<\/li>\n<li><span class=\"step-number\">03<\/span> Consideraci\u00f3n del contenido de la asociaci\u00f3n<\/li>\n<li><span class=\"step-number\">04<\/span> celebraci\u00f3n de un contrato<\/li>\n<li><span class=\"step-number\">05<\/span> Formaci\u00f3n y apoyo<\/li>\n<li><span class=\"step-number\">06<\/span> Inicio de las operaciones<\/li>\n<\/ol>\n<\/div>\n<div class=\"cta-section\">\n<p>Esperamos establecer una nueva colaboraci\u00f3n con usted. No dude en ponerse en contacto con nosotros.<\/p>\n<\/div>\n<div class=\"form-container\"><script type=\"text\/javascript\" src=\"https:\/\/form.jotform.com\/jsform\/251701915086456\"><\/script><\/div>\n<\/section>\n<\/div>\n<\/div>","protected":false},"excerpt":{"rendered":"\u30da\u30c3\u30c8\u3068\u305d\u306e\u5bb6\u65cf\u306b\u300c\u6700\u9ad8\u306e\u79fb\u52d5\u4f53\u9a13\u300d\u3092\u63d0\u4f9b\u3059\u308b\u305f\u3081\u306b PetAir JPN\u306f\u3001\u30da\u30c3\u30c8\u3068\u305d\u306e\u3054\u5bb6\u65cf\u304c\u300c\u4e16\u754c\u4e2d\u3069\u3053\u3078\u3067\u3082\u5b89\u5fc3\u3057\u3066\u4e00\u7dd2\u306b\u904e\u3054\u305b\u308b\u300d\u672a\u6765\u3092\u5275\u308b\u305f\u3081\u3001\u5171\u306b\u6210\u9577\u3057\u3066\u3044\u305f\u3060\u3051\u308b\u30d3\u30b8\u30cd\u30b9\u30d1\u30fc\u30c8\u30ca\u30fc\u3092\u52df\u96c6\u3057\u3066\u3044\u307e\u3059\u3002 \u79c1\u305f [&hellip;]","protected":false},"author":1,"featured_media":0,"parent":0,"menu_order":0,"comment_status":"closed","ping_status":"closed","template":"","meta":{"om_disable_all_campaigns":false,"_monsterinsights_skip_tracking":false,"_monsterinsights_sitenote_active":false,"_monsterinsights_sitenote_note":"","_monsterinsights_sitenote_category":0,"_uf_show_specific_survey":0,"_uf_disable_surveys":false,"footnotes":""},"class_list":["post-1603","page","type-page","status-publish","hentry"],"aioseo_notices":[],"_links":{"self":[{"href":"https:\/\/petair.jp\/es\/wp-json\/wp\/v2\/pages\/1603","targetHints":{"allow":["GET"]}}],"collection":[{"href":"https:\/\/petair.jp\/es\/wp-json\/wp\/v2\/pages"}],"about":[{"href":"https:\/\/petair.jp\/es\/wp-json\/wp\/v2\/types\/page"}],"author":[{"embeddable":true,"href":"https:\/\/petair.jp\/es\/wp-json\/wp\/v2\/users\/1"}],"replies":[{"embeddable":true,"href":"https:\/\/petair.jp\/es\/wp-json\/wp\/v2\/comments?post=1603"}],"version-history":[{"count":0,"href":"https:\/\/petair.jp\/es\/wp-json\/wp\/v2\/pages\/1603\/revisions"}],"wp:attachment":[{"href":"https:\/\/petair.jp\/es\/wp-json\/wp\/v2\/media?parent=1603"}],"curies":[{"name":"wp","href":"https:\/\/api.w.org\/{rel}","templated":true}]}}