{"id":151,"date":"2024-08-29T10:15:42","date_gmt":"2024-08-29T01:15:42","guid":{"rendered":"https:\/\/petair.jp\/?page_id=151"},"modified":"2025-06-19T20:28:49","modified_gmt":"2025-06-19T11:28:49","slug":"about","status":"publish","type":"page","link":"https:\/\/petair.jp\/es\/about\/","title":{"rendered":"Acerca de PetAir JPN"},"content":{"rendered":"<section class=\"pa-lead\">Para quienes buscan un nuevo lugar en el extranjero. Para los que empiezan una nueva vida en Jap\u00f3n. Y para los que regresan a su querida patria.<\/p>\n<p>Cruzar fronteras con su querida mascota. Es un paso lleno de grandes esperanzas para el futuro de su familia. Pero al mismo tiempo va acompa\u00f1ado de una inmensa ansiedad.<\/p>\n<p>Nosotros, PetAir Inc,<strong>De Jap\u00f3n al mundo (exportaciones)\".<\/strong>y<strong>Del mundo a Jap\u00f3n (importado)<\/strong>y un equipo de profesionales especializados en ambas direcciones.<\/p>\n<p>En el centro de nuestros servicios se encuentra un<strong>Jap\u00f3n Calidad\".<\/strong>. Es m\u00e1s que una agencia de procedimientos, es una atenci\u00f3n meticulosa a los detalles, una gesti\u00f3n exhaustiva de la seguridad y un profundo compromiso con el propio cliente.<\/p>\n<\/section>\n<section class=\"pa-strength\">\n<h2 class=\"pa-section-title\">Nuestra fuerza<\/h2>\n<p class=\"pa-section-subtitle\">\u00bfPor qu\u00e9 elegir PetAir?<\/p>\n<div class=\"pa-strength-grid\">\n<div class=\"pa-strength-card\"><span class=\"pa-strength-number\">01<\/span><\/p>\n<h3>La familiaridad de los expertos japoneses con la normativa sobre importaciones y exportaciones.<\/h3>\n<p>Una comprensi\u00f3n completa de las complejas normas que var\u00edan de un destino a otro. Los expertos familiarizados tanto con el estricto sistema de cuarentena de Jap\u00f3n como con los diversos requisitos de cada pa\u00eds pueden ofrecerle un plan fiable.<\/p>\n<\/div>\n<div class=\"pa-strength-card\"><span class=\"pa-strength-number\">02<\/span><\/p>\n<h3>Procesos exhaustivos de gesti\u00f3n de riesgos y cumplimiento de la legislaci\u00f3n<\/h3>\n<p>Desde un sistema de doble comprobaci\u00f3n de documentos para evitar errores humanos, hasta protocolos de respuesta ante imprevistos. El sistema est\u00e1 dise\u00f1ado para garantizar el cumplimiento de las leyes y normativas y eliminar posibles riesgos.<\/p>\n<\/div>\n<div class=\"pa-strength-card\"><span class=\"pa-strength-number\">03<\/span><\/p>\n<h3>El bienestar de las mascotas, una prioridad<\/h3>\n<p>Somos profesionales del transporte y expertos en bienestar animal. Bas\u00e1ndonos en conocimientos veterinarios, damos m\u00e1xima prioridad a la individualidad y la salud de cada animal y a minimizar el estr\u00e9s f\u00edsico y mental.<\/p>\n<\/div>\n<div class=\"pa-strength-card\"><span class=\"pa-strength-number\">04<\/span><\/p>\n<h3>Una asociaci\u00f3n bien afinada que conecta corazones y mentes<\/h3>\n<p>No somos s\u00f3lo una agencia, sino un socio que acompa\u00f1a las preocupaciones de los clientes. Le acompa\u00f1amos hasta el momento del reencuentro con transparencia para compartir de cerca los avances y con un esp\u00edritu de hospitalidad \u00fanicamente japon\u00e9s.<\/p>\n<\/div>\n<\/div>\n<\/section>\n<section class=\"pa-philosophy\">\n<div class=\"pa-philosophy-content\">\n<div class=\"pa-philosophy-image\"><img decoding=\"async\" src=\"https:\/\/petair.jp\/wp-content\/uploads\/2024\/12\/352097-702x1024.jpg\" alt=\"Imagen que simboliza los pensamientos de los representantes.\" \/><\/div>\n<div class=\"pa-philosophy-text\">\n<h2 class=\"pa-section-title left-align\">Nuestra filosof\u00eda<\/h2>\n<p class=\"pa-section-subtitle left-align\">Nuestro punto de partida<\/p>\n<p>'Las mascotas son miembros preciosos de la familia y el tiempo que pasan con nosotros es irremplazable'. Valoramos este pensamiento natural por encima de todo.<\/p>\n<p>Esto se debe a que nuestro negocio PetAir comenz\u00f3 con un doloroso remordimiento que nuestro propio CEO hab\u00eda experimentado en el pasado. Ese sentimiento de impotencia y arrepentimiento es nuestra fuerza motriz inquebrantable.<\/p>\n<p class=\"pa-highlight-quote\">Sin embargo, no somos una empresa que se base \u00fanicamente en sus \"sentimientos\" y su \"pasi\u00f3n\".<\/p>\n<p>Hemos ido m\u00e1s all\u00e1 de nuestras normas personales para asegurarnos de que nadie vuelva a sentir lo mismo,<span class=\"pa-highlight-text\">Un \"mecanismo\" objetivo y fiable.<\/span>creado.<\/p>\n<p>Esto es lo que nos enorgullece: un minucioso sistema de gesti\u00f3n de la seguridad que encarna la Calidad Jap\u00f3n, y el \"conocimiento experto japon\u00e9s\" que cumple a la perfecci\u00f3n las complejas normativas tanto de importaci\u00f3n como de exportaci\u00f3n.<\/p>\n<p>esto (algo o alguien cercano al hablante (incluido el hablante), o ideas expresadas por el hablante)<strong>Pensamientos apasionados y mecanismos de calma<\/strong>Este es el coraz\u00f3n de PetAir y la raz\u00f3n por la que estamos convencidos de que podemos ser su \"\u00fanico\" socio.<\/p>\n<\/div>\n<\/div>\n<\/section>\n<section class=\"pa-cta\">\n<div class=\"pa-cta-content\">\n<h2 class=\"pa-cta-title\">Viajar al extranjero con animales de compa\u00f1\u00eda,<br class=\"sp-only\" \/>\u00bfPor d\u00f3nde empezar?<\/h2>\n<p class=\"pa-cta-subtitle\" style=\"text-align: center;\">\u00bfPor qu\u00e9 no empieza por comentar en l\u00ednea sus preocupaciones con el personal experto de PetAir JPN?<br \/>\nIncluso las preguntas m\u00e1s triviales recibir\u00e1n una respuesta detallada.<\/p>\n<div class=\"pa-cta-body-center\">\n<p class=\"pa-cta-merit-title\">Qu\u00e9 puedes hacer cuando a\u00f1ades a un amigo<\/p>\n<ul>\n<li>Consulta gratuita (chat) con personal experto<\/li>\n<li>Consulta gratuita en l\u00ednea<\/li>\n<li>Preparaci\u00f3n gratuita de presupuestos<\/li>\n<\/ul>\n<p><a class=\"pa-cta-button\" href=\"https:\/\/page.line.me\/petairjpn\" target=\"_blank\" rel=\"noopener noreferrer\">Haga clic aqu\u00ed para una consulta r\u00e1pida gratuita de un minuto<br \/>\n<\/a><\/p>\n<p class=\"pa-cta-notice\">*No hay vendedores insistentes. No dude en ponerse en contacto con nosotros con confianza.<\/p>\n<\/div>\n<\/div>\n<\/section>\n<footer class=\"pa-footer\">Que tu nueva historia con tu querida mascota comience con la mayor de las sonrisas.<\/p>\n<p class=\"pa-footer-brand\">PetAir JPN<\/p>\n<\/footer>","protected":false},"excerpt":{"rendered":"\u6d77\u5916\u3078\u65b0\u5929\u5730\u3092\u6c42\u3081\u308b\u65b9\u3002\u65b0\u3057\u304f\u65e5\u672c\u3067\u306e\u751f\u6d3b\u3092\u59cb\u3081\u308b\u65b9\u3002\u305d\u3057\u3066\u3001\u611b\u3059\u308b\u6545\u90f7\u3078\u623b\u3089\u308c\u308b\u65b9\u3078\u3002 \u611b\u3059\u308b\u30da\u30c3\u30c8\u3068\u5171\u306b\u56fd\u5883\u3092\u8d8a\u3048\u308b\u3002\u305d\u308c\u306f\u3001\u3054\u5bb6\u65cf\u306e\u672a\u6765\u306b\u3068\u3063\u3066\u3001\u5927\u304d\u306a\u5e0c\u671b\u306b\u6e80\u3061\u305f\u4e00\u6b69\u3067\u3059\u3002\u3057\u304b\u3057\u540c\u6642\u306b\u3001\u8a08\u308a\u77e5\u308c\u306a\u3044\u3054\u4e0d\u5b89\u304c\u4f34\u3044\u307e [&hellip;]","protected":false},"author":3,"featured_media":0,"parent":0,"menu_order":0,"comment_status":"closed","ping_status":"closed","template":"","meta":{"om_disable_all_campaigns":false,"_monsterinsights_skip_tracking":false,"_monsterinsights_sitenote_active":false,"_monsterinsights_sitenote_note":"","_monsterinsights_sitenote_category":0,"_uf_show_specific_survey":0,"_uf_disable_surveys":false,"footnotes":""},"class_list":["post-151","page","type-page","status-publish","hentry"],"aioseo_notices":[],"_links":{"self":[{"href":"https:\/\/petair.jp\/es\/wp-json\/wp\/v2\/pages\/151","targetHints":{"allow":["GET"]}}],"collection":[{"href":"https:\/\/petair.jp\/es\/wp-json\/wp\/v2\/pages"}],"about":[{"href":"https:\/\/petair.jp\/es\/wp-json\/wp\/v2\/types\/page"}],"author":[{"embeddable":true,"href":"https:\/\/petair.jp\/es\/wp-json\/wp\/v2\/users\/3"}],"replies":[{"embeddable":true,"href":"https:\/\/petair.jp\/es\/wp-json\/wp\/v2\/comments?post=151"}],"version-history":[{"count":0,"href":"https:\/\/petair.jp\/es\/wp-json\/wp\/v2\/pages\/151\/revisions"}],"wp:attachment":[{"href":"https:\/\/petair.jp\/es\/wp-json\/wp\/v2\/media?parent=151"}],"curies":[{"name":"wp","href":"https:\/\/api.w.org\/{rel}","templated":true}]}}