{"id":1178,"date":"2024-10-03T15:18:24","date_gmt":"2024-10-03T06:18:24","guid":{"rendered":"https:\/\/petair.jp\/?page_id=1178"},"modified":"2026-04-02T12:09:00","modified_gmt":"2026-04-02T03:09:00","slug":"recruit","status":"publish","type":"page","link":"https:\/\/petair.jp\/es\/recruit\/","title":{"rendered":"RECLUTA"},"content":{"rendered":"<div class=\"recruit-section\">\n<h1>Se busca personal a tiempo completo y subcontratado<\/h1>\n<p>\u00bfLe interesa trabajar con mascotas y sus familias, enviarlas al mundo y apoyarlas en sus nuevas vidas?<br \/>\nNuestra empresa ofrece apoyo integral para la importaci\u00f3n y exportaci\u00f3n de mascotas a quienes viajan con ellas, ya sea para emigrar o para viajes de negocios de larga duraci\u00f3n al extranjero.<br \/>\nCrear un sistema de apoyo m\u00e1s completo ante las numerosas peticiones<strong>personal fijo<\/strong>y<br \/>\n<strong>personal subcontratado<\/strong>El nuevo proceso de contrataci\u00f3n est\u00e1 abierto a las siguientes personas.<\/p>\n<div class=\"highlight\">\n<p>Quiero aprovechar mis conocimientos de ingl\u00e9s\", \"Quiero trabajar con animales dom\u00e9sticos\", \"Tengo ganas de crecer y abrirme una nueva carrera\".<br \/>\nNuestro entorno es perfecto para este tipo de personas.<strong>Sistema de apoyo, incluso si no tiene experiencia en el negocio<\/strong>son bienvenidos si est\u00e1n dispuestos y son capaces de trabajar en ello.<br \/>\nJuntos podemos ser un puente entre el mundo y los animales de compa\u00f1\u00eda.<\/p>\n<\/div>\n<h2>[Descripci\u00f3n de la empresa.<\/h2>\n<ul>\n<li>Documentaci\u00f3n e investigaci\u00f3n relacionadas con la importaci\u00f3n y exportaci\u00f3n de animales de compa\u00f1\u00eda<\/li>\n<li>Varias tareas de introducci\u00f3n de datos y asistencia por correo electr\u00f3nico<\/li>\n<li>Correspondencia con las oficinas de cuarentena animal y las autoridades competentes<\/li>\n<li>Documentos internacionales y correspondencia con los clientes (en ingl\u00e9s)<\/li>\n<\/ul>\n<p>Principalmente trabajo de oficina con PC,<strong>Apoyo al trabajo a distancia<\/strong>Tambi\u00e9n disponible. Puedes utilizar tus conocimientos de ingl\u00e9s mientras alientas los sue\u00f1os de las personas que viven con animales dom\u00e9sticos.<br \/>\nEs un puesto dif\u00edcil.<\/p>\n<h2>[Atracci\u00f3n para trabajar para nosotros.<\/h2>\n<ul>\n<li>Discreci\u00f3n desde el principio,<strong>promoci\u00f3n profesional<\/strong>un entorno propicio para<\/li>\n<li>Trabajo internacional gratificante para los amantes de los animales de compa\u00f1\u00eda<\/li>\n<li><strong>Trabajo a distancia y sistemas de trabajo flexibles<\/strong>C\u00f3mo trabajar seg\u00fan su estilo de vida en<\/li>\n<li>Tambi\u00e9n existe un sistema de comisiones basado en los resultados,<strong>aumento de los ingresos<\/strong>(tener) ojos en<\/li>\n<\/ul>\n<h2>[Requisitos de la solicitud de empleo permanente.<\/h2>\n<ul>\n<li><strong>Capacidad para comunicarse en ingl\u00e9s.<\/strong>(nivel de lectura, escritura y conversaci\u00f3n diaria o superior)<\/li>\n<li>Se valorar\u00e1n los conocimientos y la experiencia en importaci\u00f3n y exportaci\u00f3n de animales de compa\u00f1\u00eda.<\/li>\n<li>Conocimientos b\u00e1sicos de inform\u00e1tica (correo electr\u00f3nico, Word\/Excel, etc.)<\/li>\n<li>Acoge especialmente a personas que vivan en los 23 distritos de Tokio (se aceptan solicitudes de todo el pa\u00eds).<\/li>\n<\/ul>\n<p>Los agentes de animales de compa\u00f1\u00eda con experiencia y los que han trabajado en estaciones de cuarentena de animales pueden trabajar inmediatamente.<br \/>\nHaremos todo lo posible por apoyarte, aunque no tengas experiencia, siempre que est\u00e9s dispuesto a asumir retos de forma positiva.<\/p>\n<h2>[Requisitos de la solicitud de personal subcontratado.<\/h2>\n<p>Si desea trabajar como personal subcontratado, le invitamos a<\/p>\n<ul>\n<li>Experiencia de trabajo con importaciones y exportaciones de animales de compa\u00f1\u00eda y conocimiento de las cuestiones relacionadas con los animales.<\/li>\n<li>Capacidad para leer, escribir y hablar ingl\u00e9s.<\/li>\n<li>Quienes deseen trabajar a su propio ritmo y ajustar su carga de trabajo.<\/li>\n<\/ul>\n<p>El trabajo se basa en proyectos y el alcance del trabajo que se puede manejar y la estructura de remuneraci\u00f3n deseada se pueden discutir con flexibilidad en la entrevista.<\/p>\n<h2>[Beneficios \/ Salario \/ Remuneraci\u00f3n]<\/h2>\n<p>&lt;Para empleados fijos.<br \/>\n<strong>A partir de 200.000 yenes al mes<\/strong>(Trato preferente en consideraci\u00f3n de la capacidad y la experiencia) + Sistema de comisiones disponible.<br \/>\nSeguridad social, gastos de transporte pagados, vacaciones pagadas, etc,<strong>Puedo trabajar con tranquilidad.<\/strong>Medio ambiente.<\/p>\n<p>&lt;Para el personal subcontratado.<br \/>\nLa remuneraci\u00f3n se paga por proyecto y depende del n\u00famero de pedidos recibidos y del volumen de trabajo asignado.<br \/>\n*La estructura de remuneraci\u00f3n detallada se explicar\u00e1 en la entrevista.<\/p>\n<h2>[C\u00f3mo solicitarlo.<\/h2>\n<p>Presente su candidatura a trav\u00e9s de la l\u00ednea oficial que figura a continuaci\u00f3n.<br \/>\n<strong>1.<\/strong> Enviar documentos que incluyan autopresentaci\u00f3n y logros anteriores<br \/>\n<strong>2.<\/strong> Audiencias en entrevistas en l\u00ednea<br \/>\n<strong>3.<\/strong> Ajuste de las condiciones y fecha de inicio (del contrato).<\/p>\n<p>Este trabajo ayuda a llevar tranquilidad y sonrisas a las mascotas y sus familias cuando viajan por todo el mundo.<br \/>\n\u00bfPor qu\u00e9 no pone en pr\u00e1ctica sus conocimientos con nosotros?<br \/>\n\u00a1\u00danase a nosotros en la escena mundial!<\/p>\n<p>&nbsp;<\/p>\n<p><!-- \u516c\u5f0fLINE\u3078\u306e\u30dc\u30bf\u30f3\u306a\u3069 --><\/p>\n<p class=\"center\"><a class=\"btn\" href=\"https:\/\/page.line.me\/petairjpn\" target=\"_blank\" rel=\"noopener\">Solicitud a trav\u00e9s de la l\u00ednea oficial<\/a><\/p>\n<p>&nbsp;<\/p>\n<\/div>\n<p><!-- \u25b2\u25b2\u25b2 \u30c6\u30ad\u30b9\u30c8\u30c7\u30b6\u30a4\u30f3\u3092\u9069\u7528\u3057\u305f\u3044\u7b87\u6240\u3060\u3051 \u25b2\u25b2\u25b2 --><\/p>\n<hr>\n<div class=\"recruit-ai-section\" style=\"background:#f0f7ff;border:2px solid #1a73e8;border-radius:8px;padding:32px;margin:40px 0;text-align:center;\">\n<h2 style=\"color:#1a73e8;font-size:1.4em;margin-bottom:12px;\">\ud83e\udd16 [NUEVO] \u00a1Se buscan tambi\u00e9n ingenieros de IA (IA generativa y automatizaci\u00f3n empresarial)!<\/h2>\n<p style=\"margin-bottom:16px;\">Se trata del primer puesto de PetAir dedicado a la IA, que implementa la IA en el transporte internacional de mascotas.<br \/>Si le interesan la IA generativa, la automatizaci\u00f3n empresarial y el dise\u00f1o del conocimiento, siga leyendo.<\/p>\n<p><a href=\"https:\/\/petair.jp\/es\/recruit-ai\/\" style=\"display:inline-block;background:#1a73e8;color:#fff;padding:14px 36px;border-radius:4px;text-decoration:none;font-weight:bold;font-size:1em;\">\u25b6 V\u00e9ase la p\u00e1gina de contrataci\u00f3n de AI (oportunidades de empleo).<\/a>\n<\/div>","protected":false},"excerpt":{"rendered":"\u6b63\u793e\u54e1\uff06\u696d\u52d9\u59d4\u8a17\u30b9\u30bf\u30c3\u30d5\u5927\u52df\u96c6\uff01 \u30da\u30c3\u30c8\u3068\u305d\u306e\u5bb6\u65cf\u3092\u4e16\u754c\u3078\u9001\u308a\u51fa\u3057\u3001\u65b0\u3057\u3044\u751f\u6d3b\u3092\u30b5\u30dd\u30fc\u30c8\u3059\u308b\u4ed5\u4e8b\u306b\u8208\u5473\u306f\u3042\u308a\u307e\u305b\u3093\u304b\uff1f \u5f53\u793e\u306f\u3001\u6d77\u5916\u79fb\u4f4f\u3084\u9577\u671f\u51fa\u5f35\u306a\u3069\u3067\u30da\u30c3\u30c8\u3068\u4e00\u7dd2\u306b\u6e21\u822a\u3059\u308b\u65b9\u306e\u305f\u3081\u306b\u3001\u30da\u30c3\u30c8\u306e\u8f38\u51fa\u5165\u3092\u7dcf\u5408\u7684\u306b\u652f\u63f4\u3057\u3066\u3044 [&hellip;]","protected":false},"author":1,"featured_media":0,"parent":0,"menu_order":0,"comment_status":"closed","ping_status":"closed","template":"","meta":{"om_disable_all_campaigns":false,"_monsterinsights_skip_tracking":false,"_monsterinsights_sitenote_active":false,"_monsterinsights_sitenote_note":"","_monsterinsights_sitenote_category":0,"_uf_show_specific_survey":0,"_uf_disable_surveys":false,"footnotes":""},"class_list":["post-1178","page","type-page","status-publish","hentry"],"aioseo_notices":[],"_links":{"self":[{"href":"https:\/\/petair.jp\/es\/wp-json\/wp\/v2\/pages\/1178","targetHints":{"allow":["GET"]}}],"collection":[{"href":"https:\/\/petair.jp\/es\/wp-json\/wp\/v2\/pages"}],"about":[{"href":"https:\/\/petair.jp\/es\/wp-json\/wp\/v2\/types\/page"}],"author":[{"embeddable":true,"href":"https:\/\/petair.jp\/es\/wp-json\/wp\/v2\/users\/1"}],"replies":[{"embeddable":true,"href":"https:\/\/petair.jp\/es\/wp-json\/wp\/v2\/comments?post=1178"}],"version-history":[{"count":0,"href":"https:\/\/petair.jp\/es\/wp-json\/wp\/v2\/pages\/1178\/revisions"}],"wp:attachment":[{"href":"https:\/\/petair.jp\/es\/wp-json\/wp\/v2\/media?parent=1178"}],"curies":[{"name":"wp","href":"https:\/\/api.w.org\/{rel}","templated":true}]}}