{"id":972,"date":"2024-09-21T17:24:57","date_gmt":"2024-09-21T08:24:57","guid":{"rendered":"https:\/\/petair.jp\/?page_id=972"},"modified":"2025-11-19T12:07:04","modified_gmt":"2025-11-19T03:07:04","slug":"company","status":"publish","type":"page","link":"https:\/\/petair.jp\/de\/company\/","title":{"rendered":"Bringt die Welt n\u00e4her zusammen. PetAir hilft Haustieren und Familien beim Reisen mit dem Flugzeug."},"content":{"rendered":"<style>\n        \/* \u25bc \u5168\u4f53\u306e\u57fa\u672c\u8a2d\u5b9a \u25bc *\/<br \/>        body {<br \/>            font-family: \"\u30d2\u30e9\u30ae\u30ce\u89d2\u30b4 ProN\", \"Hiragino Kaku Gothic ProN\", \"\u30e1\u30a4\u30ea\u30aa\", Meiryo, sans-serif;<br \/>            margin: 20px;<br \/>            line-height: 1.6;<br \/>            color: #333;<br \/>            background-color: #fafafa;<br \/>        }<br \/>        h1, h2, h3 {<br \/>            margin-bottom: 10px;<br \/>        }<br \/>        \/* \u25bc \u4f1a\u793e\u6982\u8981\u306e\u30c6\u30fc\u30d6\u30eb \u25bc *\/<br \/>        .company-info {<br \/>            width: 100%;<br \/>            border-collapse: collapse;<br \/>            margin: 20px 0;<br \/>            background-color: #fff;<br \/>            font-size: 14px;<br \/>        }<br \/>        .company-info th,<br \/>        .company-info td {<br \/>            padding: 15px;<br \/>            border: 1px solid #ddd;<br \/>            vertical-align: top;<br \/>        }<br \/>        .company-info th {<br \/>            width: 20%;<br \/>            background-color: #f9f9f9;<br \/>            font-weight: bold;<br \/>            white-space: nowrap;<br \/>        }<br \/>        .company-info ul {<br \/>            margin: 0;<br \/>            padding-left: 20px;<br \/>        }<br \/>        .company-info li {<br \/>            margin-bottom: 5px;<br \/>        }<br \/>        \/* \u30a4\u30f3\u30c9\u652f\u5e97\u60c5\u5831\u306e\u30b9\u30bf\u30a4\u30eb *\/<br \/>        .india-office {<br \/>            background-color: #f0f8ff;<br \/>            border-left: 4px solid #007bff;<br \/>            padding: 10px;<br \/>            margin: 10px 0;<br \/>        }<br \/>        .contact-links {<br \/>            margin-top: 10px;<br \/>        }<br \/>        .contact-links a {<br \/>            display: inline-block;<br \/>            margin-right: 15px;<br \/>            padding: 8px 16px;<br \/>            background-color: #007bff;<br \/>            color: white;<br \/>            text-decoration: none;<br \/>            border-radius: 4px;<br \/>            font-size: 13px;<br \/>        }<br \/>        .contact-links a:hover {<br \/>            background-color: #0056b3;<br \/>        }<br \/>        .whatsapp-link {<br \/>            background-color: #25d366 !important;<br \/>        }<br \/>        .whatsapp-link:hover {<br \/>            background-color: #1eb855 !important;<br \/>        }<br \/>        \/* \u25bc \u30bb\u30af\u30b7\u30e7\u30f3\u306e\u898b\u51fa\u3057\u3084\u30ec\u30a4\u30a2\u30a6\u30c8 \u25bc *\/<br \/>        .section {<br \/>            margin: 40px 0;<br \/>            padding: 20px;<br \/>            background-color: #fff;<br \/>            border-radius: 5px;<br \/>            border: 1px solid #ddd;<br \/>        }<br \/>        .section h2 {<br \/>            font-size: 1.2em;<br \/>            margin-bottom: 15px;<br \/>            border-left: 5px solid #007bff;<br \/>            padding-left: 10px;<br \/>            line-height: 1.4em;<br \/>        }<br \/>        .section p {<br \/>            margin-bottom: 10px;<br \/>        }<br \/>        .section ul {<br \/>            list-style: disc;<br \/>            margin-left: 20px;<br \/>        }<br \/>        \/* \u25bc \u5f37\u8abf\u8868\u793a \u25bc *\/<br \/>        .highlight {<br \/>            background-color: #ffffcc;<br \/>            padding: 2px 4px;<br \/>        }<br \/>        \/* \u25bc \u30ec\u30b9\u30dd\u30f3\u30b7\u30d6\u30c7\u30b6\u30a4\u30f3\uff08\u7c21\u6613\u5bfe\u5fdc\uff09 \u25bc *\/<br \/>        @media screen and (max-width: 600px) {<br \/>            body {<br \/>                margin: 10px;<br \/>            }<br \/>            .company-info th,<br \/>            .company-info td {<br \/>                display: block;<br \/>                width: 100%;<br \/>            }<br \/>            .company-info th {<br \/>                border-bottom: none;<br \/>            }<br \/>            .company-info td {<br \/>                border-top: none;<br \/>                padding-top: 0;<br \/>            }<br \/>            .company-info tr {<br \/>                margin-bottom: 15px;<br \/>            }<br \/>            .contact-links a {<br \/>                display: block;<br \/>                margin-bottom: 10px;<br \/>                text-align: center;<br \/>            }<br \/>        }<br \/>    <\/style>\n<div class=\"s_table\"><table class=\"company-info\">\n<tbody>\n<tr>\n<th>Name des Unternehmens<\/th>\n<td>PetAir Inc.<\/td>\n<\/tr>\n<tr>\n<th>Standort.<\/th>\n<td><strong>Hauptsitz:<\/strong>2-45-2-3605 Minami Ikebukuro, Toshima-ku, Tokio 171-0022, Japan<\/p>\n<div class=\"india-office\"><strong>\ud83c\uddee\ud83c\uddf3 Niederlassung Indien (Goa)<\/strong><br \/>\nVidhyanagar Colony, Dabolim, Sancoale, Goa 403726, Indien<br \/>\n<small>*Unterst\u00fctzt den Transport von Haustieren nach\/aus Indien, die \u00f6rtlichen Quarant\u00e4neverfahren f\u00fcr das Tier und die Betreuung nach der Ankunft.<\/small><\/div>\n<\/td>\n<\/tr>\n<tr>\n<th>Gesch\u00e4ftliche Aktivit\u00e4ten<\/th>\n<td>\n<ul>\n<li>Unterst\u00fctzung beim internationalen Transport von Heimtieren<\/li>\n<li>Informationen und Unterst\u00fctzung bei der Vorbereitung auf die Quarant\u00e4neverfahren bei der Ausreise und der Einreise in das Land.<\/li>\n<li>Information und Beratung \u00fcber Einfuhr- und Ausfuhrbestimmungen in verschiedenen L\u00e4ndern.<\/li>\n<li>Hilfe bei der Vorbereitung und Unterst\u00fctzung bei der Erstellung der f\u00fcr die Reise erforderlichen Dokumente<\/li>\n<li>Vorkehrungen f\u00fcr Mikrochipping, Impfungen usw.<\/li>\n<li>Antragsverfahren im Namen der Tierquarant\u00e4nestation.<\/li>\n<li>Buchung und Organisation von Import-\/Exportkontrollen<\/li>\n<li>Unterst\u00fctzung des Sicherheitsmanagements im internationalen Verkehr.<\/li>\n<li>Unterst\u00fctzung nach der Ankunft in Zusammenarbeit mit \u00f6rtlichen Vertretern.<\/li>\n<li>Beratungsdienste vor der Abreise<\/li>\n<\/ul>\n<\/td>\n<\/tr>\n<tr>\n<th>repr\u00e4sentativ<\/th>\n<td>Kohei Shingu<\/td>\n<\/tr>\n<tr>\n<th>Rufnummer<\/th>\n<td><span style=\"color: #0000ff;\"><a style=\"color: #0000ff;\" href=\"tel:0345005308\">03-4500-5308<\/a><\/span><\/td>\n<\/tr>\n<tr>\n<th>Wichtigste Kunden<\/th>\n<td>SBI Sumishin Net Bank, GMO Aozora Net Bank, ANA Cargo, SoVa<\/td>\n<\/tr>\n<\/tbody>\n<\/table><\/div>\n<p><!-- \u25c6 2. \u4f01\u696d\u7406\u5ff5\u3084\u5f37\u307f \u25c6 --><\/p>\n<div class=\"section\">\n<h2>Unternehmensphilosophie: gl\u00fcckliche Reisen f\u00fcr Haustiere und ihre Besitzer schaffen<\/h2>\n<p>PetAir Inc. hat es sich zur Aufgabe gemacht, \"komfortables und sicheres Reisen f\u00fcr Haustiere und ihre Besitzer\" zu erm\u00f6glichen,<br \/>\nDurch umfassende Kenntnisse und Erfahrungen im internationalen Transportwesen,<span class=\"highlight\">Liebe zum Detail und Unterst\u00fctzung<\/span>bietet das Folgende.<br \/>\nDas Unternehmen verf\u00fcgt \u00fcber Mitarbeiter mit Fachkenntnissen im Bereich der Tierquarant\u00e4ne, einschlie\u00dflich der Erstellung von Einfuhrbestimmungen und -dokumenten, die von Land zu Land und von Region zu Region unterschiedlich sind,<br \/>\nWir helfen unseren Kunden, die notwendigen Vorbereitungen f\u00fcr ihre eigenen Gerichtsverfahren zu erleichtern.<\/p>\n<p>Wir nutzen das Know-how, das wir durch die Betreuung zahlreicher Haustiere und ihrer Besitzer gewonnen haben,<br \/>\nWir bieten allen Kunden, die dies w\u00fcnschen, den besten Plan an.<br \/>\nDie Gr\u00fcndung der indischen Niederlassung st\u00e4rkt das Unterst\u00fctzungssystem in der Region S\u00fcdasien,<br data-start=\"1244\" data-end=\"1247\" \/>Jetzt ist eine schnelle und zuverl\u00e4ssige Reaktion m\u00f6glich, einschlie\u00dflich Beratung und Buchung von Quarant\u00e4nema\u00dfnahmen vor Ort.<\/p>\n<\/div>\n<p><!-- \u25c6 3. \u4fe1\u983c\u3068\u5c02\u9580\u529b\u3092\u5f37\u5316\u3059\u308b\u53d6\u308a\u7d44\u307f\uff08\u8868\u73fe\u3092\u5909\u66f4\uff09\u25c6 --><\/p>\n<div class=\"section\">\n<h2>Initiativen zur weiteren St\u00e4rkung unserer Kompetenz und Glaubw\u00fcrdigkeit<\/h2>\n<ul>\n<li><strong>St\u00e4ndige Aktualisierung der neuesten Informationen:<\/strong><br \/>\nSie \u00fcberwacht st\u00e4ndig die Gesetze und Vorschriften f\u00fcr Quarant\u00e4ne und Tiertransporte in den einzelnen L\u00e4ndern und bietet genaue Informationen und angemessene Unterst\u00fctzung bei der Vorbereitung.<\/li>\n<li><strong>Zusammenarbeit mit Veterin\u00e4r- und Luftfrachtexperten:<\/strong><br \/>\nWir verf\u00fcgen \u00fcber ein System, das gew\u00e4hrleistet, dass wir auch in Notf\u00e4llen mit Hilfe von Expertenmeinungen die bestm\u00f6glichen Ma\u00dfnahmen ergreifen k\u00f6nnen.<\/li>\n<li><strong>Sicherheitsmanagement:<\/strong><br \/>\nUm den Stress w\u00e4hrend des Transports so gering wie m\u00f6glich zu halten, werden umfassende Sicherheitsvorkehrungen getroffen, einschlie\u00dflich der Auswahl der Transportkisten und Gesundheitschecks.<\/li>\n<li><strong>Ein gut ausgebautes Unterst\u00fctzungssystem:<\/strong><br \/>\nWir helfen konsequent bei allen Unterst\u00fctzungsma\u00dfnahmen, die im Rahmen der Gesetzgebung m\u00f6glich sind, von der Beratung vor der Ausreise bis hin zur Kontaktaufnahme mit den \u00f6rtlichen Beh\u00f6rden nach der Ankunft.<\/li>\n<li><strong>Lokale Unterst\u00fctzung durch B\u00fcros in \u00dcbersee:<\/strong><br \/>\nDie indische Zweigstelle bietet eine hohe Servicequalit\u00e4t, einschlie\u00dflich einer schnellen Reaktion vor Ort und kultureller Sensibilit\u00e4t.<\/li>\n<\/ul>\n<p>Wir sind,<strong>Erfolgsbilanz<\/strong>und<strong>Was unsere Kunden sagen.<\/strong>Das Unternehmen hat sich ein hohes Ma\u00df an Zuverl\u00e4ssigkeit erarbeitet durch<br \/>\nWir werden unsere berufliche Erfahrung und Kompetenz weiter ausbauen und uns bem\u00fchen, ein Umfeld zu schaffen, in dem Besitzer und ihre Haustiere sicher und bequem durch die Welt reisen k\u00f6nnen.<\/p>\n<\/div>\n<p><!-- \u25c6 4. \u304a\u554f\u3044\u5408\u308f\u305b\u5148 \u25c6 --><\/p>\n<div class=\"section\">\n<h2>Anfrage<\/h2>\n<p>Wenn Sie Bedenken oder Fragen zu Auslandsreisen mit Ihrem Haustier haben, z\u00f6gern Sie bitte nicht, uns zu kontaktieren.<br \/>\nErfahrene Mitarbeiter sorgen f\u00fcr eine aufmerksame Betreuung und bieten die besten L\u00f6sungen f\u00fcr die individuelle Situation eines jeden Kunden.<\/p>\n<div class=\"contact-links\"><span style=\"color: #0000ff;\"><a style=\"color: #0000ff;\" href=\"https:\/\/page.line.me\/petairjpn?openQrModal=true\">\ud83d\udcf1 Offizielle Linie.<\/a><\/span><br \/>\n<span style=\"color: #0000ff;\"><a class=\"whatsapp-link\" style=\"color: #0000ff;\" href=\"http:\/\/wa.me\/81345005308\">\ud83d\udcac WhatsApp.<\/a><\/span><\/div>\n<p style=\"margin-top: 20px;\"><strong>Sitz der Hauptverwaltung:<\/strong>2-45-2-3605 Minami Ikebukuro, Toshima-ku, Tokio 171-0022, Japan<br \/>\n<strong>Niederlassung Indien:<\/strong>Vidhyanagar Colony, Dabolim, Sancoale, Goa 403726, Indien<\/p>\n<\/div>","protected":false},"excerpt":{"rendered":"\u4f1a\u793e\u540d \u682a\u5f0f\u4f1a\u793ePetAir \u6240\u5728\u5730 \u672c\u793e\uff1a\u3012171-0022 \u6771\u4eac\u90fd\u8c4a\u5cf6\u533a\u5357\u6c60\u888b 2-45-2-3605 &#x1f1ee;&#x1f1f3; \u30a4\u30f3\u30c9\u652f\u5e97\uff08\u30b4\u30a2\u5dde\uff09 Vidhyanagar Colony, Daboli [&hellip;]","protected":false},"author":3,"featured_media":0,"parent":0,"menu_order":0,"comment_status":"closed","ping_status":"closed","template":"","meta":{"om_disable_all_campaigns":false,"_monsterinsights_skip_tracking":false,"_monsterinsights_sitenote_active":false,"_monsterinsights_sitenote_note":"","_monsterinsights_sitenote_category":0,"_uf_show_specific_survey":0,"_uf_disable_surveys":false,"footnotes":""},"class_list":["post-972","page","type-page","status-publish","hentry"],"aioseo_notices":[],"_links":{"self":[{"href":"https:\/\/petair.jp\/de\/wp-json\/wp\/v2\/pages\/972","targetHints":{"allow":["GET"]}}],"collection":[{"href":"https:\/\/petair.jp\/de\/wp-json\/wp\/v2\/pages"}],"about":[{"href":"https:\/\/petair.jp\/de\/wp-json\/wp\/v2\/types\/page"}],"author":[{"embeddable":true,"href":"https:\/\/petair.jp\/de\/wp-json\/wp\/v2\/users\/3"}],"replies":[{"embeddable":true,"href":"https:\/\/petair.jp\/de\/wp-json\/wp\/v2\/comments?post=972"}],"version-history":[{"count":0,"href":"https:\/\/petair.jp\/de\/wp-json\/wp\/v2\/pages\/972\/revisions"}],"wp:attachment":[{"href":"https:\/\/petair.jp\/de\/wp-json\/wp\/v2\/media?parent=972"}],"curies":[{"name":"wp","href":"https:\/\/api.w.org\/{rel}","templated":true}]}}