{"id":55,"date":"2024-08-28T13:42:27","date_gmt":"2024-08-28T04:42:27","guid":{"rendered":"https:\/\/petair.jp\/?page_id=55"},"modified":"2025-08-05T20:45:32","modified_gmt":"2025-08-05T11:45:32","slug":"price","status":"publish","type":"page","link":"https:\/\/petair.jp\/de\/price\/","title":{"rendered":"Liste der Geb\u00fchren f\u00fcr internationale Tiertransporte und Quarant\u00e4neverfahren [PetAirJPN official]."},"content":{"rendered":"<div class=\"heading\">\n<h2><\/h2>\n<\/div>\n<div class=\"pricing-notice\">\n<div class=\"notice-header\">\n<h3>Die Geb\u00fchren.<\/h3>\n<\/div>\n<div class=\"notice-content\">\n<p><strong>Die angegebenen Preise sind ungef\u00e4hre Dienstleistungspreise.<\/strong>Die tats\u00e4chliche Gesamtzahlung h\u00e4ngt von den folgenden Faktoren ab<\/p>\n<ul class=\"notice-list\">\n<li><strong>Unterschiedliche Vorschriften je nach Zielland:<\/strong>Die in den einzelnen L\u00e4ndern erforderlichen Verfahren und Dokumente sind sehr unterschiedlich.<\/li>\n<li><strong>Komplexit\u00e4t des Verfahrens:<\/strong>Zus\u00e4tzliche Geb\u00fchren fallen in L\u00e4ndern an, in denen vorherige Ausfuhrantr\u00e4ge (Genehmigungen) oder besondere Kontrollen erforderlich sind.<\/li>\n<\/ul>\n<p class=\"notice-highlight\"><strong>Einen genauen Kostenvoranschlag f\u00fcr Ihr Reiseziel erhalten Sie individuell in einem kostenlosen Beratungsgespr\u00e4ch.<\/strong><\/p>\n<\/div>\n<\/div>\n<div class=\"pricing-container\">\n<p><!-- A\u30b3\u30fc\u30b9\uff08\u51fa\u56fd\u306e\u307f\uff09 --><\/p>\n<div class=\"pricing-card\">\n<div class=\"card-header\">\n<h3>Kurs A<\/h3>\n<p>(nur Abfl\u00fcge)<\/p>\n<\/div>\n<div class=\"direction\">Japan \u2192 \u00dcbersee \/ \u00dcbersee \u2192 \u00dcbersee<\/div>\n<div class=\"price\">\n<p class=\"amount\">130,000<span class=\"unit\">Von Yen<\/span><\/p>\n<p class=\"price-note\">*Je nach Land unterschiedlich.<\/p>\n<\/div>\n<div class=\"content\">\n<h3 class=\"content-heading\">Inhalt<\/h3>\n<p class=\"service-category\">[Basisdienste].<\/p>\n<div class=\"service-item\"><span class=\"service-check\">\u2713<\/span> <span class=\"service-text\">Professionelle Beratung<\/span><\/div>\n<div class=\"service-item\"><span class=\"service-check\">\u2713<\/span> <span class=\"service-text\">Pr\u00fcfen Sie die Vorschriften und Bedingungen des Ziellandes.<\/span><\/div>\n<div class=\"service-item\"><span class=\"service-check\">\u2713<\/span> <span class=\"service-text\">Ausarbeitung eines Reiseplans<\/span><\/div>\n<p class=\"service-category\">[Verfahrensvertreter].<\/p>\n<div class=\"service-item\"><span class=\"service-check\">\u2713<\/span> <span class=\"service-text\">Unterst\u00fctzung bei der Beschaffung und Vorbereitung der erforderlichen Dokumente<\/span><\/div>\n<div class=\"service-item\"><span class=\"service-check\">\u2713<\/span> <span class=\"service-text\">Antragstellung bei den Tierquarant\u00e4nestellen im Namen des Antragstellers.<\/span><\/div>\n<div class=\"service-item\"><span class=\"service-check\">\u2713<\/span> <span class=\"service-text\">Buchung und Organisation von Exportinspektionen.<\/span><\/div>\n<div class=\"service-item\"><span class=\"service-check\">\u2713<\/span> <span class=\"service-text\">Antrag auf eine vorgezogene Ausfuhrgenehmigung (falls erforderlich)<\/span><\/div>\n<\/div>\n<div class=\"cta\"><a class=\"cta-button\" href=\"https:\/\/page.line.me\/petairjpn\">Anfrage<\/a><\/div>\n<\/div>\n<p><!-- B\u30b3\u30fc\u30b9\uff08\u5f80\u5fa9\uff09 --><\/p>\n<div class=\"pricing-card\">\n<div class=\"card-header\">\n<h3>Kurs B<\/h3>\n<p>(Hin- und R\u00fcckfahrt)<\/p>\n<\/div>\n<div class=\"direction\">Japan \u2192 \u00dcbersee \u2192 Japan<\/div>\n<div class=\"price\">\n<p class=\"amount\">200,000<span class=\"unit\">Von Yen<\/span><\/p>\n<p class=\"price-note\">*Je nach Land unterschiedlich.<\/p>\n<\/div>\n<div class=\"content\">\n<h3 class=\"content-heading\">Inhalt<\/h3>\n<p class=\"service-category\">[Basisdienste].<\/p>\n<div class=\"service-item\"><span class=\"service-check\">\u2713<\/span> <span class=\"service-text\">Professionelle Beratung<\/span><\/div>\n<div class=\"service-item\"><span class=\"service-check\">\u2713<\/span> <span class=\"service-text\">Pr\u00fcfen Sie die Vorschriften und Bedingungen des Ziellandes.<\/span><\/div>\n<div class=\"service-item\"><span class=\"service-check\">\u2713<\/span> <span class=\"service-text\">Best\u00e4tigung der Unterst\u00fctzung und der Bedingungen f\u00fcr die Einfuhr nach Japan.<\/span><\/div>\n<div class=\"service-item\"><span class=\"service-check\">\u2713<\/span> <span class=\"service-text\">Ausarbeitung eines Reiseplans<\/span><\/div>\n<p class=\"service-category\">[Verfahrensvertreter].<\/p>\n<div class=\"service-item\"><span class=\"service-check\">\u2713<\/span> <span class=\"service-text\">Unterst\u00fctzung bei der Beschaffung und Vorbereitung der erforderlichen Dokumente<\/span><\/div>\n<div class=\"service-item\"><span class=\"service-check\">\u2713<\/span> <span class=\"service-text\">Antragstellung bei den Tierquarant\u00e4nestellen im Namen des Antragstellers.<\/span><\/div>\n<div class=\"service-item\"><span class=\"service-check\">\u2713<\/span> <span class=\"service-text\">Buchung und Organisation von Exportinspektionen.<\/span><\/div>\n<div class=\"service-item\"><span class=\"service-check\">\u2713<\/span> <span class=\"service-text\">Buchung und Organisation von Einfuhrkontrollen.<\/span><\/div>\n<div class=\"service-item\"><span class=\"service-check\">\u2713<\/span> <span class=\"service-text\">Antrag auf eine vorgezogene Ausfuhrgenehmigung (falls erforderlich)<\/span><\/div>\n<\/div>\n<div class=\"cta\"><a class=\"cta-button\" href=\"https:\/\/page.line.me\/petairjpn\">Anfrage<\/a><\/div>\n<\/div>\n<p><!-- C\u30b3\u30fc\u30b9\uff08\u5165\u56fd\u306e\u307f\uff09 --><\/p>\n<div class=\"pricing-card\">\n<div class=\"card-header\">\n<h3>C-Kurs<\/h3>\n<p>(nur Eintrag)<\/p>\n<\/div>\n<div class=\"direction\">\u00dcbersee \u2192 Japan<\/div>\n<div class=\"price\">\n<p class=\"amount\">130,000<span class=\"unit\">Von Yen<\/span><\/p>\n<p class=\"price-note\">*Je nach Land unterschiedlich.<\/p>\n<\/div>\n<div class=\"content\">\n<h3 class=\"content-heading\">Inhalt<\/h3>\n<p class=\"service-category\">[Basisdienste].<\/p>\n<div class=\"service-item\"><span class=\"service-check\">\u2713<\/span> <span class=\"service-text\">Professionelle Beratung<\/span><\/div>\n<div class=\"service-item\"><span class=\"service-check\">\u2713<\/span> <span class=\"service-text\">Best\u00e4tigung der Unterst\u00fctzung und der Bedingungen f\u00fcr die Einfuhr nach Japan.<\/span><\/div>\n<div class=\"service-item\"><span class=\"service-check\">\u2713<\/span> <span class=\"service-text\">Ausarbeitung eines Reiseplans<\/span><\/div>\n<p class=\"service-category\">[Verfahrensvertreter].<\/p>\n<div class=\"service-item\"><span class=\"service-check\">\u2713<\/span> <span class=\"service-text\">Unterst\u00fctzung bei der Beschaffung und Vorbereitung der erforderlichen Dokumente<\/span><\/div>\n<div class=\"service-item\"><span class=\"service-check\">\u2713<\/span> <span class=\"service-text\">Antragstellung bei den Tierquarant\u00e4nestellen im Namen des Antragstellers.<\/span><\/div>\n<div class=\"service-item\"><span class=\"service-check\">\u2713<\/span> <span class=\"service-text\">Buchung und Organisation von Einfuhrkontrollen.<\/span><\/div>\n<\/div>\n<div class=\"cta\"><a class=\"cta-button\" href=\"https:\/\/page.line.me\/petairjpn\">Anfrage<\/a><\/div>\n<\/div>\n<\/div>\n<div class=\"benefits\">\n<div class=\"ttl\"><img decoding=\"async\" src=\"https:\/\/petair.jp\/wp-content\/uploads\/2024\/11\/star.png\" alt=\"Nutzen-Symbole\" \/> Privilegierte Erm\u00e4\u00dfigungen<\/div>\n<div class=\"benefits-grid\">\n<div class=\"benefit-item\">\n<h4 class=\"benefit-title\">Fr\u00fchbucherrabatt<\/h4>\n<p class=\"benefit-description\">10% Rabatt (Buchungen bis zu 6 Monate vor der Abfahrt)<\/p>\n<\/div>\n<div class=\"benefit-item\">\n<h4 class=\"benefit-title\">Rabatt f\u00fcr Mehrfachnutzung<\/h4>\n<p class=\"benefit-description\">10% aus f\u00fcr zweite und weitere Verwendung<\/p>\n<\/div>\n<div class=\"benefit-item\">\n<h4 class=\"benefit-title\">Personalrabatt<\/h4>\n<p class=\"benefit-description\">4 Rabatt f\u00fcr die zweite und jede weitere Kuh (au\u00dfer in einigen L\u00e4ndern)<\/p>\n<\/div>\n<\/div>\n<\/div>\n<p><!-- \u3088\u304f\u3042\u308b\u8cea\u554f\u30bb\u30af\u30b7\u30e7\u30f3 --><\/p>\n<div class=\"pricing-faq\">\n<div class=\"faq-header\">\n<h3>H\u00e4ufig gestellte Fragen.<\/h3>\n<\/div>\n<div class=\"faq-list\">\n<div class=\"faq-item\">\n<h4>F. Warum sind die Geb\u00fchren von Land zu Land unterschiedlich?<\/h4>\n<p>A. Dies liegt daran, dass die Quarant\u00e4nevorschriften und Einreisebestimmungen f\u00fcr Tiere in den verschiedenen L\u00e4ndern sehr unterschiedlich sind. In L\u00e4ndern, die beispielsweise einen vorherigen Ausfuhrantrag (Genehmigung), besondere Kontrollen oder lange Wartezeiten verlangen, sind zus\u00e4tzliche Verfahren und Geb\u00fchren erforderlich.<\/p>\n<\/div>\n<div class=\"faq-item\">\n<h4>F. In welchen F\u00e4llen werden zus\u00e4tzliche Geb\u00fchren erhoben?<\/h4>\n<p>A. Wenn das Bestimmungsland einen vorherigen Antrag auf Ausfuhrgenehmigung (Genehmigung), spezielle Bluttests, Apostille usw. verlangt. Dies h\u00e4ngt von den nationalen Vorschriften ab und wird zum Zeitpunkt der Angebotsabgabe im Einzelnen erl\u00e4utert.<\/p>\n<\/div>\n<div class=\"faq-item\">\n<h4>F. Gibt es L\u00e4nder, die von den angegebenen Tarifen abgedeckt werden k\u00f6nnen?<\/h4>\n<p>A. Ja, in einigen L\u00e4ndern mit relativ einfachen Verfahren, z. B. in Asien, kann es m\u00f6glich sein, Dienstleistungen zu einem Preis zu erbringen, der dem angegebenen Satz nahe kommt. F\u00fcr weitere Informationen kontaktieren Sie uns bitte f\u00fcr ein kostenloses Beratungsgespr\u00e4ch.<\/p>\n<\/div>\n<div class=\"faq-item\">\n<h4>F. Ist der Kostenvoranschlag wirklich kostenlos?<\/h4>\n<p>A. Ja, das ist v\u00f6llig kostenlos. Geben Sie uns einfach Informationen \u00fcber Ihr Reiseziel, Ihr Haustier und Ihren gew\u00fcnschten Zeitplan, und wir erstellen Ihnen kostenlos ein detailliertes Angebot.<\/p>\n<\/div>\n<\/div>\n<\/div>\n<p><!-- CTA\u30bb\u30af\u30b7\u30e7\u30f3 --><\/p>\n<div class=\"pricing-cta\">\n<div class=\"cta-content\">\n<div class=\"cta-header\">\n<p><span class=\"cta-icon\">\ud83c\udf1f<\/span><\/p>\n<h3>Beginnen Sie mit einer kostenlosen Beratung<\/h3>\n<\/div>\n<p>Wir unterbreiten Ihnen kostenlos ein detailliertes, auf Ihr Reiseziel zugeschnittenes Angebot.<br \/>\nBitte setzen Sie sich mit uns in Verbindung, wenn Sie eine ausf\u00fchrliche Erl\u00e4uterung zu den Unterschieden in den Vorschriften und der Komplexit\u00e4t der Verfahren in den verschiedenen L\u00e4ndern w\u00fcnschen.<\/p>\n<div class=\"cta-buttons\"><a class=\"cta-button primary\" href=\"https:\/\/page.line.me\/petairjpn\">Kostenlose Angebotsberatung<\/a><br \/>\n<a class=\"cta-button secondary\" href=\"\/de\/contact\/\">Anfrageformular.<\/a><\/div>\n<\/div>\n<\/div>","protected":false},"excerpt":{"rendered":"\u6599\u91d1\u306b\u3064\u3044\u3066 \u8868\u793a\u6599\u91d1\u306f\u30b5\u30fc\u30d3\u30b9\u6599\u306e\u76ee\u5b89\u3067\u3059\u3002\u5b9f\u969b\u306e\u304a\u652f\u6255\u3044\u7dcf\u984d\u306f\u4ee5\u4e0b\u306e\u8981\u7d20\u306b\u3088\u308a\u5909\u52d5\u3044\u305f\u3057\u307e\u3059\uff1a \u6e21\u822a\u5148\u306e\u56fd\u306b\u3088\u308b\u898f\u5236\u306e\u9055\u3044\uff1a\u56fd\u3054\u3068\u306b\u5fc5\u8981\u306a\u624b\u7d9a\u304d\u3084\u66f8\u985e\u304c\u5927\u304d\u304f\u7570\u306a\u308a\u307e\u3059 \u624b\u7d9a\u304d\u306e\u8907\u96d1\u6027\uff1a\u4e8b\u524d\u8f38\u51fa\u7533\u8acb\uff08\u30d1\u30fc\u30df\u30c3\u30c8\uff09\u3084\u7279 [&hellip;]","protected":false},"author":3,"featured_media":0,"parent":0,"menu_order":0,"comment_status":"closed","ping_status":"closed","template":"","meta":{"om_disable_all_campaigns":false,"_monsterinsights_skip_tracking":false,"_monsterinsights_sitenote_active":false,"_monsterinsights_sitenote_note":"","_monsterinsights_sitenote_category":0,"_uf_show_specific_survey":0,"_uf_disable_surveys":false,"footnotes":""},"class_list":["post-55","page","type-page","status-publish","hentry"],"aioseo_notices":[],"_links":{"self":[{"href":"https:\/\/petair.jp\/de\/wp-json\/wp\/v2\/pages\/55","targetHints":{"allow":["GET"]}}],"collection":[{"href":"https:\/\/petair.jp\/de\/wp-json\/wp\/v2\/pages"}],"about":[{"href":"https:\/\/petair.jp\/de\/wp-json\/wp\/v2\/types\/page"}],"author":[{"embeddable":true,"href":"https:\/\/petair.jp\/de\/wp-json\/wp\/v2\/users\/3"}],"replies":[{"embeddable":true,"href":"https:\/\/petair.jp\/de\/wp-json\/wp\/v2\/comments?post=55"}],"version-history":[{"count":0,"href":"https:\/\/petair.jp\/de\/wp-json\/wp\/v2\/pages\/55\/revisions"}],"wp:attachment":[{"href":"https:\/\/petair.jp\/de\/wp-json\/wp\/v2\/media?parent=55"}],"curies":[{"name":"wp","href":"https:\/\/api.w.org\/{rel}","templated":true}]}}