{"id":3254,"date":"2026-04-02T11:28:55","date_gmt":"2026-04-02T02:28:55","guid":{"rendered":"https:\/\/petair.jp\/?page_id=3254"},"modified":"2026-04-02T12:07:26","modified_gmt":"2026-04-02T03:07:26","slug":"recruit-ai","status":"publish","type":"page","link":"https:\/\/petair.jp\/de\/recruit-ai\/","title":{"rendered":"[Stellenangebot] KI-Ingenieur (Generative KI und Business Automation) | PetAirJPN"},"content":{"rendered":"<h2>AI beseitigt die Grenzen zwischen Haustieren und ihren Familien.<\/h2>\n<p>PetAir ist ein auf internationale Tiertransporte spezialisiertes Team, das die l\u00e4nderspezifischen Quarant\u00e4ne- und Import-\/Exportbestimmungen, den umfangreichen Papierkram und die Kommunikation mit den Besitzern unterst\u00fctzt.<\/p>\n<p>Wir wollen generative KI nicht einsetzen, um Menschen zu ersetzen. Es geht darum, unser Fachwissen weiter auszubauen und die \u00c4ngste der Eigent\u00fcmer um eine weitere Sache zu reduzieren.<\/p>\n<p>Die diesj\u00e4hrige Ausschreibung richtet sich an,<strong>Das erste KI-Personal von PetAir.<\/strong>Die. Sie sind verantwortlich f\u00fcr das Verst\u00e4ndnis der Arbeitsabl\u00e4ufe vor Ort, die Organisation der Arbeit, den PoC, die Implementierung und den gesamten Betrieb.<\/p>\n<h2>Warum PetAir AI-Personal einstellt<\/h2>\n<p>Der Betrieb von PetAir besteht aus Bereichen, die in hohem Ma\u00dfe mit KI kompatibel sind. Das Recherchieren von l\u00e4nderspezifischen Vorschriften, das \u00dcberpr\u00fcfen der erforderlichen Unterlagen, das Verwalten von Quarant\u00e4nepl\u00e4nen und das Abwickeln von Kundeneinweisungen - all diese Aufgaben haben die Organisation von Informationen und eine pr\u00e4zise Kommunikation zum Kern.<\/p>\n<p>Mit einer richtig konzipierten KI kann die Qualit\u00e4t des Kundenerlebnisses verbessert und gleichzeitig der Arbeitsaufwand erheblich verringert werden. Unsere Mission ist es, die \"Komplexit\u00e4t der Informationen und das hohe Ma\u00df an Angst\" zu bew\u00e4ltigen, das unser Gr\u00fcnder selbst bei Auslandsreisen mit seinen Haustieren am eigenen Leib zu sp\u00fcren bekam. Wir wollen diese Mission mit der Kraft der KI weiter vorantreiben - das ist der Ausgangspunkt f\u00fcr diese Einstellung.<\/p>\n<h2>Die ersten drei zu l\u00f6senden Aufgaben.<\/h2>\n<p><strong>(i) Organisation und Aktualisierung von Informationen.<\/strong><br \/>L\u00e4nderspezifische Quarant\u00e4nevorschriften und erforderliche Dokumente \u00e4ndern sich h\u00e4ufig. Es wird ein System ben\u00f6tigt, das sicherstellt, dass die neuesten Informationen genau organisiert sind und als Wissen erhalten bleiben, das von jedem genutzt werden kann.<\/p>\n<p><strong>(ii) Verbesserte Qualit\u00e4t des Kundendienstes.<\/strong><br \/>Viele Anfragen beruhen auf \u00e4hnlichen Anliegen, und wir wollen die Genauigkeit der ersten Antwort mit Hilfe von KI erh\u00f6hen und so eine schnellere und sicherere Situation f\u00fcr unsere Kunden schaffen.<\/p>\n<p><strong>(iii) Straffung der Dokumentation und der Antragsverfahren.<\/strong><br \/>Die Dokumentation, in der Reiseziel, Haustierinformationen und Anforderungen der Fluggesellschaft kombiniert werden, bedeutet derzeit einen erheblichen manuellen Aufwand. Wenn KI hier Arbeit einsparen kann, wird dies direkt zu einer Skalierung des Gesch\u00e4fts f\u00fchren.<\/p>\n<h2>Aufgaben, die wir Ihnen \u00fcberlassen.<\/h2>\n<ul>\n<li>Organisation und KI von Arbeitsabl\u00e4ufen f\u00fcr l\u00e4nderspezifische regulatorische Recherchen, Dokumentation, FAQ-Aktualisierungen, Kundendienst usw.<\/li>\n<li>Entwurf und Implementierung von KI-Tools, einschlie\u00dflich interner Wissenssuche, Dokumentenpr\u00fcfung und Unterst\u00fctzung bei Anfragen<\/li>\n<li>Gestaltung von KI-Anwendungen f\u00fcr SEO-Artikel, FAQs, Verkaufsmaterialien und Werbema\u00dfnahmen<\/li>\n<li>Automatisierung und KPI-Visualisierung rund um CRM, Anfrage- und Antragsfl\u00fcsse<\/li>\n<li>Festlegung von KI-Nutzungsregeln, Qualit\u00e4tskontrolle und Betriebsabl\u00e4ufen<\/li>\n<li>Bef\u00f6rderung vom PoC zum Vollbetrieb in Zusammenarbeit mit den Mitgliedern des Feldes<\/li>\n<\/ul>\n<h2>Wesentliche und erw\u00fcnschte F\u00e4higkeiten<\/h2>\n<p><strong>[Erforderlich].<\/strong><\/p>\n<ul>\n<li>Erfahrung in den Bereichen Gesch\u00e4ftsverbesserung, Produktentwicklung oder interne Implementierung mit generativer KI \/ LLM<\/li>\n<li>Implementierungserfahrung mit Python, JavaScript, SQL oder Automatisierungswerkzeugen<\/li>\n<li>Erfahrung in der Organisation von Arbeitsabl\u00e4ufen, dem Aufstellen von Anforderungen und der Erarbeitung von Verbesserungen.<\/li>\n<li>F\u00e4higkeit zur reibungslosen Kommunikation mit nichttechnischem Personal<\/li>\n<\/ul>\n<p><strong>[Willkommen].<\/strong><\/p>\n<ul>\n<li>Erfahrung mit der Implementierung von RAGs, Wissenssuche, KI-Agenten und API-Integration<\/li>\n<li>Erfahrung in nicht-technischen Bereichen AI wie FAQs, SEO-Artikel, Kundensupport, usw.<\/li>\n<li>Lesen und Schreiben auf Englisch<\/li>\n<li>0 bis 1 Erfahrung in einem Start-up und einem kleinen Team<\/li>\n<li>Interesse an Reisen, Logistik, grenz\u00fcberschreitenden Angelegenheiten, Recht und Haustieren<\/li>\n<\/ul>\n<p>*Akademische Qualifikationen, Alter und Branchenerfahrung sind nicht erforderlich. Motivation ist willkommen, auch wenn Sie keine Erfahrung in der Heimtierbranche haben.<\/p>\n<h2>Arbeitsweise und Verg\u00fctung<\/h2>\n<div class=\"s_table\"><table>\n<tbody>\n<tr>\n<th>Erwerbsstatus<\/th>\n<td>Festanstellung \/ Outsourcing (verhandelbar)<\/td>\n<\/tr>\n<tr>\n<th>Gehalt<\/th>\n<td>Monatsgehalt von \u00a5300.000 - \u00a5400.000 (Vollzeitbesch\u00e4ftigte)\/Beratung f\u00fcr ausgelagerte Arbeiten erfolgt auf Einzelfallbasis.<\/td>\n<\/tr>\n<tr>\n<th>Arbeitsort<\/th>\n<td>Toshima-ku, Tokio (Fernarbeit m\u00f6glich)<\/td>\n<\/tr>\n<tr>\n<th>B\u00fcro- (Gesch\u00e4fts-, Arbeits-) Zeiten<\/th>\n<td>Gleitzeitregelung<\/td>\n<\/tr>\n<tr>\n<th>Urlaub<\/th>\n<td>2 freie Tage pro Woche (Samstag und Sonntag), gesetzliche Feiertage, bezahlter Urlaub.<\/td>\n<\/tr>\n<tr>\n<th>Sozialprogramm<\/th>\n<td>Sozialversicherung, Arbeitsumgebung, Onboarding m\u00f6glich<\/td>\n<\/tr>\n<\/tbody>\n<\/table><\/div>\n<h2>Ablauf der Auswahl<\/h2>\n<ol>\n<li><strong>Dokumenten-Screening<\/strong> - Lebenslauf + Links zu Leistungen oder kurze Beschreibung von KI-Anwendungsf\u00e4llen<\/li>\n<li><strong>informelles Gespr\u00e4ch<\/strong>(Online) - Lassen Sie uns zuerst reden. Es ist mehr ein Dialog als ein Auswahlverfahren.<\/li>\n<li><strong>Praktische Diskussion<\/strong> - Wir werden gemeinsam an realen Gesch\u00e4ftsproblemen arbeiten.<\/li>\n<li><strong>Abschlussgespr\u00e4ch<\/strong> - Treffen mit Vertretern, um Richtung und Bedingungen zu besprechen.<\/li>\n<\/ol>\n<h2>H\u00e4ufig gestellte Fragen.<\/h2>\n<p><strong>F. Muss ich Kenntnisse in der Heimtierbranche haben?<\/strong><br \/>A. Nicht erforderlich. Branchenkenntnisse werden durch Onboarding unterst\u00fctzt. Wichtig ist die F\u00e4higkeit, in das Feld zu gehen, die Probleme zu organisieren, sie in eine Form zu bringen, die von der KI genutzt werden kann, und den Prozess abzuschlie\u00dfen.<\/p>\n<p><strong>F. Kann ich eine vollst\u00e4ndige Fernbedienung haben?<\/strong><br \/>A. Grunds\u00e4tzlich ist eine Fernbetreuung m\u00f6glich. M\u00f6glicherweise werden Sie gebeten, ein- oder zweimal im Monat zur Arbeit zu kommen und Sitzungen abzuhalten.<\/p>\n<p><strong>F. Kann ich auf ausgelagerter Basis teilnehmen?<\/strong><br \/>A. M\u00f6glich. Der anf\u00e4ngliche 3-Monats-Vertrag wird mit einer anf\u00e4nglichen Betriebszeit von 8-24 Stunden pro Woche beginnen. Fortsetzung und dauerhafte Umwandlung sind ebenfalls willkommen.<\/p>\n<p><strong>F. Wie ist der aktuelle Stand der KI-Nutzung?<\/strong><br \/>A. Wir haben noch keine KI-Struktur als Organisation. Deshalb liegt es in Ihrem Ermessen, als erste Person \"von Grund auf\" zu entwerfen. Wir erwarten von Ihnen, dass Sie es in Ihrem Unternehmen umsetzen und nicht beim Experimentieren stehen bleiben.<\/p>\n<p><strong>F. Was muss ich bei der Bewerbung einreichen?<\/strong><br \/>A. CV\/Lebenslauf und entweder LinkedIn, GitHub oder Portfolio. Um das Auswahlverfahren zu erleichtern, f\u00fcgen Sie bitte zus\u00e4tzlich eine 200 W\u00f6rter umfassende Beschreibung der \"Arbeit oder Initiativen, die Sie bisher mit KI verbessert haben\" bei.<\/p>\n<h2>Um sich zu bewerben, klicken Sie hier.<\/h2>\n<p>Eine Zukunft, in der Sie mit Ihren Lieben \u00fcberall auf der Welt hingehen k\u00f6nnen.<br \/>Warum sollten wir nicht zusammenarbeiten, um diese Zukunft mit der Kraft der KI zu gestalten?<\/p>\n<p><strong>\ud83d\udce9 Bewerben Sie sich per E-Mail:<a href=\"mailto:info@petair.jp\">info@petair.jp<\/a><\/strong><br \/><strong>\ud83d\udcac Kontaktieren Sie uns online f\u00fcr weitere Informationen und Beratung.<\/strong><\/p>","protected":false},"excerpt":{"rendered":"AI\u3067\u3001\u30da\u30c3\u30c8\u3068\u5bb6\u65cf\u306e\u56fd\u5883\u3092\u306a\u304f\u3059\u3002 PetAir\u306f\u3001\u56fd\u3054\u3068\u306b\u7570\u306a\u308b\u691c\u75ab\u30fb\u8f38\u51fa\u5165\u898f\u5236\u3001\u81a8\u5927\u306a\u66f8\u985e\u4f5c\u6210\u3001\u98fc\u3044\u4e3b\u3055\u307e\u3068\u306e\u30b3\u30df\u30e5\u30cb\u30b1\u30fc\u30b7\u30e7\u30f3\u3092\u652f\u3048\u308b\u56fd\u969b\u30da\u30c3\u30c8\u8f38\u9001\u306e\u5c02\u9580\u30c1\u30fc\u30e0\u3067\u3059\u3002 \u79c1\u305f\u3061\u304c\u751f\u6210AI\u3092\u4f7f\u3044\u305f\u3044\u306e\u306f\u3001\u4eba\u3092\u7f6e\u304d\u63db\u3048 [&hellip;]","protected":false},"author":1,"featured_media":0,"parent":0,"menu_order":0,"comment_status":"closed","ping_status":"closed","template":"","meta":{"om_disable_all_campaigns":false,"_monsterinsights_skip_tracking":false,"_monsterinsights_sitenote_active":false,"_monsterinsights_sitenote_note":"","_monsterinsights_sitenote_category":0,"_uf_show_specific_survey":0,"_uf_disable_surveys":false,"footnotes":""},"class_list":["post-3254","page","type-page","status-publish","hentry"],"aioseo_notices":[],"_links":{"self":[{"href":"https:\/\/petair.jp\/de\/wp-json\/wp\/v2\/pages\/3254","targetHints":{"allow":["GET"]}}],"collection":[{"href":"https:\/\/petair.jp\/de\/wp-json\/wp\/v2\/pages"}],"about":[{"href":"https:\/\/petair.jp\/de\/wp-json\/wp\/v2\/types\/page"}],"author":[{"embeddable":true,"href":"https:\/\/petair.jp\/de\/wp-json\/wp\/v2\/users\/1"}],"replies":[{"embeddable":true,"href":"https:\/\/petair.jp\/de\/wp-json\/wp\/v2\/comments?post=3254"}],"version-history":[{"count":0,"href":"https:\/\/petair.jp\/de\/wp-json\/wp\/v2\/pages\/3254\/revisions"}],"wp:attachment":[{"href":"https:\/\/petair.jp\/de\/wp-json\/wp\/v2\/media?parent=3254"}],"curies":[{"name":"wp","href":"https:\/\/api.w.org\/{rel}","templated":true}]}}