{"id":315,"date":"2024-08-29T16:28:54","date_gmt":"2024-08-29T07:28:54","guid":{"rendered":"https:\/\/petair.jp\/?page_id=315"},"modified":"2026-04-02T18:16:10","modified_gmt":"2026-04-02T09:16:10","slug":"works","status":"publish","type":"page","link":"https:\/\/petair.jp\/de\/works\/","title":{"rendered":"Die Arbeit von PetAirJPN"},"content":{"rendered":"<div class=\"petair-service-main\">\n<p><!-- \u30d2\u30fc\u30ed\u30fc\u30bb\u30af\u30b7\u30e7\u30f3 --><\/p>\n<section class=\"petair-hero-main\">\n<div class=\"petair-container-main\">\n<h2>Der Haustiertransportdienst von Pet Air JPN.<\/h2>\n<p class=\"petair-hero-subtitle-main\">Spezialisierter Service f\u00fcr den sicheren Transport Ihrer Lieben rund um die Welt.<\/p>\n<div class=\"petair-hero-description-main\">\n  Sie brauchen sich keine Sorgen zu machen, von Ihrem Haustier getrennt zu sein, wenn Sie ins Ausland ziehen oder eine lange Gesch\u00e4ftsreise antreten. PetAir JPN ist,<strong>Unterst\u00fctzungsdienste, die auf den internationalen Transport von Haustieren nach und aus Japan spezialisiert sind.<\/strong>Das ist es. Der Dienst bietet Unterst\u00fctzung bei allen langwierigen Vorbereitungen, von komplexen Quarant\u00e4neverfahren bis hin zur Vorbereitung des Lufttransports.\n<\/div>\n<div style=\"text-align: center; margin-top: 3rem; position: relative; z-index: 100;\">\n  <a style=\"display: inline-block !important; background: rgba(135, 206, 235, 0.3) !important; color: #ffffff !important; padding: 1.5rem 3.5rem !important; border-radius: 100px !important; text-decoration: none !important; font-weight: 700 !important; font-size: 1.2rem !important; box-shadow: 0 8px 30px rgba(0, 0, 0, 0.15) !important; border: 2px solid rgba(255, 255, 255, 0.4) !important; cursor: pointer !important; transition: all 0.3s ease !important; position: relative !important; z-index: 1000 !important; backdrop-filter: blur(10px) !important; -webkit-backdrop-filter: blur(10px) !important; white-space: nowrap !important;\" href=\"https:\/\/page.line.me\/petairjpn\" target=\"_blank\" rel=\"noopener noreferrer\">Starten Sie jetzt Ihre kostenlose Beratung<\/a>\n<\/div>\n<\/div>\n<\/section>\n<section class=\"petair-section-main petair-reasons-main\">\n<div class=\"petair-container-main\">\n<h2 class=\"petair-section-title-main\">Warum PetAir JPN w\u00e4hlen?<\/h2>\n<div class=\"petair-reasons-grid-main\">\n<div class=\"petair-reason-card-main petair-animate-on-scroll-main\">\n<div class=\"petair-reason-icon-main\">\ud83d\udd50<\/div>\n<h3 class=\"petair-reason-title-main\">Verringerung des Verfahrensaufwands um mindestens 901 TP3T.<\/h3>\n<div class=\"petair-highlight-number-main\">90-125 Stunden \u2192 8-11 Stunden<\/div>\n<p class=\"petair-reason-description-main\">\n  Der Dienst bietet Unterst\u00fctzung bei all diesen m\u00fchsamen Aufgaben, von der Recherche der Einfuhr- und Ausfuhrbestimmungen des jeweiligen Landes bis hin zur Unterst\u00fctzung bei der Vorbereitung der erforderlichen Dokumente, der Kontaktaufnahme mit dem Tierquarant\u00e4neamt und der Terminvereinbarung. Die Kunden k\u00f6nnen die Reisevorbereitungen f\u00fcr ihre Haustiere mit minimalem Zeitaufwand (ca. 8-11 Stunden) und in aller Ruhe fortsetzen.\n<\/p>\n<\/div>\n<div class=\"petair-reason-card-main petair-animate-on-scroll-main\">\n<div class=\"petair-reason-icon-main\">\ud83d\udccb<\/div>\n<h3 class=\"petair-reason-title-main\">Nachweislich keine unvollst\u00e4ndigen Unterlagen<\/h3>\n<div class=\"petair-highlight-number-main\">Verweigerte Einreise in das Land 0<\/div>\n<p class=\"petair-reason-description-main\">\n  Spezialisierte Mitarbeiter, die mit den komplexen, von Land zu Land unterschiedlichen Vorschriften vertraut sind, helfen Ihnen bei der Erstellung pr\u00e4ziser Unterlagen auf der Grundlage der neuesten Informationen. Sie reagieren auch sofort auf \u00c4nderungen der Vorschriften, um eine zuverl\u00e4ssige Einreise zu gew\u00e4hrleisten.\n<\/p>\n<\/div>\n<div class=\"petair-reason-card-main petair-animate-on-scroll-main\">\n<div class=\"petair-reason-icon-main\">\u2708\ufe0f<\/div>\n<h3 class=\"petair-reason-title-main\">Sicherer Transport in voller \u00dcbereinstimmung mit den internationalen Normen<\/h3>\n<div class=\"petair-highlight-number-main\">IATA- und IPATA-akkreditiert<\/div>\n<p class=\"petair-reason-description-main\">\n  Die vollst\u00e4ndige Einhaltung der Tiertransportvorschriften der International Air Transport Association (IATA) und die Zusammenarbeit mit den Mitgliedsunternehmen der International Pet Transport Association (IPATA) gew\u00e4hrleisten die weltweit h\u00f6chsten Standards f\u00fcr einen sicheren Transport.\n<\/p>\n<\/div>\n<div class=\"petair-reason-card-main petair-animate-on-scroll-main\">\n<div class=\"petair-reason-icon-main\">\ud83c\udf0d<\/div>\n<h3 class=\"petair-reason-title-main\">Umfassende Erfahrung mit Transporten in \u00fcber 40 L\u00e4nder<\/h3>\n<div class=\"petair-highlight-number-main\">Mehr als 150 F\u00e4lle pro Jahr<\/div>\n<div class=\"petair-progress-bar-main\">\n<div class=\"petair-progress-fill-main\"><\/div>\n<\/div>\n<p class=\"petair-reason-description-main\">\n  Kundenzufriedenheit 98% - Wir haben Erfahrung in einer Vielzahl von L\u00e4ndern, darunter Asien, Nordamerika, Europa und Ozeanien. Erfahrenes und professionelles Team f\u00fcr alle F\u00e4lle, einschlie\u00dflich gro\u00dfer Hunde, kleiner Rassen, \u00e4lterer Haustiere und Haushalte mit mehreren Haustieren.\n<\/p>\n<\/div>\n<\/div>\n<\/div>\n<\/section>\n<p><!-- \u30b5\u30fc\u30d3\u30b9\u5185\u5bb9 --><\/p>\n<section class=\"petair-section-main petair-services-main\">\n<div class=\"petair-container-main\">\n<h2 class=\"petair-section-title-main\">Beschreibung der Dienstleistung<\/h2>\n<div class=\"petair-services-grid-main\">\n<div class=\"petair-service-item-main petair-animate-on-scroll-main\">\n<h3 class=\"petair-service-item-title-main\">Pers\u00f6nliche Unterst\u00fctzung durch professionelles Personal<\/h3>\n<ul class=\"petair-service-list-main\">\n<li>Kostenlose Beratungsgespr\u00e4che mit erfahrenen Beratern (unbegrenzte Anzahl von Beratungsgespr\u00e4chen)<\/li>\n<li>Vorschlag des besten Plans je nach Art, Alter und Gesundheitszustand des Tieres.<\/li>\n<li>Ausf\u00fchrliche Erl\u00e4uterung der neuesten Vorschriften und der erforderlichen Unterlagen f\u00fcr das Zielland.<\/li>\n<\/ul>\n<\/div>\n<div class=\"petair-service-item-main petair-animate-on-scroll-main\">\n<h3 class=\"petair-service-item-title-main\">Verfahrensunterst\u00fctzung aus einer Hand<\/h3>\n<ul class=\"petair-service-list-main\">\n<li>Unterst\u00fctzung bei der Vorbereitung und Beschaffung der erforderlichen Dokumente (z. B. Gesundheitszeugnisse, Einfuhr-\/Ausfuhrgenehmigungen)<\/li>\n<li>Unterst\u00fctzung bei der Eingabe von Antragsdaten und der Buchung bei den Tierquarant\u00e4nestellen<\/li>\n<li>Unterst\u00fctzung bei der Organisation von Impfungen und Gesundheitskontrollen in Zusammenarbeit mit Tier\u00e4rzten<\/li>\n<li>Organisation und Terminierung von Tollwut-Antik\u00f6rper-Titertests usw.<\/li>\n<\/ul>\n<\/div>\n<div class=\"petair-service-item-main petair-animate-on-scroll-main\">\n<h3 class=\"petair-service-item-title-main\">Sicherer Transport.<\/h3>\n<ul class=\"petair-service-list-main\">\n<li>Koordinierung mit den Fluggesellschaften und Auswahl der besten Fl\u00fcge f\u00fcr den Transport von Haustieren<\/li>\n<li>Beratung \u00fcber Transportkisten, die den IATA-Normen entsprechen.<\/li>\n<li>\u00dcberwachung der Situation w\u00e4hrend des Transports und regelm\u00e4\u00dfige Fortschrittsberichte<\/li>\n<li>24-Stunden-Unterst\u00fctzung in Notf\u00e4llen<\/li>\n<\/ul>\n<\/div>\n<div class=\"petair-service-item-main petair-animate-on-scroll-main\">\n<h3 class=\"petair-service-item-title-main\">Follow-up bei der Ankunft<\/h3>\n<ul class=\"petair-service-list-main\">\n<li>Unterst\u00fctzung bei lokalen Quarant\u00e4ne- und Zollabfertigungsverfahren<\/li>\n<li>Kontaktaufnahme mit \u00f6rtlichen Vertretern nach Bedarf<\/li>\n<li>Ratschl\u00e4ge f\u00fcr die Anpassung von Haustieren an ihre neue Umgebung.<\/li>\n<li>Kostenlose Beratung und Unterst\u00fctzung f\u00fcr 30 Tage nach Ankunft<\/li>\n<\/ul>\n<\/div>\n<\/div>\n<div style=\"text-align: center; margin-top: 4rem;\">\n<p style=\"font-size: 1.1rem; margin-bottom: 2rem; color: #666666;\">\n  Zu den zus\u00e4tzlichen Dienstleistungen, die auf Ihre Bed\u00fcrfnisse zugeschnitten sind, geh\u00f6ren die Vermittlung von haustierfreundlichen Unterk\u00fcnften, die Vermittlung von Haustiertaxis im In- und Ausland, die Buchung von Tierkliniken vor Ort, Notdienste mit Expresspl\u00e4nen sowie Unterst\u00fctzung bei Quarant\u00e4ne- und Zollverfahren.\n<\/p>\n<p><a class=\"petair-cta-button-secondary-main\" href=\"https:\/\/petair.jp\/de\/works\/\">Siehe detaillierte Beschreibungen der Dienstleistungen und Optionen.<\/a>\n<\/div>\n<\/div>\n<\/section>\n<p><!-- \u30b5\u30fc\u30d3\u30b9\u306e\u6d41\u308c --><\/p>\n<section class=\"petair-section-main petair-process-main\">\n<div class=\"petair-container-main\">\n<h2 class=\"petair-section-title-main\">Leistungsfluss<\/h2>\n<div class=\"petair-process-container-main\">\n<div class=\"petair-process-line-main\"><\/div>\n<div class=\"petair-process-steps-main\">\n<div class=\"petair-process-step-main petair-animate-on-scroll-main\">\n<div class=\"petair-process-number-main\">1<\/div>\n<div class=\"petair-process-content-main\">\n<h3 class=\"petair-process-title-main\">kostenlose Beratung<\/h3>\n<p class=\"petair-process-subtitle-main\">Dauer: ca. 30 Minuten.<\/p>\n<p class=\"petair-process-description-main\">\n  <strong>Methode.<\/strong>Sie haben die Wahl zwischen: Online-, Telefon-, E-Mail- oder Online-Interviews.<br \/>\n  <strong>Inhalt<\/strong>: Wir besprechen die Informationen \u00fcber Ihr Haustier, den Bestimmungsort und den gew\u00fcnschten Zeitpunkt im Detail und schlagen den besten Plan f\u00fcr Sie vor.\n<\/p>\n<\/div>\n<\/div>\n<div class=\"petair-process-step-main petair-animate-on-scroll-main\">\n<div class=\"petair-process-number-main\">2<\/div>\n<div class=\"petair-process-content-main\">\n<h3 class=\"petair-process-title-main\">Pr\u00e4sentation der Zitate<\/h3>\n<p class=\"petair-process-subtitle-main\">Antwort innerhalb von 24 Stunden.<\/p>\n<p class=\"petair-process-description-main\">\n  <strong>Detailliertes Angebot.<\/strong>: Angabe der Dienstleistungsgeb\u00fchren, der tats\u00e4chlichen Kosten und der fakultativen Kosten.<br \/>\n  <strong>Zeitplan<\/strong>: stellt den Vorbereitungsprozess bis zur Abreise in einer leicht verst\u00e4ndlichen chronologischen Reihenfolge dar.\n<\/p>\n<\/div>\n<\/div>\n<div class=\"petair-process-step-main petair-animate-on-scroll-main\">\n<div class=\"petair-process-number-main\">3<\/div>\n<div class=\"petair-process-content-main\">\n<h3 class=\"petair-process-title-main\">Formeller Antrag und Beginn der Vorbereitungen<\/h3>\n<p class=\"petair-process-subtitle-main\">Vorbereitungszeit: in der Regel 1-3 Monate.<\/p>\n<p class=\"petair-process-description-main\">\n  <strong>Zahlungsmethode<\/strong>: Bank\u00fcberweisungen und Kreditkarten werden akzeptiert.<br \/>\n  <strong>Vorbereitungszeitraum<\/strong>: in der Regel 1-3 Monate (Expresspl\u00e4ne k\u00f6nnen in nur 2 Wochen abgewickelt werden).\n<\/p>\n<\/div>\n<\/div>\n<div class=\"petair-process-step-main petair-animate-on-scroll-main\">\n<div class=\"petair-process-number-main\">4<\/div>\n<div class=\"petair-process-content-main\">\n<h3 class=\"petair-process-title-main\">Verfahrensunterst\u00fctzung und Fortschrittsberichte<\/h3>\n<p class=\"petair-process-subtitle-main\">Regelm\u00e4\u00dfige Fortschrittsberichte sorgen f\u00fcr Sicherheit.<\/p>\n<p class=\"petair-process-description-main\">\n  Unterst\u00fctzung bei der Beantragung notwendiger Untersuchungen und Behandlungen (Mikrochip, Impfungen usw.), Hilfe bei der Beschaffung und Vorbereitung verschiedener Bescheinigungen, Unterst\u00fctzung bei der Eingabe von Antragsdaten und bei der Vereinbarung von Terminen mit Tierquarant\u00e4nestellen sowie regelm\u00e4\u00dfige Fortschrittsberichte sorgen f\u00fcr Sicherheit.\n<\/p>\n<\/div>\n<\/div>\n<div class=\"petair-process-step-main petair-animate-on-scroll-main\">\n<div class=\"petair-process-number-main\">5<\/div>\n<div class=\"petair-process-content-main\">\n<h3 class=\"petair-process-title-main\">Abreise und Transportdurchf\u00fchrung<\/h3>\n<p class=\"petair-process-subtitle-main\">Unterst\u00fctzung mit allen Mitteln<\/p>\n<p class=\"petair-process-description-main\">\n  Sie f\u00fchren abschlie\u00dfende Dokumenten- und Gesundheitskontrollen durch, helfen bei den Flughafenformalit\u00e4ten und \u00fcberwachen und berichten \u00fcber die Situation w\u00e4hrend des Transits.\n<\/p>\n<\/div>\n<\/div>\n<div class=\"petair-process-step-main petair-animate-on-scroll-main\">\n<div class=\"petair-process-number-main\">6<\/div>\n<div class=\"petair-process-content-main\">\n<h3 class=\"petair-process-title-main\">Ankunft und Nachbereitung<\/h3>\n<p class=\"petair-process-subtitle-main\">Die Unterst\u00fctzung wird f\u00fcr 30 Tage nach der Ankunft fortgesetzt<\/p>\n<p class=\"petair-process-description-main\">\n  Sie bietet Unterst\u00fctzung bei der Aufnahme vor Ort, bei der Einwanderung und der Zollabfertigung sowie eine kostenlose 30-t\u00e4gige Beratung.\n<\/p>\n<\/div>\n<\/div>\n<\/div>\n<\/div>\n<\/div>\n<\/section>\n<p><!-- \u6599\u91d1\u30d7\u30e9\u30f3 --><\/p>\n<section class=\"petair-section-main petair-pricing-main\">\n<div class=\"petair-container-main\">\n<h2 class=\"petair-section-title-main\">Tarifpl\u00e4ne<\/h2>\n<div class=\"petair-pricing-notice-box\">\n<div class=\"petair-pricing-notice-icon\">\ud83d\udca1<\/div>\n<div class=\"petair-pricing-notice-content\">\n<h3>Die Geb\u00fchren.<\/h3>\n<p><strong>Die angegebenen Preise sind ungef\u00e4hre Dienstleistungspreise.<\/strong>Die tats\u00e4chliche Gesamtzahlung h\u00e4ngt von den folgenden Faktoren ab<\/p>\n<ul>\n<li><strong>Unterschiedliche Vorschriften je nach Zielland<\/strong>: Die in den einzelnen L\u00e4ndern erforderlichen Verfahren und Dokumente sind sehr unterschiedlich.<\/li>\n<li><strong>Komplexit\u00e4t der Verfahren<\/strong>: Zus\u00e4tzliche Geb\u00fchren fallen in L\u00e4ndern an, in denen vorab Ausfuhrantr\u00e4ge (Genehmigungen) oder besondere Kontrollen erforderlich sind.<\/li>\n<\/ul>\n<p class=\"petair-pricing-notice-highlight\">Einen genauen Kostenvoranschlag f\u00fcr Ihr Reiseziel erhalten Sie individuell in einem kostenlosen Beratungsgespr\u00e4ch.<\/p>\n<\/div>\n<\/div>\n<div class=\"petair-pricing-cards-grid\">\n<!-- A\u30b3\u30fc\u30b9 --><\/p>\n<div class=\"petair-pricing-plan-card petair-animate-on-scroll-main\">\n<div class=\"petair-plan-badge\">Abfahrtsspezialist<\/div>\n<div class=\"petair-plan-header\">\n<h3>Kurs A<\/h3>\n<p class=\"petair-plan-subtitle\">Japan \u2192 \u00dcbersee \/ \u00dcbersee \u2192 \u00dcbersee<\/p>\n<\/div>\n<div class=\"petair-plan-price\"><span class=\"petair-price-amount\">130,000<\/span><span class=\"petair-price-currency\">Von Yen<\/span><\/div>\n<p class=\"petair-price-note\">*Je nach Land unterschiedlich.<\/p>\n<div class=\"petair-plan-features\">\n<div class=\"petair-feature-category\">Basisdienstleistung<\/div>\n<ul>\n<li>Professionelle Beratung<\/li>\n<li>Pr\u00fcfen Sie die Vorschriften und Bedingungen des Ziellandes.<\/li>\n<li>Ausarbeitung eines Reiseplans<\/li>\n<\/ul>\n<div class=\"petair-feature-category\">Verfahrenstechnische Unterst\u00fctzung<\/div>\n<ul>\n<li>Unterst\u00fctzung bei der Beschaffung und Vorbereitung der erforderlichen Dokumente<\/li>\n<li>Unterst\u00fctzung bei der Eingabe von Antragsdaten bei den Tierquarant\u00e4nestellen.<\/li>\n<li>Buchung und Organisation von Exportinspektionen.<\/li>\n<li>Unterst\u00fctzung bei der Vorbereitung von Antr\u00e4gen auf vorgezogene Ausfuhrlizenzen (falls erforderlich)<\/li>\n<\/ul>\n<\/div>\n<\/div>\n<p><!-- B\u30b3\u30fc\u30b9 --><\/p>\n<div class=\"petair-pricing-plan-card petair-plan-featured petair-animate-on-scroll-main\">\n<div class=\"petair-plan-badge petair-badge-featured\">Empfehlung<\/div>\n<div class=\"petair-plan-header\">\n<h3>Kurs B<\/h3>\n<p class=\"petair-plan-subtitle\">Japan \u2192 \u00dcbersee \u2192 Japan (Hin- und R\u00fcckfahrt)<\/p>\n<\/div>\n<div class=\"petair-plan-price\"><span class=\"petair-price-amount\">200,000<\/span><span class=\"petair-price-currency\">Von Yen<\/span><\/div>\n<p class=\"petair-price-note\">*Je nach Land unterschiedlich.<\/p>\n<div class=\"petair-plan-features\">\n<div class \"petair-feature-category\">Basisdienstleistung<\/div>\n<ul>\n<li>Professionelle Beratung<\/li>\n<li>Pr\u00fcfen Sie die Vorschriften und Bedingungen des Ziellandes.<\/li>\n<li>Best\u00e4tigung der Bedingungen f\u00fcr die Einfuhr nach Japan.<\/li>\n<li>Ausarbeitung eines Reiseplans<\/li>\n<\/ul>\n<div class=\"petair-feature-category\">Verfahrenstechnische Unterst\u00fctzung<\/div>\n<ul>\n<li>Unterst\u00fctzung bei der Beschaffung und Vorbereitung der erforderlichen Dokumente<\/li>\n<li>Unterst\u00fctzung bei der Eingabe von Antragsdaten bei den Tierquarant\u00e4nestellen.<\/li>\n<li>Buchung und Organisation von Exportinspektionen.<\/li>\n<li>Buchung und Organisation von Einfuhrkontrollen.<\/li>\n<li>Unterst\u00fctzung bei der Vorbereitung von Antr\u00e4gen auf vorgezogene Ausfuhrlizenzen (falls erforderlich)<\/li>\n<\/ul>\n<\/div>\n<\/div>\n<p><!-- C\u30b3\u30fc\u30b9 --><\/p>\n<div class=\"petair-pricing-plan-card petair-animate-on-scroll-main\">\n<div class=\"petair-plan-badge\">Eintrittsspezialist<\/div>\n<div class=\"petair-plan-header\">\n<h3>C-Kurs<\/h3>\n<p class=\"petair-plan-subtitle\">\u00dcbersee \u2192 Japan<\/p>\n<\/div>\n<div class=\"petair-plan-price\"><span class=\"petair-price-amount\">130,000<\/span><span class=\"petair-price-currency\">Von Yen<\/span><\/div>\n<p class=\"petair-price-note\">*Je nach Land unterschiedlich.<\/p>\n<div class=\"petair-plan-features\">\n<div class=\"petair-feature-category\">Basisdienstleistung<\/div>\n<ul>\n<li>Professionelle Beratung<\/li>\n<li>Best\u00e4tigung der Bedingungen f\u00fcr die Einfuhr nach Japan.<\/li>\n<li>Ausarbeitung eines Reiseplans<\/li>\n<\/ul>\n<div class \"petair-feature-category\">Verfahrenstechnische Unterst\u00fctzung<\/div>\n<ul>\n<li>Unterst\u00fctzung bei der Beschaffung und Vorbereitung der erforderlichen Dokumente<\/li>\n<li>Unterst\u00fctzung bei der Eingabe von Antragsdaten bei den Tierquarant\u00e4nestellen.<\/li>\n<li>Buchung und Organisation von Einfuhrkontrollen.<\/li>\n<\/ul>\n<\/div>\n<\/div>\n<\/div>\n<div class=\"petair-benefits-section\">\n<div class=\"petair-benefits-header\">\n<h3>Privilegierte Erm\u00e4\u00dfigungen<\/h3>\n<\/div>\n<div class=\"petair-benefits-grid\">\n<div class=\"petair-benefit-card\">\n<div class=\"petair-benefit-icon\">\ud83d\udcc5<\/div>\n<h4>Fr\u00fchbucherrabatt<\/h4>\n<p class=\"petair-benefit-discount\">10% aus<\/p>\n<p class=\"petair-benefit-condition\">Buchen Sie bis zu 6 Monate vor der Abreise.<\/p>\n<\/div>\n<div class=\"petair-benefit-card\">\n<div class=\"petair-benefit-icon\">\ud83d\udd04<\/div>\n<h4>Rabatt f\u00fcr Mehrfachnutzung<\/h4>\n<p class=\"petair-benefit-discount\">10% aus<\/p>\n<p class=\"petair-benefit-condition\">Zweite und weitere Verwendung<\/p>\n<\/div>\n<div class=\"petair-benefit-card\">\n<div class=\"petair-benefit-icon\">\ud83d\udc3e<\/div>\n<h4>Personalrabatt<\/h4>\n<p class=\"petair-benefit-discount\">40% aus<\/p>\n<p class=\"petair-benefit-condition\">Ab dem zweiten Kopf (au\u00dfer in einigen L\u00e4ndern)<\/p>\n<\/div>\n<\/div>\n<\/div>\n<div style=\"text-align: center; margin-top: 4rem;\">\n<p style=\"font-size: 1.2rem; margin-bottom: 2rem; color: #2c5f8b; font-weight: 600;\">Bitte nehmen Sie Kontakt mit uns auf, um genauere Preise zu erfahren.<\/p>\n<p><a class=\"petair-cta-button-main\" href=\"https:\/\/page.line.me\/petairjpn\">Kostenloses Angebot anfordern<\/a>\n<\/div>\n<\/div>\n<\/section>\n<p><!-- \u3088\u304f\u3042\u308b\u3054\u8cea\u554f --><\/p>\n<section class=\"petair-section-main\">\n<div class=\"petair-container-main\">\n<h2 class=\"petair-section-title-main\">FAQ<\/h2>\n<div class=\"petair-faq-item-main petair-animate-on-scroll-main\">\n<div class=\"petair-faq-question-main\">F: Wie viel kostet es?<\/div>\n<div class=\"petair-faq-answer-main\">Die Grundgeb\u00fchr betr\u00e4gt ab 130.000 JPY. Sie variiert je nach Bestimmungsort und erforderlichen Verfahren. Zus\u00e4tzliche tats\u00e4chliche Kosten wie Flugkosten, Quarant\u00e4negeb\u00fchren und Veterin\u00e4rgeb\u00fchren sind erforderlich. Einzelheiten werden in dem kostenlosen Angebot mitgeteilt.<\/div>\n<\/div>\n<div class=\"petair-faq-item-main petair-animate-on-scroll-main\">\n<div class=\"petair-faq-question-main\">F: Wie weit im Voraus muss ich mich vorbereiten?<\/div>\n<div class=\"petair-faq-answer-main\">Je nach Land wird eine Vorbereitung 1-3 Monate im Voraus empfohlen. In einigen L\u00e4ndern sind ein Tollwut-Antik\u00f6rpertiter-Test und eine Wartezeit von 180 Tagen erforderlich. F\u00fcr dringende F\u00e4lle gibt es einen Expressplan, der nur zwei Wochen dauert.<\/div>\n<\/div>\n<div class=\"petair-faq-item-main petair-animate-on-scroll-main\">\n<div class=\"petair-faq-question-main\">F: Welche L\u00e4nder werden unterst\u00fctzt?<\/div>\n<div class=\"petair-faq-answer-main\">Sie deckt mehr als 40 L\u00e4nder in Asien, Nordamerika, Europa und Ozeanien ab. Spezielle Regionen wie Hawaii und Guam sowie komplexe EU-Verordnungen k\u00f6nnen ebenfalls bearbeitet werden. In einigen L\u00e4ndern gibt es Beschr\u00e4nkungen, daher bitten wir Sie, uns vorher zu konsultieren.<\/div>\n<\/div>\n<div class=\"petair-faq-item-main petair-animate-on-scroll-main\">\n<div class=\"petair-faq-question-main\">F: Werde ich wissen, wie es meinem Haustier w\u00e4hrend des Transports geht?<\/div>\n<div class=\"petair-faq-answer-main\">Ja. Wir berichten \u00fcber die Situation in jeder Phase des Abflugs, der Transitankunft und der endg\u00fcltigen Ankunft. In Zusammenarbeit mit unseren Partner-Transportunternehmen \u00fcberwachen wir st\u00e4ndig die Sicherheit Ihres Haustiers.<\/div>\n<\/div>\n<div class=\"petair-faq-item-main petair-animate-on-scroll-main\">\n<div class=\"petair-faq-question-main\">F: Kann ich Ihnen wirklich alles \u00fcberlassen?<\/div>\n<div class=\"petair-faq-answer-main\">Unsere Mitarbeiter sind f\u00fcr alle notwendigen Formalit\u00e4ten zust\u00e4ndig, von der Unterst\u00fctzung bei der Vorbereitung der Dokumente bis hin zur Eingabe der Antragsdaten und den Buchungsmodalit\u00e4ten. Da der Antrag im Namen des Kunden gestellt werden muss, bitten wir nur um die letzten Schritte, wie Unterschrift und Best\u00e4tigung des Inhalts. Bitte beachten Sie, dass die eigentlichen medizinischen und vorbereitenden Arbeiten in der Tierklinik, wie z.B. Behandlungen (z.B. Impfungen), die Teilnahme an Untersuchungen und die Vorbereitung der Kiste, in der Verantwortung des Kunden liegen.<\/div>\n<\/div>\n<div style=\"text-align: center; margin-top: 3rem;\">\n<p style=\"font-size: 1.1rem; color: #2c5f8b; font-weight: 600;\">Sonstiges.<a style=\"color: #4a90e2; text-decoration: underline; font-weight: bold;\" href=\"https:\/\/petair.jp\/de\/faq\/\">H\u00e4ufig gestellte Fragen.<\/a>finden Sie hier.<\/p>\n<\/div>\n<\/div>\n<\/section>\n<p><!-- \u6700\u7d42CTA --><\/p>\n<section class=\"petair-final-cta-main\">\n<div class=\"petair-container-main\">\n<h2>Der Haustiertransportdienst von Pet Air JPN.<\/h2>\n<p>Spezialisierter Service f\u00fcr den sicheren Transport Ihrer Lieben rund um die Welt.<\/p>\n<p style=\"font-size: 1.1rem; margin: 2rem 0; opacity: 0.95; max-width: 900px; margin-left: auto; margin-right: auto;\">\n  Sie m\u00fcssen sich keine Sorgen machen, dass Sie bei einem Umzug ins Ausland oder auf einer langen Gesch\u00e4ftsreise von Ihrem Haustier getrennt werden. PetAir JPN ist ein Hilfsdienst, der sich auf den internationalen Transport von Haustieren nach und aus Japan spezialisiert hat. Wir unterst\u00fctzen Sie bei allen m\u00fchsamen Vorbereitungen, von der Vorbereitung auf komplexe Quarant\u00e4neverfahren bis zum Lufttransport.\n<\/p>\n<div style=\"text-align: center; margin-top: 3rem;\">\n<a class=\"petair-cta-button-main\" style=\"background: rgba(255,255,255,0.9) !important; color: #4a90e2 !important; font-size: 1.2rem !important; padding: 1.5rem 3rem !important; box-shadow: 0 8px 30px rgba(0,0,0,0.2) !important;\" href=\"https:\/\/page.line.me\/petairjpn\">Starten Sie jetzt Ihre kostenlose Beratung<\/a>\n<\/div>\n<\/div>\n<\/section>\n<p><!-- FAQ\u52d5\u4f5c\u7528\u30b9\u30af\u30ea\u30d7\u30c8 --><br \/>\n<script>\ndocument.addEventListener('DOMContentLoaded', () => {\n  const questions = document.querySelectorAll('.petair-faq-question-main');\n  questions.forEach(question => {\n    question.addEventListener('click', () => {\n      const answer = question.nextElementSibling;\n      const isActive = question.classList.contains('petair-active');\n      question.classList.toggle('petair-active', !isActive);\n      if (answer) {\n        answer.classList.toggle('petair-show', !isActive);\n      }\n    });\n  });\n});\n<\/script>\n<\/div>","protected":false},"excerpt":{"rendered":"\u30da\u30c3\u30c8\u30a8\u30a2\u30fcJPN\u306e\u30da\u30c3\u30c8\u8f38\u9001\u30b5\u30fc\u30d3\u30b9 \u5927\u5207\u306a\u5bb6\u65cf\u3092\u4e16\u754c\u4e2d\u3078\u5b89\u5168\u306b\u304a\u9001\u308a\u3059\u308b\u5c02\u9580\u30b5\u30fc\u30d3\u30b9 \u6d77\u5916\u79fb\u4f4f\u3084\u9577\u671f\u51fa\u5f35\u3067\u30da\u30c3\u30c8\u3068\u96e2\u308c\u96e2\u308c\u306b\u306a\u308b\u5fc3\u914d\u306f\u3042\u308a\u307e\u305b\u3093\u3002\u30da\u30c3\u30c8\u30a8\u30a2\u30fcJPN\u306f\u3001\u65e5\u672c\u767a\u7740\u306e\u56fd\u969b\u30da\u30c3\u30c8\u8f38\u9001\u3092\u5c02\u9580\u3068\u3059\u308b\u652f\u63f4\u30b5\u30fc\u30d3\u30b9 [&hellip;]","protected":false},"author":3,"featured_media":0,"parent":0,"menu_order":0,"comment_status":"closed","ping_status":"closed","template":"","meta":{"om_disable_all_campaigns":false,"_monsterinsights_skip_tracking":false,"_monsterinsights_sitenote_active":false,"_monsterinsights_sitenote_note":"","_monsterinsights_sitenote_category":0,"_uf_show_specific_survey":0,"_uf_disable_surveys":false,"footnotes":""},"class_list":["post-315","page","type-page","status-publish","hentry"],"aioseo_notices":[],"_links":{"self":[{"href":"https:\/\/petair.jp\/de\/wp-json\/wp\/v2\/pages\/315","targetHints":{"allow":["GET"]}}],"collection":[{"href":"https:\/\/petair.jp\/de\/wp-json\/wp\/v2\/pages"}],"about":[{"href":"https:\/\/petair.jp\/de\/wp-json\/wp\/v2\/types\/page"}],"author":[{"embeddable":true,"href":"https:\/\/petair.jp\/de\/wp-json\/wp\/v2\/users\/3"}],"replies":[{"embeddable":true,"href":"https:\/\/petair.jp\/de\/wp-json\/wp\/v2\/comments?post=315"}],"version-history":[{"count":0,"href":"https:\/\/petair.jp\/de\/wp-json\/wp\/v2\/pages\/315\/revisions"}],"wp:attachment":[{"href":"https:\/\/petair.jp\/de\/wp-json\/wp\/v2\/media?parent=315"}],"curies":[{"name":"wp","href":"https:\/\/api.w.org\/{rel}","templated":true}]}}