{"id":3,"date":"2024-09-07T00:17:50","date_gmt":"2024-09-06T15:17:50","guid":{"rendered":"http:\/\/petair.jp"},"modified":"2024-09-18T15:05:10","modified_gmt":"2024-09-18T06:05:10","slug":"privacy-policy","status":"publish","type":"page","link":"https:\/\/petair.jp\/de\/privacy-policy\/","title":{"rendered":"Datenschutzbestimmungen."},"content":{"rendered":"<h2 class=\"wp-block-heading has-text-align-center policy-ttl\">Datenschutzbestimmungen.<\/h2>\n\n\n\n<p class=\"policy-txt\">PetAir Inc. (im Folgenden als \"das Unternehmen\" bezeichnet) ist sich bewusst, dass der Schutz personenbezogener Daten die Grundlage f\u00fcr die Gesch\u00e4ftst\u00e4tigkeit des Unternehmens bildet und auch in der sozialen Verantwortung des Unternehmens liegt.<br>Wir verarbeiten eine Vielzahl von Informationen, darunter Informationen \u00fcber unsere Produkte und Dienstleistungen sowie pers\u00f6nliche Daten, die uns von unseren Kunden zur Verf\u00fcgung gestellt werden.<br>Neben der Einf\u00fchrung einschl\u00e4giger Vorschriften und eines Managementsystems f\u00fcr den Schutz personenbezogener Daten hat das Unternehmen die folgenden Datenschutzrichtlinien aufgestellt, die allen Verantwortlichen und Mitarbeitern des Unternehmens zur Kenntnis gebracht werden sollen,<br>Personenbezogene Daten werden in \u00dcbereinstimmung mit dieser Politik verwendet, verwaltet und gesch\u00fctzt.<\/p>\n\n\n\n<p class=\"policy-txt\"><span style=\"color: #60a3d6\" class=\"sme-text-color\">1. Erhebung, Verwendung und Bereitstellung personenbezogener Daten<\/span><br>Im Rahmen unserer Gesch\u00e4ftst\u00e4tigkeit haben wir ein Informationsmanagementsystem eingerichtet, um personenbezogene Daten im Einklang mit der jeweiligen Gesch\u00e4ftsrealit\u00e4t zu sch\u00fctzen, wobei wir die Tatsache ber\u00fccksichtigen, dass unsere Kunden uns ihre wichtigen Informationen zur Verf\u00fcgung stellen,<br>Personenbezogene Daten werden in \u00dcbereinstimmung mit den vorgeschriebenen Regeln f\u00fcr die Erhebung, Verwendung und Bereitstellung personenbezogener Daten behandelt.<\/p>\n\n\n\n<p class=\"policy-txt\"><span style=\"color: #60a3d6\" class=\"sme-text-color\">2. die Einhaltung von Gesetzen und Vorschriften<\/span><br>Wir halten uns an alle Gesetze und Vorschriften \u00fcber den Umgang mit personenbezogenen Daten.<\/p>\n\n\n\n<p class=\"policy-txt\"><span style=\"color: #60a3d6\" class=\"sme-text-color\">3. Sicherheitsma\u00dfnahmen<\/span><br>Um personenbezogene Daten zu sch\u00fctzen, verwaltet das Unternehmen diese gem\u00e4\u00df seinen Vorschriften zur Informationssicherheit, legt fest, wie personenbezogene Daten aus den R\u00e4umlichkeiten des Unternehmens entfernt werden, und verhindert den unbefugten Zugriff durch Dritte.<br>und andere Ma\u00dfnahmen, um das Durchsickern, den Verlust, die Ver\u00e4nderung oder die Zerst\u00f6rung von personenbezogenen Daten zu verhindern.<\/p>\n\n\n\n<p class=\"policy-txt\"><span style=\"color: #60a3d6\" class=\"sme-text-color\">4. auf Verlangen der Person<\/span><br>Wenn wir von Ihnen in Bezug auf Ihre personenbezogenen Daten aufgefordert werden, diese offenzulegen, zu korrigieren, zu l\u00f6schen, zu verwenden oder zur Verf\u00fcgung zu stellen, werden wir nach Treu und Glauben reagieren.<\/p>\n\n\n\n<p class=\"policy-txt\"><span style=\"color: #60a3d6\" class=\"sme-text-color\">5. Regeln f\u00fcr die Verwaltung personenbezogener Daten.<\/span><br>Das Unternehmen hat Regeln f\u00fcr den Umgang mit personenbezogenen Daten aufgestellt, um das Verst\u00e4ndnis f\u00fcr die Bedeutung und die Notwendigkeit des Schutzes personenbezogener Daten bei seinen F\u00fchrungskr\u00e4ften und Mitarbeitern zu f\u00f6rdern und den angemessenen Umgang mit personenbezogenen Daten sicherzustellen,<br>Die einschl\u00e4gigen Vorschriften werden eingehalten.<\/p>\n\n\n\n<hr class=\"wp-block-separator has-alpha-channel-opacity policy-line\"\/>\n\n\n\n<h2 class=\"wp-block-heading has-text-align-center policy-ttl\">Zweck der Verwendung der personenbezogenen Daten.<\/h2>\n\n\n\n<p class=\"policy-txt\">Personenbezogene Daten, die wir im Zusammenhang mit unserer Gesch\u00e4ftst\u00e4tigkeit erhalten (oder erhalten haben), werden wir nur f\u00fcr folgende Zwecke verwenden<\/p>\n\n\n\n<p class=\"policy-txt\"><span style=\"color: #60a3d6\" class=\"sme-text-color\">1. Ihre pers\u00f6nlichen Daten<\/span><br>Zur Bereitstellung von Informationen \u00fcber unsere Produkte und Dienstleistungen.<br>Um mit Ihnen in Kontakt zu treten, wenn Sie Fragen zu unseren Produkten und Dienstleistungen haben.<br>Zur Durchf\u00fchrung von Transaktionen wie Kundendienst f\u00fcr unsere Produkte und Serviceinformationen.<br>Um Ihre Identit\u00e4t zu best\u00e4tigen, damit wir Ihnen unsere Produkte und Dienstleistungen verkaufen oder anbieten k\u00f6nnen.<br>Zur Durchf\u00fchrung von Frageb\u00f6gen und \u00dcberwachungsumfragen zu unseren Produkten und Dienstleistungsinformationen, usw.<br>F\u00fcr Marketingaktivit\u00e4ten in Bezug auf unsere Produkte und Dienstleistungsinformationen usw.<br>Wenn es notwendig ist, um weitere Informationen \u00fcber unsere Produkte und Dienstleistungen bereitzustellen.<\/p>\n\n\n\n<p class=\"policy-txt\"><span style=\"color: #60a3d6\" class=\"sme-text-color\">2. pers\u00f6nliche Daten von Aktion\u00e4ren und Investoren<\/span><br>Aus\u00fcbung von Rechten und Erf\u00fcllung von Pflichten in \u00dcbereinstimmung mit Gesetzen und Vorschriften<br>Verwaltung der Aktion\u00e4re in \u00dcbereinstimmung mit den Gesetzen und Vorschriften.<br>Bereitstellung von Informationen und Recherchen zu IR-Aktivit\u00e4ten f\u00fcr Aktion\u00e4re und Investoren.<\/p>\n\n\n\n<p class=\"policy-txt\"><span style=\"color: #60a3d6\" class=\"sme-text-color\">3. personenbezogene Daten der Unternehmen, mit denen wir Gesch\u00e4fte machen<\/span><br>Kommunikation und F\u00fchrung von Gesch\u00e4ftsverhandlungen, soweit dies im Rahmen des Gesch\u00e4ftsbetriebs erforderlich ist.<br>Informationen zu verwalten und Einnahmen und Ausgaben zu verarbeiten<\/p>\n\n\n\n<p class=\"policy-txt\"><span style=\"color: #60a3d6\" class=\"sme-text-color\">4. personenbezogene Daten von Stellenbewerbern<\/span><br>Kommunikation, Information und Forschung im Bereich der Rekrutierungsaktivit\u00e4ten.<\/p>\n\n\n\n<p class=\"policy-txt\"><span style=\"color: #60a3d6\" class=\"sme-text-color\">5. personenbezogene Daten in der \u00d6ffentlichkeitsarbeit<\/span><br>Bereitstellung von Informationen im Rahmen der \u00d6ffentlichkeitsarbeit.<\/p>\n\n\n\n<p class=\"policy-txt\"><span style=\"color: #60a3d6\" class=\"sme-text-color\">6. pers\u00f6nliche Informationen im Rahmen von Umweltschutzma\u00dfnahmen<\/span><br>Bereitstellung von Informationen und Durchf\u00fchrung von Umfragen zu CSR- und Umweltschutzaktivit\u00e4ten.<\/p>\n\n\n\n<hr class=\"wp-block-separator has-alpha-channel-opacity policy-line\"\/>\n\n\n\n<h2 class=\"wp-block-heading has-text-align-center policy-ttl\">Kontaktperson f\u00fcr R\u00fcckfragen.<\/h2>\n\n\n\n<p class=\"policy-txt\">Antr\u00e4ge auf Offenlegung von personenbezogenen Daten, die sich derzeit im Besitz des Unternehmens befinden, sowie Fragen zum Umgang des Unternehmens mit personenbezogenen Daten k\u00f6nnen \u00fcber das folgende Verfahren gestellt werden.<br>Bitte beachten Sie, dass wir m\u00f6glicherweise nicht in der Lage sind, Anfragen zu beantworten, die diesem Verfahren nicht entsprechen.<\/p>\n\n\n\n<p class=\"policy-txt\"><span style=\"color: #60a3d6\" class=\"sme-text-color\">1 Verfahren zur Weitergabe personenbezogener Informationen<\/span><br>Bitte senden Sie diese per Post an die unten stehende Adresse.<br>Wir werden best\u00e4tigen, dass wir die betreffende Person oder ihr Vertreter sind,<br>Sobald wir die Best\u00e4tigung erhalten haben, werden wir Ihnen per Brief oder auf eine andere zwischen Ihnen und uns vereinbarte Weise antworten.<br>Bitte beachten Sie, dass Sie f\u00fcr die Portokosten aufkommen m\u00fcssen und dass die Beantwortung einige Zeit in Anspruch nehmen wird.<\/p>\n\n\n\n<p class=\"policy-txt\">Adressat<br>\u3012171-0022<br>2-45-2-3605, Minami Ikebukuro, Toshima-ku, Tokio<br>PetAir Inc.<br>Telefonnummer: 03-4500-5308<\/p>","protected":false},"excerpt":{"rendered":"\u30d7\u30e9\u30a4\u30d0\u30b7\u30fc\u30dd\u30ea\u30b7\u30fc \u682a\u5f0f\u4f1a\u793ePetAir\uff08\u4ee5\u4e0b\u3001\u5f0a\u793e\u3068\u3044\u3044\u307e\u3059\u3002\uff09\u306f\u3001\u500b\u4eba\u60c5\u5831\u306e\u4fdd\u8b77\u306f\u5f0a\u793e\u304c\u4e8b\u696d\u6d3b\u52d5\u3092\u884c\u3046\u306b\u3042\u305f\u3063\u3066\u306e\u57fa\u790e\u3067\u3042\u308b\u3068\u3068\u3082\u306b\u3001\u5f0a\u793e\u306e\u793e\u4f1a\u7684\u8cac\u4efb\u3067\u3042\u308b\u3068\u8a8d\u8b58\u3057\u3066\u304a\u308a\u307e\u3059\u3002\u5f0a\u793e\u306f\u3001\u5f0a\u793e\u306e\u88fd\u54c1\u3084\u30b5\u30fc\u30d3\u30b9\u306b\u95a2\u3059\u308b\u60c5 [&hellip;]","protected":false},"author":1,"featured_media":0,"parent":0,"menu_order":0,"comment_status":"closed","ping_status":"open","template":"","meta":{"om_disable_all_campaigns":false,"_monsterinsights_skip_tracking":false,"_monsterinsights_sitenote_active":false,"_monsterinsights_sitenote_note":"","_monsterinsights_sitenote_category":0,"_uf_show_specific_survey":0,"_uf_disable_surveys":false,"footnotes":""},"class_list":["post-3","page","type-page","status-publish","hentry"],"aioseo_notices":[],"_links":{"self":[{"href":"https:\/\/petair.jp\/de\/wp-json\/wp\/v2\/pages\/3","targetHints":{"allow":["GET"]}}],"collection":[{"href":"https:\/\/petair.jp\/de\/wp-json\/wp\/v2\/pages"}],"about":[{"href":"https:\/\/petair.jp\/de\/wp-json\/wp\/v2\/types\/page"}],"author":[{"embeddable":true,"href":"https:\/\/petair.jp\/de\/wp-json\/wp\/v2\/users\/1"}],"replies":[{"embeddable":true,"href":"https:\/\/petair.jp\/de\/wp-json\/wp\/v2\/comments?post=3"}],"version-history":[{"count":0,"href":"https:\/\/petair.jp\/de\/wp-json\/wp\/v2\/pages\/3\/revisions"}],"wp:attachment":[{"href":"https:\/\/petair.jp\/de\/wp-json\/wp\/v2\/media?parent=3"}],"curies":[{"name":"wp","href":"https:\/\/api.w.org\/{rel}","templated":true}]}}