{"id":2545,"date":"2025-06-19T20:01:04","date_gmt":"2025-06-19T11:01:04","guid":{"rendered":"https:\/\/petair.jp\/?page_id=2545"},"modified":"2025-06-19T20:01:04","modified_gmt":"2025-06-19T11:01:04","slug":"%e4%b8%96%e7%95%8c%e3%81%a8%e6%97%a5%e6%9c%ac%e3%82%92%e3%80%81%e6%84%9b%e3%81%99%e3%82%8b%e5%ae%b6%e6%97%8f%e3%81%a8%e5%85%b1%e3%81%ab%e3%81%a4%e3%81%aa%e3%81%90%e3%80%82","status":"publish","type":"page","link":"https:\/\/petair.jp\/de\/%e4%b8%96%e7%95%8c%e3%81%a8%e6%97%a5%e6%9c%ac%e3%82%92%e3%80%81%e6%84%9b%e3%81%99%e3%82%8b%e5%ae%b6%e6%97%8f%e3%81%a8%e5%85%b1%e3%81%ab%e3%81%a4%e3%81%aa%e3%81%90%e3%80%82\/","title":{"rendered":"Wir verbinden die Welt und Japan mit den Familien, die sie lieben."},"content":{"rendered":"<p><!DOCTYPE html><br \/>\n<html lang=\"ja\"><br \/>\n<head><br \/>\n    <meta charset=\"UTF-8\"><br \/>\n    <meta name=\"viewport\" content=\"width=device-width, initial-scale=1.0\"><br \/>\n    <title>\u00dcber uns<\/title>\n    <link rel=\"stylesheet\" href=\"style.css\">\n    <link rel=\"preconnect\" href=\"https:\/\/fonts.googleapis.com\">\n    <link rel=\"preconnect\" href=\"https:\/\/fonts.gstatic.com\" crossorigin>\n    <link href=\"https:\/\/fonts.googleapis.com\/css2?family=Cormorant+Garamond:wght@400;500;600;700&#038;family=Inter:wght@400;500&#038;display=swap\" rel=\"stylesheet\">\n<\/head><br \/>\n<body><\/p>\n<div class=\"main-container\">\n<p>        <main class=\"content-wrapper\"><\/p>\n<section class=\"lead-section\">\n<p>Diejenigen, die einen neuen Ort im Ausland suchen. F\u00fcr diejenigen, die ein neues Leben in Japan beginnen. Und f\u00fcr diejenigen, die in ihr geliebtes Heimatland zur\u00fcckkehren.<\/p>\n<p>Mit Ihrem geliebten Haustier die Grenzen \u00fcberschreiten. Es ist ein Schritt voller Hoffnung f\u00fcr die Zukunft Ihrer Familie. Gleichzeitig wird er aber auch von gro\u00dfen \u00c4ngsten begleitet.<\/p>\n<p>Wir, PetAir Inc,<strong>Von Japan in die Welt (Exporte)\".<\/strong>und<strong>Aus der Welt nach Japan (importiert)\".<\/strong>und ein Team von Fachleuten, die in beide Richtungen spezialisiert sind.<\/p>\n<p>Das Herzst\u00fcck unserer Dienstleistungen ist eine weltweit anerkannte<strong>Japan Qualit\u00e4t\".<\/strong>. Es ist mehr als nur eine verfahrenstechnische Agentur, es ist eine akribische Aufmerksamkeit f\u00fcr Details, ein gr\u00fcndliches Sicherheitsmanagement und ein tiefes Engagement f\u00fcr den Kunden selbst.<\/p>\n<\/section>\n<section class=\"strength-section\">\n<h2>Unsere St\u00e4rke<\/h2>\n<p class=\"section-subtitle\">Warum PetAir w\u00e4hlen?<\/p>\n<div class=\"strength-grid\">\n<div class=\"strength-item\">\n                        <span class=\"strength-number\">01<\/span><\/p>\n<h3>Japanische Experten\", die mit den Einfuhr- und Ausfuhrbestimmungen vertraut sind.<\/h3>\n<p>Die Vorschriften f\u00fcr den internationalen Transport sind von Land zu Land sehr unterschiedlich. Als Experten mit Sitz in Japan sind wir mit beiden Regelwerken vertraut. Ob Sie nun aus Japan exportieren oder nach Japan importieren, wir k\u00f6nnen Sie auf beiden Wegen mit dem richtigen Wissen unterst\u00fctzen.<\/p>\n<\/p><\/div>\n<div class=\"strength-item\">\n                        <span class=\"strength-number\">02<\/span><\/p>\n<h3>Ein gr\u00fcndliches Sicherheitsmanagementsystem, das \"Japan Quality\" verk\u00f6rpert.<\/h3>\n<p>Das Prozessmanagement selbst wird als \"Qualit\u00e4t\" und als Sicherheitsmanagementsystem betrachtet, das auch dem japanischen Geist der Herstellung entspricht. Wir verfolgen wissenschaftlich die doppelte Pr\u00fcfung von Dokumenten, das Risikomanagement und das Wohlbefinden der Tiere.<\/p>\n<\/p><\/div>\n<div class=\"strength-item\">\n                        <span class=\"strength-number\">03<\/span><\/p>\n<h3>Aufmerksame Partnerschaften, die das Herz verbinden<\/h3>\n<p>Selbst ein hervorragendes System ist bedeutungslos ohne eine Herzensverbindung mit dem Kunden. Mit der Transparenz, die es uns erm\u00f6glicht, den Fortschritt hautnah mitzuteilen, und der f\u00fcr Japan so typischen Gastfreundschaft sind wir auch weiterhin ein Partner, der seinen Kunden nahe steht.<\/p>\n<\/p><\/div>\n<\/p><\/div>\n<\/section>\n<section class=\"philosophy-section\">\n<div class=\"philosophy-content\">\n<div class=\"philosophy-text-wrapper\">\n<h2>Unsere Philosophie<\/h2>\n<p class=\"section-subtitle\">Unser Startpunkt<\/p>\n<p>Haustiere sind wertvolle Familienmitglieder und die Zeit, die sie mit uns verbringen, ist unersetzlich. Dieser nat\u00fcrliche Gedanke ist uns wichtiger als alles andere.<\/p>\n<p>Der Grund daf\u00fcr ist, dass unser PetAir-Gesch\u00e4ft mit einem schmerzlichen Bedauern begann, das unser CEO in der Vergangenheit selbst erfahren hatte. Dieses Gef\u00fchl der Hilflosigkeit und des Bedauerns ist unsere unerm\u00fcdliche Antriebskraft.<\/p>\n<p class=\"highlight-quote\">Wir sind jedoch kein Unternehmen, das sich ausschlie\u00dflich auf seine \"Gef\u00fchle\" und \"Leidenschaft\" verl\u00e4sst.<\/p>\n<p>Wir sind \u00fcber unsere pers\u00f6nlichen Faustregeln hinausgegangen, um sicherzustellen, dass es niemandem mehr so geht,<span class=\"highlight\">Ein \"Mechanismus\", der objektiv und reproduzierbar ist und von niemandem kopiert werden kann.<\/span>erstellt.<\/p>\n<p>Darauf sind wir stolz: auf ein gr\u00fcndliches Sicherheitsmanagementsystem, das Japan Quality verk\u00f6rpert, und auf das \"japanische Fachwissen\", das die komplexen Vorschriften f\u00fcr Importe und Exporte perfekt erf\u00fcllt.<\/p>\n<p>dies (etwas oder jemand, der dem Sprecher nahe steht (einschlie\u00dflich des Sprechers), oder vom Sprecher ge\u00e4u\u00dferte Ideen)<strong>Leidenschaftliche Gedanken\" und \"ruhige Mechanismen<\/strong>Das ist das Herzst\u00fcck von PetAir und der Grund, warum wir davon \u00fcberzeugt sind, dass wir Ihr \"einziger\" Partner sein k\u00f6nnen.<\/p>\n<\/p><\/div>\n<div class=\"philosophy-image-wrapper\">\n<div class=\"philosophy-image-bg\"><\/div>\n<p>                         <img decoding=\"async\" src=\"https:\/\/images.unsplash.com\/photo-1529429617124-95b109e86bb8?q=80&#038;w=2574&#038;auto=format&#038;fit=crop\" alt=\"Das Bild symbolisiert die Gedanken der Abgeordneten.\">\n                    <\/div>\n<\/p><\/div>\n<\/section>\n<p>        <\/main><\/p>\n<footer class=\"site-footer\">\n<p>M\u00f6ge Ihre neue Geschichte mit Ihrem geliebten Haustier mit einem gro\u00dfen L\u00e4cheln beginnen.<\/p>\n<p class=\"footer-brand\">PetAir Inc.<\/p>\n<\/footer><\/div>\n<p><\/body><br \/>\n<\/html><\/p>","protected":false},"excerpt":{"rendered":"About Us \u6d77\u5916\u3078\u65b0\u5929\u5730\u3092\u6c42\u3081\u308b\u65b9\u3002\u65b0\u3057\u304f\u65e5\u672c\u3067\u306e\u751f\u6d3b\u3092\u59cb\u3081\u308b\u65b9\u3002\u305d\u3057\u3066\u3001\u611b\u3059\u308b\u6545\u90f7\u3078\u623b\u3089\u308c\u308b\u65b9\u3078\u3002 \u611b\u3059\u308b\u30da\u30c3\u30c8\u3068\u5171\u306b\u56fd\u5883\u3092\u8d8a\u3048\u308b\u3002\u305d\u308c\u306f\u3001\u3054\u5bb6\u65cf\u306e\u672a\u6765\u306b\u3068\u3063\u3066\u3001\u5927\u304d\u306a\u5e0c\u671b\u306b\u6e80\u3061\u305f\u4e00\u6b69\u3067\u3059\u3002\u3057\u304b\u3057\u540c\u6642\u306b\u3001\u8a08\u308a\u77e5\u308c [&hellip;]","protected":false},"author":1,"featured_media":0,"parent":0,"menu_order":0,"comment_status":"closed","ping_status":"closed","template":"","meta":{"om_disable_all_campaigns":false,"_monsterinsights_skip_tracking":false,"_monsterinsights_sitenote_active":false,"_monsterinsights_sitenote_note":"","_monsterinsights_sitenote_category":0,"_uf_show_specific_survey":0,"_uf_disable_surveys":false,"footnotes":""},"class_list":["post-2545","page","type-page","status-publish","hentry"],"aioseo_notices":[],"_links":{"self":[{"href":"https:\/\/petair.jp\/de\/wp-json\/wp\/v2\/pages\/2545","targetHints":{"allow":["GET"]}}],"collection":[{"href":"https:\/\/petair.jp\/de\/wp-json\/wp\/v2\/pages"}],"about":[{"href":"https:\/\/petair.jp\/de\/wp-json\/wp\/v2\/types\/page"}],"author":[{"embeddable":true,"href":"https:\/\/petair.jp\/de\/wp-json\/wp\/v2\/users\/1"}],"replies":[{"embeddable":true,"href":"https:\/\/petair.jp\/de\/wp-json\/wp\/v2\/comments?post=2545"}],"version-history":[{"count":0,"href":"https:\/\/petair.jp\/de\/wp-json\/wp\/v2\/pages\/2545\/revisions"}],"wp:attachment":[{"href":"https:\/\/petair.jp\/de\/wp-json\/wp\/v2\/media?parent=2545"}],"curies":[{"name":"wp","href":"https:\/\/api.w.org\/{rel}","templated":true}]}}