{"id":2119,"date":"2025-04-16T15:01:32","date_gmt":"2025-04-16T06:01:32","guid":{"rendered":"https:\/\/petair.jp\/?page_id=2119"},"modified":"2025-04-16T15:19:52","modified_gmt":"2025-04-16T06:19:52","slug":"japan-pet-agent","status":"publish","type":"page","link":"https:\/\/petair.jp\/de\/japan-pet-agent\/","title":{"rendered":"Import\/Export von Haustieren aus Japan f\u00fcr Ausl\u00e4nder | PetAirJPN"},"content":{"rendered":"<p>&nbsp;<\/p>\n<header>\n<div class=\"container\">\n<h1>Willkommen bei PetAirJPN<\/h1>\n<p class=\"subtitle\">Ihr zuverl\u00e4ssiger Partner f\u00fcr den Versand von Haustieren &amp;. <strong>Japan Pet Agent<\/strong><\/p>\n<\/div>\n<\/header>\n<p>&nbsp;<\/p>\n<section id=\"intro\">\n<h2>Umzug Ihres Haustieres nach oder von Japan?<\/h2>\n<p>Planen Sie, Ihren geliebten Hund oder Ihre geliebte Katze nach Japan zu bringen oder mit Ihrem pelzigen Begleiter von Japan in ein anderes Land umzuziehen?<\/p>\n<p>Internationale Reisen mit Haustieren sind mit komplexen Verfahren verbunden, die f\u00fcr jedes Land spezifisch sind, einschlie\u00dflich der besonderen Vorschriften des japanischen Tierquarant\u00e4nedienstes. Die Suche nach Informationen und die Vorbereitung von Dokumenten in einer fremden Sprache kann f\u00fcr viele Tierhalter eine gro\u00dfe Belastung darstellen. Vielleicht sind Sie auf der Suche nach einem zuverl\u00e4ssigen \"<strong>Japanischer Haustieragent<\/strong>.\u201d<\/p>\n<p><strong>PetAirJPN Co., Ltd. ist hier, um zu helfen.<\/strong> Wir sind eine spezialisierte Agentur, die es sich zur Aufgabe gemacht hat, Ihre Bedenken zu zerstreuen und Ihnen volle Unterst\u00fctzung f\u00fcr einen reibungslosen internationalen Umzug Ihres Haustieres zu bieten.<\/p>\n<p><strong>Egal, ob Sie mit Ihrem Haustier dauerhaft nach Japan umziehen oder einen Besuch planen, vertrauen Sie PetAirJPN den Prozess an. Wir sind darauf spezialisiert, die komplexen Abl\u00e4ufe f\u00fcr eine reibungslose und sorgenfreie Reise nach Japan f\u00fcr Ihr pelziges Familienmitglied zu steuern.<\/strong><\/p>\n<\/section>\n<section id=\"why-petair\">\n<h2>Warum PetAirJPN w\u00e4hlen?<\/h2>\n<p>Als ein f\u00fchrendes <strong>Japanischer Haustieragent<\/strong>PetAirJPN ist auf den internationalen Transport von Haustieren spezialisiert und verf\u00fcgt \u00fcber umfangreiche Erfahrungen und Kenntnisse, insbesondere im Bereich Import\/Export. Wir verstehen die Herausforderungen und sind darauf vorbereitet, Ihr zuverl\u00e4ssiger Partner zu sein.<\/p>\n<p><strong>PetAirJPN hat seinen Sitz direkt hier in Japan und bietet unvergleichliches Know-how.<\/strong> Unser umfassendes lokales Verst\u00e4ndnis der japanischen Quarant\u00e4nebestimmungen, der komplizierten Dokumentation und der Verfahren der Fluggesellschaften macht uns zur besten Wahl wenn es darum geht, die sichere und vorschriftsm\u00e4\u00dfige Umsiedlung Ihres Tieres nach Japan zu gew\u00e4hrleisten.<\/p>\n<ul>\n<li><strong>Fachwissen und Erfahrung:.<\/strong> Wir sind mit den Anforderungen des japanischen Tierquarant\u00e4nedienstes (Mikrochipping, Tollwutimpfungen, Antik\u00f6rpertitertests, Wartezeiten, Einfuhrquarant\u00e4neantr\u00e4ge usw.), den Anforderungen des Bestimmungslandes und den Bestimmungen der Fluggesellschaften bestens vertraut. Wartezeiten, Einfuhrquarant\u00e4neantr\u00e4ge usw.), die Anforderungen des Bestimmungslandes und die Vorschriften der Fluggesellschaften.<\/li>\n<li><strong>Problemloser Prozess:.<\/strong> Wir \u00fcbernehmen komplexe und zeitraubende Aufgaben wie die Vorbereitung von Dokumenten, die Kommunikation mit den zust\u00e4ndigen Beh\u00f6rden (Tierquarant\u00e4ne, Tier\u00e4rzte und Tier\u00e4rzte) und die Antragsverfahren, was Ihre Arbeitsbelastung und Ihren Stress erheblich reduziert.<\/li>\n<li><strong>Sicherheit f\u00fcr Haustiere geht vor:.<\/strong> Die Gesundheit und Sicherheit Ihres Haustieres hat f\u00fcr uns oberste Priorit\u00e4t. Wir schlagen sichere Transportpl\u00e4ne vor, die sich streng an die IATA (International Air Wir schlagen sichere Transportpl\u00e4ne vor, die sich streng an die Vorschriften der IATA (International Air Transport Association) und die japanischen Gesetze halten.<\/li>\n<li><strong>Personalisierte Unterst\u00fctzung:.<\/strong> Wir bieten Ihnen ma\u00dfgeschneiderte Pl\u00e4ne, die auf Ihre individuellen Umst\u00e4nde (Reisezweck, Zeitplan, Art und Alter des Tieres, Budget usw.) abgestimmt sind. Sie k\u00f6nnen uns jederzeit mit Ihren Fragen konsultieren.<\/li>\n<li><strong>(Optional) Englische Unterst\u00fctzung:.<\/strong> Wir k\u00f6nnen Unterst\u00fctzung in englischer Sprache anbieten, um eventuelle Kommunikationsl\u00fccken zu schlie\u00dfen.<\/li>\n<\/ul>\n<\/section>\n<section id=\"services\">\n<h2>Unser umfassender Umzugsservice f\u00fcr Haustiere<\/h2>\n<p>Als Ihr engagierter <strong>Japanischer Haustieragent<\/strong>bieten wir die folgenden Dienstleistungen an:.<\/p>\n<div class=\"service-category\">\n<h3>Unterst\u00fctzung bei der Einfuhr von Haustieren (\u00dcbersee \u2192 Japan)<\/h3>\n<ul>\n<li>Detaillierte Hinweise zu den Einfuhrbestimmungen Japans (Mikrochip, Tollwutimpfung, Titer-Test, Wartezeit usw.).<\/li>\n<li>Vorbereitung und Einreichung eines Antrags auf Voranmeldung beim japanischen Tierquarant\u00e4nedienst.<\/li>\n<li>Beratung \u00fcber die erforderlichen Dokumente des Ausfuhrlandes (z. B. Gesundheitszeugnisse).<\/li>\n<li>Unterst\u00fctzung bei der Einfuhrkontrolle bei der Ankunft in Japan.<\/li>\n<\/ul>\n<\/div>\n<div class=\"service-category\">\n<h3>Unterst\u00fctzung f\u00fcr den Export von Heimtieren (Japan \u2192 \u00dcbersee)<\/h3>\n<ul>\n<li>Recherche und Beratung zu den Einfuhrbestimmungen des Ziellandes.<\/li>\n<li>Unterst\u00fctzung bei der Vereinbarung von Tierarztterminen f\u00fcr notwendige Behandlungen (Impfungen, Mikrochip usw.).<\/li>\n<li>Buchung der Ausfuhrkontrolle beim Tierquarant\u00e4nedienst und Einholung der Ausfuhrquarant\u00e4nebescheinigung.<\/li>\n<li>Unterst\u00fctzung bei der Buchung von Flugreisen und Beratung \u00fcber die Anforderungen an Transportkisten.<\/li>\n<\/ul>\n<\/div>\n<div class=\"service-category\">\n<h3>Sonstige Unterst\u00fctzung<\/h3>\n<ul>\n<li>Unterst\u00fctzung bei der Beantragung von Einfuhrgenehmigungen f\u00fcr tollwutfreie Regionen (z. B. Hawaii, Guam).<\/li>\n<li>Koordinierung mit vertrauensw\u00fcrdigen Vertretern in \u00dcbersee zur Unterst\u00fctzung vor Ort.<\/li>\n<li>Vermittlung von Haustiertaxis oder vor\u00fcbergehenden Unterbringungsm\u00f6glichkeiten f\u00fcr Haustiere (optionale Dienstleistung).<\/li>\n<\/ul>\n<\/div>\n<\/section>\n<section id=\"pricing\">\n<h2>Preispl\u00e4ne<\/h2>\n<p>PetAirJPN bietet drei grundlegende Servicepl\u00e4ne an, die auf Ihre Bed\u00fcrfnisse als f\u00fchrendes Unternehmen zugeschnitten sind <strong>Japanischer Haustieragent<\/strong>. Unsere erfahrenen Spezialisten helfen Ihnen bei der Auswahl des besten Plans f\u00fcr Sie und Ihr Haustier.<\/p>\n<p><strong>Kontaktieren Sie uns noch heute f\u00fcr eine kostenlose Beratung und ein Angebot!<\/strong><\/p>\n<div class=\"pricing-container\">\n<div class=\"pricing-plan\">\n<h3>Plan A: Exportf\u00f6rderung (Japan \u2192 \u00dcbersee)<\/h3>\n<p class=\"price\">Ab ca. <strong>$870 USD<\/strong>*<\/p>\n<p class=\"plan-description\"><em>Ideal f\u00fcr Kunden, die ihre Haustiere von Japan in ein anderes Land umziehen.<\/em><\/p>\n<h4>Umfassende Dienstleistungen:.<\/h4>\n<ul>\n<li>Experten-Beratung<\/li>\n<li>\u00dcberpr\u00fcfung der Vorschriften des Bestimmungslandes<\/li>\n<li>Unterst\u00fctzung bei der Reiseplanung<\/li>\n<li>Dokumentenerstellung &amp; Unterst\u00fctzung<\/li>\n<li>Tierquarant\u00e4nedienst Ausfuhrantrag<\/li>\n<li>Buchung und Arrangements f\u00fcr Exportinspektionen<\/li>\n<li>Antrag auf Vorab-Ausfuhrgenehmigung (falls erforderlich)<\/li>\n<\/ul>\n<\/div>\n<div class=\"pricing-plan\">\n<h3>Plan B: Rundreiseunterst\u00fctzung (Japan \u2194 \u00dcbersee)<\/h3>\n<p class=\"price\">Ab ca. <strong>$1.350 USD<\/strong>*<\/p>\n<p class=\"plan-description\"><em>Entwickelt f\u00fcr Kunden, die mit Haustieren nach\/aus Japan reisen (z. B. Kurzaufenthalte, vor\u00fcbergehende R\u00fcckkehr).<\/em><\/p>\n<h4>Umfassende Dienstleistungen:.<\/h4>\n<ul>\n<li>Experten-Beratung<\/li>\n<li>\u00dcberpr\u00fcfung der Vorschriften f\u00fcr Reiseziel und Japan<\/li>\n<li>Planung von Hin- und R\u00fcckreisepl\u00e4nen<\/li>\n<li>Dokumentenerstellung und -unterst\u00fctzung (in beide Richtungen)<\/li>\n<li>Tierquarant\u00e4nedienst Ausfuhr- und Einfuhrantr\u00e4ge<\/li>\n<li>Buchung von Export- und Importinspektionen<\/li>\n<li>Antrag auf Vorab-Ausfuhrgenehmigung (falls erforderlich)<\/li>\n<\/ul>\n<\/div>\n<div class=\"pricing-plan\">\n<h3>Plan C: Importunterst\u00fctzung (\u00dcbersee \u2192 Japan)<\/h3>\n<p class=\"price\">Ab ca. <strong>$870 USD<\/strong>*<\/p>\n<p class=\"plan-description\"><em>Ideal f\u00fcr Kunden, die ihre Haustiere aus dem Ausland nach Japan bringen.<\/em><\/p>\n<h4>Umfassende Dienstleistungen:.<\/h4>\n<ul>\n<li>Experten-Beratung<\/li>\n<li>\u00dcberpr\u00fcfung der japanischen Einfuhrbestimmungen<\/li>\n<li>Unterst\u00fctzung bei der Reiseplanung<\/li>\n<li>Dokumentenvorbereitung und -unterst\u00fctzung (inkl. Pr\u00fcfung der Ursprungslanddokumente)<\/li>\n<li>Animal Quarantine Service Einfuhrantrag (Vorank\u00fcndigung)<\/li>\n<li>Buchung und Vorkehrungen f\u00fcr Einfuhrkontrollen<\/li>\n<\/ul>\n<\/div>\n<\/div>\n<p class=\"price-note\">*USD-Preise sind Sch\u00e4tzungen auf der Grundlage eines ungef\u00e4hren Wechselkurses (z. B. 1 USD \u2248 150 JPY) und k\u00f6nnen sich ohne Vorank\u00fcndigung \u00e4ndern. Die Endabrechnung kann in JPY erfolgen. Die Preise verstehen sich ohne Steuern.<\/p>\n<\/section>\n<section id=\"discounts\">\n<h2>Verf\u00fcgbare Rabatte<\/h2>\n<p>Profitieren Sie von unseren Sonderangeboten (Details auf Anfrage):.<\/p>\n<ul>\n<li><strong>Fr\u00fchbucherrabatt:.<\/strong> <strong>10% AUS<\/strong> die Grundgeb\u00fchr f\u00fcr Buchungen, die mindestens 6 Monate vor dem geplanten Abreisetermin erfolgen.<\/li>\n<li><strong>Rabatt f\u00fcr wiederkehrende Kunden:.<\/strong> <strong>10% AUS<\/strong> die Grundgeb\u00fchr f\u00fcr Ihre zweite und weitere Inanspruchnahme unserer Dienste.<\/li>\n<li><strong>Multi-Tier-Rabatt:.<\/strong> <strong>40% AUS<\/strong> die Grundgeb\u00fchr f\u00fcr das zweite und jedes weitere gemeinsam reisende Haustier (es gelten Ausnahmen f\u00fcr bestimmte L\u00e4nder und Bedingungen).<\/li>\n<\/ul>\n<\/section>\n<section id=\"important-notes\">\n<h2>Wichtige Informationen zu den Geb\u00fchren<\/h2>\n<ul>\n<li>Die oben genannten Preise sind **Anfangspreise** und k\u00f6nnen je nach Zielland, Haustierart\/Rasse, Anzahl der Haustiere, Komplexit\u00e4t der Verfahren usw. variieren. Alle Preise verstehen sich **inklusive Steuern**.<\/li>\n<li>In den Geb\u00fchren **nicht enthalten**: Flugkosten (f\u00fcr Haustiere und Menschen), Tierarztkosten (Untersuchungen, Behandlungen, Impfungen, Mikrochipping), tats\u00e4chliche Kosten f\u00fcr (z.B. staatliche Stempel\/Geb\u00fchren), Kosten f\u00fcr Transportkisten, Einfuhrz\u00f6lle\/Steuern im Zielland oder optionale PetAirJPN-Dienstleistungen (z. B. Tiertaxi).<\/li>\n<li>In der Regel werden Servicegeb\u00fchren verlangt, die im Voraus zu zahlen sind**.<\/li>\n<li>Die Kunden sind in der Regel selbst f\u00fcr die Buchung und den Kauf ihrer Flugtickets verantwortlich (bitte wenden Sie sich an uns, wenn Sie Hilfe ben\u00f6tigen).<\/li>\n<li>Einige Bestimmungsl\u00e4nder k\u00f6nnen die Legalisierung von Dokumenten verlangen (z. B. Apostille oder Beglaubigung durch das japanische Au\u00dfenministerium). Einige Bestimmungsl\u00e4nder verlangen m\u00f6glicherweise die Legalisierung von Dokumenten (z. B. Apostille oder Beglaubigung durch das japanische Au\u00dfenministerium), was zus\u00e4tzliche Geb\u00fchren und Bearbeitungszeiten mit sich bringen kann.<\/li>\n<li><strong>[Entscheidend].<\/strong> Die Vorschriften und erforderlichen Dokumente f\u00fcr die Tierquarant\u00e4ne und die Einfuhr\/Ausfuhr k\u00f6nnen sich h\u00e4ufig und ohne Vorank\u00fcndigung \u00e4ndern. Bitte erkundigen Sie sich stets bei den zust\u00e4ndigen Beh\u00f6rden (Japans Tierquarant\u00e4nebeh\u00f6rde und die Beh\u00f6rden Ihres Herkunfts- bzw. Bestimmungslandes) nach den neuesten Informationen. Bitte erkundigen Sie sich bei den zust\u00e4ndigen Beh\u00f6rden (Japans Tierquarant\u00e4nebeh\u00f6rde und die Beh\u00f6rden Ihres Herkunfts- bzw. Bestimmungslandes) nach den neuesten Informationen und planen Sie rechtzeitig im Voraus.<\/li>\n<\/ul>\n<\/section>\n<section id=\"cta\">\n<section id=\"cta\">\n<h2>Lassen Sie PetAirJPN den Umzug Ihres Haustieres erledigen<\/h2>\n<p>Lassen Sie sich nicht von Sprachbarrieren oder komplexen Verfahren \u00fcberw\u00e4ltigen. Vertrauen Sie PetAirJPN, Ihrem professionellen <strong>Japanischer Haustieragent<\/strong>Wir setzen uns daf\u00fcr ein, dass Ihr geliebtes Haustier sicher und reibungslos an Ihrem neuen Wohnort ankommt.<\/p>\n<p><strong>Kontaktieren Sie uns noch heute f\u00fcr eine kostenlose Beratung und ein individuelles Angebot!<\/strong><\/p>\n<div class=\"cta-buttons-container\"><a class=\"cta-button email-button\" href=\"mailto:estimate@petair.jp\"><span class=\"button-icon\">\ud83d\udce7<\/span> Konsultation per E-Mail anfordern<br \/>\n<\/a><br \/>\n<a class=\"cta-button line-button\" href=\"https:\/\/page.line.me\/petairjpn\" target=\"_blank\" rel=\"noopener noreferrer\"><span class=\"button-icon\">\ud83d\udcf1<\/span> Konsultation \u00fcber LINE anfordern<\/a><span style=\"font-size: 14px;\">\u00a0<\/span><\/div>\n<\/section>\n<\/section>","protected":false},"excerpt":{"rendered":"&nbsp; Welcome to PetAirJPN Your Trusted Pet Shipping Partner &amp; Japan Pet Agent &nbsp; Moving Your Pet To  [&hellip;]","protected":false},"author":1,"featured_media":0,"parent":0,"menu_order":0,"comment_status":"closed","ping_status":"closed","template":"","meta":{"om_disable_all_campaigns":false,"_monsterinsights_skip_tracking":false,"_monsterinsights_sitenote_active":false,"_monsterinsights_sitenote_note":"","_monsterinsights_sitenote_category":0,"_uf_show_specific_survey":0,"_uf_disable_surveys":false,"footnotes":""},"class_list":["post-2119","page","type-page","status-publish","hentry"],"aioseo_notices":[],"_links":{"self":[{"href":"https:\/\/petair.jp\/de\/wp-json\/wp\/v2\/pages\/2119","targetHints":{"allow":["GET"]}}],"collection":[{"href":"https:\/\/petair.jp\/de\/wp-json\/wp\/v2\/pages"}],"about":[{"href":"https:\/\/petair.jp\/de\/wp-json\/wp\/v2\/types\/page"}],"author":[{"embeddable":true,"href":"https:\/\/petair.jp\/de\/wp-json\/wp\/v2\/users\/1"}],"replies":[{"embeddable":true,"href":"https:\/\/petair.jp\/de\/wp-json\/wp\/v2\/comments?post=2119"}],"version-history":[{"count":0,"href":"https:\/\/petair.jp\/de\/wp-json\/wp\/v2\/pages\/2119\/revisions"}],"wp:attachment":[{"href":"https:\/\/petair.jp\/de\/wp-json\/wp\/v2\/media?parent=2119"}],"curies":[{"name":"wp","href":"https:\/\/api.w.org\/{rel}","templated":true}]}}