{"id":1614,"date":"2024-12-17T18:44:52","date_gmt":"2024-12-17T09:44:52","guid":{"rendered":"https:\/\/petair.jp\/?page_id=1614"},"modified":"2026-04-02T18:17:18","modified_gmt":"2026-04-02T09:17:18","slug":"contact","status":"publish","type":"page","link":"https:\/\/petair.jp\/de\/contact\/","title":{"rendered":"Anfrage"},"content":{"rendered":"<div class=\"contact-container\">\n<section class=\"hero-section\">\n<div class=\"hero-content\">\n<h2 class=\"hero-title\">zum jetzigen Zeitpunkt<span class=\"brand-name\">PetAirJPN<\/span>auf die Dienste von<br \/>\nHerzlichen Dank f\u00fcr Ihr Interesse!<\/h2>\n<p class=\"hero-description\">Wenn Sie Fragen zu Auslandsreisen mit Ihrem Haustier, einem gesch\u00e4tzten Familienmitglied, haben, k\u00f6nnen Sie sich gerne an uns wenden.<br \/>\nUnser Fachpersonal f\u00fcr Tiertransporte wird gemeinsam mit Ihnen und Ihrem Tier den besten Plan f\u00fcr Sie und Ihr Tier finden.<\/p>\n<\/div>\n<\/section>\n<p><!-- \u76f8\u8ac7\u5185\u5bb9\u30bb\u30af\u30b7\u30e7\u30f3 --><\/p>\n<section class=\"services-section\">\n<div class=\"section-header\">\n<h2 class=\"section-title\"><span class=\"title-icon\">\ud83d\udccb<\/span><br \/>\nWir bieten die folgenden Beratungen an<\/h2>\n<\/div>\n<div class=\"services-grid\">\n<div class=\"service-card\">\n<div class=\"service-icon\">\ud83c\udf0d<\/div>\n<h3 class=\"service-title\">Einreisebedingungen pr\u00fcfen<\/h3>\n<p class=\"service-description\">Einreisebestimmungen und erforderliche Verfahren f\u00fcr das Zielland.<\/p>\n<\/div>\n<div class=\"service-card\">\n<div class=\"service-icon\">\ud83d\udcb0<\/div>\n<h3 class=\"service-title\">Kostenloses erstes Angebot<\/h3>\n<p class=\"service-description\">Kostenloses Erstangebot anfordern<\/p>\n<\/div>\n<div class=\"service-card\">\n<div class=\"service-icon\">\ud83d\udcbb<\/div>\n<h3 class=\"service-title\">Online-Konsultation<\/h3>\n<p class=\"service-description\">Buchen Sie eine kostenlose Online-Beratung<\/p>\n<\/div>\n<div class=\"service-card\">\n<div class=\"service-icon\">\ud83c\udfe5<\/div>\n<h3 class=\"service-title\">Gesundheitsberatung<\/h3>\n<p class=\"service-description\">Beratungen \u00fcber die Gesundheit von Haustieren und besondere F\u00e4lle<\/p>\n<\/div>\n<div class=\"service-card\">\n<div class=\"service-icon\">\ud83d\udcc5<\/div>\n<h3 class=\"service-title\">Zeitplanoptimierung<\/h3>\n<p class=\"service-description\">Optimierung des Reiseplans<\/p>\n<\/div>\n<div class=\"service-card\">\n<div class=\"service-icon\">\ud83d\udcc4<\/div>\n<h3 class=\"service-title\">Unterst\u00fctzung der Dokumentation<\/h3>\n<p class=\"service-description\">Im Namen der Dokumentation und der Quarant\u00e4neverfahren<\/p>\n<\/div>\n<\/div>\n<\/section>\n<p><!-- \u304a\u554f\u3044\u5408\u308f\u305b\u65b9\u6cd5\u30bb\u30af\u30b7\u30e7\u30f3 --><\/p>\n<section class=\"contact-section\">\n<div class=\"section-header\">\n<h2 class=\"section-title\"><span class=\"title-icon\">\ud83d\udcac<\/span><br \/>\nWie Sie uns kontaktieren k\u00f6nnen.<\/h2>\n<\/div>\n<p><!-- \u63a8\u5968\u9023\u7d61\u65b9\u6cd5 --><\/p>\n<div class=\"primary-contact\">\n<div class=\"contact-card featured\">\n<div class=\"card-header\">\n<div class=\"contact-title-area\">\n<h3 class=\"contact-method-title\">Offizieller LINE-Chat<\/h3>\n<div class=\"contact-badges\"><span class=\"badge recommended\">Empfehlung<\/span><br \/>\n<span class=\"badge always-open\">24-Stunden-Rezeption<\/span><\/div>\n<\/div>\n<p class=\"contact-description\">Nachdem Sie einen Freund hinzugef\u00fcgt haben, k\u00f6nnen Sie sofort mit ihm chatten und eine kostenlose Beratung erhalten. Sie k\u00f6nnen uns auch Fotos schicken und wir k\u00f6nnen Ihnen detailliertere Vorschl\u00e4ge machen.<\/p>\n<\/div>\n<p><!-- QR\u30b3\u30fc\u30c9\u30a8\u30ea\u30a2 --><\/p>\n<div class=\"qr-section\">\n<div class=\"qr-wrapper\">\n<div class=\"qr-item\">\n<div class=\"qr-label\"><span class=\"qr-label-icon\">\ud83d\udcf1<\/span><br \/>\n<span class=\"qr-label-text\">LINE QR Code.<\/span><\/div>\n<div class=\"qr-code-area\">\n<p><!-- \u3053\u3053\u306bLINE QR\u30b3\u30fc\u30c9\u3092\u914d\u7f6e --><\/p>\n<div class=\"qr-placeholder\"><img decoding=\"async\" class=\"alignnone size-medium wp-image-2733\" src=\"https:\/\/petair.jp\/wp-content\/uploads\/2025\/07\/L_gainfriends_2dbarcodes_GW-300x300.png\" alt=\"\" width=\"300\" height=\"300\" srcset=\"https:\/\/petair.jp\/wp-content\/uploads\/2025\/07\/L_gainfriends_2dbarcodes_GW-300x300.png 300w, https:\/\/petair.jp\/wp-content\/uploads\/2025\/07\/L_gainfriends_2dbarcodes_GW-150x150.png 150w, https:\/\/petair.jp\/wp-content\/uploads\/2025\/07\/L_gainfriends_2dbarcodes_GW-12x12.png 12w, https:\/\/petair.jp\/wp-content\/uploads\/2025\/07\/L_gainfriends_2dbarcodes_GW-520x520.png 520w, https:\/\/petair.jp\/wp-content\/uploads\/2025\/07\/L_gainfriends_2dbarcodes_GW-250x250.png 250w, https:\/\/petair.jp\/wp-content\/uploads\/2025\/07\/L_gainfriends_2dbarcodes_GW.png 540w\" sizes=\"(max-width: 300px) 100vw, 300px\" \/><\/div>\n<\/div>\n<\/div>\n<div class=\"qr-item\">\n<div class=\"qr-label\"><span class=\"qr-label-icon\">\ud83d\udcac<\/span><br \/>\n<span class=\"qr-label-text\">WhatsApp QR-Code<\/span><\/div>\n<div class=\"qr-code-area\">\n<p><!-- \u3053\u3053\u306bWhatsApp QR\u30b3\u30fc\u30c9\u3092\u914d\u7f6e --><\/p>\n<div class=\"qr-placeholder\"><img decoding=\"async\" class=\"alignnone size-medium wp-image-2732\" src=\"https:\/\/petair.jp\/wp-content\/uploads\/2025\/07\/c73b3c44-aa11-43a9-a4d5-99a9a24305a3-300x300.png\" alt=\"\" width=\"300\" height=\"300\" srcset=\"https:\/\/petair.jp\/wp-content\/uploads\/2025\/07\/c73b3c44-aa11-43a9-a4d5-99a9a24305a3-300x300.png 300w, https:\/\/petair.jp\/wp-content\/uploads\/2025\/07\/c73b3c44-aa11-43a9-a4d5-99a9a24305a3-150x150.png 150w, https:\/\/petair.jp\/wp-content\/uploads\/2025\/07\/c73b3c44-aa11-43a9-a4d5-99a9a24305a3-12x12.png 12w, https:\/\/petair.jp\/wp-content\/uploads\/2025\/07\/c73b3c44-aa11-43a9-a4d5-99a9a24305a3-250x250.png 250w, https:\/\/petair.jp\/wp-content\/uploads\/2025\/07\/c73b3c44-aa11-43a9-a4d5-99a9a24305a3.png 333w\" sizes=\"(max-width: 300px) 100vw, 300px\" \/><\/div>\n<\/div>\n<\/div>\n<\/div>\n<\/div>\n<div class=\"contact-buttons\"><a class=\"contact-btn line-btn\" href=\"https:\/\/page.line.me\/petairjpn\" target=\"_blank\" rel=\"noopener\"><br \/>\n<span class=\"btn-icon\">\ud83d\udcf1<\/span>Offizielle LINE<br \/>\n<\/a><br \/>\n<a class=\"contact-btn whatsapp-btn\" href=\"http:\/\/wa.me\/81345005308\" target=\"_blank\" rel=\"noopener\"><br \/>\n<span class=\"btn-icon\">\ud83d\udcac<\/span>WhatsApp<br \/>\n<\/a><\/div>\n<\/div>\n<\/div>\n<p><!-- \u305d\u306e\u4ed6\u306e\u9023\u7d61\u65b9\u6cd5 --><\/p>\n<div class=\"other-contacts\">\n<div class=\"contact-card\">\n<div class=\"contact-icon\">\ud83d\udcdd<\/div>\n<div class=\"contact-info\">\n<h3 class=\"contact-method-title\">Web-Anfrageformular<\/h3>\n<p class=\"contact-description\">Wenn Sie weitere Fragen haben oder Unterlagen beif\u00fcgen m\u00f6chten, verwenden Sie bitte das Formular am Ende dieser Seite.<\/p>\n<\/div>\n<\/div>\n<div class=\"contact-card\">\n<div class=\"contact-icon\">\ud83d\udcde<\/div>\n<div class=\"contact-info\">\n<h3 class=\"contact-method-title\">Kontaktieren Sie uns per Telefon<\/h3>\n<p class=\"phone-number\"><span style=\"color: #0000ff;\"><a style=\"color: #0000ff;\" href=\"tel:03-4500-5308\">03-4500-5308<\/a><\/span><\/p>\n<p class=\"business-hours\">Wochentage, Wochenenden und Feiertage 9:00-20:00<\/p>\n<p class=\"contact-description\">In Notf\u00e4llen oder bei komplexen F\u00e4llen k\u00f6nnen wir Sie auch telefonisch beraten.<\/p>\n<\/div>\n<\/div>\n<\/div>\n<\/section>\n<p><!-- \u8fd4\u4fe1\u6642\u9593\u30bb\u30af\u30b7\u30e7\u30f3 --><\/p>\n<section class=\"response-section\">\n<div class=\"section-header\">\n<h2 class=\"section-title\"><span class=\"title-icon\">\u23f0<\/span><br \/>\n\u00dcber die Antwort<\/h2>\n<\/div>\n<div class=\"response-info\">\n<div class=\"response-item\">\n<div class=\"response-icon\">\ud83d\udcf1<\/div>\n<h4 class=\"response-method\">Offizielle LINE<\/h4>\n<p class=\"response-time\">In der Regel sollten Sie innerhalb von 24 Stunden antworten.<\/p>\n<\/div>\n<div class=\"response-item\">\n<div class=\"response-icon\">\ud83d\udce7<\/div>\n<h4 class=\"response-method\">Webformular und Telefon<\/h4>\n<p class=\"response-time\">Antworten in der Regel innerhalb von zwei Arbeitstagen<\/p>\n<\/div>\n<\/div>\n<div class=\"response-note\">\n<p>*Sollte sich die Beantwortung der Anfrage verz\u00f6gern, teilen wir Ihnen dies im Voraus mit. Sollten Sie nach 24 Stunden noch keine Antwort erhalten haben, \u00fcberpr\u00fcfen Sie bitte Ihre E-Mail-Empfangseinstellungen und kontaktieren Sie uns erneut.<\/p>\n<\/div>\n<\/section>\n<p><!-- \u30d5\u30a9\u30fc\u30e0\u30bb\u30af\u30b7\u30e7\u30f3 --><\/p>\n<section class=\"form-section\">\n<div class=\"form-header\">\n<h3 class=\"form-title\">Anfrageformular.<\/h3>\n<p class=\"form-subtitle\">F\u00fcr eine ausf\u00fchrliche Beratung verwenden Sie bitte das nachstehende Formular<\/p>\n<\/div>\n<div class=\"form-container\"><script type=\"text\/javascript\" src=\"https:\/\/form.jotform.com\/jsform\/251701915086456\"><\/script><\/div>\n<\/section>\n<p><!-- \u6700\u7d42\u30e1\u30c3\u30bb\u30fc\u30b8\u30bb\u30af\u30b7\u30e7\u30f3 --><\/p>\n<section class=\"final-message\">\n<div class=\"message-content\">\n<div class=\"message-badge\"><span class=\"message-icon\">\ud83c\udf1f<\/span><br \/>\n<span class=\"message-text\">V\u00f6llig kostenlose Erstberatung<\/span><\/div>\n<h2 class=\"message-title\">Bitte nehmen Sie zun\u00e4chst Kontakt mit uns auf.<\/h2>\n<p class=\"message-description\">Gemeinsam werden wir den besten Reiseplan f\u00fcr Sie und Ihr Haustier ausarbeiten.<\/p>\n<div class=\"brand-vision\">\n<p class=\"vision-text\">\"Gemeinsam, in jedem Land, die ganze Zeit\".<\/p>\n<p class=\"company-statement\">PetAirJPN ist bestrebt, Sie und Ihr Haustier bei ihrem neuen Abenteuer zu unterst\u00fctzen.<\/p>\n<\/div>\n<\/div>\n<\/section>\n<\/div>","protected":false},"excerpt":{"rendered":"\u3053\u306e\u5ea6\u306fPetAirJPN\u306e\u30b5\u30fc\u30d3\u30b9\u306b \u3054\u95a2\u5fc3\u3092\u304a\u5bc4\u305b\u3044\u305f\u3060\u304d\u3001\u8aa0\u306b\u3042\u308a\u304c\u3068\u3046\u3054\u3056\u3044\u307e\u3059 \u5927\u5207\u306a\u5bb6\u65cf\u306e\u4e00\u54e1\u3067\u3042\u308b\u30da\u30c3\u30c8\u3068\u306e\u6d77\u5916\u6e21\u822a\u306b\u3064\u3044\u3066\u3001\u3069\u3093\u306a\u4e9b\u7d30\u306a\u3054\u8cea\u554f\u3067\u3082\u304a\u6c17\u8efd\u306b\u304a\u554f\u3044\u5408\u308f\u305b\u304f\u3060\u3055\u3044\u3002 \u30da\u30c3\u30c8\u8f38\u9001\u306e\u5c02\u9580\u30b9\u30bf\u30c3\u30d5\u304c [&hellip;]","protected":false},"author":1,"featured_media":0,"parent":0,"menu_order":0,"comment_status":"closed","ping_status":"closed","template":"","meta":{"om_disable_all_campaigns":false,"_monsterinsights_skip_tracking":false,"_monsterinsights_sitenote_active":false,"_monsterinsights_sitenote_note":"","_monsterinsights_sitenote_category":0,"_uf_show_specific_survey":0,"_uf_disable_surveys":false,"footnotes":""},"class_list":["post-1614","page","type-page","status-publish","hentry"],"aioseo_notices":[],"_links":{"self":[{"href":"https:\/\/petair.jp\/de\/wp-json\/wp\/v2\/pages\/1614","targetHints":{"allow":["GET"]}}],"collection":[{"href":"https:\/\/petair.jp\/de\/wp-json\/wp\/v2\/pages"}],"about":[{"href":"https:\/\/petair.jp\/de\/wp-json\/wp\/v2\/types\/page"}],"author":[{"embeddable":true,"href":"https:\/\/petair.jp\/de\/wp-json\/wp\/v2\/users\/1"}],"replies":[{"embeddable":true,"href":"https:\/\/petair.jp\/de\/wp-json\/wp\/v2\/comments?post=1614"}],"version-history":[{"count":0,"href":"https:\/\/petair.jp\/de\/wp-json\/wp\/v2\/pages\/1614\/revisions"}],"wp:attachment":[{"href":"https:\/\/petair.jp\/de\/wp-json\/wp\/v2\/media?parent=1614"}],"curies":[{"name":"wp","href":"https:\/\/api.w.org\/{rel}","templated":true}]}}