{"id":1603,"date":"2024-12-17T19:03:24","date_gmt":"2024-12-17T10:03:24","guid":{"rendered":"https:\/\/petair.jp\/?page_id=1603"},"modified":"2025-11-25T12:13:45","modified_gmt":"2025-11-25T03:13:45","slug":"partner","status":"publish","type":"page","link":"https:\/\/petair.jp\/de\/partner\/","title":{"rendered":"Allianzpartner gesucht"},"content":{"rendered":"<p style=\"text-align: center;\"><span style=\"font-size: 19.6px; font-weight: 600;\">Haustieren und ihren Familien das \"bestm\u00f6gliche Reiseerlebnis\" bieten<\/span><\/p>\n<div class=\"partner-recruitment\">\n<div class=\"hero-section\">\n<p>PetAir JPN sucht Gesch\u00e4ftspartner, die mit uns zusammen wachsen k\u00f6nnen, um eine Zukunft zu schaffen, in der Haustiere und ihre Familien \"\u00fcberall auf der Welt sicher Zeit miteinander verbringen k\u00f6nnen\".<\/p>\n<p>Wir freuen uns auf Unternehmen und Einzelunternehmer, die unsere Ziele teilen und bereit sind, gemeinsam mit uns neue M\u00f6glichkeiten zu erschlie\u00dfen.<\/p>\n<\/div>\n<div class=\"content-section\">\n<h3 class=\"sub-title\" style=\"text-align: center;\">Ziele der Partnerschaft<\/h3>\n<div class=\"text-block\">\n<p>Unsere Aufgabe ist es, flexible und umfassende L\u00f6sungen f\u00fcr die vielf\u00e4ltigen Herausforderungen und Bed\u00fcrfnisse im Zusammenhang mit dem Transport von Haustieren anzubieten.<\/p>\n<p>Durch die Zusammenarbeit mit unseren Gesch\u00e4ftspartnern k\u00f6nnen wir einen noch hochwertigeren Service bieten und den Haustieren und ihren Familien helfen, einen neuen Schritt nach vorne zu machen und sich zu entspannen.<\/p>\n<\/div>\n<\/div>\n<div class=\"content-section bg-light\">\n<h3 class=\"sub-title\" style=\"text-align: center;\">Die Gedanken von PetAir JPN<\/h3>\n<blockquote class=\"mission-statement\"><p>Ihr Haustier ist ein wichtiges Mitglied Ihrer Familie\".<\/p><\/blockquote>\n<div class=\"text-block\">\n<p>In diesem Sinne unterst\u00fctzen wir den sicheren und komfortablen internationalen Transport von Haustieren. Unsere Aufgabe ist es, auch angesichts komplexer Transportverfahren und Quarant\u00e4neanforderungen f\u00fcr Sicherheit und Zuverl\u00e4ssigkeit zu sorgen.<\/p>\n<p>Starke Partnerschaften, die es uns erm\u00f6glichen, gemeinsam zu wachsen, sind daf\u00fcr unerl\u00e4sslich.<\/p>\n<\/div>\n<\/div>\n<div class=\"content-section\">\n<h3 class=\"sub-title\" style=\"text-align: center;\">Wir suchen nach Partnern wie<\/h3>\n<ul class=\"feature-list\">\n<li>Menschen, die zusammenarbeiten k\u00f6nnen, um zu wachsen und neue Werte zu schaffen.<\/li>\n<li>Diejenigen, die nach neuen Gesch\u00e4ftsm\u00f6glichkeiten im Bereich Heimtiertransport und internationale Logistik suchen.<\/li>\n<li>Firmen und Unternehmen, die uns helfen k\u00f6nnen, die Kundenzufriedenheit zu verbessern.<\/li>\n<\/ul>\n<p class=\"note\">Jede Branche und jede Art von Unternehmen ist willkommen. Wir freuen uns auf jeden, der mit uns Hand in Hand arbeiten m\u00f6chte, um unser Gesch\u00e4ft zum Wohle Ihrer geliebten Haustiere und deren Familien zu erweitern und zu entwickeln.<\/p>\n<\/div>\n<div class=\"benefits-section bg-light\">\n<h3 class=\"sub-title\" style=\"text-align: center;\">Vorteile von Partnerschaften<\/h3>\n<div class=\"benefits-container\">\n<div class=\"benefit-card\">\n<h4 class=\"benefit-title\">Schaffung von neuen Gesch\u00e4ftsm\u00f6glichkeiten<\/h4>\n<p>Durch die Partnerschaft k\u00f6nnen beide Parteien die St\u00e4rken des jeweils anderen nutzen, um ihr Gesch\u00e4ft zu erweitern.<\/p>\n<\/div>\n<div class=\"benefit-card\">\n<h4 class=\"benefit-title\">Fachwissen teilen<\/h4>\n<p>Das Wissen und die Erfahrung von PetAir JPN in den Bereichen internationaler Transport und Quarant\u00e4ne werden gemeinsam genutzt, um die betriebliche Effizienz zu steigern.<\/p>\n<\/div>\n<div class=\"benefit-card\">\n<h4 class=\"benefit-title\">Den Kunden einen Mehrwert bieten<\/h4>\n<p>Gemeinsam wollen wir den Wert unserer Marke steigern, indem wir unseren Kunden sichere Dienstleistungen anbieten.<\/p>\n<\/div>\n<\/div>\n<\/div>\n<div class=\"content-section\">\n<h3 class=\"sub-title\" style=\"text-align: center;\">Sehr geehrte Agenten aus \u00dcbersee.<\/h3>\n<div class=\"text-block\">\n<p>PetAir JPN bem\u00fcht sich aktiv um Partnerschaften mit \u00dcbersee-Agenten aus der ganzen Welt.<\/p>\n<p>Durch die Zusammenarbeit mit Agenten im Ausland, die mit den Vorschriften und Verfahren des jeweiligen Landes vertraut sind, ist es m\u00f6glich, einen nahtlosen, qualitativ hochwertigen internationalen Tiertransportdienst anzubieten.<\/p>\n<p>Gemeinsam k\u00f6nnen wir Sicherheit und Zufriedenheit f\u00fcr unsere Kunden erreichen, indem wir Vertrauensbeziehungen aufbauen, die \u00fcber nationale Grenzen hinausgehen.<\/p>\n<\/div>\n<\/div>\n<div class=\"process-section bg-light\">\n<h3 class=\"sub-title\">Der Partnerschaftsprozess<\/h3>\n<ol class=\"process-steps\">\n<li><span class=\"step-number\">01<\/span> Anfragen und Konsultationen<\/li>\n<li><span class=\"step-number\">02<\/span> Sitzungen (pers\u00f6nlich\/online)<\/li>\n<li><span class=\"step-number\">03<\/span> Ber\u00fccksichtigung des Inhalts der Partnerschaft<\/li>\n<li><span class=\"step-number\">04<\/span> Vertragsabschluss<\/li>\n<li><span class=\"step-number\">05<\/span> Ausbildung und Unterst\u00fctzung<\/li>\n<li><span class=\"step-number\">06<\/span> Aufnahme der T\u00e4tigkeit<\/li>\n<\/ol>\n<\/div>\n<div class=\"cta-section\">\n<p>Wir freuen uns auf eine neue Partnerschaft mit Ihnen. Bitte z\u00f6gern Sie nicht, uns zu kontaktieren.<\/p>\n<\/div>\n<div class=\"form-container\"><script type=\"text\/javascript\" src=\"https:\/\/form.jotform.com\/jsform\/251701915086456\"><\/script><\/div>\n<\/section>\n<\/div>\n<\/div>","protected":false},"excerpt":{"rendered":"\u30da\u30c3\u30c8\u3068\u305d\u306e\u5bb6\u65cf\u306b\u300c\u6700\u9ad8\u306e\u79fb\u52d5\u4f53\u9a13\u300d\u3092\u63d0\u4f9b\u3059\u308b\u305f\u3081\u306b PetAir JPN\u306f\u3001\u30da\u30c3\u30c8\u3068\u305d\u306e\u3054\u5bb6\u65cf\u304c\u300c\u4e16\u754c\u4e2d\u3069\u3053\u3078\u3067\u3082\u5b89\u5fc3\u3057\u3066\u4e00\u7dd2\u306b\u904e\u3054\u305b\u308b\u300d\u672a\u6765\u3092\u5275\u308b\u305f\u3081\u3001\u5171\u306b\u6210\u9577\u3057\u3066\u3044\u305f\u3060\u3051\u308b\u30d3\u30b8\u30cd\u30b9\u30d1\u30fc\u30c8\u30ca\u30fc\u3092\u52df\u96c6\u3057\u3066\u3044\u307e\u3059\u3002 \u79c1\u305f [&hellip;]","protected":false},"author":1,"featured_media":0,"parent":0,"menu_order":0,"comment_status":"closed","ping_status":"closed","template":"","meta":{"om_disable_all_campaigns":false,"_monsterinsights_skip_tracking":false,"_monsterinsights_sitenote_active":false,"_monsterinsights_sitenote_note":"","_monsterinsights_sitenote_category":0,"_uf_show_specific_survey":0,"_uf_disable_surveys":false,"footnotes":""},"class_list":["post-1603","page","type-page","status-publish","hentry"],"aioseo_notices":[],"_links":{"self":[{"href":"https:\/\/petair.jp\/de\/wp-json\/wp\/v2\/pages\/1603","targetHints":{"allow":["GET"]}}],"collection":[{"href":"https:\/\/petair.jp\/de\/wp-json\/wp\/v2\/pages"}],"about":[{"href":"https:\/\/petair.jp\/de\/wp-json\/wp\/v2\/types\/page"}],"author":[{"embeddable":true,"href":"https:\/\/petair.jp\/de\/wp-json\/wp\/v2\/users\/1"}],"replies":[{"embeddable":true,"href":"https:\/\/petair.jp\/de\/wp-json\/wp\/v2\/comments?post=1603"}],"version-history":[{"count":0,"href":"https:\/\/petair.jp\/de\/wp-json\/wp\/v2\/pages\/1603\/revisions"}],"wp:attachment":[{"href":"https:\/\/petair.jp\/de\/wp-json\/wp\/v2\/media?parent=1603"}],"curies":[{"name":"wp","href":"https:\/\/api.w.org\/{rel}","templated":true}]}}