{"id":151,"date":"2024-08-29T10:15:42","date_gmt":"2024-08-29T01:15:42","guid":{"rendered":"https:\/\/petair.jp\/?page_id=151"},"modified":"2025-06-19T20:28:49","modified_gmt":"2025-06-19T11:28:49","slug":"about","status":"publish","type":"page","link":"https:\/\/petair.jp\/de\/about\/","title":{"rendered":"\u00dcber PetAir JPN"},"content":{"rendered":"<section class=\"pa-lead\">Diejenigen, die einen neuen Ort im Ausland suchen. F\u00fcr diejenigen, die ein neues Leben in Japan beginnen. Und f\u00fcr diejenigen, die in ihr geliebtes Heimatland zur\u00fcckkehren.<\/p>\n<p>Mit Ihrem geliebten Haustier die Grenzen \u00fcberschreiten. Es ist ein Schritt voller Hoffnung f\u00fcr die Zukunft Ihrer Familie. Gleichzeitig wird er aber auch von gro\u00dfen \u00c4ngsten begleitet.<\/p>\n<p>Wir, PetAir Inc,<strong>Von Japan in die Welt (Exporte)\".<\/strong>und<strong>Aus der Welt nach Japan (importiert)\".<\/strong>und ein Team von Fachleuten, die in beide Richtungen spezialisiert sind.<\/p>\n<p>Das Herzst\u00fcck unserer Dienstleistungen ist eine weltweit anerkannte<strong>Japan Qualit\u00e4t\".<\/strong>. Es ist mehr als nur eine verfahrenstechnische Agentur, es ist eine akribische Aufmerksamkeit f\u00fcr Details, ein gr\u00fcndliches Sicherheitsmanagement und ein tiefes Engagement f\u00fcr den Kunden selbst.<\/p>\n<\/section>\n<section class=\"pa-strength\">\n<h2 class=\"pa-section-title\">Unsere St\u00e4rke<\/h2>\n<p class=\"pa-section-subtitle\">Warum PetAir w\u00e4hlen?<\/p>\n<div class=\"pa-strength-grid\">\n<div class=\"pa-strength-card\"><span class=\"pa-strength-number\">01<\/span><\/p>\n<h3>Japanische Experten\", die mit den Einfuhr- und Ausfuhrbestimmungen vertraut sind.<\/h3>\n<p>Ein umfassendes Verst\u00e4ndnis der komplexen Vorschriften, die sich von Zielort zu Zielort unterscheiden. Experten, die sowohl mit dem strengen Quarant\u00e4nesystem Japans als auch mit den unterschiedlichen Anforderungen der einzelnen L\u00e4nder vertraut sind, k\u00f6nnen Ihnen einen zuverl\u00e4ssigen Plan erstellen.<\/p>\n<\/div>\n<div class=\"pa-strength-card\"><span class=\"pa-strength-number\">02<\/span><\/p>\n<h3>Sorgf\u00e4ltiges Risikomanagement und Verfahren zur Einhaltung von Rechtsvorschriften<\/h3>\n<p>Von einem System der doppelten Pr\u00fcfung von Dokumenten zur Vermeidung menschlicher Fehler bis hin zu Reaktionsprotokollen f\u00fcr unvorhergesehene Ereignisse. Das System ist darauf ausgelegt, die Einhaltung von Gesetzen und Vorschriften zu gew\u00e4hrleisten und m\u00f6gliche Risiken zu beseitigen.<\/p>\n<\/div>\n<div class=\"pa-strength-card\"><span class=\"pa-strength-number\">03<\/span><\/p>\n<h3>Das Wohlbefinden von Haustieren hat h\u00f6chste Priorit\u00e4t<\/h3>\n<p>Wir sind nicht nur Transportprofis, sondern auch Tierschutzexperten. Auf der Grundlage veterin\u00e4rmedizinischer Erkenntnisse haben die Individualit\u00e4t und die Gesundheit jedes einzelnen Tieres sowie die Minimierung von physischem und psychischem Stress f\u00fcr uns oberste Priorit\u00e4t.<\/p>\n<\/div>\n<div class=\"pa-strength-card\"><span class=\"pa-strength-number\">04<\/span><\/p>\n<h3>Aufmerksame Partnerschaften, die das Herz verbinden<\/h3>\n<p>Wir sind nicht nur eine Agentur, sondern ein Partner, der die Anliegen der Kunden begleitet. Wir begleiten Sie bis zum Moment des Wiedersehens mit Transparenz, um den Fortschritt eng zu teilen, und mit einem Geist der Gastfreundschaft, der einzigartig in Japan ist.<\/p>\n<\/div>\n<\/div>\n<\/section>\n<section class=\"pa-philosophy\">\n<div class=\"pa-philosophy-content\">\n<div class=\"pa-philosophy-image\"><img decoding=\"async\" src=\"https:\/\/petair.jp\/wp-content\/uploads\/2024\/12\/352097-702x1024.jpg\" alt=\"Das Bild symbolisiert die Gedanken der Abgeordneten.\" \/><\/div>\n<div class=\"pa-philosophy-text\">\n<h2 class=\"pa-section-title left-align\">Unsere Philosophie<\/h2>\n<p class=\"pa-section-subtitle left-align\">Unser Startpunkt<\/p>\n<p>Haustiere sind wertvolle Familienmitglieder und die Zeit, die sie mit uns verbringen, ist unersetzlich. Dieser nat\u00fcrliche Gedanke ist uns wichtiger als alles andere.<\/p>\n<p>Der Grund daf\u00fcr ist, dass unser PetAir-Gesch\u00e4ft mit einem schmerzlichen Bedauern begann, das unser CEO in der Vergangenheit selbst erfahren hatte. Dieses Gef\u00fchl der Hilflosigkeit und des Bedauerns ist unsere unerm\u00fcdliche Antriebskraft.<\/p>\n<p class=\"pa-highlight-quote\">Wir sind jedoch kein Unternehmen, das sich ausschlie\u00dflich auf seine \"Gef\u00fchle\" und \"Leidenschaft\" verl\u00e4sst.<\/p>\n<p>Wir sind \u00fcber unsere pers\u00f6nlichen Faustregeln hinausgegangen, um sicherzustellen, dass es niemandem mehr so geht,<span class=\"pa-highlight-text\">Objektiver und zuverl\u00e4ssiger \"Mechanismus\".<\/span>erstellt.<\/p>\n<p>Darauf sind wir stolz: auf ein gr\u00fcndliches Sicherheitsmanagementsystem, das Japan Quality verk\u00f6rpert, und auf das \"japanische Fachwissen\", das die komplexen Vorschriften f\u00fcr Importe und Exporte perfekt erf\u00fcllt.<\/p>\n<p>dies (etwas oder jemand, der dem Sprecher nahe steht (einschlie\u00dflich des Sprechers), oder vom Sprecher ge\u00e4u\u00dferte Ideen)<strong>Leidenschaftliche Gedanken\" und \"ruhige Mechanismen<\/strong>Das ist das Herzst\u00fcck von PetAir und der Grund, warum wir davon \u00fcberzeugt sind, dass wir Ihr \"einziger\" Partner sein k\u00f6nnen.<\/p>\n<\/div>\n<\/div>\n<\/section>\n<section class=\"pa-cta\">\n<div class=\"pa-cta-content\">\n<h2 class=\"pa-cta-title\">Mit Haustieren ins Ausland reisen,<br class=\"sp-only\" \/>Sie fragen sich, wo Sie anfangen sollen?<\/h2>\n<p class=\"pa-cta-subtitle\" style=\"text-align: center;\">Warum beginnen Sie nicht damit, Ihr Anliegen online mit den Fachleuten von PetAir JPN zu besprechen?<br \/>\nSelbst die trivialsten Fragen werden detailliert beantwortet.<\/p>\n<div class=\"pa-cta-body-center\">\n<p class=\"pa-cta-merit-title\">Was Sie tun k\u00f6nnen, wenn Sie einen Freund hinzuf\u00fcgen<\/p>\n<ul>\n<li>Kostenlose Beratung (Chat) mit fachkundigem Personal<\/li>\n<li>Kostenlose Online-Beratung<\/li>\n<li>Kostenlose Angebotserstellung<\/li>\n<\/ul>\n<p><a class=\"pa-cta-button\" href=\"https:\/\/page.line.me\/petairjpn\" target=\"_blank\" rel=\"noopener noreferrer\">Klicken Sie hier f\u00fcr eine schnelle, kostenlose einmin\u00fctige Beratung<br \/>\n<\/a><\/p>\n<p class=\"pa-cta-notice\">*Es gibt keine aufdringlichen Verk\u00e4ufer. Bitte wenden Sie sich vertrauensvoll an uns.<\/p>\n<\/div>\n<\/div>\n<\/section>\n<footer class=\"pa-footer\">M\u00f6ge Ihre neue Geschichte mit Ihrem geliebten Haustier mit einem gro\u00dfen L\u00e4cheln beginnen.<\/p>\n<p class=\"pa-footer-brand\">PetAir JPN<\/p>\n<\/footer>","protected":false},"excerpt":{"rendered":"\u6d77\u5916\u3078\u65b0\u5929\u5730\u3092\u6c42\u3081\u308b\u65b9\u3002\u65b0\u3057\u304f\u65e5\u672c\u3067\u306e\u751f\u6d3b\u3092\u59cb\u3081\u308b\u65b9\u3002\u305d\u3057\u3066\u3001\u611b\u3059\u308b\u6545\u90f7\u3078\u623b\u3089\u308c\u308b\u65b9\u3078\u3002 \u611b\u3059\u308b\u30da\u30c3\u30c8\u3068\u5171\u306b\u56fd\u5883\u3092\u8d8a\u3048\u308b\u3002\u305d\u308c\u306f\u3001\u3054\u5bb6\u65cf\u306e\u672a\u6765\u306b\u3068\u3063\u3066\u3001\u5927\u304d\u306a\u5e0c\u671b\u306b\u6e80\u3061\u305f\u4e00\u6b69\u3067\u3059\u3002\u3057\u304b\u3057\u540c\u6642\u306b\u3001\u8a08\u308a\u77e5\u308c\u306a\u3044\u3054\u4e0d\u5b89\u304c\u4f34\u3044\u307e [&hellip;]","protected":false},"author":3,"featured_media":0,"parent":0,"menu_order":0,"comment_status":"closed","ping_status":"closed","template":"","meta":{"om_disable_all_campaigns":false,"_monsterinsights_skip_tracking":false,"_monsterinsights_sitenote_active":false,"_monsterinsights_sitenote_note":"","_monsterinsights_sitenote_category":0,"_uf_show_specific_survey":0,"_uf_disable_surveys":false,"footnotes":""},"class_list":["post-151","page","type-page","status-publish","hentry"],"aioseo_notices":[],"_links":{"self":[{"href":"https:\/\/petair.jp\/de\/wp-json\/wp\/v2\/pages\/151","targetHints":{"allow":["GET"]}}],"collection":[{"href":"https:\/\/petair.jp\/de\/wp-json\/wp\/v2\/pages"}],"about":[{"href":"https:\/\/petair.jp\/de\/wp-json\/wp\/v2\/types\/page"}],"author":[{"embeddable":true,"href":"https:\/\/petair.jp\/de\/wp-json\/wp\/v2\/users\/3"}],"replies":[{"embeddable":true,"href":"https:\/\/petair.jp\/de\/wp-json\/wp\/v2\/comments?post=151"}],"version-history":[{"count":0,"href":"https:\/\/petair.jp\/de\/wp-json\/wp\/v2\/pages\/151\/revisions"}],"wp:attachment":[{"href":"https:\/\/petair.jp\/de\/wp-json\/wp\/v2\/media?parent=151"}],"curies":[{"name":"wp","href":"https:\/\/api.w.org\/{rel}","templated":true}]}}