{"id":1178,"date":"2024-10-03T15:18:24","date_gmt":"2024-10-03T06:18:24","guid":{"rendered":"https:\/\/petair.jp\/?page_id=1178"},"modified":"2026-04-02T12:09:00","modified_gmt":"2026-04-02T03:09:00","slug":"recruit","status":"publish","type":"page","link":"https:\/\/petair.jp\/de\/recruit\/","title":{"rendered":"RECRUIT"},"content":{"rendered":"<div class=\"recruit-section\">\n<h1>Vollzeitbesch\u00e4ftigte und ausgelagerte Mitarbeiter gesucht!<\/h1>\n<p>Sind Sie daran interessiert, mit Haustieren und ihren Familien zu arbeiten, sie in die Welt hinauszuschicken und sie in ihrem neuen Leben zu unterst\u00fctzen?<br \/>\nUnser Unternehmen bietet umfassende Unterst\u00fctzung bei der Ein- und Ausfuhr von Haustieren f\u00fcr diejenigen, die mit ihren Haustieren reisen, sei es f\u00fcr die Auswanderung oder f\u00fcr langfristige Gesch\u00e4ftsreisen ins Ausland.<br \/>\nAufbau eines umfassenderen Unterst\u00fctzungssystems angesichts der vielen Anfragen<strong>st\u00e4ndiges Personal<\/strong>und<br \/>\n<strong>ausgelagertes Personal<\/strong>Das neue Einstellungsverfahren steht den folgenden Personen offen.<\/p>\n<div class=\"highlight\">\n<p>Ich m\u00f6chte meine Englischkenntnisse anwenden\", \"Ich m\u00f6chte mit Haustieren arbeiten\", \"Ich m\u00f6chte mich weiterentwickeln und mir eine neue Karriere er\u00f6ffnen\".<br \/>\nUnser Umfeld ist perfekt f\u00fcr solche Menschen.<strong>Unterst\u00fctzungssystem, auch wenn Sie keine Erfahrung in diesem Bereich haben<\/strong>sind willkommen, wenn sie bereit und in der Lage sind, daran zu arbeiten.<br \/>\nGemeinsam k\u00f6nnen wir eine Br\u00fccke zwischen der Welt und den Haustieren schlagen.<\/p>\n<\/div>\n<h2>[Gesch\u00e4ftsbeschreibung.<\/h2>\n<ul>\n<li>Dokumentation und Recherche im Zusammenhang mit der Einfuhr und Ausfuhr von Heimtieren<\/li>\n<li>Verschiedene Dateneingaben und E-Mail-Unterst\u00fctzung<\/li>\n<li>Korrespondenz mit Tierquarant\u00e4nestellen und zust\u00e4ndigen Beh\u00f6rden<\/li>\n<li>Internationale Dokumente und Kundenkorrespondenz (in Englisch)<\/li>\n<\/ul>\n<p>Haupts\u00e4chlich Schreibtischarbeit mit PCs,<strong>Unterst\u00fctzung der Fernarbeit<\/strong>Auch verf\u00fcgbar. Sie k\u00f6nnen Ihre Englischkenntnisse einsetzen und gleichzeitig die Tr\u00e4ume von Menschen f\u00f6rdern, die mit Haustieren leben.<br \/>\nEs ist eine anspruchsvolle Aufgabe.<\/p>\n<h2>[Anziehungskraft, um f\u00fcr uns zu arbeiten.<\/h2>\n<ul>\n<li>Diskretion schon in einem fr\u00fchen Stadium,<strong>berufliche Weiterentwicklung<\/strong>ein Umfeld, das Folgendes beg\u00fcnstigt<\/li>\n<li>Lohnende internationale Arbeit f\u00fcr Tierfreunde<\/li>\n<li><strong>Fernarbeit und flexible Arbeitssysteme<\/strong>Arbeiten Sie so, wie es Ihrem Lebensstil entspricht<\/li>\n<li>Au\u00dferdem gibt es ein leistungsbezogenes Provisionssystem,<strong>h\u00f6here Einnahmen<\/strong>(haben) Augen auf<\/li>\n<\/ul>\n<h2>[Anforderungen f\u00fcr eine Dauerbewerbung.<\/h2>\n<ul>\n<li><strong>F\u00e4higkeit zur Kommunikation in englischer Sprache.<\/strong>(Lesen, Schreiben und t\u00e4gliche Konversation auf mindestens gleichem Niveau)<\/li>\n<li>Kenntnisse und Erfahrungen im Bereich Import\/Export von Heimtieren sind willkommen.<\/li>\n<li>PC-Grundkenntnisse (z. B. E-Mail, Word\/Excel)<\/li>\n<li>Besonders willkommen sind Menschen, die in den 23 Bezirken von Tokio leben (Bewerbungen aus dem ganzen Land sind willkommen).<\/li>\n<\/ul>\n<p>Erfahrene Tierpfleger und solche, die in Tierquarant\u00e4nestationen gearbeitet haben, k\u00f6nnen sofort arbeiten.<br \/>\nWir werden unser Bestes tun, um Sie zu unterst\u00fctzen, auch wenn Sie keine Erfahrung haben, solange Sie bereit sind, Herausforderungen auf positive Art und Weise anzunehmen.<\/p>\n<h2>[Anforderungen an die Bewerbung von ausgelagertem Personal.<\/h2>\n<p>Wenn Sie als ausgelagerter Mitarbeiter arbeiten m\u00f6chten, sind Sie herzlich eingeladen<\/p>\n<ul>\n<li>Erfahrung in der Arbeit mit der Ein- und Ausfuhr von Heimtieren und Kenntnisse \u00fcber tierbezogene Fragen.<\/li>\n<li>Die F\u00e4higkeit, Englisch zu lesen, zu schreiben und zu sprechen.<\/li>\n<li>Diejenigen, die in ihrem eigenen Tempo arbeiten und ihr Arbeitspensum anpassen wollen.<\/li>\n<\/ul>\n<p>Die Arbeit erfolgt auf Projektbasis, und der Umfang der zu bew\u00e4ltigenden Aufgaben sowie die gew\u00fcnschte Verg\u00fctungsstruktur k\u00f6nnen beim Vorstellungsgespr\u00e4ch flexibel besprochen werden.<\/p>\n<h2>[Leistungen\/Gehalt\/Verg\u00fctung]<\/h2>\n<p>&lt;F\u00fcr Festangestellte.<br \/>\n<strong>Ab \u00a5200.000\/Monat<\/strong>(Bevorzugte Behandlung unter Ber\u00fccksichtigung von F\u00e4higkeiten und Erfahrung) + Provisionssystem verf\u00fcgbar<br \/>\nSozialversicherung, \u00dcbernahme der Transportkosten, bezahlter Urlaub, usw,<strong>Ich kann in aller Ruhe arbeiten.<\/strong>Umwelt.<\/p>\n<p>&lt;F\u00fcr ausgegliedertes Personal.<br \/>\nDie Verg\u00fctung erfolgt projektbezogen und h\u00e4ngt von der Anzahl der eingegangenen Auftr\u00e4ge und dem Umfang der zugewiesenen Arbeit ab.<br \/>\n*Die detaillierte Verg\u00fctungsstruktur wird beim Vorstellungsgespr\u00e4ch erl\u00e4utert.<\/p>\n<h2>[Wie man sich bewirbt.<\/h2>\n<p>Bitte bewerben Sie sich \u00fcber die unten angegebene offizielle Leitung.<br \/>\n<strong>1.<\/strong> Senden Sie Unterlagen mit Selbstdarstellung und bisherigen Leistungen<br \/>\n<strong>2.<\/strong> Anh\u00f6rungen bei Online-Interviews<br \/>\n<strong>3.<\/strong> Anpassung der Bedingungen und des Datums des Vertragsbeginns.<\/p>\n<p>Diese Arbeit tr\u00e4gt dazu bei, dass Haustiere und ihre Familien auf ihren Reisen rund um die Welt beruhigt sind und ein L\u00e4cheln auf den Lippen haben.<br \/>\nWarum stellen Sie Ihre F\u00e4higkeiten nicht bei uns unter Beweis?<br \/>\nBegleiten Sie uns auf die globale B\u00fchne!<\/p>\n<p>&nbsp;<\/p>\n<p><!-- \u516c\u5f0fLINE\u3078\u306e\u30dc\u30bf\u30f3\u306a\u3069 --><\/p>\n<p class=\"center\"><a class=\"btn\" href=\"https:\/\/page.line.me\/petairjpn\" target=\"_blank\" rel=\"noopener\">Bewerben Sie sich \u00fcber die offizielle Linie<\/a><\/p>\n<p>&nbsp;<\/p>\n<\/div>\n<p><!-- \u25b2\u25b2\u25b2 \u30c6\u30ad\u30b9\u30c8\u30c7\u30b6\u30a4\u30f3\u3092\u9069\u7528\u3057\u305f\u3044\u7b87\u6240\u3060\u3051 \u25b2\u25b2\u25b2 --><\/p>\n<hr>\n<div class=\"recruit-ai-section\" style=\"background:#f0f7ff;border:2px solid #1a73e8;border-radius:8px;padding:32px;margin:40px 0;text-align:center;\">\n<h2 style=\"color:#1a73e8;font-size:1.4em;margin-bottom:12px;\">\ud83e\udd16 [NEU] KI-Ingenieure (generative KI und Business Automation) werden ebenfalls gesucht!<\/h2>\n<p style=\"margin-bottom:16px;\">F\u00fcr PetAir ist dies die erste spezielle KI-Stelle, die KI im internationalen Tiertransport einf\u00fchrt.<br \/>Wenn Sie an generativer KI, Gesch\u00e4ftsautomatisierung und Wissensdesign interessiert sind, lesen Sie bitte weiter.<\/p>\n<p><a href=\"https:\/\/petair.jp\/de\/recruit-ai\/\" style=\"display:inline-block;background:#1a73e8;color:#fff;padding:14px 36px;border-radius:4px;text-decoration:none;font-weight:bold;font-size:1em;\">\u25b6 Siehe AI-Einstellungsseite (Stellenausschreibungen).<\/a>\n<\/div>","protected":false},"excerpt":{"rendered":"\u6b63\u793e\u54e1\uff06\u696d\u52d9\u59d4\u8a17\u30b9\u30bf\u30c3\u30d5\u5927\u52df\u96c6\uff01 \u30da\u30c3\u30c8\u3068\u305d\u306e\u5bb6\u65cf\u3092\u4e16\u754c\u3078\u9001\u308a\u51fa\u3057\u3001\u65b0\u3057\u3044\u751f\u6d3b\u3092\u30b5\u30dd\u30fc\u30c8\u3059\u308b\u4ed5\u4e8b\u306b\u8208\u5473\u306f\u3042\u308a\u307e\u305b\u3093\u304b\uff1f \u5f53\u793e\u306f\u3001\u6d77\u5916\u79fb\u4f4f\u3084\u9577\u671f\u51fa\u5f35\u306a\u3069\u3067\u30da\u30c3\u30c8\u3068\u4e00\u7dd2\u306b\u6e21\u822a\u3059\u308b\u65b9\u306e\u305f\u3081\u306b\u3001\u30da\u30c3\u30c8\u306e\u8f38\u51fa\u5165\u3092\u7dcf\u5408\u7684\u306b\u652f\u63f4\u3057\u3066\u3044 [&hellip;]","protected":false},"author":1,"featured_media":0,"parent":0,"menu_order":0,"comment_status":"closed","ping_status":"closed","template":"","meta":{"om_disable_all_campaigns":false,"_monsterinsights_skip_tracking":false,"_monsterinsights_sitenote_active":false,"_monsterinsights_sitenote_note":"","_monsterinsights_sitenote_category":0,"_uf_show_specific_survey":0,"_uf_disable_surveys":false,"footnotes":""},"class_list":["post-1178","page","type-page","status-publish","hentry"],"aioseo_notices":[],"_links":{"self":[{"href":"https:\/\/petair.jp\/de\/wp-json\/wp\/v2\/pages\/1178","targetHints":{"allow":["GET"]}}],"collection":[{"href":"https:\/\/petair.jp\/de\/wp-json\/wp\/v2\/pages"}],"about":[{"href":"https:\/\/petair.jp\/de\/wp-json\/wp\/v2\/types\/page"}],"author":[{"embeddable":true,"href":"https:\/\/petair.jp\/de\/wp-json\/wp\/v2\/users\/1"}],"replies":[{"embeddable":true,"href":"https:\/\/petair.jp\/de\/wp-json\/wp\/v2\/comments?post=1178"}],"version-history":[{"count":0,"href":"https:\/\/petair.jp\/de\/wp-json\/wp\/v2\/pages\/1178\/revisions"}],"wp:attachment":[{"href":"https:\/\/petair.jp\/de\/wp-json\/wp\/v2\/media?parent=1178"}],"curies":[{"name":"wp","href":"https:\/\/api.w.org\/{rel}","templated":true}]}}